{"id":10349,"date":"2025-03-14T04:52:26","date_gmt":"2025-03-13T19:52:26","guid":{"rendered":"https:\/\/eurogoodshop.com\/product\/%eb%b2%a0%eb%82%98%eb%aa%a8%eb%a5%b4-%eb%9d%bc%eb%9e%80%ec%9e%90-%ec%97%90%eb%84%88%ec%9e%90%ec%9d%b4%ec%a7%95-%eb%a6%bd%eb%b0%a4-12g-benam-r-9647193506\/"},"modified":"2026-01-02T18:13:53","modified_gmt":"2026-01-02T09:13:53","slug":"%eb%b2%a0%eb%82%98%eb%aa%a8%eb%a5%b4-%eb%9d%bc%eb%9e%80%ec%9e%90-%ec%97%90%eb%84%88%ec%9e%90%ec%9d%b4%ec%a7%95-%eb%a6%bd%eb%b0%a4-12g-benam-r-9647193506","status":"publish","type":"product","link":"https:\/\/eurogoodshop.com\/en\/product\/%eb%b2%a0%eb%82%98%eb%aa%a8%eb%a5%b4-%eb%9d%bc%eb%9e%80%ec%9e%90-%ec%97%90%eb%84%88%ec%9e%90%ec%9d%b4%ec%a7%95-%eb%a6%bd%eb%b0%a4-12g-benam-r-9647193506\/","title":{"rendered":"\ubca0\ub098\ubaa8\ub974 \ub77c\ub780\uc790 \uc5d0\ub108\uc790\uc774\uc9d5 \ub9bd\ubc24 12g Benam\u00f4r"},"content":{"rendered":"<div style=\"text-align: center;\">\n    <img decoding=\"async\" src=\"https:\/\/eurogoodshop.com\/wp-content\/uploads\/product-detail-image\/dtl-9647193506-01.jpg\" alt=\"Benam\u00f4r Laranza Energizing Lip Balm\" style=\"display: block; margin: 20px auto;\"><\/p>\n<div style=\"margin-bottom: 30px;\">\n<div class=\"text-ko\" style=\"text-align: center; font-weight: bold;\">\ubca0\ub098\ubaa8\ub974 \ub77c\ub780\uc790 \uc5d0\ub108\uc790\uc774\uc9d5 \ub9bd\ubc24 12g Benam\u00f4r<\/div>\n<div class=\"text-en\" style=\"text-align: center; font-weight: bold; display: none;\">Benam\u00f4r Laranza Energizing Lip Balm 12g Benam\u00f4r<\/div>\n<\/p><\/div>\n<div style=\"margin-bottom: 20px;\">\n<div class=\"text-ko\" style=\"text-align: center; font-weight: bold;\">\ud6a8\uacfc<\/div>\n<div class=\"text-en\" style=\"text-align: center; font-weight: bold; display: none;\">Effect<\/div>\n<\/p><\/div>\n<div style=\"margin-bottom: 10px;\">\n<div class=\"text-ko\" style=\"text-align: center;\">\uc218\ubd84 \uacf5\uae09, \uc601\uc591, \uc678\ubd80 \uc601\ud5a5\uc73c\ub85c\ubd80\ud130 \ubcf4\ud638<\/div>\n<div class=\"text-en\" style=\"text-align: center; display: none;\">Hydration, nutrition, protection from external influences<\/div>\n<\/p><\/div>\n<div style=\"margin-bottom: 10px;\">\n<div class=\"text-ko\" style=\"text-align: center;\">\uc790\uc678\uc120 \ucc28\ub2e8<\/div>\n<div class=\"text-en\" style=\"text-align: center; display: none;\">UV protection<\/div>\n<\/p><\/div>\n<div style=\"margin-bottom: 10px;\">\n<div class=\"text-ko\" style=\"text-align: center;\">SPF \uc5c6\uc774<\/div>\n<div class=\"text-en\" style=\"text-align: center; display: none;\">Without SPF<\/div>\n<\/p><\/div>\n<div style=\"margin-bottom: 20px;\">\n<div class=\"text-ko\" style=\"text-align: center;\">\uc5f0\uc57d\ud55c \uc785\uc220 \ud53c\ubd80\ub294 \uc7a6\uc740 \uc74c\uc2dd \uc811\ucd09\ubd80\ud130 \uc545\ucc9c\ud6c4\uae4c\uc9c0 \ub9e4\uc77c \ub2e4\uc591\ud55c \uc2a4\ud2b8\ub808\uc2a4\uc5d0 \ub178\ucd9c\ub429\ub2c8\ub2e4. \uadf8\ub807\uae30 \ub54c\ubb38\uc5d0 \uadf8\ub4e4\uc740 \ud2b9\ubcc4\ud55c \ubcf4\uc0b4\ud54c\uc744 \ubc1b\uc744 \uc790\uaca9\uc774 \uc788\uc2b5\ub2c8\ub2e4. Benam\u00f4r \ub77c\ub780\uc790 \ub9bd\ubc24\uc740 \uc0ac\uacc4\uc808 \ubbfc\uac10\ud55c \uc785\uc220 \ud53c\ubd80\ub97c \ub370\uc77c\ub9ac \ucf00\uc5b4\ud558\ub294 \ub370 \uaf2d \ud544\uc694\ud55c \ub3c4\uc6b0\ubbf8\uc785\ub2c8\ub2e4. \uc218\ubd84\uc744 \uc720\uc9c0\ud558\uace0 \ubd80\ub4dc\ub7ec\uc6b0\uba70 \uac74\uc870\ud568\uacfc \uac08\ub77c\uc9d0\uc73c\ub85c\ubd80\ud130 \ubcf4\ud638\ud558\ub294 \ub370 \ud544\uc694\ud55c \ubaa8\ub4e0 \uac83\uc744 \uc81c\uacf5\ud569\ub2c8\ub2e4.<\/div>\n<div class=\"text-en\" style=\"text-align: center; display: none;\">The delicate skin of the lips is exposed to various stresses every day, from frequent food contact to bad weather. That&#8217;s why they deserve special care. Benam\u00f4r La Lanza Lip Balm is an essential helper for daily care of sensitive lip skin all year round. It provides everything you need to retain moisture, stay soft, and protect against dryness and cracking.<\/div>\n<\/p><\/div>\n<div style=\"margin-bottom: 20px;\">\n<div class=\"text-ko\" style=\"text-align: center; font-weight: bold;\">\uc18d\uc131:<\/div>\n<div class=\"text-en\" style=\"text-align: center; font-weight: bold; display: none;\">attribute:<\/div>\n<\/p><\/div>\n<div style=\"margin-bottom: 10px;\">\n<div class=\"text-ko\" style=\"text-align: center;\">\uae4a\uac8c \uc218\ubd84\uc744 \uacf5\uae09\ud558\uace0 \uc9d1\uc911\uc801\uc73c\ub85c \uc601\uc591\uc744 \uacf5\uae09\ud569\ub2c8\ub2e4.<\/div>\n<div class=\"text-en\" style=\"text-align: center; display: none;\">Deeply hydrates and intensively nourishes.<\/div>\n<\/p><\/div>\n<div style=\"margin-bottom: 10px;\">\n<div class=\"text-ko\" style=\"text-align: center;\">\uc678\ubd80 \uc601\ud5a5\uc73c\ub85c\ubd80\ud130 \uc785\uc220\uc744 \ubcf4\ud638\ud574\uc90d\ub2c8\ub2e4.<\/div>\n<div class=\"text-en\" style=\"text-align: center; display: none;\">Protects lips from external influences.<\/div>\n<\/p><\/div>\n<div style=\"margin-bottom: 10px;\">\n<div class=\"text-ko\" style=\"text-align: center;\">\uc785\uc220\uc744 \ubd80\ub4dc\ub7fd\uace0 \uc720\uc5f0\ud558\uac8c \uac00\uafb8\uc5b4\uc90d\ub2c8\ub2e4.<\/div>\n<div class=\"text-en\" style=\"text-align: center; display: none;\">Makes lips soft and supple.<\/div>\n<\/p><\/div>\n<div style=\"margin-bottom: 20px;\">\n<div class=\"text-ko\" style=\"text-align: center; font-weight: bold;\">\uc7ac\ub8cc:<\/div>\n<div class=\"text-en\" style=\"text-align: center; font-weight: bold; display: none;\">Materials:<\/div>\n<\/p><\/div>\n<div style=\"margin-bottom: 10px;\">\n<div class=\"text-ko\" style=\"text-align: center;\">\ube44\uac74 \uc81c\ud488<\/div>\n<div class=\"text-en\" style=\"text-align: center; display: none;\">Vegan products<\/div>\n<\/p><\/div>\n<div style=\"margin-bottom: 20px;\">\n<div class=\"text-ko\" style=\"text-align: center; font-weight: bold;\">\uc0ac\uc6a9\ud558\ub294 \ubc29\ubc95:<\/div>\n<div class=\"text-en\" style=\"text-align: center; font-weight: bold; display: none;\">How to use<\/div>\n<\/p><\/div>\n<div style=\"margin-bottom: 10px;\">\n<div class=\"text-ko\" style=\"text-align: center;\">\ud544\uc694\uc5d0 \ub530\ub77c \ud558\ub8e8 \uc911 \uc5b8\uc81c\ub4e0\uc9c0 \uc785\uc220\uc5d0 \ubc14\ub985\ub2c8\ub2e4.<\/div>\n<div class=\"text-en\" style=\"text-align: center; display: none;\">Apply to lips at any time of the day as needed.<\/div>\n<\/p><\/div>\n<div style=\"margin-bottom: 10px;\">\n<div class=\"text-ko\" style=\"text-align: center;\">+ \ud3ec\ub8e8\ud22c\uac08\uc758 \ubca0\ub098\ubaa8\ub974 \ube0c\ub79c\ub4dc \uc81c\ud488\ub4e4\uc740 \uc774 \uacf3\uc5d0\uc11c \ub9cc\ub098\ubcfc \uc218 \uc788\uc5b4\uc694.<\/div>\n<div class=\"text-en\" style=\"text-align: center; display: none;\">+ Products from the Portuguese Benamor brand can be found here.<\/div>\n<\/p><\/div>\n<div style=\"margin-bottom: 10px;\">\n<div class=\"text-ko\" style=\"text-align: center;\">+ \uc800\ud76c \uc0f5\uc5d0\uc11c \ud310\ub9e4\uc911\uc778 \ub9bd\ucf00\uc5b4 \uc81c\ud488\ub4e4\uc740 \uc774 \uacf3\uc5d0\uc11c \ub9cc\ub098\ubcfc \uc218 \uc788\uc5b4\uc694.<\/div>\n<div class=\"text-en\" style=\"text-align: center; display: none;\">+ You can find the lip care products sold in our shop here.<\/div>\n<\/p><\/div>\n<\/div>","protected":false},"excerpt":{"rendered":"<p>\ubca0\ub098\ubaa8\ub974 \ub77c\ub780\uc790 \uc5d0\ub108\uc790\uc774\uc9d5 \ub9bd\ubc24 12g Benam\u00f4r Benam\u00f4r Laranza Energizing Lip Balm 12g Benam\u00f4r \ud6a8\uacfc Effect \uc218\ubd84 \uacf5\uae09, \uc601\uc591, \uc678\ubd80 \uc601\ud5a5\uc73c\ub85c\ubd80\ud130 \ubcf4\ud638 Hydration, nutrition, protection from external influences \uc790\uc678\uc120 \ucc28\ub2e8 UV protection SPF \uc5c6\uc774 Without SPF \uc5f0\uc57d\ud55c \uc785\uc220 \ud53c\ubd80\ub294 \uc7a6\uc740 \uc74c\uc2dd \uc811\ucd09\ubd80\ud130 \uc545\ucc9c\ud6c4\uae4c\uc9c0 \ub9e4\uc77c \ub2e4\uc591\ud55c \uc2a4\ud2b8\ub808\uc2a4\uc5d0 \ub178\ucd9c\ub429\ub2c8\ub2e4. \uadf8\ub807\uae30 \ub54c\ubb38\uc5d0 \uadf8\ub4e4\uc740 \ud2b9\ubcc4\ud55c \ubcf4\uc0b4\ud54c\uc744 \ubc1b\uc744 \uc790\uaca9\uc774 \uc788\uc2b5\ub2c8\ub2e4. Benam\u00f4r [&hellip;]<\/p>","protected":false},"featured_media":10350,"comment_status":"open","ping_status":"closed","template":"","meta":[],"product_cat":[10096],"product_tag":[],"class_list":{"0":"post-10349","1":"product","2":"type-product","3":"status-publish","4":"has-post-thumbnail","6":"product_brand-benamor","7":"product_cat-10096","9":"first","10":"instock","11":"shipping-taxable","12":"purchasable","13":"product-type-simple"},"_links":{"self":[{"href":"https:\/\/eurogoodshop.com\/en\/wp-json\/wp\/v2\/product\/10349","targetHints":{"allow":["GET"]}}],"collection":[{"href":"https:\/\/eurogoodshop.com\/en\/wp-json\/wp\/v2\/product"}],"about":[{"href":"https:\/\/eurogoodshop.com\/en\/wp-json\/wp\/v2\/types\/product"}],"replies":[{"embeddable":true,"href":"https:\/\/eurogoodshop.com\/en\/wp-json\/wp\/v2\/comments?post=10349"}],"wp:featuredmedia":[{"embeddable":true,"href":"https:\/\/eurogoodshop.com\/en\/wp-json\/wp\/v2\/media\/10350"}],"wp:attachment":[{"href":"https:\/\/eurogoodshop.com\/en\/wp-json\/wp\/v2\/media?parent=10349"}],"wp:term":[{"taxonomy":"product_cat","embeddable":true,"href":"https:\/\/eurogoodshop.com\/en\/wp-json\/wp\/v2\/product_cat?post=10349"},{"taxonomy":"product_tag","embeddable":true,"href":"https:\/\/eurogoodshop.com\/en\/wp-json\/wp\/v2\/product_tag?post=10349"}],"curies":[{"name":"wp","href":"https:\/\/api.w.org\/{rel}","templated":true}]}}