{"id":12679,"date":"2025-03-14T16:32:33","date_gmt":"2025-03-14T07:32:33","guid":{"rendered":"https:\/\/eurogoodshop.com\/product\/%eb%8f%85%ec%9d%bc-dm-%eb%b0%9c%eb%a0%88%ec%95%84-balea-%ed%94%84%eb%a1%9c%ed%8e%98%ec%85%94%eb%84%90-%ec%83%b4%ed%91%b8-%eb%b7%b0%ed%8b%b0%ed%92%80-%eb%a1%b1-250ml-9162973701\/"},"modified":"2026-01-02T23:22:53","modified_gmt":"2026-01-02T14:22:53","slug":"%eb%8f%85%ec%9d%bc-dm-%eb%b0%9c%eb%a0%88%ec%95%84-balea-%ed%94%84%eb%a1%9c%ed%8e%98%ec%85%94%eb%84%90-%ec%83%b4%ed%91%b8-%eb%b7%b0%ed%8b%b0%ed%92%80-%eb%a1%b1-250ml-9162973701","status":"publish","type":"product","link":"https:\/\/eurogoodshop.com\/en\/product\/%eb%8f%85%ec%9d%bc-dm-%eb%b0%9c%eb%a0%88%ec%95%84-balea-%ed%94%84%eb%a1%9c%ed%8e%98%ec%85%94%eb%84%90-%ec%83%b4%ed%91%b8-%eb%b7%b0%ed%8b%b0%ed%92%80-%eb%a1%b1-250ml-9162973701\/","title":{"rendered":"\ub3c5\uc77c DM \ubc1c\ub808\uc544 Balea \ud504\ub85c\ud398\uc154\ub110 \uc0f4\ud478 \ubdf0\ud2f0\ud480 \ub871 250ml"},"content":{"rendered":"<div style=\"text-align: center;\">\n    <img decoding=\"async\" src=\"https:\/\/eurogoodshop.com\/wp-content\/uploads\/product-detail-image\/dtl-9162973701-01.jpg\" alt=\"\ub3c5\uc77c DM \ubc1c\ub808\uc544 Balea \ud504\ub85c\ud398\uc154\ub110 \uc0f4\ud478 \ubdf0\ud2f0\ud480 \ub871 250ml \/ Germany DM Balea Professional Shampoo Beautiful Long 250ml\" style=\"display: block; margin: 20px auto;\"><\/p>\n<div style=\"margin-bottom: 15px;\">\n<div class=\"text-ko\" style=\"text-align: center; font-weight: bold; font-size: 1.2em;\">\ub3c5\uc77c DM \ubc1c\ub808\uc544 Balea \ud504\ub85c\ud398\uc154\ub110 \uc0f4\ud478 \ubdf0\ud2f0\ud480 \ub871 250ml<\/div>\n<div class=\"text-en\" style=\"text-align: center; font-weight: bold; font-size: 1.2em; display: none;\">Germany DM Balea Professional Shampoo Beautiful Long 250ml<\/div>\n<\/p><\/div>\n<div style=\"margin-bottom: 10px;\">\n<div class=\"text-ko\" style=\"text-align: center;\">\ud6a8\uacfc : \ucf00\uc5b4, \uc2a4\ubb34\ub529<\/div>\n<div class=\"text-en\" style=\"text-align: center; display: none;\">Effect: Care, smoothing<\/div>\n<\/p><\/div>\n<div style=\"margin-bottom: 10px;\">\n<div class=\"text-ko\" style=\"text-align: center;\">\ud5e4\uc5b4\ud0c0\uc785 : \uae34\uba38\ub9ac, \uc190\uc0c1\ubaa8\/\ud5dd\ud074\uc5b4\uc9c4 \uba38\ub9ac<\/div>\n<div class=\"text-en\" style=\"text-align: center; display: none;\">Hair type: Long hair, damaged\/tangled hair<\/div>\n<\/p><\/div>\n<div style=\"margin-bottom: 10px;\">\n<div class=\"text-ko\" style=\"text-align: center;\">\uc81c\ud488 \uc720\ud615: \uc0f4\ud478<\/div>\n<div class=\"text-en\" style=\"text-align: center; display: none;\">Product Type: Shampoo<\/div>\n<\/p><\/div>\n<div style=\"margin-bottom: 10px;\">\n<div class=\"text-ko\" style=\"text-align: center;\">\uae38\uace0 \uc190\uc0c1\ub41c \ubaa8\ubc1c \uad00\ub9ac<\/div>\n<div class=\"text-en\" style=\"text-align: center; display: none;\">Long and damaged hair care<\/div>\n<\/p><\/div>\n<div style=\"margin-bottom: 10px;\">\n<div class=\"text-ko\" style=\"text-align: center;\">\ubaa8\ubc1c \uc12c\uc720 \uac15\ud654 \ubc0f \ubcf4\ud638<\/div>\n<div class=\"text-en\" style=\"text-align: center; display: none;\">Strengthens and protects hair fibers<\/div>\n<\/p><\/div>\n<div style=\"margin-bottom: 10px;\">\n<div class=\"text-ko\" style=\"text-align: center;\">\ucf00\ub77c\ud2f4\uacfc \ubaa9\ub828\ucd94\ucd9c\ubb3c\uc774 \ud568\uc720\ub41c \ucf00\uc5b4 \ud3ec\ubbac\ub7ec<\/div>\n<div class=\"text-en\" style=\"text-align: center; display: none;\">Care formula containing keratin and magnolia extract<\/div>\n<\/p><\/div>\n<div style=\"margin-bottom: 10px;\">\n<div class=\"text-ko\" style=\"text-align: center;\">\ubbf8\uc138\ud50c\ub77c\uc2a4\ud2f1\uc774 \uc5c6\ub294<\/div>\n<div class=\"text-en\" style=\"text-align: center; display: none;\">Microplastic-free<\/div>\n<\/p><\/div>\n<div style=\"margin-bottom: 15px;\">\n<div class=\"text-ko\" style=\"text-align: center;\">Balea \ud504\ub85c\ud398\uc154\ub110 \ud5e4\uc5b4 \uc0f4\ud478 Beautiful Long\uc740 \uac08\ub77c\uc9c0\uace0 \uae34 \ubaa8\ubc1c\uc744 \uad00\ub9ac\ud558\ub294 \ub370 \uc774\uc0c1\uc801\uc778 \uc81c\ud488\uc785\ub2c8\ub2e4. \ucf00\ub77c\ud2f4\uacfc \ubaa9\ub828 \ucd94\ucd9c\ubb3c\uc744 \ud568\uc720\ud558\uc5ec \ubd80\ub4dc\ub7ec\uc6b4 \uc138\uc815\uacfc \ubaa8\ubc1c \uc12c\uc720\uc758 \ub9e4\ub044\ub7ec\uc6c0, \ubaa8\ubc1c \ud2b8\ub9ac\ud2b8\uba3c\ud2b8\ub97c \ub3c4\uc640\uc90d\ub2c8\ub2e4. \uc190\uc0c1\ub41c \ubaa8\ubc1c\uc5d0 \ub3c4\uc6c0\uc744 \uc8fc\uace0 \ub04a\uc5b4\uc9d0\uc744 \uc904\uc5ec\uc904 \ubfd0\ub9cc \uc544\ub2c8\ub77c, \uac70\ubd80\ud560 \uc218 \uc5c6\ub294 \uc724\uae30\ub85c \uc644\ubcbd\ud55c \ub8e9\uc744 \uc5f0\ucd9c\ud574\uc90d\ub2c8\ub2e4!<\/div>\n<div class=\"text-en\" style=\"text-align: center; display: none;\">Balea Professional Hair Shampoo Beautiful Long is an ideal product for caring for split ends and long hair. Contains keratin and magnolia extract to help gently cleanse, smoothen hair fibers, and treat hair. Not only does it help damaged hair and reduce breakage, it also creates the perfect look with an irresistible shine!<\/div>\n<\/p><\/div>\n<div style=\"margin-bottom: 10px; font-weight: bold;\">\n<div class=\"text-ko\" style=\"text-align: center; font-weight: bold;\">\uc131\ubd84<\/div>\n<div class=\"text-en\" style=\"text-align: center; font-weight: bold; display: none;\">Ingredients<\/div>\n<\/p><\/div>\n<div style=\"margin-bottom: 15px;\">\n<div class=\"text-ko\" style=\"text-align: center;\">\uc544\ucfe0\uc544, \uc18c\ub4d0\ub77c\uc6b0\ub808\uc2a4\uc124\ud398\uc774\ud2b8, \ucf54\uce74\ubbf8\ub3c4\ud504\ub85c\ud544\ubca0\ud0c0\uc778, \uc18c\ub4d0\ud074\ub85c\ub77c\uc774\ub4dc, \ud310\ud14c\ub180, \ubbf8\ucf08\ub9ac\uc544\uc54c\ubc14\uaf43\ucd94\ucd9c\ubb3c, \ud5a5\ub8cc, \uae00\ub9ac\uc138\ub9b0, \ub2e4\uc774\uc18c\ub4d0\ucf54\ucf54\uc77c\uae00\ub8e8\ud0c0\uba54\uc774\ud2b8, \uae00\ub77c\uc774\ucf5c\ub2e4\uc774\uc2a4\ud14c\uc544\ub808\uc774\ud2b8, PEG-4 \ub77c\ud53c\uc138\uc544\ub9c8\uc774\ub4dc, \uad6c\uc544\ud558\uc774\ub4dc\ub85d\uc2dc\ud504\ub85c\ud544\ud2b8\ub9ac\ubaa8\ub284\ud074\ub85c\ub77c\uc774\ub4dc, \ub77c\uc6b0\ub808\uc2a4-4, \ud558\uc774\ub4dc\ub864\ub77c\uc774\uc988\ub4dc\ucf00\ub77c\ud2f4, \uc18c\ub4d0\ucf54\ucf54\uc77c\uae00\ub8e8\ud0c0\uba54\uc774\ud2b8, \uc54c\ucf54\uc62c, \ud504\ub85c\ud544\ub80c \uae00\ub77c\uc774\ucf5c, \ubca4\uc870\uc0b0 \ub098\ud2b8\ub968, \uc18c\ub974\ube48\uc0b0 \uce7c\ub968, \ubca4\uc9c8 \uc54c\ucf54\uc62c, \ubca4\uc870\uc0b0, \ub9ac\ubaa8\ub128, \ubca4\uc9c8 \uc0b4\ub9ac\uc2e4\uc0b0\uc5fc, \uad6c\uc5f0\uc0b0, \uc218\uc0b0\ud654 \ub098\ud2b8\ub968 Slo\u017een\u00ed uveden\u00e9 v online shopu se m\u016f\u017ee li\u0161it od slo\u017een\u00ed na obalu.<\/div>\n<div class=\"text-en\" style=\"text-align: center; display: none;\">Aqua, sodium laureth sulfate, cocamidopropyl betaine, sodium chloride, panthenol, Michelia alba flower extract, fragrance, glycerin, disodium cocoyl glutamate, glycol distearate, PEG-4 rapiceamide, guahydroxypropyltrimonium chloride, laureth-4, Hydrolyzed Keratin, Sodium Cocoyl Glutamate, Alcohol, Propylene Glycol, Sodium Benzoate, Potassium Sorbate, Benzyl Alcohol, Benzoic Acid, Limonene, Benzyl Salicylate, Citric Acid, Sodium Hydroxide<\/div>\n<\/p><\/div>\n<div style=\"margin-bottom: 10px;\">\n<div class=\"text-ko\" style=\"text-align: center;\">+ \ubc1c\ub808\uc544 \ud504\ub85c\ud398\uc154\ub110 \uc81c\ud488\uc740 \uc5ec\uae30\uc5d0\uc11c \ub9cc\ub098\ubcfc \uc218 \uc788\uc5b4\uc694.<\/div>\n<div class=\"text-en\" style=\"text-align: center; display: none;\">+ You can find Balea Professional products here.<\/div>\n<\/p><\/div>\n<div style=\"margin-bottom: 10px;\">\n<div class=\"text-ko\" style=\"text-align: center;\">+ \ubc1c\ub808\uc544 \ud504\ub85c\ud504\uc138\ub110\uc758 \ubdf0\ud2f0\ud480 \ub871 \uc81c\ud488\uc740 \uc774 \uacf3\uc5d0\uc11c \ub9cc\ub098\ubcfc \uc218 \uc788\uc5b4\uc694. \ub2e4\ub978 \uc81c\ud488\ub3c4 \ud55c\ubc88 \ub458\ub7ec\ubd10\ubcf4\uc138\uc694.<\/div>\n<div class=\"text-en\" style=\"text-align: center; display: none;\">+ You can find Baea Propsenal\u2019s Beautiful Long products here. Please take a look at our other products.<\/div>\n<\/p><\/div>\n<\/div>","protected":false},"excerpt":{"rendered":"<p>\ub3c5\uc77c DM \ubc1c\ub808\uc544 Balea \ud504\ub85c\ud398\uc154\ub110 \uc0f4\ud478 \ubdf0\ud2f0\ud480 \ub871 250ml Germany DM Balea Professional Shampoo Beautiful Long 250ml \ud6a8\uacfc : \ucf00\uc5b4, \uc2a4\ubb34\ub529 Effect: Care, smoothing \ud5e4\uc5b4\ud0c0\uc785 : \uae34\uba38\ub9ac, \uc190\uc0c1\ubaa8\/\ud5dd\ud074\uc5b4\uc9c4 \uba38\ub9ac Hair type: Long hair, damaged\/tangled hair \uc81c\ud488 \uc720\ud615: \uc0f4\ud478 Product Type: Shampoo \uae38\uace0 \uc190\uc0c1\ub41c \ubaa8\ubc1c \uad00\ub9ac Long and damaged hair care \ubaa8\ubc1c \uc12c\uc720 \uac15\ud654 \ubc0f \ubcf4\ud638 [&hellip;]<\/p>","protected":false},"featured_media":12680,"comment_status":"open","ping_status":"closed","template":"","meta":[],"product_cat":[10069],"product_tag":[],"class_list":{"0":"post-12679","1":"product","2":"type-product","3":"status-publish","4":"has-post-thumbnail","6":"product_brand-4392","7":"product_cat-10069","9":"first","10":"outofstock","11":"shipping-taxable","12":"purchasable","13":"product-type-simple"},"_links":{"self":[{"href":"https:\/\/eurogoodshop.com\/en\/wp-json\/wp\/v2\/product\/12679","targetHints":{"allow":["GET"]}}],"collection":[{"href":"https:\/\/eurogoodshop.com\/en\/wp-json\/wp\/v2\/product"}],"about":[{"href":"https:\/\/eurogoodshop.com\/en\/wp-json\/wp\/v2\/types\/product"}],"replies":[{"embeddable":true,"href":"https:\/\/eurogoodshop.com\/en\/wp-json\/wp\/v2\/comments?post=12679"}],"wp:featuredmedia":[{"embeddable":true,"href":"https:\/\/eurogoodshop.com\/en\/wp-json\/wp\/v2\/media\/12680"}],"wp:attachment":[{"href":"https:\/\/eurogoodshop.com\/en\/wp-json\/wp\/v2\/media?parent=12679"}],"wp:term":[{"taxonomy":"product_cat","embeddable":true,"href":"https:\/\/eurogoodshop.com\/en\/wp-json\/wp\/v2\/product_cat?post=12679"},{"taxonomy":"product_tag","embeddable":true,"href":"https:\/\/eurogoodshop.com\/en\/wp-json\/wp\/v2\/product_tag?post=12679"}],"curies":[{"name":"wp","href":"https:\/\/api.w.org\/{rel}","templated":true}]}}