{"id":13280,"date":"2025-03-14T16:56:34","date_gmt":"2025-03-14T07:56:34","guid":{"rendered":"https:\/\/eurogoodshop.com\/product\/%eb%a1%9c%eb%a0%88%ec%95%8c-%ed%8c%8c%eb%a6%ac-%ec%97%98%ec%84%b8%eb%b8%8c-%ec%bb%ac%eb%9f%ac-%eb%b0%94%ec%9d%b4%eb%b8%8c-%eb%8c%80%ec%9a%a9%eb%9f%89-%ed%97%a4%ec%96%b4-%ec%83%b4%ed%91%b8-1000ml-91228\/"},"modified":"2026-01-03T00:26:59","modified_gmt":"2026-01-02T15:26:59","slug":"%eb%a1%9c%eb%a0%88%ec%95%8c-%ed%8c%8c%eb%a6%ac-%ec%97%98%ec%84%b8%eb%b8%8c-%ec%bb%ac%eb%9f%ac-%eb%b0%94%ec%9d%b4%eb%b8%8c-%eb%8c%80%ec%9a%a9%eb%9f%89-%ed%97%a4%ec%96%b4-%ec%83%b4%ed%91%b8-1000ml-91228","status":"publish","type":"product","link":"https:\/\/eurogoodshop.com\/en\/product\/%eb%a1%9c%eb%a0%88%ec%95%8c-%ed%8c%8c%eb%a6%ac-%ec%97%98%ec%84%b8%eb%b8%8c-%ec%bb%ac%eb%9f%ac-%eb%b0%94%ec%9d%b4%eb%b8%8c-%eb%8c%80%ec%9a%a9%eb%9f%89-%ed%97%a4%ec%96%b4-%ec%83%b4%ed%91%b8-1000ml-91228\/","title":{"rendered":"\ub85c\ub808\uc54c \ud30c\ub9ac \uc5d8\uc138\ube0c \uceec\ub7ec \ubc14\uc774\ube0c \ub300\uc6a9\ub7c9 \ud5e4\uc5b4 \uc0f4\ud478 1000ml"},"content":{"rendered":"<div style=\"text-align: center;\">\n    <img decoding=\"async\" src=\"https:\/\/eurogoodshop.com\/wp-content\/uploads\/product-detail-image\/dtl-9122882846-01.png\" alt=\"\ub85c\ub808\uc54c \ud30c\ub9ac \uc5d8\uc138\ube0c \uceec\ub7ec \ubc14\uc774\ube0c \uc0f4\ud478\" style=\"display: block; margin: 20px auto;\"><\/p>\n<div style=\"margin-bottom: 20px;\">\n<div class=\"text-ko\" style=\"text-align: center; font-size: 1.2em; font-weight: bold;\">\ub85c\ub808\uc54c \ud30c\ub9ac \uc5d8\uc138\ube0c \uceec\ub7ec \ubc14\uc774\ube0c \ub300\uc6a9\ub7c9 \ud5e4\uc5b4 \uc0f4\ud478 1000ml<\/div>\n<div class=\"text-en\" style=\"text-align: center; font-size: 1.2em; font-weight: bold; display: none;\">L\u2019Or\u00e9al Paris Elsev Color Vibe Large Capacity Hair Shampoo 1000ml<\/div>\n<\/p><\/div>\n<div style=\"margin-bottom: 20px;\">\n<div class=\"text-ko\" style=\"text-align: center;\">L&#8217;OR\u00c9AL PARIS Elseve Color Vive Shampoo 1000 ml<\/div>\n<div class=\"text-en\" style=\"text-align: center; display: none;\">L&#8217;OR\u00c9AL PARIS Elseve Color Vive Shampoo 1000 ml<\/div>\n<\/p><\/div>\n<div style=\"margin-bottom: 20px;\">\n<div class=\"text-ko\" style=\"text-align: center;\">\ub2f9\uc2e0\uc758 \uba38\ub9ac\uce74\ub77d\uc774 \ud56d\uc0c1 \uc544\ub984\ub2f5\uace0 \uc724\uae30\ub098\uace0 \uac74\uac15\ud574\uc9c0\uae38 \uc6d0\ud558\uc2dc\ub098\uc694?<\/div>\n<div class=\"text-en\" style=\"text-align: center; display: none;\">Do you want your hair to always be beautiful, shiny and healthy?<\/div>\n<\/p><\/div>\n<div style=\"margin-bottom: 20px;\">\n<div class=\"text-ko\" style=\"text-align: center;\">\uadf8\ub807\ub2e4\uba74 L&#8217;Or\u00e9al Paris 1000ml \uc0f4\ud478\uac00 \ucd5c\uace0\uc758 \uc120\ud0dd\uc774 \ub420 \uac83\uc785\ub2c8\ub2e4!<\/div>\n<div class=\"text-en\" style=\"text-align: center; display: none;\">Then L&#8217;Or\u00e9al Paris 1000ml Shampoo is your best choice!<\/div>\n<\/p><\/div>\n<div style=\"margin-bottom: 20px;\">\n<div class=\"text-ko\" style=\"text-align: center;\">L&#8217;OR\u00c9AL PARIS Elseve Color Vive \uc0f4\ud478 1000ml\ub294 \ubaa8\ub4e0 \uc720\ud615\uc758 \ubaa8\ubc1c\uc5d0 \uc801\ud569\ud569\ub2c8\ub2e4.<\/div>\n<div class=\"text-en\" style=\"text-align: center; display: none;\">L&#8217;OR\u00c9AL PARIS Elseve Color Vive Shampoo 1000ml is suitable for all hair types.<\/div>\n<\/p><\/div>\n<div style=\"margin-bottom: 20px;\">\n<div class=\"text-ko\" style=\"text-align: center;\">\uc774 \uc720\ud615\uc758 \uc0f4\ud478\ub294 \uc5ec\uc131\uc6a9\uacfc \ub0a8\uc131\uc6a9\uc73c\ub85c \ud2b9\ubcc4\ud788 \uac1c\ubc1c\ub418\uc5c8\uc2b5\ub2c8\ub2e4.<\/div>\n<div class=\"text-en\" style=\"text-align: center; display: none;\">This type of shampoo has been developed specifically for women and men.<\/div>\n<\/p><\/div>\n<div style=\"margin-bottom: 20px;\">\n<div class=\"text-ko\" style=\"text-align: center;\">\ub2f9\uc2e0\uc774 \uc561\uccb4(\ud074\ub798\uc2dd) \uc720\ud615\uc758 \uc0f4\ud478\uc5d0 \uc775\uc219\ud558\ub2e4\uba74 \uc774 \uc0f4\ud478\uac00 \ub2f9\uc2e0\uc5d0\uac8c \ud655\uc2e4\ud788 \uc801\ud569\ud560 \uac83\uc785\ub2c8\ub2e4.<\/div>\n<div class=\"text-en\" style=\"text-align: center; display: none;\">If you are used to liquid (classic) types of shampoos, this shampoo will definitely suit you.<\/div>\n<\/p><\/div>\n<div style=\"margin-bottom: 20px;\">\n<div class=\"text-ko\" style=\"text-align: center; font-weight: bold;\">\ud2b9\uc9d5:<\/div>\n<div class=\"text-en\" style=\"text-align: center; font-weight: bold; display: none;\">Features:<\/div>\n<\/p><\/div>\n<div style=\"margin-bottom: 20px;\">\n<div class=\"text-ko\" style=\"text-align: center;\">\uc774 \uc0f4\ud478 \ub355\ubd84\uc5d0 \uba38\ub9ac\uce74\ub77d\uc774 \uac74\uac15\ud574\uc9c0\uace0 \uc544\ub984\ub2e4\uc6cc\uc9c8 \uac70\uc608\uc694<\/div>\n<div class=\"text-en\" style=\"text-align: center; display: none;\">Thanks to this shampoo, your hair will become healthy and beautiful.<\/div>\n<\/p><\/div>\n<div style=\"margin-bottom: 20px;\">\n<div class=\"text-ko\" style=\"text-align: center;\">\ubaa8\ub4e0 \ubaa8\ubc1c \uc720\ud615\uc6a9<\/div>\n<div class=\"text-en\" style=\"text-align: center; display: none;\">For all hair types<\/div>\n<\/p><\/div>\n<div style=\"margin-bottom: 20px;\">\n<div class=\"text-ko\" style=\"text-align: center;\">\uc720\ub2c8\uc139\uc2a4 \uc0f4\ud478<\/div>\n<div class=\"text-en\" style=\"text-align: center; display: none;\">Unisex shampoo<\/div>\n<\/p><\/div>\n<div style=\"margin-bottom: 20px;\">\n<div class=\"text-ko\" style=\"text-align: center;\">\uc0f4\ud478 \uc885\ub958 L&#8217;OR\u00c9AL PARIS Elseve Color Vive \uc0f4\ud478 1000ml: \uc561\uccb4(\ud074\ub798\uc2dd)<\/div>\n<div class=\"text-en\" style=\"text-align: center; display: none;\">Shampoo Type L&#8217;OR\u00c9AL PARIS Elseve Color Vive Shampoo 1000ml: Liquid (Classic)<\/div>\n<\/p><\/div>\n<div style=\"margin-bottom: 20px;\">\n<div class=\"text-ko\" style=\"text-align: center; font-weight: bold;\">\uc7ac\ub8cc:<\/div>\n<div class=\"text-en\" style=\"text-align: center; font-weight: bold; display: none;\">Materials:<\/div>\n<\/p><\/div>\n<div style=\"margin-bottom: 20px;\">\n<div class=\"text-ko\" style=\"text-align: center;\">1199588 C &#8211; \uc544\ucfe0\uc544\/\ubb3c \u2022 \ub77c\uc6b0\ub808\uc2a4\ud669\uc0b0\ub098\ud2b8\ub968 \u2022 \ub514\uba54\ud2f0\ucf58 \u2022 \ucf54\ucf54\ubca0\ud0c0\uc778 \u2022 \uc5fc\ud654\ub098\ud2b8\ub968 \u2022 \uae00\ub9ac\ucf5c \uc774\uc2a4\ud14c\uc544\ub974\uc0b0\uc5fc \u2022 \uad6c\uc544\ud558\uc774\ub4dc\ub85d\uc2dc\ud504\ub85c\ud544\ud2b8\ub9ac\ubaa8\ub284\uc5fc\ud654\ubb3c \u2022 \ucf54\uce74\ub9c8\uc774\ub4dc MIPA \u2022 \ucf54\ucf54\uc2a4 \ub204\uc2dc\ud398\ub77c \uc624\uc77c \/ \ucf54\ucf54\ub11b \uc624\uc77c \u2022 \ubca4\uc870\uc0b0\ub098\ud2b8\ub968 \u2022 \uc218\uc0b0\ud654\ub098\ud2b8\ub968 \u2022 PAEONIA OFF \uc774\uc2dc\ub0a0\ub9ac\uc2a4 \uaf43 \ucd94\ucd9c\ubb3c \u2022 \uc5d0\ud2f8\ud5e5\uc2e4 \uc0b4\ub9ac\uc2dc \ud6c4\uae30 \u2022 \uc0b4\ub9ac\uc2e4\uc0b0 \u2022 \ud478\ub9c8\ub974\uc0b0 \u2022 \ubca4\uc9c8 \uc54c\ucf54\uc62c \u2022 \ubca4\uc9c8 \uc0b4\ub9ac\uc2e4\uc0b0\uc5fc \u2022 \ub9ac\ub098\ub8f0 \u2022 \uc54c\ud30c-\uc774\uc18c\uba54\ud2f8 \uc774\uc624\ub17c \u2022 \uce74\ubcf4\uba38 \u2022 \uac8c\ub77c\ub2c8\uc62c \u2022 \uad6c\uc5f0\uc0b0 \u2022 \uc2dc\ud2b8\ub85c\ub12c\ub864 \u2022 \uce7c\ub968 \uc18c\ub974\ubca0\uc774\ud2b8 \u2022 \ud5e5\uc2e4\ub80c \uae00\ub9ac\ucf5c \u2022 \ud5e5\uc2e4 \uc2dc\ub098\ub9d0 \u2022 \uae00\ub9ac\uc138\ub9b0 \u2022 \ud5a5\uc218\/\ud5a5\ub8cc. (F.I.L. C259250\/1).<\/div>\n<div class=\"text-en\" style=\"text-align: center; display: none;\">1199588 C &#8211; Aqua\/Water \u2022 Sodium Laureth Sulfate \u2022 Dimethicone \u2022 Coco Betaine \u2022 Sodium Chloride \u2022 Glycol Istearate \u2022 Guaroxypropyltrimonium Chloride \u2022 Cocamide MIPA \u2022 Cocos Nucifera Oil \/ Coconut Oil \u2022 Sodium Benzoate \u2022 Sodium Hydroxide \u2022 PAEONIA OFF Icinalis Flower Extract \u2022 Ethylhexyl Salicy Review \u2022 Salicylic Acid \u2022 fumaric acid \u2022 benzyl alcohol \u2022 benzyl salicylate \u2022 linalool \u2022 alpha-isomethyl ionone \u2022 carbomer \u2022 geraniol \u2022 citric acid \u2022 citronellol \u2022 potassium sorbate \u2022 hexylene glycol \u2022 hexyl cinnamal \u2022 glycerin \u2022 perfume\/fragrance. (F.I.L. C259250\/1).<\/div>\n<\/p><\/div>\n<div style=\"margin-bottom: 20px;\">\n<div class=\"text-ko\" style=\"text-align: center;\">+ \ud574\ub2f9 \uc81c\ud488\uc758 \ud328\ud0a4\uc9c0 \ub514\uc790\uc778\uc740 \uc720\ud1b5\ub418\ub294 \uad6d\uac00\uc5d0 \ub530\ub77c \uc0c1\uc774\ud560 \uc218 \uc788\uae30 \ub54c\ubb38\uc5d0<\/div>\n<div class=\"text-en\" style=\"text-align: center; display: none;\">+ Because the package design of the product may differ depending on the country in which it is distributed,<\/div>\n<\/p><\/div>\n<div style=\"margin-bottom: 20px;\">\n<div class=\"text-ko\" style=\"text-align: center;\">\uc0ac\uc9c4 \uc18d\uc758 \uc81c\ud488\uacfc \ub2e4\ub974\uac8c \ud45c\uae30\ub420 \uc218 \uc788\uc2b5\ub2c8\ub2e4.<\/div>\n<div class=\"text-en\" style=\"text-align: center; display: none;\">The product may be displayed differently from the product in the photo.<\/div>\n<\/p><\/div>\n<div style=\"margin-bottom: 20px;\">\n<div class=\"text-ko\" style=\"text-align: center;\">+ \ud574\ub2f9 \uc81c\ud488\uc740 \ub2e4\uc591\ud55c \ud0c0\uc785\uc73c\ub85c \ud310\ub9e4\ub418\uace0 \uc788\uc2b5\ub2c8\ub2e4.<\/div>\n<div class=\"text-en\" style=\"text-align: center; display: none;\">+ This product is sold in various types.<\/div>\n<\/p><\/div>\n<div style=\"margin-bottom: 20px;\">\n<div class=\"text-ko\" style=\"text-align: center;\">\uc800\ud76c \uc2a4\ud1a0\uc5b4\uc5d0\uc11c \ud310\ub9e4 \uc911\uc778 \ub2e4\uc591\ud55c \uc81c\ud488\ub4e4\uacfc \ud569\ubc30\uc1a1\ud558\uc5ec \ubc30\uc1a1\ube44\ub97c \uc808\uc57d\ud574 \ubcf4\uc138\uc694.<\/div>\n<div class=\"text-en\" style=\"text-align: center; display: none;\">Save on shipping costs by combining shipping with various products sold in our store.<\/div>\n<\/p><\/div>\n<\/div>","protected":false},"excerpt":{"rendered":"<p>\ub85c\ub808\uc54c \ud30c\ub9ac \uc5d8\uc138\ube0c \uceec\ub7ec \ubc14\uc774\ube0c \ub300\uc6a9\ub7c9 \ud5e4\uc5b4 \uc0f4\ud478 1000ml L\u2019Or\u00e9al Paris Elsev Color Vibe Large Capacity Hair Shampoo 1000ml L&#8217;OR\u00c9AL PARIS Elseve Color Vive Shampoo 1000 ml L&#8217;OR\u00c9AL PARIS Elseve Color Vive Shampoo 1000 ml \ub2f9\uc2e0\uc758 \uba38\ub9ac\uce74\ub77d\uc774 \ud56d\uc0c1 \uc544\ub984\ub2f5\uace0 \uc724\uae30\ub098\uace0 \uac74\uac15\ud574\uc9c0\uae38 \uc6d0\ud558\uc2dc\ub098\uc694? Do you want your hair to always be beautiful, shiny and healthy? \uadf8\ub807\ub2e4\uba74 [&hellip;]<\/p>","protected":false},"featured_media":13281,"comment_status":"open","ping_status":"closed","template":"","meta":[],"product_cat":[10069],"product_tag":[4975,5209,5106,4581],"class_list":{"0":"post-13280","1":"product","2":"type-product","3":"status-publish","4":"has-post-thumbnail","6":"product_brand-4363","7":"product_cat-10069","8":"product_tag-4975","9":"product_tag-5209","10":"product_tag-5106","11":"product_tag-4581","13":"first","14":"instock","15":"shipping-taxable","16":"purchasable","17":"product-type-simple"},"_links":{"self":[{"href":"https:\/\/eurogoodshop.com\/en\/wp-json\/wp\/v2\/product\/13280","targetHints":{"allow":["GET"]}}],"collection":[{"href":"https:\/\/eurogoodshop.com\/en\/wp-json\/wp\/v2\/product"}],"about":[{"href":"https:\/\/eurogoodshop.com\/en\/wp-json\/wp\/v2\/types\/product"}],"replies":[{"embeddable":true,"href":"https:\/\/eurogoodshop.com\/en\/wp-json\/wp\/v2\/comments?post=13280"}],"wp:featuredmedia":[{"embeddable":true,"href":"https:\/\/eurogoodshop.com\/en\/wp-json\/wp\/v2\/media\/13281"}],"wp:attachment":[{"href":"https:\/\/eurogoodshop.com\/en\/wp-json\/wp\/v2\/media?parent=13280"}],"wp:term":[{"taxonomy":"product_cat","embeddable":true,"href":"https:\/\/eurogoodshop.com\/en\/wp-json\/wp\/v2\/product_cat?post=13280"},{"taxonomy":"product_tag","embeddable":true,"href":"https:\/\/eurogoodshop.com\/en\/wp-json\/wp\/v2\/product_tag?post=13280"}],"curies":[{"name":"wp","href":"https:\/\/api.w.org\/{rel}","templated":true}]}}