{"id":18572,"date":"2025-03-16T14:27:57","date_gmt":"2025-03-16T05:27:57","guid":{"rendered":"https:\/\/eurogoodshop.com\/product\/%ed%8a%b8%ec%9c%84%ec%8a%a4%ed%8a%b8-%ec%95%a4-%eb%93%9c%eb%a7%81%ed%81%ac-%ec%98%a4%ec%8a%a4%ed%8a%b8%eb%a6%ac%ec%95%84-%eb%ac%b4%ed%83%84%ec%82%b0-%ec%9d%8c%eb%a3%8c-%ec%98%a4%eb%a0%8c%ec%a7%80-200m\/"},"modified":"2026-01-05T20:06:10","modified_gmt":"2026-01-05T11:06:10","slug":"%ed%8a%b8%ec%9c%84%ec%8a%a4%ed%8a%b8-%ec%95%a4-%eb%93%9c%eb%a7%81%ed%81%ac-%ec%98%a4%ec%8a%a4%ed%8a%b8%eb%a6%ac%ec%95%84-%eb%ac%b4%ed%83%84%ec%82%b0-%ec%9d%8c%eb%a3%8c-%ec%98%a4%eb%a0%8c%ec%a7%80-200m","status":"publish","type":"product","link":"https:\/\/eurogoodshop.com\/en\/product\/%ed%8a%b8%ec%9c%84%ec%8a%a4%ed%8a%b8-%ec%95%a4-%eb%93%9c%eb%a7%81%ed%81%ac-%ec%98%a4%ec%8a%a4%ed%8a%b8%eb%a6%ac%ec%95%84-%eb%ac%b4%ed%83%84%ec%82%b0-%ec%9d%8c%eb%a3%8c-%ec%98%a4%eb%a0%8c%ec%a7%80-200m\/","title":{"rendered":"\ud2b8\uc704\uc2a4\ud2b8 \uc564 \ub4dc\ub9c1\ud06c \uc624\uc2a4\ud2b8\ub9ac\uc544 \ubb34\ud0c4\uc0b0 \uc74c\ub8cc &#8211; \ufeff\uc624\ub80c\uc9c0 200ml"},"content":{"rendered":"<div style=\"text-align: center;\">\n<div style=\"margin-bottom: 30px;\">\n        <img decoding=\"async\" src=\"https:\/\/eurogoodshop.com\/wp-content\/uploads\/product-detail-image\/dtl-8666725896-01.jpg\" alt=\"\ud2b8\uc704\uc2a4\ud2b8 \uc564 \ub4dc\ub9c1\ud06c \uc624\ub80c\uc9c0\" style=\"display: block; margin: 20px auto;\"><\/p>\n<div class=\"text-ko\" style=\"text-align: center; font-weight: bold; font-size: 1.2em;\">\ud2b8\uc704\uc2a4\ud2b8 \uc564 \ub4dc\ub9c1\ud06c \uc624\uc2a4\ud2b8\ub9ac\uc544 \ubb34\ud0c4\uc0b0 \uc74c\ub8cc &#8211; \uc624\ub80c\uc9c0 200ml<\/div>\n<div class=\"text-en\" style=\"text-align: center; font-weight: bold; font-size: 1.2em; display: none;\">Twist &#038; Drink Austria non-carbonated drink &#8211; Orange 200ml<\/div>\n<\/p><\/div>\n<div style=\"margin-bottom: 30px;\">\n        <img decoding=\"async\" src=\"https:\/\/eurogoodshop.com\/wp-content\/uploads\/product-detail-image\/dtl-8666725896-02.png\" alt=\"\ud2b8\uc704\uc2a4\ud2b8 \uc564 \ub4dc\ub9c1\ud06c \ud2b9\uc9d5\" style=\"display: block; margin: 20px auto;\"><\/p>\n<div class=\"text-ko\" style=\"text-align: center;\">\ubb34\ud0c4\uc0b0 \uc74c\ub8cc \/ \uc54c\ud504\uc2a4 \uc74c\ub8cc \/ \ucc9c\uc5f0 \uacfc\uc999 \/ \uc778\uacf5\uac10\ubbf8\ub8cc \u7121! \ub4f1\ub4f1<\/div>\n<div class=\"text-en\" style=\"text-align: center; display: none;\">Non-carbonated drink \/ Alps drink \/ Natural fruit juice \/ No artificial sweeteners! etc.<\/div>\n<\/p><\/div>\n<div style=\"margin-bottom: 30px;\">\n<div class=\"text-ko\" style=\"text-align: center;\">\uc778\uae30 \uc788\ub294 \uc774\uc720\uac00 \uc140 \uc218 \uc5c6\ub294 \uc778\uc2a4\ud0c0\uc5d0\uc11c \ud56b\ud55c \ubc14\ub85c \uadf8 \uc74c\ub8cc Twist and Drink \uc785\ub2c8\ub2e4.<\/div>\n<div class=\"text-en\" style=\"text-align: center; display: none;\">Twist and Drink is a hot drink on Instagram with countless reasons for its popularity.<\/div>\n<\/p><\/div>\n<div style=\"margin-bottom: 30px;\">\n<div class=\"text-ko\" style=\"text-align: center;\">Twist and Drink\ub294 1973\ub144\ubd80\ud130 \uc2dc\uc791\ub41c \uc624\uc2a4\ud2b8\ub9ac\uc544 \ube0c\ub79c\ub4dc\uc778\ub370\uc694.<\/div>\n<div class=\"text-en\" style=\"text-align: center; display: none;\">Twist and Drink is an Austrian brand that started in 1973.<\/div>\n<\/p><\/div>\n<div style=\"margin-bottom: 30px;\">\n<div class=\"text-ko\" style=\"text-align: center;\">2021\ub144 \uc9c0\uae08\ub3c4 \uc624\uc2a4\ud2b8\ub9ac\uc544\uc5d0\uc11c \uac00\uc7a5 \ub9ce\uc774 \ud314\ub9ac\ub294 \uc5b4\ub9b0\uc774 \uc74c\ub8cc\uc785\ub2c8\ub2e4.<\/div>\n<div class=\"text-en\" style=\"text-align: center; display: none;\">Even in 2021, it is still the best-selling children&#8217;s drink in Austria.<\/div>\n<\/p><\/div>\n<div style=\"margin-bottom: 30px;\">\n<div class=\"text-ko\" style=\"text-align: center;\">\uc54c\ud504\uc2a4 \uc0b0\ub9e5 \uc911 \ud558\ub098\uc7782076m\uc758 Schneeberg \uc0b0 \uae30\uc2ad\uc758 \ub9d1\uc740 \uc0d8\ubb3c\ub85c \ub9cc\ub4e4\uc5b4\uc9c0\uace0,<\/div>\n<div class=\"text-en\" style=\"text-align: center; display: none;\">Made with clear spring water at the foot of the 2076m Schneeberg Mountain, one of the Alps mountain ranges.<\/div>\n<\/p><\/div>\n<div style=\"margin-bottom: 30px;\">\n<div class=\"text-ko\" style=\"text-align: center;\">\uc778\uacf5\uac10\ubbf8\ub8cc \uc5c6\uc774 \ucc9c\uc5f0\uacfc\uc999\ub9cc \uc774\uc6a9\ud558\uc5ec \ub9db\uc744 \ub0c8\uc5b4\uc694.<\/div>\n<div class=\"text-en\" style=\"text-align: center; display: none;\">Flavored using only natural fruit juice and no artificial sweeteners.<\/div>\n<\/p><\/div>\n<div style=\"margin-bottom: 30px;\">\n<div class=\"text-ko\" style=\"text-align: center;\">\ubb34\ud0c4\uc0b0\uc774\ub77c\uc11c \uc544\uc774\ub4e4\uc5d0\uac8c \uc790\uadf9\uc801\uc774\uc9c0\uc54a\uace0<\/div>\n<div class=\"text-en\" style=\"text-align: center; display: none;\">Because it is non-carbonated, it is not irritating to children.<\/div>\n<\/p><\/div>\n<div style=\"margin-bottom: 30px;\">\n<div class=\"text-ko\" style=\"text-align: center;\">\ud658\uacbd \ud638\ub974\ubaac\ub3c4 \uc5c6\uace0, \uae68\uc9c8\uc704\ud5d8\ub3c4 \uc5c6\uc5b4 \ub354 \uc88b\uc740<\/div>\n<div class=\"text-en\" style=\"text-align: center; display: none;\">Better because there are no environmental hormones and there is no risk of breaking.<\/div>\n<\/p><\/div>\n<div style=\"margin-bottom: 30px;\">\n<div class=\"text-ko\" style=\"text-align: center;\">Twist and Drink<\/div>\n<div class=\"text-en\" style=\"text-align: center; display: none;\">Twist and Drink<\/div>\n<\/p><\/div>\n<div style=\"margin-bottom: 30px;\">\n<div class=\"text-ko\" style=\"text-align: center;\">\uc624\uc2a4\ud2b8\ub9ac\uc544 \ube0c\ub79c\ub4dc Twist and Drink \uc640 \uccb4\ucf54 \ub9cc\ud654 \u010cty\u0159l\u00edstek \uac00 \ud568\uaed8 \ub9cc\ub4e0<\/div>\n<div class=\"text-en\" style=\"text-align: center; display: none;\">Created together by Austrian brand Twist and Drink and Czech comic \u010cty\u0159l\u00edstek<\/div>\n<\/p><\/div>\n<div style=\"margin-bottom: 30px;\">\n<div class=\"text-ko\" style=\"text-align: center;\">\ud2b8\uc704\uc2a4\ud2b8 \uc564 \ub4dc\ub9c1\ud06c\uc758 \uccb4\ucf54 \ubc84\uc804\uc785\ub2c8\ub2e4.<\/div>\n<div class=\"text-en\" style=\"text-align: center; display: none;\">This is the Czech version of Twist and Drink.<\/div>\n<\/p><\/div>\n<div style=\"margin-bottom: 30px;\">\n<div class=\"text-ko\" style=\"text-align: center;\">\uc720\ub2c8\ud06c\ud55c \ub514\uc790\uc778\uacfc \ud55c\uad6d\uc5d0 \uc5c6\ub294 \uc0c8\ub85c\uc6b4 \ub9db\uae4c\uc9c0<\/div>\n<div class=\"text-en\" style=\"text-align: center; display: none;\">Unique design and new tastes not found in Korea<\/div>\n<\/p><\/div>\n<div style=\"margin-bottom: 30px;\">\n<div class=\"text-ko\" style=\"text-align: center;\">\uc800\ub834\ud55c \uac00\uaca9\uc73c\ub85c \ub9cc\ub098\ubcf4\uc138\uc694!<\/div>\n<div class=\"text-en\" style=\"text-align: center; display: none;\">Get it at a low price!<\/div>\n<\/p><\/div>\n<p>    <img decoding=\"async\" src=\"https:\/\/eurogoodshop.com\/wp-content\/uploads\/product-detail-image\/dtl-8666725896-03.jpg\" alt=\"\ud2b8\uc704\uc2a4\ud2b8 \uc564 \ub4dc\ub9c1\ud06c \uc774\ubbf8\uc9c0\" style=\"display: block; margin: 20px auto;\"><br \/>\n    <img decoding=\"async\" src=\"https:\/\/eurogoodshop.com\/wp-content\/uploads\/product-detail-image\/dtl-8666725896-04.jpg\" alt=\"\ud2b8\uc704\uc2a4\ud2b8 \uc564 \ub4dc\ub9c1\ud06c \uc774\ubbf8\uc9c0\" style=\"display: block; margin: 20px auto;\"><br \/>\n    <img decoding=\"async\" src=\"https:\/\/eurogoodshop.com\/wp-content\/uploads\/product-detail-image\/dtl-8666725896-05.jpg\" alt=\"\ud2b8\uc704\uc2a4\ud2b8 \uc564 \ub4dc\ub9c1\ud06c \uc774\ubbf8\uc9c0\" style=\"display: block; margin: 20px auto;\"><br \/>\n    <img decoding=\"async\" src=\"https:\/\/eurogoodshop.com\/wp-content\/uploads\/product-detail-image\/dtl-8666725896-06.jpg\" alt=\"\ud2b8\uc704\uc2a4\ud2b8 \uc564 \ub4dc\ub9c1\ud06c \uc774\ubbf8\uc9c0\" style=\"display: block; margin: 20px auto;\"><\/p>\n<div style=\"margin-bottom: 30px;\">\n<div class=\"text-ko\" style=\"text-align: center;\">\uc2dc\uc6d0\ud55c \uc74c\ub8cc\uc218\ub85c \uba39\uc5b4\ub3c4 \uc88b\uc9c0\ub9cc<\/div>\n<div class=\"text-en\" style=\"text-align: center; display: none;\">It\u2019s good to have it as a cool drink<\/div>\n<\/p><\/div>\n<div style=\"margin-bottom: 30px;\">\n<div class=\"text-ko\" style=\"text-align: center;\">\ub354\uc6b4 \uc5ec\ub984 \ub0c9\uc7a5\uace0\uc5d0 \uc0b4\uc9dd \uc5bc\ub824 \uaebc\ub0b4\uba39\uc73c\uba74,<\/div>\n<div class=\"text-en\" style=\"text-align: center; display: none;\">If you lightly freeze it in the refrigerator and eat it on a hot summer day,<\/div>\n<\/p><\/div>\n<div style=\"margin-bottom: 30px;\">\n<div class=\"text-ko\" style=\"text-align: center;\">\uc870\ubb3c\uc870\ubb3c \uc2ac\ub7ec\uc2dc\ucc98\ub7fc \uba39\uc744 \uc218 \uc788\uc5b4\uc11c \ub354 \uc88b\uc740 Twist and Drink \uc785\ub2c8\ub2e4.<\/div>\n<div class=\"text-en\" style=\"text-align: center; display: none;\">This is a better Twist and Drink because you can eat it like a Jomul Jomul slush.<\/div>\n<\/p><\/div>\n<div style=\"margin-bottom: 30px;\">\n<div class=\"text-ko\" style=\"text-align: center;\">\ub354\uc6b4 \uc5ec\ub984 \ub098\ub4e4\uc774 \ud544\uc218\ud488!!!<\/div>\n<div class=\"text-en\" style=\"text-align: center; display: none;\">A must-have for hot summer outings!!!<\/div>\n<\/p><\/div>\n<div style=\"margin-bottom: 30px;\">\n<div class=\"text-ko\" style=\"text-align: center;\">\ud55c\uad6d\uc5d0\uc11c \uad6c\ud560 \uc218 \uc5c6\ub294 \ub9db\uae4c\uc9c0, \uc800\ub834\ud55c \uac00\uaca9\uc73c\ub85c \ub9cc\ub098\ubcf4\uc138\uc694!<\/div>\n<div class=\"text-en\" style=\"text-align: center; display: none;\">Enjoy flavors not available in Korea at a low price!<\/div>\n<\/p><\/div>\n<p>     <img decoding=\"async\" src=\"https:\/\/eurogoodshop.com\/wp-content\/uploads\/product-detail-image\/dtl-8666725896-07.jpg\" alt=\"\ud2b8\uc704\uc2a4\ud2b8 \uc564 \ub4dc\ub9c1\ud06c \uc774\ubbf8\uc9c0\" style=\"display: block; margin: 20px auto;\"><\/p>\n<div style=\"margin-bottom: 30px;\">\n<div class=\"text-ko\" style=\"text-align: center;\">+ \uc800\ud76c \uc2a4\ud1a0\uc5b4\uc5d0\uc11c\ub294 \ud2b8\uc704\uc2a4\ud2b8 \uc564 \ub4dc\ub9c1\ud06c \uc5ec\ub7ec \uc885\ub958\ub97c \ud310\ub9e4\ud558\uace0 \uc788\uc2b5\ub2c8\ub2e4.<\/div>\n<div class=\"text-en\" style=\"text-align: center; display: none;\">+ We sell several types of Twist &#038; Drink in our store.<\/div>\n<\/p><\/div>\n<\/div>","protected":false},"excerpt":{"rendered":"<p>\ud2b8\uc704\uc2a4\ud2b8 \uc564 \ub4dc\ub9c1\ud06c \uc624\uc2a4\ud2b8\ub9ac\uc544 \ubb34\ud0c4\uc0b0 \uc74c\ub8cc &#8211; \uc624\ub80c\uc9c0 200ml Twist &#038; Drink Austria non-carbonated drink &#8211; Orange 200ml \ubb34\ud0c4\uc0b0 \uc74c\ub8cc \/ \uc54c\ud504\uc2a4 \uc74c\ub8cc \/ \ucc9c\uc5f0 \uacfc\uc999 \/ \uc778\uacf5\uac10\ubbf8\ub8cc \u7121! \ub4f1\ub4f1 Non-carbonated drink \/ Alps drink \/ Natural fruit juice \/ No artificial sweeteners! etc. \uc778\uae30 \uc788\ub294 \uc774\uc720\uac00 \uc140 \uc218 \uc5c6\ub294 \uc778\uc2a4\ud0c0\uc5d0\uc11c \ud56b\ud55c \ubc14\ub85c \uadf8 \uc74c\ub8cc [&hellip;]<\/p>","protected":false},"featured_media":18573,"comment_status":"open","ping_status":"closed","template":"","meta":[],"product_cat":[10277],"product_tag":[],"class_list":{"0":"post-18572","1":"product","2":"type-product","3":"status-publish","4":"has-post-thumbnail","6":"product_brand-twist-and-drink","7":"product_cat-10277","9":"first","10":"instock","11":"shipping-taxable","12":"purchasable","13":"product-type-simple"},"_links":{"self":[{"href":"https:\/\/eurogoodshop.com\/en\/wp-json\/wp\/v2\/product\/18572","targetHints":{"allow":["GET"]}}],"collection":[{"href":"https:\/\/eurogoodshop.com\/en\/wp-json\/wp\/v2\/product"}],"about":[{"href":"https:\/\/eurogoodshop.com\/en\/wp-json\/wp\/v2\/types\/product"}],"replies":[{"embeddable":true,"href":"https:\/\/eurogoodshop.com\/en\/wp-json\/wp\/v2\/comments?post=18572"}],"wp:featuredmedia":[{"embeddable":true,"href":"https:\/\/eurogoodshop.com\/en\/wp-json\/wp\/v2\/media\/18573"}],"wp:attachment":[{"href":"https:\/\/eurogoodshop.com\/en\/wp-json\/wp\/v2\/media?parent=18572"}],"wp:term":[{"taxonomy":"product_cat","embeddable":true,"href":"https:\/\/eurogoodshop.com\/en\/wp-json\/wp\/v2\/product_cat?post=18572"},{"taxonomy":"product_tag","embeddable":true,"href":"https:\/\/eurogoodshop.com\/en\/wp-json\/wp\/v2\/product_tag?post=18572"}],"curies":[{"name":"wp","href":"https:\/\/api.w.org\/{rel}","templated":true}]}}