{"id":20887,"date":"2025-03-16T16:22:24","date_gmt":"2025-03-16T07:22:24","guid":{"rendered":"https:\/\/eurogoodshop.com\/product\/%eb%94%b8%ea%b3%a0-%eb%b7%b0%ed%8b%b0%ed%8c%8c%ec%9e%89-%ed%86%a0%eb%8b%89-%eb%a1%9c%ec%85%98-400ml-thalgo-veil-a-la-mer-beautifying-tonic-lotion-8207443970\/"},"modified":"2026-01-06T01:06:31","modified_gmt":"2026-01-05T16:06:31","slug":"%eb%94%b8%ea%b3%a0-%eb%b7%b0%ed%8b%b0%ed%8c%8c%ec%9e%89-%ed%86%a0%eb%8b%89-%eb%a1%9c%ec%85%98-400ml-thalgo-veil-a-la-mer-beautifying-tonic-lotion-8207443970","status":"publish","type":"product","link":"https:\/\/eurogoodshop.com\/en\/product\/%eb%94%b8%ea%b3%a0-%eb%b7%b0%ed%8b%b0%ed%8c%8c%ec%9e%89-%ed%86%a0%eb%8b%89-%eb%a1%9c%ec%85%98-400ml-thalgo-veil-a-la-mer-beautifying-tonic-lotion-8207443970\/","title":{"rendered":"\ub538\uace0 \ubdf0\ud2f0\ud30c\uc789 \ud1a0\ub2c9 \ub85c\uc158 400ml THALGO \u00c9VEIL A LA MER BEAUTIFYING TONIC LOTION"},"content":{"rendered":"<div style=\"text-align: center;\">\n    <img decoding=\"async\" src=\"https:\/\/eurogoodshop.com\/wp-content\/uploads\/product-detail-image\/dtl-8207443970-01.png\" alt=\"\ub538\uace0 \ubdf0\ud2f0\ud30c\uc789 \ud1a0\ub2c9 \ub85c\uc158 \uc774\ubbf8\uc9c0\" style=\"display: block; margin: 20px auto;\"><\/p>\n<div style=\"margin-bottom: 20px;\">\n<div class=\"text-ko\" style=\"text-align: center; font-weight: bold; font-size: 1.2em;\">THALGO \u00c9VEIL A LA MER BEAUTIFYING TONIC LOTION 400ml<\/div>\n<div class=\"text-en\" style=\"text-align: center; font-weight: bold; font-size: 1.2em; display: none;\">THALGO \u00c9VEIL A LA MER BEAUTIFYING TONIC LOTION 400ml<\/div>\n<\/p><\/div>\n<div style=\"margin-bottom: 20px;\">\n<div class=\"text-ko\" style=\"text-align: center; font-weight: bold; font-size: 1.2em;\">\ub538\uace0 \ubdf0\ud2f0\ud30c\uc789 \ud1a0\ub2c9 \ub85c\uc158 400ml<\/div>\n<div class=\"text-en\" style=\"text-align: center; font-weight: bold; font-size: 1.2em; display: none;\">Thalgo Beautifying Tonic Lotion 400ml<\/div>\n<\/p><\/div>\n<div style=\"margin-bottom: 20px;\">\n<div class=\"text-ko\" style=\"text-align: center;\">HALGO \u00c9VEIL A LA MER BEAUTIFYING TONIC LOTION\ub294 La S\u00e9ve Bleus des Oc\u00e9ans \ubc14\ub2f7\ubb3c\uc758 \ubbf8\uc6a9 \ud6a8\uacfc\ub97c \uc0ac\uc6a9\ud569\ub2c8\ub2e4.<\/div>\n<div class=\"text-en\" style=\"text-align: center; display: none;\">HALGO \u00c9VEIL A LA MER BEAUTIFYING TONIC LOTION uses the beauty benefits of La S\u00e9ve Bleus des Oc\u00e9ans sea water.<\/div>\n<\/p><\/div>\n<div style=\"margin-bottom: 20px;\">\n<div class=\"text-ko\" style=\"text-align: center;\">Thalgo \ub85c\uc158\uc758 \ud65c\uc131 \uc131\ubd84\uc5d0 \ub300\ud574 \uc54c\uc544\ubcf4\uc2ed\uc2dc\uc624!<\/div>\n<div class=\"text-en\" style=\"text-align: center; display: none;\">Learn about the active ingredients in Thalgo lotion!<\/div>\n<\/p><\/div>\n<div style=\"margin-bottom: 20px;\">\n<div class=\"text-ko\" style=\"text-align: center;\">La S\u00e9ve Bleus des Oc\u00e9ans &#8211; \uc2ec\ud574\uc5d0\uc11c \ucc44\ucde8\ud55c \ubc14\ub2f7\ubb3c. \uc218\uc911 \uc554\uc11d\uc744 \ud1b5\uacfc\ud558\uc5ec \ud750\ub974\uae30 \ub54c\ubb38\uc5d0 \uc62c\ub9ac\uace0 \uc131\ubd84\uacfc \ubbf8\ub124\ub784 \uc5fc\uc774 \ub9e4\uc6b0 \ud48d\ubd80\ud569\ub2c8\ub2e4. \uc77c\ubc18 \ud574\uc218\ubcf4\ub2e4 \uaddc\uc18c\uac00 14\ubc30, \ub9dd\uac04\uc774 12\ubc30, \uc544\uc5f0\uc774 8\ubc30 \ub354 \ud48d\ubd80\ud569\ub2c8\ub2e4. \uc989\uac01\uc801\uc778 \uc218\ubd84 \uacf5\uae09, \uc601\uc591 \uacf5\uae09 \ubc0f \ud53c\ubd80 \uac15\ud654 \ud6a8\uacfc\ub97c \uc81c\uacf5\ud569\ub2c8\ub2e4.<\/div>\n<div class=\"text-en\" style=\"text-align: center; display: none;\">La S\u00e9ve Bleus des Oc\u00e9ans &#8211; Seawater collected from the deep sea. Because it flows through underwater rocks, it is very rich in oligo elements and mineral salts. It is 14 times richer in silicon, 12 times richer in manganese, and 8 times richer in zinc than regular seawater. Provides instant hydration, nourishment and skin strengthening benefits.<\/div>\n<\/p><\/div>\n<div style=\"margin-bottom: 20px;\">\n<div class=\"text-ko\" style=\"text-align: center; font-weight: bold;\">\uc560\ud50c\ub9ac\ucf00\uc774\uc158<\/div>\n<div class=\"text-en\" style=\"text-align: center; font-weight: bold; display: none;\">Application<\/div>\n<\/p><\/div>\n<div style=\"margin-bottom: 20px;\">\n<div class=\"text-ko\" style=\"text-align: center;\">\uc138\uc548 \ud6c4 \uc544\uce68, \uc800\ub141 \ud654\uc7a5\uc19c\uc5d0 \uc801\uc2e0 \ud1a0\ub2c9 \ub85c\uc158\uc73c\ub85c \uc5bc\uad74\uacfc \ubaa9\uc744 \ub2e6\uc544\ub0b8 \ud6c4 \uc0dd\uba85\uc744 \uc8fc\ub294 \ubc14\ub2e4\uc758 \uc7a5\ub9c9\uc744 \ubfcc\ub9bd\ub2c8\ub2e4.<\/div>\n<div class=\"text-en\" style=\"text-align: center; display: none;\">After washing your face, in the morning and evening, wipe your face and neck with tonic lotion soaked in a cotton pad and then spray with the life-giving curtain of the sea.<\/div>\n<\/p><\/div>\n<div style=\"margin-bottom: 20px;\">\n<div class=\"text-ko\" style=\"text-align: center; font-weight: bold;\">Composition\/INCI<\/div>\n<div class=\"text-en\" style=\"text-align: center; font-weight: bold; display: none;\">Composition\/INCI<\/div>\n<\/p><\/div>\n<div style=\"margin-bottom: 20px;\">\n<div class=\"text-ko\" style=\"text-align: center;\">Water, Glyceret-26, Propanediol, PEG-6 Caprylic\/Capric Glycerides, Sea Water, Phenoxyethanol, Pentylene Glycol, PPG-26-Butet-26, Chlorphenesin, Perfume (Fragrance), PEG-40 Hydrogenated Castor Oil, Cetrimonium Chloride, Lemon acid<\/div>\n<div class=\"text-en\" style=\"text-align: center; display: none;\">Water, Glyceret-26, Propanediol, PEG-6 Caprylic\/Capric Glycerides, Sea Water, Phenoxyethanol, Pentylene Glycol, PPG-26-Butet-26, Chlorphenesin, Perfume (Fragrance), PEG-40 Hydrogenated Castor Oil, Cetrimonium Chloride, Lemon acid<\/div>\n<\/p><\/div>\n<div style=\"margin-bottom: 20px;\">\n<div class=\"text-ko\" style=\"text-align: center;\">+ \uc81c\ud488 \ub514\uc790\uc778\uc740 \uad6c\ub9e4 \uc2dc\uc810\uc5d0\ub530\ub77c \ub2ec\ub77c\uc9c8 \uc218 \uc788\uc2b5\ub2c8\ub2e4.<\/div>\n<div class=\"text-en\" style=\"text-align: center; display: none;\">+ Product design may vary depending on time of purchase.<\/div>\n<\/p><\/div>\n<div style=\"margin-bottom: 20px;\">\n<div class=\"text-ko\" style=\"text-align: center;\">\uace0\uac1d\ub2d8 \uad6c\ub9e4 \uc2dc\uc810\uc5d0 \ud604\uc9c0\uc5d0\uc11c \uc720\ud1b5 \uc911\uc778 \uc81c\ud488\uc73c\ub85c \ubc1c\uc1a1\ub429\ub2c8\ub2e4.<\/div>\n<div class=\"text-en\" style=\"text-align: center; display: none;\">The product will be shipped locally at the time of purchase.<\/div>\n<\/p><\/div>\n<\/div>","protected":false},"excerpt":{"rendered":"<p>THALGO \u00c9VEIL A LA MER BEAUTIFYING TONIC LOTION 400ml THALGO \u00c9VEIL A LA MER BEAUTIFYING TONIC LOTION 400ml \ub538\uace0 \ubdf0\ud2f0\ud30c\uc789 \ud1a0\ub2c9 \ub85c\uc158 400ml Thalgo Beautifying Tonic Lotion 400ml HALGO \u00c9VEIL A LA MER BEAUTIFYING TONIC LOTION\ub294 La S\u00e9ve Bleus des Oc\u00e9ans \ubc14\ub2f7\ubb3c\uc758 \ubbf8\uc6a9 \ud6a8\uacfc\ub97c \uc0ac\uc6a9\ud569\ub2c8\ub2e4. HALGO \u00c9VEIL A LA MER BEAUTIFYING TONIC LOTION uses the [&hellip;]<\/p>","protected":false},"featured_media":20888,"comment_status":"open","ping_status":"closed","template":"","meta":[],"product_cat":[10101],"product_tag":[],"class_list":{"0":"post-20887","1":"product","2":"type-product","3":"status-publish","4":"has-post-thumbnail","6":"product_brand-6621","7":"product_cat-10101","9":"first","10":"instock","11":"shipping-taxable","12":"purchasable","13":"product-type-simple"},"_links":{"self":[{"href":"https:\/\/eurogoodshop.com\/en\/wp-json\/wp\/v2\/product\/20887","targetHints":{"allow":["GET"]}}],"collection":[{"href":"https:\/\/eurogoodshop.com\/en\/wp-json\/wp\/v2\/product"}],"about":[{"href":"https:\/\/eurogoodshop.com\/en\/wp-json\/wp\/v2\/types\/product"}],"replies":[{"embeddable":true,"href":"https:\/\/eurogoodshop.com\/en\/wp-json\/wp\/v2\/comments?post=20887"}],"wp:featuredmedia":[{"embeddable":true,"href":"https:\/\/eurogoodshop.com\/en\/wp-json\/wp\/v2\/media\/20888"}],"wp:attachment":[{"href":"https:\/\/eurogoodshop.com\/en\/wp-json\/wp\/v2\/media?parent=20887"}],"wp:term":[{"taxonomy":"product_cat","embeddable":true,"href":"https:\/\/eurogoodshop.com\/en\/wp-json\/wp\/v2\/product_cat?post=20887"},{"taxonomy":"product_tag","embeddable":true,"href":"https:\/\/eurogoodshop.com\/en\/wp-json\/wp\/v2\/product_tag?post=20887"}],"curies":[{"name":"wp","href":"https:\/\/api.w.org\/{rel}","templated":true}]}}