{"id":21678,"date":"2025-03-16T17:05:39","date_gmt":"2025-03-16T08:05:39","guid":{"rendered":"https:\/\/eurogoodshop.com\/product\/%ed%85%8c%ec%86%8c%eb%a6%ac-%eb%8f%84%eb%a6%ac%ec%97%94%ed%85%8c-thai-spa-%ed%83%80%ec%9d%b4-%ec%8a%a4%ed%8c%8c-%ec%83%a4%ec%9b%8c%ed%81%ac%eb%a6%bc-500ml-%ed%95%9c%ec%a0%95%ec%88%98%eb%9f%89-69307229\/"},"modified":"2026-01-06T17:04:07","modified_gmt":"2026-01-06T08:04:07","slug":"%ed%85%8c%ec%86%8c%eb%a6%ac-%eb%8f%84%eb%a6%ac%ec%97%94%ed%85%8c-thai-spa-%ed%83%80%ec%9d%b4-%ec%8a%a4%ed%8c%8c-%ec%83%a4%ec%9b%8c%ed%81%ac%eb%a6%bc-500ml-%ed%95%9c%ec%a0%95%ec%88%98%eb%9f%89-69307229","status":"publish","type":"product","link":"https:\/\/eurogoodshop.com\/en\/product\/%ed%85%8c%ec%86%8c%eb%a6%ac-%eb%8f%84%eb%a6%ac%ec%97%94%ed%85%8c-thai-spa-%ed%83%80%ec%9d%b4-%ec%8a%a4%ed%8c%8c-%ec%83%a4%ec%9b%8c%ed%81%ac%eb%a6%bc-500ml-%ed%95%9c%ec%a0%95%ec%88%98%eb%9f%89-69307229\/","title":{"rendered":"\ud14c\uc18c\ub9ac \ub3c4\ub9ac\uc5d4\ud14c Thai Spa \ud0c0\uc774 \uc2a4\ud30c \uc0e4\uc6cc\ud06c\ub9bc 500ml \/ \ud55c\uc815\uc218\ub7c9"},"content":{"rendered":"<div style=\"text-align: center;\">\n    <img decoding=\"async\" src=\"https:\/\/eurogoodshop.com\/wp-content\/uploads\/product-detail-image\/dtl-6930722902-01.JPG\" alt=\"\ud14c\uc18c\ub9ac\ub3c4\ub9ac\uc5d4\ud14c \ud0c0\uc774 \uc2a4\ud30c \uc0e4\uc6cc \ud06c\ub9bc \uc774\ubbf8\uc9c0\" style=\"display: block; margin: 20px auto;\"><\/p>\n<div style=\"margin-bottom: 20px;\">\n<div class=\"text-ko\" style=\"text-align: center; font-size: 1.2em; font-weight: bold;\">\ud14c\uc18c\ub9ac\ub3c4\ub9ac\uc5d4\ud14c \ud0c0\uc774 \uc2a4\ud30c \uc0e4\uc6cc \ud06c\ub9bc 500ml<\/div>\n<div class=\"text-en\" style=\"text-align: center; font-size: 1.2em; font-weight: bold; display: none;\">Tesori Doriente Thai Spa Shower Cream 500ml<\/div>\n<\/p><\/div>\n<div style=\"margin-bottom: 20px;\">\n<div class=\"text-ko\" style=\"text-align: center; font-size: 1.1em; font-weight: bold;\">TESORIDORIENTE DOCCIA THAI SPA 500ml<\/div>\n<div class=\"text-en\" style=\"text-align: center; font-size: 1.1em; font-weight: bold; display: none;\">TESORIDORIENTE DOCCIA THAI SPA 500ml<\/div>\n<\/p><\/div>\n<div style=\"margin-bottom: 20px;\">\n<div class=\"text-ko\" style=\"text-align: center;\">\ud788\ube44\uc2a4\ucee4\uc2a4 \ucd94\ucd9c\ubb3c\uacfc \ud0c0\ub9c8\ub204 \uc624\uc77c\uc774 \ud568\uc720\ub41c \uc0e4\uc6cc \ud06c\ub9bc\uc73c\ub85c \ud0dc\uad6d \uc2a4\ud30c\uc5d0\uc11c\uc640 \uac19\uc774 \uc9c4\uc815\ud55c \ud734\uc2dd\uc758 \uacbd\ud5d8\uc744 \uc81c\uacf5\ud569\ub2c8\ub2e4.<\/div>\n<div class=\"text-en\" style=\"text-align: center; display: none;\">This shower cream contains hibiscus extract and tamanu oil, providing a truly relaxing experience just like in a Thai spa.<\/div>\n<\/p><\/div>\n<div style=\"margin-bottom: 20px;\">\n<div class=\"text-ko\" style=\"text-align: center;\">*\ud788\ube44\uc2a4\ucee4\uc2a4\uc758 \ud3ec\uadfc\ud558\uace0 \ud3b8\uc548\ud55c \ud5a5\uacfc \ub530\ub73b\ud558\uace0 \uad00\ub2a5\uc801\uc778 **\ud0c0\ub9c8\ub204 \uc624\uc77c\uc758 \ud5a5\uc774 \uc5b4\uc6b0\ub7ec\uc838 \ubab8\uacfc \ub9c8\uc74c\uc744 \uc870\ud654\ub86d\uac8c \ud480\uc5b4\uc90d\ub2c8\ub2e4.<\/div>\n<div class=\"text-en\" style=\"text-align: center; display: none;\">*The cozy and comfortable scent of hibiscus and the warm and sensual scent of **Tamanu oil combine to relax your body and mind in harmony.<\/div>\n<\/p><\/div>\n<div style=\"margin-bottom: 20px;\">\n<div class=\"text-ko\" style=\"text-align: center;\">\ud788\ube44\uc2a4\ucee4\uc2a4\ub294 \ubd80\ub4dc\ub97c \ubd80\ub4dc\ub7fd\uac8c\ud558\uace0 \ud48d\ubd80\ud55c \uc601\uc591\uc744 \uacf5\uae09\ud558\uace0 \ud0c0\ub9c8\ub204 \uc624\uc77c\uc740 \ud53c\ubd80 \uc138\ud3ec\ub97c \ud65c\uc131\ud654\uc2dc\ud0a4\ub294 \ub3d9\uc2dc\uc5d0 \uc9c4\uc815\uc2dc\ud0b5\ub2c8\ub2e4.<\/div>\n<div class=\"text-en\" style=\"text-align: center; display: none;\">Hibiscus softens and deeply nourishes skin, while tamanu oil revitalizes skin cells while soothing them.<\/div>\n<\/p><\/div>\n<div style=\"margin-bottom: 20px;\">\n<div class=\"text-ko\" style=\"text-align: center;\">\ud53c\ubd80\ub97c \ubd80\ub4dc\ub7fd\uac8c \uc815\ud654\ud558\uace0 \uc2e0\uc120\ud558\uace0 \ubd80\ub4dc\ub7fd\uace0 \uae30\ubd84 \uc88b\uc740 \ud5a5\uc744 \ub0a8\uae41\ub2c8\ub2e4.<\/div>\n<div class=\"text-en\" style=\"text-align: center; display: none;\">Gently cleanses the skin and leaves it feeling fresh, soft and pleasantly scented.<\/div>\n<\/p><\/div>\n<div style=\"margin-bottom: 20px;\">\n<div class=\"text-ko\" style=\"text-align: center;\">\ud14c\uc18c\ub9ac\ub3c4\ub9ac\uc5d4\ud14c \uc0e4\uc6cc\ud06c\ub9bc\uc740 \ud30c\ub77c\ubca4, \ud569\uc131\uc5fc\ub8cc, \ubbf8\ub124\ub784 \uc624\uc77c, \uc2e4\ub9ac\ucf58\uc744 \uc0ac\uc6a9\ud558\uc9c0 \uc54a\uc558\uc2b5\ub2c8\ub2e4.<\/div>\n<div class=\"text-en\" style=\"text-align: center; display: none;\">Tesori Doriente Shower Cream does not use parabens, synthetic dyes, mineral oil, or silicone.<\/div>\n<\/p><\/div>\n<div style=\"margin-bottom: 20px;\">\n<div class=\"text-ko\" style=\"text-align: center; font-weight: bold;\">\ud65c\uc131\uc131\ubd84<\/div>\n<div class=\"text-en\" style=\"text-align: center; font-weight: bold; display: none;\">Active Ingredients<\/div>\n<\/p><\/div>\n<div style=\"margin-bottom: 20px;\">\n<div class=\"text-ko\" style=\"text-align: center;\">*\ud788\ube44\uc2a4\ucee4\uc2a4-\ud788\ube44\uc2a4\ucee4\uc2a4 \uaf43\uc740 \uace0\ub300\ubd80\ud130 \ud5a5\uc218\uc640 \ud654\uc7a5\ud488\uc744 \ub9cc\ub4dc\ub294 \uc7ac\ub8cc\uc600\uc2b5\ub2c8\ub2e4. \uc62c\ub808\uc0b0\uacfc \ub9ac\ub180\ub808\uc0b0\uc774 \ud48d\ubd80\ud558\uc5ec \ud53c\ubd80\ub97c \ubd80\ub4dc\ub7fd\uac8c\ud558\uace0, \uc601\uc591 \ubc0f \ud1a0\ub2dd \ud2b9\uc131\uc774 \uc788\uc2b5\ub2c8\ub2e4.<\/div>\n<div class=\"text-en\" style=\"text-align: center; display: none;\">*Hibiscus-Hibiscus flowers have been an ingredient in making perfumes and cosmetics since ancient times. Rich in oleic and linoleic acids, it softens the skin and has nourishing and toning properties.<\/div>\n<\/p><\/div>\n<div style=\"margin-bottom: 20px;\">\n<div class=\"text-ko\" style=\"text-align: center;\">**\ud0c0\ub9c8\ub204 \uc624\uc77c-\uc2e0\uc758 \uae30\ub984\uc774\ub77c\uace0\ub3c4 \ubd80\ub974\ub294 \uc774 \uac15\ub82c\ud55c \ud5a5\uae30\uc758 \uc624\uc77c\uc740 \uc9c0\ubc29\uc0b0\uacfc \ube44\ud0c0\ubbfc\uc774 \ud48d\ubd80\ud558\uc5ec \uc2e0\uccb4\uc758 \ud53c\ubd80\uc5d0 \uc678\ubd80 \uc720\ud574\ud55c \ud658\uacbd\uc73c\ub85c \ubd80\ud130 \ud53c\ubd80\ub97c \ubcf4\ud638\ud558\uace0 \ud65c\uc131\ud654\uc2dc\ud0a4\ub294 \ub3d9\uc2dc\uc5d0 \uc9c4\uc815\uc2dc\ud0b5\ub2c8\ub2e4. \uc624\uc77c\uc740 \ub9e4\uc6b0 \ube60\ub974\uac8c \ud761\uc218\ub418\uc5b4 \uae30\ub984\uc9c4 \ud544\ub984\uc744 \ub0a8\uae30\uc9c0 \uc54a\uc2b5\ub2c8\ub2e4.<\/div>\n<div class=\"text-en\" style=\"text-align: center; display: none;\">**Tamanu Oil &#8211; Also called oil of the gods, this intensely fragrant oil is rich in fatty acids and vitamins that soothe and revitalize the body&#8217;s skin while protecting it from external harmful elements. The oil is absorbed very quickly and does not leave a greasy film.<\/div>\n<\/p><\/div>\n<div style=\"margin-bottom: 20px;\">\n<div class=\"text-ko\" style=\"text-align: center;\">-\ub9b4\ub799\uc2f1 \ud5a5<\/div>\n<div class=\"text-en\" style=\"text-align: center; display: none;\">-Relaxing scent<\/div>\n<\/p><\/div>\n<div style=\"margin-bottom: 20px;\">\n<div class=\"text-ko\" style=\"text-align: center;\">-\ud53c\ubd80 \uc21c\ud55c \uc9c0\uc6d0<\/div>\n<div class=\"text-en\" style=\"text-align: center; display: none;\">-Skin gentle support<\/div>\n<\/p><\/div>\n<div style=\"margin-bottom: 20px;\">\n<div class=\"text-ko\" style=\"text-align: center;\">-\ud53c\ubd80 \ud65c\uc131\ud654 \ubc0f \uc5f0\ud654 \ud2b9\uc131<\/div>\n<div class=\"text-en\" style=\"text-align: center; display: none;\">-Skin revitalizing and softening properties<\/div>\n<\/p><\/div>\n<div style=\"margin-bottom: 20px;\">\n<div class=\"text-ko\" style=\"text-align: center;\">-\ud788\ube44\uc2a4\ucee4\uc2a4 \ucd94\ucd9c\ubb3c\uacfc \ud0c0\ub9c8\ub204 \uc624\uc77c \ud568\uc720<\/div>\n<div class=\"text-en\" style=\"text-align: center; display: none;\">&#8211; Contains hibiscus extract and tamanu oil<\/div>\n<\/p><\/div>\n<div style=\"margin-bottom: 20px;\">\n<div class=\"text-ko\" style=\"text-align: center;\">-\ud30c\ub77c\ubca4, \ud569\uc131\uc5fc\ub8cc, \ubbf8\ub124\ub784 \uc624\uc77c, \uc2e4\ub9ac\ucf58\uc774 \ud3ec\ud568\ub418\uc5b4 \uc788\uc9c0 \uc54a\uc2b5\ub2c8\ub2e4.<\/div>\n<div class=\"text-en\" style=\"text-align: center; display: none;\">-Does not contain parabens, synthetic dyes, mineral oil, or silicone.<\/div>\n<\/p><\/div>\n<div style=\"margin-bottom: 20px;\">\n<div class=\"text-ko\" style=\"text-align: center;\">-\ud53c\ubd80\uacfc \ud14c\uc2a4\ud2b8 \uc644\ub8cc<\/div>\n<div class=\"text-en\" style=\"text-align: center; display: none;\">&#8211; Dermatologically tested<\/div>\n<\/p><\/div>\n<div style=\"margin-bottom: 20px;\">\n<div class=\"text-ko\" style=\"text-align: center;\">\ud0d1\ub178\ud2b8: \ud29c\ubca0\ub85c\uc988, \ub124\ub864\ub9ac, \uc2a4\uc704\ud2b8 \uc624\ub80c\uc9c0<\/div>\n<div class=\"text-en\" style=\"text-align: center; display: none;\">Top notes: tuberose, neroli, sweet orange<\/div>\n<\/p><\/div>\n<div style=\"margin-bottom: 20px;\">\n<div class=\"text-ko\" style=\"text-align: center;\">\ubbf8\ub4e4\ub178\ud2b8: \uc7a5\ubbf8, \ud788\ube44\uc2a4\ucee4\uc2a4, \ub9dd\uace0, \ud5a5\uc2e0\ub8cc<\/div>\n<div class=\"text-en\" style=\"text-align: center; display: none;\">Middle notes: rose, hibiscus, mango, spice<\/div>\n<\/p><\/div>\n<div style=\"margin-bottom: 20px;\">\n<div class=\"text-ko\" style=\"text-align: center;\">\ubca0\uc774\uc2a4\ub178\ud2b8: \ubc14\ub2d0\ub77c, \ud0c0\ub9cc\uc6b0\ub4dc, \ud328\ucd9c\ub9ac<\/div>\n<div class=\"text-en\" style=\"text-align: center; display: none;\">Base notes: vanilla, taman wood, patchouli<\/div>\n<\/p><\/div>\n<div style=\"margin-bottom: 20px;\">\n<div class=\"text-ko\" style=\"text-align: center;\">\uc804\uc131\ubd84: Aqua, Sodium Laureth Sulfate, Cocamidopropyl Betaine, Parfum, Calophyllum Inophyllum seed oil (olej z plod\u016f kalaby obvej\u010dit\u00e9), Hibiscus Sabdariffa flower extract (extrakt z kv\u011bt\u016f ibi\u0161ku), Glycerin, Lauryl Glucoside, Coco-Glucoside, Glyceryl Oleate, PEG-7 Glyceryl Cocoate, Sodium Olivamphoacetate, Sodium Chloride, Styrene\/Acrylates Copolymer, Citric Acid, Tetrasodium Glutamate Diacetate, Potassium Sorbate, Sodium Benzoate, Benzyl Alcohol, Benzyl Salicylate, Citronellol, Geraniol, Limonene, Linalool.<\/div>\n<div class=\"text-en\" style=\"text-align: center; display: none;\">All ingredients: Aqua, Sodium Laureth Sulfate, Cocamidopropyl Betaine, Parfum, Calophyllum Inophyllum seed oil (olej z plod\u016f kalaby obvej\u010dit\u00e9), Hibiscus Sabdariffa flower extract (extrakt z kv\u011bt\u016f ibi\u0161ku), Glycerin, Lauryl Glucoside, Coco-Glucoside, Glyceryl Oleate, PEG-7 Glyceryl Cocoate, Sodium Olivamphoacetate, Sodium Chloride, Styrene\/Acrylates Copolymer, Citric Acid, Tetrasodium Glutamate Diacetate, Potassium Sorbate, Sodium Benzoate, Benzyl Alcohol, Benzyl Salicylate, Citronellol, Geraniol, Limonene, Linalool.<\/div>\n<\/p><\/div>\n<\/div>","protected":false},"excerpt":{"rendered":"<p>\ud14c\uc18c\ub9ac\ub3c4\ub9ac\uc5d4\ud14c \ud0c0\uc774 \uc2a4\ud30c \uc0e4\uc6cc \ud06c\ub9bc 500ml Tesori Doriente Thai Spa Shower Cream 500ml TESORIDORIENTE DOCCIA THAI SPA 500ml TESORIDORIENTE DOCCIA THAI SPA 500ml \ud788\ube44\uc2a4\ucee4\uc2a4 \ucd94\ucd9c\ubb3c\uacfc \ud0c0\ub9c8\ub204 \uc624\uc77c\uc774 \ud568\uc720\ub41c \uc0e4\uc6cc \ud06c\ub9bc\uc73c\ub85c \ud0dc\uad6d \uc2a4\ud30c\uc5d0\uc11c\uc640 \uac19\uc774 \uc9c4\uc815\ud55c \ud734\uc2dd\uc758 \uacbd\ud5d8\uc744 \uc81c\uacf5\ud569\ub2c8\ub2e4. This shower cream contains hibiscus extract and tamanu oil, providing a truly relaxing experience just like in a [&hellip;]<\/p>","protected":false},"featured_media":21679,"comment_status":"open","ping_status":"closed","template":"","meta":[],"product_cat":[10036,10057],"product_tag":[1783,4697,4695,5184,4934,4940,4447,4699,6762,6180],"class_list":{"0":"post-21678","1":"product","2":"type-product","3":"status-publish","4":"has-post-thumbnail","6":"product_brand-4692","7":"product_cat-10036","8":"product_cat-10057","9":"product_tag-1783","10":"product_tag-4697","11":"product_tag-4695","12":"product_tag-5184","13":"product_tag-4934","14":"product_tag-4940","15":"product_tag-4447","16":"product_tag-4699","17":"product_tag-6762","18":"product_tag-6180","20":"first","21":"instock","22":"shipping-taxable","23":"purchasable","24":"product-type-simple"},"_links":{"self":[{"href":"https:\/\/eurogoodshop.com\/en\/wp-json\/wp\/v2\/product\/21678","targetHints":{"allow":["GET"]}}],"collection":[{"href":"https:\/\/eurogoodshop.com\/en\/wp-json\/wp\/v2\/product"}],"about":[{"href":"https:\/\/eurogoodshop.com\/en\/wp-json\/wp\/v2\/types\/product"}],"replies":[{"embeddable":true,"href":"https:\/\/eurogoodshop.com\/en\/wp-json\/wp\/v2\/comments?post=21678"}],"wp:featuredmedia":[{"embeddable":true,"href":"https:\/\/eurogoodshop.com\/en\/wp-json\/wp\/v2\/media\/21679"}],"wp:attachment":[{"href":"https:\/\/eurogoodshop.com\/en\/wp-json\/wp\/v2\/media?parent=21678"}],"wp:term":[{"taxonomy":"product_cat","embeddable":true,"href":"https:\/\/eurogoodshop.com\/en\/wp-json\/wp\/v2\/product_cat?post=21678"},{"taxonomy":"product_tag","embeddable":true,"href":"https:\/\/eurogoodshop.com\/en\/wp-json\/wp\/v2\/product_tag?post=21678"}],"curies":[{"name":"wp","href":"https:\/\/api.w.org\/{rel}","templated":true}]}}