{"id":21685,"date":"2025-03-16T17:06:01","date_gmt":"2025-03-16T08:06:01","guid":{"rendered":"https:\/\/eurogoodshop.com\/product\/%ed%85%8c%ec%86%8c%eb%a6%ac-%eb%8f%84%eb%a6%ac%ec%97%94%ed%85%8c-forest-ritual-%ed%8f%ac%eb%a0%88%ec%8a%a4%ed%8a%b8-%eb%a6%ac%ec%b6%94%ec%96%bc-%ec%83%a4%ec%9b%8c-%ed%81%ac%eb%a6%bc-500ml-6930531774\/"},"modified":"2026-01-06T17:04:37","modified_gmt":"2026-01-06T08:04:37","slug":"%ed%85%8c%ec%86%8c%eb%a6%ac-%eb%8f%84%eb%a6%ac%ec%97%94%ed%85%8c-forest-ritual-%ed%8f%ac%eb%a0%88%ec%8a%a4%ed%8a%b8-%eb%a6%ac%ec%b6%94%ec%96%bc-%ec%83%a4%ec%9b%8c-%ed%81%ac%eb%a6%bc-500ml-6930531774","status":"publish","type":"product","link":"https:\/\/eurogoodshop.com\/en\/product\/%ed%85%8c%ec%86%8c%eb%a6%ac-%eb%8f%84%eb%a6%ac%ec%97%94%ed%85%8c-forest-ritual-%ed%8f%ac%eb%a0%88%ec%8a%a4%ed%8a%b8-%eb%a6%ac%ec%b6%94%ec%96%bc-%ec%83%a4%ec%9b%8c-%ed%81%ac%eb%a6%bc-500ml-6930531774\/","title":{"rendered":"\ud14c\uc18c\ub9ac \ub3c4\ub9ac\uc5d4\ud14c Forest ritual \ud3ec\ub808\uc2a4\ud2b8 \ub9ac\ucd94\uc5bc \uc0e4\uc6cc \ud06c\ub9bc 500ml"},"content":{"rendered":"<div style=\"text-align: center;\">\n    <img decoding=\"async\" src=\"https:\/\/eurogoodshop.com\/wp-content\/uploads\/product-detail-image\/dtl-6930531774-01.JPG\" alt=\"\ud14c\uc18c\ub9ac\ub3c4\ub9ac\uc5d4\ud14c \ud3ec\ub808\uc2a4\ud2b8 \ub9ac\ucd94\uc5bc \uc0e4\uc6cc \ud06c\ub9bc \uc774\ubbf8\uc9c0\" style=\"display: block; margin: 20px auto;\"><\/p>\n<div style=\"margin-bottom: 15px;\">\n<div class=\"text-ko\" style=\"text-align: center; font-size: 1.2em; font-weight: bold;\">\ud14c\uc18c\ub9ac\ub3c4\ub9ac\uc5d4\ud14c \ud3ec\ub808\uc2a4\ud2b8 \ub9ac\ucd94\uc5bc \uc0e4\uc6cc \ud06c\ub9bc 500ml<\/div>\n<div class=\"text-en\" style=\"text-align: center; font-size: 1.2em; font-weight: bold; display: none;\">Tesoridoriente Forest Ritual Shower Cream 500ml<\/div>\n<\/p><\/div>\n<div style=\"margin-bottom: 15px;\">\n<div class=\"text-ko\" style=\"text-align: center;\">TESORIDORIENTE DOCCIA CREMA FOREST RITUAL 500ml<\/div>\n<div class=\"text-en\" style=\"text-align: center; display: none;\">TESORIDORIENTE DOCCIA CREMA FOREST RITUAL 500ml<\/div>\n<\/p><\/div>\n<div style=\"margin-bottom: 15px;\">\n<div class=\"text-ko\" style=\"text-align: center;\">\uc77c\ubcf8 \uc0b0\ub9bc\uc695(\uc2e0\ub9b0\uc694\ucfe0)\uc5d0\uc11c \uc601\uac10\uc744 \ubc1b\uc740 \uc81c\ud488\uc73c\ub85c \ub0b4\uba74\uc758 \uade0\ud615\uc744 \ub418\ucc3e\ub294 \uc2e0\uc120\ud55c \uc232 \uacf5\uae30\uc758 \uc720\uc775\ud55c \ud798\uc744 \uae30\ub150\ud569\ub2c8\ub2e4.<\/div>\n<div class=\"text-en\" style=\"text-align: center; display: none;\">Inspired by Japanese forest bathing (Shinrin-yoku), this product celebrates the beneficial power of fresh forest air to restore inner balance.<\/div>\n<\/p><\/div>\n<div style=\"margin-bottom: 15px;\">\n<div class=\"text-ko\" style=\"text-align: center;\">\ud654\uc774\ud2b8 \uc218\ub828\uc758 \uc0c1\ud07c\ud55c \ub178\ud2b8\uc640 \ud788\ub178\ud0a4 \ub098\ubb34\uc758 \uc2a4\ud2b8\ub7ec\uc2a4 \ubc0f \uc6b0\ub514 \ub178\ud2b8\uac00 \ud53c\ubd80\ub97c \ubd80\ub4dc\ub7fd\uac8c \ud074\ub80c\uc9d5\ud558\uace0 \uae30\ubd84 \uc88b\uc740 \ud734\uc2dd\uacfc \uc6f0\ube59\uc744 \uc120\uc0ac\ud569\ub2c8\ub2e4.<\/div>\n<div class=\"text-en\" style=\"text-align: center; display: none;\">The refreshing notes of white water lily and the strutted and woody notes of hinoki wood gently cleanse the skin and provide pleasant relaxation and well-being.<\/div>\n<\/p><\/div>\n<div style=\"margin-bottom: 15px;\">\n<div class=\"text-ko\" style=\"text-align: center;\">\ud14c\uc18c\ub9ac\ub3c4\ub9ac\uc5d4\ud14c \uc0e4\uc6cc\ud06c\ub9bc\uc740 \ud30c\ub77c\ubca4, \ud569\uc131\uc5fc\ub8cc, \ubbf8\ub124\ub784 \uc624\uc77c, \uc2e4\ub9ac\ucf58\uc744 \uc0ac\uc6a9\ud558\uc9c0 \uc54a\uc558\uc2b5\ub2c8\ub2e4.<\/div>\n<div class=\"text-en\" style=\"text-align: center; display: none;\">Tesori Doriente Shower Cream does not use parabens, synthetic dyes, mineral oil, or silicone.<\/div>\n<\/p><\/div>\n<div style=\"margin-bottom: 15px;\">\n<div class=\"text-ko\" style=\"text-align: center; font-weight: bold;\">\ud65c\uc131\uc131\ubd84<\/div>\n<div class=\"text-en\" style=\"text-align: center; font-weight: bold; display: none;\">Active Ingredients<\/div>\n<\/p><\/div>\n<div style=\"margin-bottom: 15px;\">\n<div class=\"text-ko\" style=\"text-align: center;\">\ud788\ub178\ud0a4 \ub098\ubb34-\uc77c\ubcf8 5\ub300 \uc601\ubaa9 \uc911 \ud558\ub098\ub85c \uc21c\uacb0\uacfc \uce58\uc720\uc758 \uc0c1\uc9d5\uc73c\ub85c \uc218\uc138\uae30 \ub3d9\uc548 \uc0ac\ucc30\uacfc \uc2e0\uc0ac\ub97c \uc9c0\uc744 \ub54c \uc0ac\uc6a9\ud588\uc2b5\ub2c8\ub2e4. \uac10\uade4\ub958\uc758 \uc6b0\ub514 \ud1a4\uc774 \ubab8\uacfc \ub9c8\uc74c\uc744 \uc9c4\uc815\uc2dc\ud0a4\uace0 \ud3b8\uc548\ud55c \ub290\ub08c\uc744 \ub354\ud574\uc90d\ub2c8\ub2e4.<\/div>\n<div class=\"text-en\" style=\"text-align: center; display: none;\">Hinoki tree &#8211; One of Japan&#8217;s five sacred trees, it has been used to build temples and shrines for centuries as a symbol of purity and healing. Citrus woody tones soothe the body and mind and add a sense of relaxation.<\/div>\n<\/p><\/div>\n<div style=\"margin-bottom: 15px;\">\n<div class=\"text-ko\" style=\"text-align: center;\">\ud654\uc774\ud2b8 \uc218\ub828-\uc9c4\uc815 \ubc0f \ubcf4\uc2b5 \ud2b9\uc131\uc744 \uc81c\uacf5\ud569\ub2c8\ub2e4.<\/div>\n<div class=\"text-en\" style=\"text-align: center; display: none;\">White Water Lily &#8211; Provides soothing and moisturizing properties.<\/div>\n<\/p><\/div>\n<div style=\"margin-bottom: 15px;\">\n<div class=\"text-ko\" style=\"text-align: center;\">\ud0d1\ub178\ud2b8: \ub808\ubaac, \uc0dd\uac15<\/div>\n<div class=\"text-en\" style=\"text-align: center; display: none;\">Top notes: Lemon, Ginger<\/div>\n<\/p><\/div>\n<div style=\"margin-bottom: 15px;\">\n<div class=\"text-ko\" style=\"text-align: center;\">\ubbf8\ub4e4\ub178\ud2b8: \uc7a5\ubbf8, \ud654\uc774\ud2b8 \uc218\ub828<\/div>\n<div class=\"text-en\" style=\"text-align: center; display: none;\">Middle notes: rose, white water lily<\/div>\n<\/p><\/div>\n<div style=\"margin-bottom: 15px;\">\n<div class=\"text-ko\" style=\"text-align: center;\">\ubca0\uc774\uc2a4 \ub178\ud2b8: \ud3b8\ubc31\ub098\ubb34, \uc570\ubc84(\uc570\ubc84), \uba38\uc2a4\ud06c<\/div>\n<div class=\"text-en\" style=\"text-align: center; display: none;\">Base notes: Cypress, amber, musk<\/div>\n<\/p><\/div>\n<div style=\"margin-bottom: 15px;\">\n<div class=\"text-ko\" style=\"text-align: center;\">-\ud53c\ubd80 \uc21c\ud55c \uc9c0\uc6d0<\/div>\n<div class=\"text-en\" style=\"text-align: center; display: none;\">-Skin gentle support<\/div>\n<\/p><\/div>\n<div style=\"margin-bottom: 15px;\">\n<div class=\"text-ko\" style=\"text-align: center;\">-\ud53c\ubd80 \uc774\uc644 \ubc0f \ud65c\uc131\ud654 \ud6a8\uacfc<\/div>\n<div class=\"text-en\" style=\"text-align: center; display: none;\">-Skin relaxation and revitalization effect<\/div>\n<\/p><\/div>\n<div style=\"margin-bottom: 15px;\">\n<div class=\"text-ko\" style=\"text-align: center;\">-\ud788\ub178\ud0a4 \ub098\ubb34 \ucd94\ucd9c\ubb3c\uacfc \ud654\uc774\ud2b8 \uc218\ub828 \ucd94\ucd9c\ubb3c \ud568\uc720<\/div>\n<div class=\"text-en\" style=\"text-align: center; display: none;\">&#8211; Contains hinoki tree extract and white water lily extract<\/div>\n<\/p><\/div>\n<div style=\"margin-bottom: 15px;\">\n<div class=\"text-ko\" style=\"text-align: center;\">-\ud30c\ub77c\ubca4, \ud569\uc131\uc5fc\ub8cc, \ubbf8\ub124\ub784 \uc624\uc77c, \uc2e4\ub9ac\ucf58\uc774 \ud3ec\ud568\ub418\uc5b4 \uc788\uc9c0 \uc54a\uc2b5\ub2c8\ub2e4.<\/div>\n<div class=\"text-en\" style=\"text-align: center; display: none;\">-Does not contain parabens, synthetic dyes, mineral oil, or silicone.<\/div>\n<\/p><\/div>\n<div style=\"margin-bottom: 15px;\">\n<div class=\"text-ko\" style=\"text-align: center;\">-\uc0c1\ucf8c\ud558\uace0 \uae68\ub057\ud55c \uc232\uacfc \ubb3c\uc758 \ud5a5 \ub0b4\uc74c\uc744 \uc88b\uc544\ud558\uc2dc\ub294 \ubd84\ub4e4\uc744 \uc704\ud55c \ud5a5<\/div>\n<div class=\"text-en\" style=\"text-align: center; display: none;\">&#8211; A scent for those who like the refreshing, clean scent of forests and water.<\/div>\n<\/p><\/div>\n<div style=\"margin-bottom: 15px;\">\n<div class=\"text-ko\" style=\"text-align: center;\">-\ud53c\ubd80\uacfc \ud14c\uc2a4\ud2b8 \uc644\ub8cc<\/div>\n<div class=\"text-en\" style=\"text-align: center; display: none;\">&#8211; Dermatologically tested<\/div>\n<\/p><\/div>\n<div style=\"margin-bottom: 15px;\">\n<div class=\"text-ko\" style=\"text-align: center;\">\uc804\uc131\ubd84:Aqua, Sodium Laureth Sulfate, Cocamidopropyl Betaine, Parfum, Santalum Album Wood Extract (extrakt ze santalov\u00e9ho d\u0159eva), Robinia Pseudoacacia Flower Extract (extrakt z kv\u011bt\u016f ak\u00e1tovn\u00edku), Aesculus Hippocastanum Seed Extract (extrakt ze semen j\u00edrovce ma\u010fala), Glycerin, Lauryl Glucoside, Glyceryl Oleate, PEG-7 Glyceryl Cocoate, Coco-Glucoside, Sodium Olivamphoacetate, Styrene\/Acrylates Copolymer, Sodium Chloride, Tetrasodium Glutamate Diacetate, Citric Acid, Potassium Sorbate, Sodium Benzoate, Benzyl Alcohol, Citronellol, Geraniol, Limonene, Linalool.<\/div>\n<div class=\"text-en\" style=\"text-align: center; display: none;\">All ingredients: Aqua, Sodium Laureth Sulfate, Cocamidopropyl Betaine, Parfum, Santalum Album Wood Extract (extrakt ze santalov\u00e9ho d\u0159eva), Robinia Pseudoacacia Flower Extract (extrakt z kv\u011bt\u016f ak\u00e1tovn\u00edku), Aesculus Hippocastanum Seed Extract (extrakt ze semen j\u00edrovce ma\u010fala), Glycerin, Lauryl Glucoside, Glyceryl Oleate, PEG-7 Glyceryl Cocoate, Coco-Glucoside, Sodium Olivamphoacetate, Styrene\/Acrylates Copolymer, Sodium Chloride, Tetrasodium Glutamate Diacetate, Citric Acid, Potassium Sorbate, Sodium Benzoate, Benzyl Alcohol, Citronellol, Geraniol, Limonene, Linalool.<\/div>\n<\/p><\/div>\n<\/div>","protected":false},"excerpt":{"rendered":"<p>\ud14c\uc18c\ub9ac\ub3c4\ub9ac\uc5d4\ud14c \ud3ec\ub808\uc2a4\ud2b8 \ub9ac\ucd94\uc5bc \uc0e4\uc6cc \ud06c\ub9bc 500ml Tesoridoriente Forest Ritual Shower Cream 500ml TESORIDORIENTE DOCCIA CREMA FOREST RITUAL 500ml TESORIDORIENTE DOCCIA CREMA FOREST RITUAL 500ml \uc77c\ubcf8 \uc0b0\ub9bc\uc695(\uc2e0\ub9b0\uc694\ucfe0)\uc5d0\uc11c \uc601\uac10\uc744 \ubc1b\uc740 \uc81c\ud488\uc73c\ub85c \ub0b4\uba74\uc758 \uade0\ud615\uc744 \ub418\ucc3e\ub294 \uc2e0\uc120\ud55c \uc232 \uacf5\uae30\uc758 \uc720\uc775\ud55c \ud798\uc744 \uae30\ub150\ud569\ub2c8\ub2e4. Inspired by Japanese forest bathing (Shinrin-yoku), this product celebrates the beneficial power of fresh forest air to [&hellip;]<\/p>","protected":false},"featured_media":21686,"comment_status":"open","ping_status":"closed","template":"","meta":[],"product_cat":[10036,10057],"product_tag":[4697,4693,4696,4695,4447,4698,4699,4401,4694,4700],"class_list":{"0":"post-21685","1":"product","2":"type-product","3":"status-publish","4":"has-post-thumbnail","6":"product_brand-4692","7":"product_cat-10036","8":"product_cat-10057","9":"product_tag-4697","10":"product_tag-4693","11":"product_tag-4696","12":"product_tag-4695","13":"product_tag-4447","14":"product_tag-4698","15":"product_tag-4699","16":"product_tag-4401","17":"product_tag-4694","18":"product_tag-4700","20":"first","21":"instock","22":"shipping-taxable","23":"purchasable","24":"product-type-simple"},"_links":{"self":[{"href":"https:\/\/eurogoodshop.com\/en\/wp-json\/wp\/v2\/product\/21685","targetHints":{"allow":["GET"]}}],"collection":[{"href":"https:\/\/eurogoodshop.com\/en\/wp-json\/wp\/v2\/product"}],"about":[{"href":"https:\/\/eurogoodshop.com\/en\/wp-json\/wp\/v2\/types\/product"}],"replies":[{"embeddable":true,"href":"https:\/\/eurogoodshop.com\/en\/wp-json\/wp\/v2\/comments?post=21685"}],"wp:featuredmedia":[{"embeddable":true,"href":"https:\/\/eurogoodshop.com\/en\/wp-json\/wp\/v2\/media\/21686"}],"wp:attachment":[{"href":"https:\/\/eurogoodshop.com\/en\/wp-json\/wp\/v2\/media?parent=21685"}],"wp:term":[{"taxonomy":"product_cat","embeddable":true,"href":"https:\/\/eurogoodshop.com\/en\/wp-json\/wp\/v2\/product_cat?post=21685"},{"taxonomy":"product_tag","embeddable":true,"href":"https:\/\/eurogoodshop.com\/en\/wp-json\/wp\/v2\/product_tag?post=21685"}],"curies":[{"name":"wp","href":"https:\/\/api.w.org\/{rel}","templated":true}]}}