{"id":22256,"date":"2025-03-16T17:37:08","date_gmt":"2025-03-16T08:37:08","guid":{"rendered":"https:\/\/eurogoodshop.com\/product\/%ed%85%8c%ec%86%8c%eb%a6%ac-%eb%8f%84%eb%a6%ac%ec%97%94%ed%85%8c-%ed%8e%98%eb%a5%b4%ec%8b%9c%ec%95%88-%eb%93%9c%eb%a6%bc-%eb%b0%b0%ec%93%b0%ed%81%ac%eb%a6%bc-%eb%b0%94%eb%94%94%ec%9b%8c%ec%8b%9c-500ml\/"},"modified":"2026-01-06T19:39:47","modified_gmt":"2026-01-06T10:39:47","slug":"%ed%85%8c%ec%86%8c%eb%a6%ac-%eb%8f%84%eb%a6%ac%ec%97%94%ed%85%8c-%ed%8e%98%eb%a5%b4%ec%8b%9c%ec%95%88-%eb%93%9c%eb%a6%bc-%eb%b0%b0%ec%93%b0%ed%81%ac%eb%a6%bc-%eb%b0%94%eb%94%94%ec%9b%8c%ec%8b%9c-500ml","status":"publish","type":"product","link":"https:\/\/eurogoodshop.com\/en\/product\/%ed%85%8c%ec%86%8c%eb%a6%ac-%eb%8f%84%eb%a6%ac%ec%97%94%ed%85%8c-%ed%8e%98%eb%a5%b4%ec%8b%9c%ec%95%88-%eb%93%9c%eb%a6%bc-%eb%b0%b0%ec%93%b0%ed%81%ac%eb%a6%bc-%eb%b0%94%eb%94%94%ec%9b%8c%ec%8b%9c-500ml\/","title":{"rendered":"\ud14c\uc18c\ub9ac \ub3c4\ub9ac\uc5d4\ud14c \ud398\ub974\uc2dc\uc548 \ub4dc\ub9bc \ubc30\uc4f0\ud06c\ub9bc \ubc14\ub514\uc6cc\uc2dc 500ml"},"content":{"rendered":"<div style=\"text-align: center;\">\n    <img decoding=\"async\" src=\"https:\/\/eurogoodshop.com\/wp-content\/uploads\/product-detail-image\/dtl-6705172000-01.jpg\" alt=\"\ud14c\uc18c\ub9ac\ub3c4\ub9ac\uc5d4\ud14c \ud398\ub974\uc2dc\uc548 \ub4dc\ub9bc \ubc30\uc4f0\ud06c\ub9bc \ubc14\ub514\uc6cc\uc2dc\" style=\"display: block; margin: 20px auto;\"><\/p>\n<div style=\"margin-bottom: 30px;\">\n<div class=\"text-ko\" style=\"text-align: center; font-weight: bold; font-size: 1.2em;\">\ud14c\uc18c\ub9ac\ub3c4\ub9ac\uc5d4\ud14c \ud398\ub974\uc2dc\uc548 \ub4dc\ub9bc \ubc30\uc4f0\ud06c\ub9bc \ubc14\ub514\uc6cc\uc2dc 500ml<\/div>\n<div class=\"text-en\" style=\"text-align: center; font-weight: bold; font-size: 1.2em; display: none;\">Tesori Doriente Persian Dream Bath Cream Body Wash 500ml<\/div>\n<\/p><\/div>\n<div style=\"margin-bottom: 30px;\">\n<div class=\"text-ko\" style=\"text-align: center;\">TESORIDORIENTE BAGNO CREMA PERSIAN DREAM 500ml<\/div>\n<div class=\"text-en\" style=\"text-align: center; display: none;\">TESORIDORIENTE BAGNO CREMA PERSIAN DREAM 500ml<\/div>\n<\/p><\/div>\n<div style=\"margin-bottom: 30px;\">\n<div class=\"text-ko\" style=\"text-align: center;\">\ubab8\uacfc \uac10\uac01\uc744 \ud65c\uc131\ud654 \uc2dc\ud0a4\ub294 \uc544\ub85c\ub9c8 \uc0e4\uc6cc \ud06c\ub9bc\uc73c\ub85c \uc544\ub984\ub2e4\uc6c0\uc758 \uc0c1\uc9d5\uc778 \uc11d\ub958\uc758 \ud56d\uc0b0\ud654 \ud6a8\uacfc\uc640 \ud568\uaed8 \ud64d\ucc28\uc758 \ub9ac\ubc38\ub7f0\uc2f1 \ud6a8\uacfc\ub97c \uacb0\ud569\ud569\ub2c8\ub2e4.<\/div>\n<div class=\"text-en\" style=\"text-align: center; display: none;\">An aromatic shower cream that revitalizes the body and senses. It combines the antioxidant effect of pomegranate, a symbol of beauty, with the rebalancing effect of black tea.<\/div>\n<\/p><\/div>\n<div style=\"margin-bottom: 30px;\">\n<div class=\"text-ko\" style=\"text-align: center;\">\ud398\ub974\uc2dc\uc548 \ub4dc\ub9bc \uc0e4\uc6cc \ud06c\ub9bc\uc740 \ud654\uc0ac\ud558\uace0 \ub9e4\ud639\uc801\uc778 \ud5a5\uc744 \uc81c\uacf5\ud569\ub2c8\ub2e4.<\/div>\n<div class=\"text-en\" style=\"text-align: center; display: none;\">Persian Dream Shower Cream provides a bright and captivating scent.<\/div>\n<\/p><\/div>\n<div style=\"margin-bottom: 30px;\">\n<div class=\"text-ko\" style=\"text-align: center;\">\ud14c\uc18c\ub9ac\ub3c4\ub9ac\uc5d4\ud14c \uc0e4\uc6cc\ud06c\ub9bc\uc740 \ud30c\ub77c\ubca4, \ud569\uc131\uc5fc\ub8cc, \ubbf8\ub124\ub784 \uc624\uc77c, \uc2e4\ub9ac\ucf58\uc744 \uc0ac\uc6a9\ud558\uc9c0 \uc54a\uc558\uc2b5\ub2c8\ub2e4.<\/div>\n<div class=\"text-en\" style=\"text-align: center; display: none;\">Tesori Doriente Shower Cream does not use parabens, synthetic dyes, mineral oil, or silicone.<\/div>\n<\/p><\/div>\n<div style=\"margin-bottom: 30px;\">\n<div class=\"text-ko\" style=\"text-align: center; font-weight: bold;\">\ud65c\uc131\uc131\ubd84<\/div>\n<div class=\"text-en\" style=\"text-align: center; font-weight: bold; display: none;\">Active Ingredients<\/div>\n<\/p><\/div>\n<div style=\"margin-bottom: 30px;\">\n<div class=\"text-ko\" style=\"text-align: center;\">\uc11d\ub958-\uace0\ub300 \ud398\ub974\uc2dc\uc544\uc5d0\uc11c \uc0b6\uc758 \uc544\ub984\ub2e4\uc6c0, \ubc88\uc601\uacfc \ub2e4\uc0b0\uc758 \uc0c1\uc9d5\uc73c\ub85c \ud56d\uc0b0\ud654\uc81c\uc640 \ube44\ud0c0\ubbfc \uc131\ubd84\uc774 \ud48d\ubd80\ud569\ub2c8\ub2e4. \ub2ec\ucf64\ud55c \ud5a5\uae30\ub85c \uac10\uac01\uacfc \uc601\ud63c\uc744 \uac10\uc2f8\ub294 \uc6f0\ube59, \ud3c9\uc628\uc758 \ub290\ub08c\uc744 \ub290\ub084\uc218 \uc788\uc2b5\ub2c8\ub2e4.<\/div>\n<div class=\"text-en\" style=\"text-align: center; display: none;\">*Pomegranate &#8211; A symbol of beauty, prosperity and fertility in ancient Persia, it is rich in antioxidants and vitamins. The sweet scent envelops your senses and soul, creating a feeling of well-being and tranquility.<\/div>\n<\/p><\/div>\n<div style=\"margin-bottom: 30px;\">\n<div class=\"text-ko\" style=\"text-align: center;\">\ud64d\ucc28-\ud398\ub974\uc2dc\uc544\ub294 \ucc9c\ub144\uc758 \ucc28 \uc7ac\ubc30\uc5ed\uc0ac\uac00 \uc788\uc2b5\ub2c8\ub2e4. \ud64d\ucc28 \uc99d\uae30\ub294 \uadf8 \uac15\ub82c\ud55c \ud5a5\uae30\ub97c \uacf5\uae30\uc911\uc73c\ub85c \ud655\uc0b0\uc2dc\ucf1c \uc6f0\ube59\ud55c \ub290\ub08c\uc744 \uace0\ucde8\ud558\uace0 \ubab8\uacfc \uc815\uc2e0\uc744 \uc7ac\uc870\uc815\ud569\ub2c8\ub2e4.<\/div>\n<div class=\"text-en\" style=\"text-align: center; display: none;\">**Black Tea-Persia has a thousand-year history of tea cultivation. Black tea vapor diffuses its powerful aroma into the air, inspiring a sense of well-being and rebalancing the body and mind.<\/div>\n<\/p><\/div>\n<div style=\"margin-bottom: 30px;\">\n<div class=\"text-ko\" style=\"text-align: center;\">-\uc570\ubc84\ud5a5<\/div>\n<div class=\"text-en\" style=\"text-align: center; display: none;\">-Amber scent<\/div>\n<\/p><\/div>\n<div style=\"margin-bottom: 30px;\">\n<div class=\"text-ko\" style=\"text-align: center;\">-\ud53c\ubd80 \uc21c\ud55c \uc9c0\uc6d0<\/div>\n<div class=\"text-en\" style=\"text-align: center; display: none;\">-Skin gentle support<\/div>\n<\/p><\/div>\n<div style=\"margin-bottom: 30px;\">\n<div class=\"text-ko\" style=\"text-align: center;\">-\ud56d\uc0b0\ud654 \ubc0f \ud65c\uc131\ud654 \ud6a8\uacfc<\/div>\n<div class=\"text-en\" style=\"text-align: center; display: none;\">&#8211; Antioxidant and activating effect<\/div>\n<\/p><\/div>\n<div style=\"margin-bottom: 30px;\">\n<div class=\"text-ko\" style=\"text-align: center;\">-\uc11d\ub958 \ucd94\ucd9c\ubb3c\uacfc \ub8e8\uc774\ubcf4\uc2a4 \ud64d\ucc28 \uc131\ubd84 \ud568\uc720<\/div>\n<div class=\"text-en\" style=\"text-align: center; display: none;\">&#8211; Contains pomegranate extract and rooibos black tea ingredients<\/div>\n<\/p><\/div>\n<div style=\"margin-bottom: 30px;\">\n<div class=\"text-ko\" style=\"text-align: center;\">-\ud30c\ub77c\ubca4, \ud569\uc131\uc5fc\ub8cc, \ubbf8\ub124\ub784 \uc624\uc77c, \uc2e4\ub9ac\ucf58\uc774 \ud3ec\ud568\ub418\uc5b4 \uc788\uc9c0 \uc54a\uc2b5\ub2c8\ub2e4.<\/div>\n<div class=\"text-en\" style=\"text-align: center; display: none;\">-Does not contain parabens, synthetic dyes, mineral oil, or silicone.<\/div>\n<\/p><\/div>\n<div style=\"margin-bottom: 30px;\">\n<div class=\"text-ko\" style=\"text-align: center;\">-\ud53c\ubd80\uacfc \ud14c\uc2a4\ud2b8 \uc644\ub8cc<\/div>\n<div class=\"text-en\" style=\"text-align: center; display: none;\">&#8211; Dermatologically tested<\/div>\n<\/p><\/div>\n<div style=\"margin-bottom: 30px;\">\n<div class=\"text-ko\" style=\"text-align: center;\">\uc804\uc131\ubd84: Aqua, Sodium Laureth Sulfate, Parfum, Cocamidopropyl Betaine, Punica Granatum Fruit Juice (\u0161\u0165\u00e1va z plod\u016f gran\u00e1tov\u00e9ho jablka), Aspalathus Linearis Leaf Extract (extrakt z list\u016f \u010dajovce kapsk\u00e9ho), Sodium Olivamphoacetate, Lauryl Glucoside, Coco-Glucoside, Glycerin, Glyceryl Oleate, PEG-7 Glyceryl Cocoate, Styrene\/Acrylates Copolymer, PEG-40 Hydrogenated Castor Oil, Trideceth-9, Tocopherol, Sodium Chloride, Tetrasodium Glutamate Diacetate, Citric Acid, Ethylhexylglycerin, Phenoxyethanol, Potassium Sorbate, Sodium Benzoate, Benzyl Alcohol, Limonene.<\/div>\n<div class=\"text-en\" style=\"text-align: center; display: none;\">All ingredients: Aqua, Sodium Laureth Sulfate, Parfum, Cocamidopropyl Betaine, Punica Granatum Fruit Juice (\u0161\u0165\u00e1va z plod\u016f gran\u00e1tov\u00e9ho jablka), Aspalathus Linearis Leaf Extract (extrakt z list\u016f \u010dajovce kapsk\u00e9ho), Sodium Olivamphoacetate, Lauryl Glucoside, Coco-Glucoside, Glycerin, Glyceryl Oleate, PEG-7 Glyceryl Cocoate, Styrene\/Acrylates Copolymer, PEG-40 Hydrogenated Castor Oil, Trideceth-9, Tocopherol, Sodium Chloride, Tetrasodium Glutamate Diacetate, Citric Acid, Ethylhexylglycerin, Phenoxyethanol, Potassium Sorbate, Sodium Benzoate, Benzyl Alcohol, Limonene.<\/div>\n<\/p><\/div>\n<\/div>","protected":false},"excerpt":{"rendered":"<p>\ud14c\uc18c\ub9ac\ub3c4\ub9ac\uc5d4\ud14c \ud398\ub974\uc2dc\uc548 \ub4dc\ub9bc \ubc30\uc4f0\ud06c\ub9bc \ubc14\ub514\uc6cc\uc2dc 500ml Tesori Doriente Persian Dream Bath Cream Body Wash 500ml TESORIDORIENTE BAGNO CREMA PERSIAN DREAM 500ml TESORIDORIENTE BAGNO CREMA PERSIAN DREAM 500ml \ubab8\uacfc \uac10\uac01\uc744 \ud65c\uc131\ud654 \uc2dc\ud0a4\ub294 \uc544\ub85c\ub9c8 \uc0e4\uc6cc \ud06c\ub9bc\uc73c\ub85c \uc544\ub984\ub2e4\uc6c0\uc758 \uc0c1\uc9d5\uc778 \uc11d\ub958\uc758 \ud56d\uc0b0\ud654 \ud6a8\uacfc\uc640 \ud568\uaed8 \ud64d\ucc28\uc758 \ub9ac\ubc38\ub7f0\uc2f1 \ud6a8\uacfc\ub97c \uacb0\ud569\ud569\ub2c8\ub2e4. An aromatic shower cream that revitalizes the body and senses. It [&hellip;]<\/p>","protected":false},"featured_media":22257,"comment_status":"open","ping_status":"closed","template":"","meta":[],"product_cat":[10036,10057],"product_tag":[4905,4695,4908,6446,4563,4910,4699,6180,6569,6179],"class_list":{"0":"post-22256","1":"product","2":"type-product","3":"status-publish","4":"has-post-thumbnail","6":"product_brand-4692","7":"product_cat-10036","8":"product_cat-10057","9":"product_tag-4905","10":"product_tag-4695","11":"product_tag-4908","12":"product_tag-6446","13":"product_tag-4563","14":"product_tag-4910","15":"product_tag-4699","16":"product_tag-6180","17":"product_tag-6569","18":"product_tag-6179","20":"first","21":"instock","22":"shipping-taxable","23":"purchasable","24":"product-type-simple"},"_links":{"self":[{"href":"https:\/\/eurogoodshop.com\/en\/wp-json\/wp\/v2\/product\/22256","targetHints":{"allow":["GET"]}}],"collection":[{"href":"https:\/\/eurogoodshop.com\/en\/wp-json\/wp\/v2\/product"}],"about":[{"href":"https:\/\/eurogoodshop.com\/en\/wp-json\/wp\/v2\/types\/product"}],"replies":[{"embeddable":true,"href":"https:\/\/eurogoodshop.com\/en\/wp-json\/wp\/v2\/comments?post=22256"}],"wp:featuredmedia":[{"embeddable":true,"href":"https:\/\/eurogoodshop.com\/en\/wp-json\/wp\/v2\/media\/22257"}],"wp:attachment":[{"href":"https:\/\/eurogoodshop.com\/en\/wp-json\/wp\/v2\/media?parent=22256"}],"wp:term":[{"taxonomy":"product_cat","embeddable":true,"href":"https:\/\/eurogoodshop.com\/en\/wp-json\/wp\/v2\/product_cat?post=22256"},{"taxonomy":"product_tag","embeddable":true,"href":"https:\/\/eurogoodshop.com\/en\/wp-json\/wp\/v2\/product_tag?post=22256"}],"curies":[{"name":"wp","href":"https:\/\/api.w.org\/{rel}","templated":true}]}}