{"id":22268,"date":"2025-03-16T17:37:54","date_gmt":"2025-03-16T08:37:54","guid":{"rendered":"https:\/\/eurogoodshop.com\/product\/%ed%85%8c%ec%86%8c%eb%a6%ac-%eb%8f%84%eb%a6%ac%ec%97%94%ed%85%8c-%ec%95%94%eb%9d%bc%ec%98%a4%ec%9d%bc-%ec%b0%b8%ea%b8%b0%eb%a6%84-%ec%83%a4%ec%9b%8c-%ec%98%a4%ec%9d%bc-250ml-6705118890\/"},"modified":"2026-01-06T19:40:41","modified_gmt":"2026-01-06T10:40:41","slug":"%ed%85%8c%ec%86%8c%eb%a6%ac-%eb%8f%84%eb%a6%ac%ec%97%94%ed%85%8c-%ec%95%94%eb%9d%bc%ec%98%a4%ec%9d%bc-%ec%b0%b8%ea%b8%b0%eb%a6%84-%ec%83%a4%ec%9b%8c-%ec%98%a4%ec%9d%bc-250ml-6705118890","status":"publish","type":"product","link":"https:\/\/eurogoodshop.com\/en\/product\/%ed%85%8c%ec%86%8c%eb%a6%ac-%eb%8f%84%eb%a6%ac%ec%97%94%ed%85%8c-%ec%95%94%eb%9d%bc%ec%98%a4%ec%9d%bc-%ec%b0%b8%ea%b8%b0%eb%a6%84-%ec%83%a4%ec%9b%8c-%ec%98%a4%ec%9d%bc-250ml-6705118890\/","title":{"rendered":"\ud14c\uc18c\ub9ac \ub3c4\ub9ac\uc5d4\ud14c \uc554\ub77c\uc624\uc77c \ucc38\uae30\ub984 \uc0e4\uc6cc \uc624\uc77c 250ml"},"content":{"rendered":"<div style=\"text-align: center;\">\n    <img decoding=\"async\" src=\"https:\/\/eurogoodshop.com\/wp-content\/uploads\/product-detail-image\/dtl-6705118890-01.jpg\" alt=\"\ud14c\uc18c\ub9ac\ub3c4\ub9ac\uc5d4\ud14c \uc554\ub77c\uc624\uc77c \ucc38\uae30\ub984 \uc0e4\uc6cc \uc624\uc77c 250ml\" style=\"display: block; margin: 20px auto;\"><\/p>\n<div style=\"margin-bottom: 20px;\">\n<div class=\"text-ko\" style=\"text-align: center; font-size: 1.2em; font-weight: bold;\">\ud14c\uc18c\ub9ac\ub3c4\ub9ac\uc5d4\ud14c \uc554\ub77c\uc624\uc77c \ucc38\uae30\ub984 \uc0e4\uc6cc \uc624\uc77c 250ml<\/div>\n<div class=\"text-en\" style=\"text-align: center; font-size: 1.2em; font-weight: bold; display: none;\">Tesori Doriente Amla Oil Sesame Oil Shower Oil 250ml<\/div>\n<\/p><\/div>\n<div style=\"margin-bottom: 20px;\">\n<div class=\"text-ko\" style=\"text-align: center;\">TESORIDORIENTE OLIO DOCCIA OLI DI AMLA &#038; SESAMO 250ml<\/div>\n<div class=\"text-en\" style=\"text-align: center; display: none;\">TESORIDORIENTE OLIO DOCCIA OLI DI AMLA &#038; SESAMO 250ml<\/div>\n<\/p><\/div>\n<div style=\"margin-bottom: 20px;\">\n<div class=\"text-ko\" style=\"text-align: center;\">*\uc554\ub77c\uc624\uc77c\uacfc **\ucc38\uae30\ub984 \uc131\ubd84\uc774 \ud568\uc720\ub41c \uc0e4\uc6cc \uc624\uc77c\ub85c \ubb3c\uacfc \ub2ff\uc73c\uba74 \ud48d\ubd80\ud55c \uc2e4\ud06c\uac19\uc740 \uac70\ud488\uc774 \uc0dd\uc131\ub418\uc5b4 \uc9c4\uc815\ud55c \ud734\uc2dd\uc758 \ub290\ub08c\uc744 \uc90d\ub2c8\ub2e4. \ud76c\uadc0 \uc624\uc77c\uc758 \ud63c\ud569\ubb3c\uc774 \ud53c\ubd80\ub97c \ubd80\ub4dc\ub7fd\uace0 \uc12c\uc138\ud558\uac8c \ud074\ub80c\uc9d5\ud558\uace0 \uc601\uc591\uc744 \uacf5\uae09\ud558\uba70 \ud53c\ubd80\ub97c \uc2e4\ud06c\ucc98\ub7fc \uc724\uae30 \uc788\uace0 \ucd09\ucd09\ud558\uace0 \ubd80\ub4dc\ub7fd\uac8c \uc720\uc9c0\ud569\ub2c8\ub2e4.<\/div>\n<div class=\"text-en\" style=\"text-align: center; display: none;\">This shower oil contains *amla oil and **sesame oil. When it comes in contact with water, it creates a rich silky foam, giving you a feeling of true relaxation. A blend of rare oils gently and delicately cleanses and nourishes the skin, leaving it silky shiny, hydrated and soft.<\/div>\n<\/p><\/div>\n<div style=\"margin-bottom: 20px;\">\n<div class=\"text-ko\" style=\"text-align: center;\">*\uc554\ub77c\uc624\uc77c-\ube44\ud0c0\ubbfc\uacfc \ubbf8\ub124\ub784\uc774 \ud48d\ubd80\ud558\uba70 \ud56d\uc0b0\ud654 \ubc0f \ud53c\ubd80 \ud65c\ub825\uc744 \uc81c\uacf5\ud569\ub2c8\ub2e4.<\/div>\n<div class=\"text-en\" style=\"text-align: center; display: none;\">*Amla oil-Rich in vitamins and minerals and provides antioxidant and skin vitality.<\/div>\n<\/p><\/div>\n<div style=\"margin-bottom: 20px;\">\n<div class=\"text-ko\" style=\"text-align: center;\">**\ucc38\uae30\ub984-\ubaa8\ubc1c, \ud53c\ubd80 \uac74\uac15\uc5d0 \ud0c1\uc6d4\ud55c \ud65c\uc131\ud654 \ud6a8\uacfc\uac00 \uc788\uc2b5\ub2c8\ub2e4.<\/div>\n<div class=\"text-en\" style=\"text-align: center; display: none;\">**Sesame oil-has an excellent activating effect on hair and skin health.<\/div>\n<\/p><\/div>\n<div style=\"margin-bottom: 20px;\">\n<div class=\"text-ko\" style=\"text-align: center;\">-\ud76c\uadc0 \uc544\uc720\ub974\ubca0\ub2e4 \uc624\uc77c \uc131\ubd84 \ud568\uc720<\/div>\n<div class=\"text-en\" style=\"text-align: center; display: none;\">&#8211; Contains rare Ayurvedic oil ingredients<\/div>\n<\/p><\/div>\n<div style=\"margin-bottom: 20px;\">\n<div class=\"text-ko\" style=\"text-align: center;\">-\ud48d\ubd80\ud55c \uac70\ud488<\/div>\n<div class=\"text-en\" style=\"text-align: center; display: none;\">&#8211; Abundant foam<\/div>\n<\/p><\/div>\n<div style=\"margin-bottom: 20px;\">\n<div class=\"text-ko\" style=\"text-align: center;\">-\uc9c4\uc815\ud55c \ud734\uc2dd\uc758 \ub290\ub08c\uc744 \ubd88\ub7ec\uc77c\uc73c\ud0b5\ub2c8\ub2e4.<\/div>\n<div class=\"text-en\" style=\"text-align: center; display: none;\">-Evokes a feeling of true relaxation.<\/div>\n<\/p><\/div>\n<div style=\"margin-bottom: 20px;\">\n<div class=\"text-ko\" style=\"text-align: center;\">-\ubab8\uc758 \ud53c\ubd80\ub97c \ubd80\ub4dc\ub7fd\uac8c \ud074\ub80c\uc9d5\ud558\uace0 \uc601\uc591\uc744 \uacf5\uae09\ud558\uba70 \uc218\ubd84\uc744 \uacf5\uae09\ud569\ub2c8\ub2e4.<\/div>\n<div class=\"text-en\" style=\"text-align: center; display: none;\">&#8211; Gently cleanses, nourishes and hydrates the skin of the body.<\/div>\n<\/p><\/div>\n<div style=\"margin-bottom: 20px;\">\n<div class=\"text-ko\" style=\"text-align: center;\">-\ud53c\ubd80\uacfc \ud14c\uc2a4\ud2b8 \uc644\ub8cc<\/div>\n<div class=\"text-en\" style=\"text-align: center; display: none;\">&#8211; Dermatologically tested<\/div>\n<\/p><\/div>\n<div style=\"margin-bottom: 20px;\">\n<div class=\"text-ko\" style=\"text-align: center;\">\uc804\uc131\ubd84:Aqua, Sodium Laureth Sulfate, PEG-7 Glyceryl Cocoate, Cocamidopropyl Betaine, Sodium Chloride, Parfum, Glycerin, olej ze semen Brassica Campestris (olej z \u0159epkov\u00fdch semen a semen Tungovn\u00edku \u010d\u00ednsk\u00e9ho), extrakt z ovoce Embliky l\u00e9ka\u0159sk\u00e9, olej ze semen sezamu indick\u00e9ho, Coco-Glucoside, Glyceryl Oleate, PEG-6 Caprylic\/Capric Glycerides, PEG-200 Hydrogenated Glyceryl Palmate, Citric Acid, Tetrasodium Glutamate Diacetate, Phenoxyethanol, Sodium Benzoate, Benzyl Salicylate, Butylphenyl Methylpropional, Citronellol, Limonene, Linalool, Caramel.<\/div>\n<div class=\"text-en\" style=\"text-align: center; display: none;\">All ingredients: Aqua, Sodium Laureth Sulfate, PEG-7 Glyceryl Cocoate, Cocamidopropyl Betaine, Sodium Chloride, Parfum, Glycerin, olej ze semen Brassica Campestris (olej z \u0159epkov\u00fdch semen a semen Tungovn\u00edku \u010d\u00ednsk\u00e9ho), extrakt z ovoce Embliky l\u00e9ka\u0159sk\u00e9, olej ze semen sezamu indick\u00e9ho, Coco-Glucoside, Glyceryl Oleate, PEG-6 Caprylic\/Capric Glycerides, PEG-200 Hydrogenated Glyceryl Palmate, Citric Acid, Tetrasodium Glutamate Diacetate, Phenoxyethanol, Sodium Benzoate, Benzyl Salicylate, Butylphenyl Methylpropional, Citronellol, Limonene, Linalool, Caramel.<\/div>\n<\/p><\/div>\n<\/div>","protected":false},"excerpt":{"rendered":"<p>\ud14c\uc18c\ub9ac\ub3c4\ub9ac\uc5d4\ud14c \uc554\ub77c\uc624\uc77c \ucc38\uae30\ub984 \uc0e4\uc6cc \uc624\uc77c 250ml Tesori Doriente Amla Oil Sesame Oil Shower Oil 250ml TESORIDORIENTE OLIO DOCCIA OLI DI AMLA &#038; SESAMO 250ml TESORIDORIENTE OLIO DOCCIA OLI DI AMLA &#038; SESAMO 250ml *\uc554\ub77c\uc624\uc77c\uacfc **\ucc38\uae30\ub984 \uc131\ubd84\uc774 \ud568\uc720\ub41c \uc0e4\uc6cc \uc624\uc77c\ub85c \ubb3c\uacfc \ub2ff\uc73c\uba74 \ud48d\ubd80\ud55c \uc2e4\ud06c\uac19\uc740 \uac70\ud488\uc774 \uc0dd\uc131\ub418\uc5b4 \uc9c4\uc815\ud55c \ud734\uc2dd\uc758 \ub290\ub08c\uc744 \uc90d\ub2c8\ub2e4. \ud76c\uadc0 \uc624\uc77c\uc758 \ud63c\ud569\ubb3c\uc774 \ud53c\ubd80\ub97c \ubd80\ub4dc\ub7fd\uace0 \uc12c\uc138\ud558\uac8c [&hellip;]<\/p>","protected":false},"featured_media":22269,"comment_status":"open","ping_status":"closed","template":"","meta":[],"product_cat":[10036,10057],"product_tag":[4905,4908,4402,6176,4526,5324,4529,6441,6019,4700],"class_list":{"0":"post-22268","1":"product","2":"type-product","3":"status-publish","4":"has-post-thumbnail","6":"product_brand-4692","7":"product_cat-10036","8":"product_cat-10057","9":"product_tag-4905","10":"product_tag-4908","11":"product_tag-4402","12":"product_tag-6176","13":"product_tag-4526","14":"product_tag-5324","15":"product_tag-4529","16":"product_tag-6441","17":"product_tag-6019","18":"product_tag-4700","20":"first","21":"instock","22":"shipping-taxable","23":"purchasable","24":"product-type-simple"},"_links":{"self":[{"href":"https:\/\/eurogoodshop.com\/en\/wp-json\/wp\/v2\/product\/22268","targetHints":{"allow":["GET"]}}],"collection":[{"href":"https:\/\/eurogoodshop.com\/en\/wp-json\/wp\/v2\/product"}],"about":[{"href":"https:\/\/eurogoodshop.com\/en\/wp-json\/wp\/v2\/types\/product"}],"replies":[{"embeddable":true,"href":"https:\/\/eurogoodshop.com\/en\/wp-json\/wp\/v2\/comments?post=22268"}],"wp:featuredmedia":[{"embeddable":true,"href":"https:\/\/eurogoodshop.com\/en\/wp-json\/wp\/v2\/media\/22269"}],"wp:attachment":[{"href":"https:\/\/eurogoodshop.com\/en\/wp-json\/wp\/v2\/media?parent=22268"}],"wp:term":[{"taxonomy":"product_cat","embeddable":true,"href":"https:\/\/eurogoodshop.com\/en\/wp-json\/wp\/v2\/product_cat?post=22268"},{"taxonomy":"product_tag","embeddable":true,"href":"https:\/\/eurogoodshop.com\/en\/wp-json\/wp\/v2\/product_tag?post=22268"}],"curies":[{"name":"wp","href":"https:\/\/api.w.org\/{rel}","templated":true}]}}