{"id":22843,"date":"2025-03-16T18:06:31","date_gmt":"2025-03-16T09:06:31","guid":{"rendered":"https:\/\/eurogoodshop.com\/product\/%ec%b2%b4%ec%bd%94-%ed%95%98%eb%b8%94%eb%a6%ac%ed%81%ac-%ec%95%84%ed%8f%ac%ed%85%8c%ec%b9%b4-%ec%9c%a0%ea%b8%b0%eb%86%8d-%ec%96%91%ed%8c%8c-%ec%bd%a9-%ed%97%a4%ec%96%b4%ed%81%ac%eb%a6%bc-30ml-61046207\/"},"modified":"2026-01-06T22:57:19","modified_gmt":"2026-01-06T13:57:19","slug":"%ec%b2%b4%ec%bd%94-%ed%95%98%eb%b8%94%eb%a6%ac%ed%81%ac-%ec%95%84%ed%8f%ac%ed%85%8c%ec%b9%b4-%ec%9c%a0%ea%b8%b0%eb%86%8d-%ec%96%91%ed%8c%8c-%ec%bd%a9-%ed%97%a4%ec%96%b4%ed%81%ac%eb%a6%bc-30ml-61046207","status":"publish","type":"product","link":"https:\/\/eurogoodshop.com\/en\/product\/%ec%b2%b4%ec%bd%94-%ed%95%98%eb%b8%94%eb%a6%ac%ed%81%ac-%ec%95%84%ed%8f%ac%ed%85%8c%ec%b9%b4-%ec%9c%a0%ea%b8%b0%eb%86%8d-%ec%96%91%ed%8c%8c-%ec%bd%a9-%ed%97%a4%ec%96%b4%ed%81%ac%eb%a6%bc-30ml-61046207\/","title":{"rendered":"\uccb4\ucf54 \ud558\ube14\ub9ac\ud06c \uc544\ud3ec\ud14c\uce74 \uc720\uae30\ub18d \uc591\ud30c \ucf69 \ud5e4\uc5b4\ud06c\ub9bc 30ml"},"content":{"rendered":"<div style=\"text-align: center;\">\n<div style=\"margin-bottom: 20px;\">\n<div class=\"text-ko\" style=\"text-align: center;\">\ub9e4\uc7a5\uc5d0\uc11c \ud310\ub9e4\uc911\uc778 \uc815\uc0c1 \uc81c\ud488\uc73c\ub85c, \uc18c\ub7c9\uc758 \uc81c\ud488\uc744 \uc774\ubca4\ud2b8 \ud560\uc778\ud558\uc5ec \ud310\ub9e4\ud569\ub2c8\ub2e4.<\/div>\n<div class=\"text-en\" style=\"text-align: center; display: none;\">This is a regular product sold in the store, and a small quantity of the product is sold at an event discount.<\/div>\n<\/p><\/div>\n<div style=\"margin-bottom: 20px;\">\n<div class=\"text-ko\" style=\"text-align: center;\">\ud3c9\uc18c\uc5d0 \ud574\ub2f9 \ube0c\ub79c\ub4dc\uc5d0 \uad00\uc2ec\uc774 \uc788\uc5c8\ub358 \ubd84\ub4e4\uc740, \uc774\ubc88 \uae30\ud68c\ub97c \ud1b5\ud574 \ud574\ub2f9 \ube0c\ub79c\ub4dc\uc758 \uc81c\ud488\uc744 \ub9cc\ub098\ubcf4\uc138\uc694!<\/div>\n<div class=\"text-en\" style=\"text-align: center; display: none;\">If you have always been interested in the brand, take this opportunity to meet the brand\u2019s products!<\/div>\n<\/p><\/div>\n<p>    <img decoding=\"async\" src=\"https:\/\/eurogoodshop.com\/wp-content\/uploads\/product-detail-image\/dtl-6104620720-01.jpg\" alt=\"\uc81c\ud488 \uc774\ubbf8\uc9c0\" style=\"display: block; margin: 20px auto;\"><\/p>\n<div style=\"margin-bottom: 20px;\">\n<div class=\"text-ko\" style=\"text-align: center;\">Cibulovo fazolov\u00fd vlasov\u00fd kr\u00e9m &#8211; 30 ml<\/div>\n<div class=\"text-en\" style=\"text-align: center; display: none;\">Cibulovo fazolov\u00fd vlasov\u00fd kr\u00e9m &#8211; 30 ml<\/div>\n<\/p><\/div>\n<div style=\"margin-bottom: 20px;\">\n<div class=\"text-ko\" style=\"text-align: center;\">\uc720\uae30\ub18d \uc591\ud30c \ucf69 \ud5e4\uc5b4\ud06c\ub9bc 30ml<\/div>\n<div class=\"text-en\" style=\"text-align: center; display: none;\">Organic Onion Soybean Hair Cream 30ml<\/div>\n<\/p><\/div>\n<div style=\"margin-bottom: 20px;\">\n<div class=\"text-ko\" style=\"text-align: center;\">\uc190\uc0c1\ub41c \ubaa8\ubc1c\uc758 \ub370\uc77c\ub9ac \ucf00\uc5b4\uc6a9 \ud06c\ub9bc. \uac15\ud558\uace0 \uc724\uae30 \uc788\uace0 \ub2e8\ub2e8\ud55c \uba38\ub9ac\uce74\ub77d. \uc591\ud30c \ucd94\ucd9c\ubb3c, \ucf69, \ud65c\uc131 \uc131\ubd84 INCA INCHI\u00ae \ubc0f \ub85c\uc5f4 \uc824\ub9ac\uac00 \ud568\uc720\ub418\uc5b4 \uc788\uc2b5\ub2c8\ub2e4.<\/div>\n<div class=\"text-en\" style=\"text-align: center; display: none;\">Cream for daily care of damaged hair. Strong, shiny and strong hair. Contains onion extract, soybean, active ingredients INCA INCHI\u00ae and royal jelly.<\/div>\n<\/p><\/div>\n<div style=\"margin-bottom: 20px;\">\n<div class=\"text-ko\" style=\"text-align: center;\">\uafb8\uc900\ud788 \uc0ac\uc6a9\ud558\uba74 \uacfc\ub3c4\ud55c \ud0c8\ubaa8\ub098 \ub04a\uc5b4\uc9d0\uc744 \ubc29\uc9c0\ud558\uace0 \uc0c8\ub85c\uc6b4 \ubc1c\ubaa8\ub97c \uc801\uadf9\uc801\uc73c\ub85c \ucd09\uc9c4\ud558\ub294 \ud5e4\uc5b4 \ud06c\ub9bc\uc785\ub2c8\ub2e4.<\/div>\n<div class=\"text-en\" style=\"text-align: center; display: none;\">This hair cream prevents excessive hair loss or breakage and actively promotes new hair growth when used consistently.<\/div>\n<\/p><\/div>\n<div style=\"margin-bottom: 20px;\">\n<div class=\"text-ko\" style=\"text-align: center;\">\ub2f9\uc2e0\uc758 \uba38\ub9ac\uce74\ub77d\uc774 \uc9c4\uc815\ud55c \uc544\ub984\ub2e4\uc6c0\uc758 \uc655\uad00\uc774\ub4e0, \ud5e4\uc5b4 \ud06c\ub9bc\uacfc \ud5e4\uc5b4 \ub9ac\ud398\uc5b4\ub9e8 \ub77c\uc778\uc758 \ub2e4\ub978 \uc81c\ud488\uc744 \uacb0\ud569\ud558\ub294 \uac83\uc774 \uc88b\uc2b5\ub2c8\ub2e4. \ud65c\uc131 \uc131\ubd84\uc740 \uc11c\ub85c\ub97c \uc644\ubcbd\ud558\uac8c \ubcf4\uc644\ud558\ubbc0\ub85c \ucd5c\ub300\uc758 \ud6a8\uacfc\ub97c \ub098\ud0c0\ub0c5\ub2c8\ub2e4.<\/div>\n<div class=\"text-en\" style=\"text-align: center; display: none;\">Whether your hair is a true crown of beauty, it is recommended to combine hair cream with other products from the Hair Repairman line. The active ingredients perfectly complement each other to achieve maximum effectiveness.<\/div>\n<\/p><\/div>\n<div style=\"margin-bottom: 20px;\">\n<div class=\"text-ko\" style=\"text-align: center; font-weight: bold;\">\ud65c\uc131 \uc131\ubd84<\/div>\n<div class=\"text-en\" style=\"text-align: center; font-weight: bold; display: none;\">Active Ingredients<\/div>\n<\/p><\/div>\n<div style=\"margin-bottom: 20px;\">\n<div class=\"text-ko\" style=\"text-align: center;\">KARKADE \ud788\ube44\uc2a4\ucee4\uc2a4 \uaf43 \ucd94\ucd9c\ubb3c\uc740 \uc0b0\uacfc \ub2e4\ub2f9\ub958\uac00 \ub9e4\uc6b0 \ud48d\ubd80\ud569\ub2c8\ub2e4. \uc774 \uc720\uae30\uc0b0\uc740 \ub450\ud53c\u3139\uc7ac\uc0dd\uc744 \ud65c\uc131\ud654\ud558\uace0 \uc218\ubd84\uc744 \uac1c\uc120\ud558\uba70 \ub450\ud53c \uc804\uccb4\uc758 \uc601\uc591\uc5d0 \uae30\uc5ec\ud569\ub2c8\ub2e4. \uc774 \uc0b0\uc740 \ub610\ud55c \uae30\ub984\uc9c4 \ubaa8\ubc1c\uc758 \ubaa8\uc591\uc744 \uc904\uc774\ub294 \ub370 \ub3c4\uc6c0\uc774 \ub429\ub2c8\ub2e4. \ud788\ube44\uc2a4\ucee4\uc2a4\uc758 \ud6a8\uacfc \ub355\ubd84\uc5d0 \uba38\ub9ac\uce74\ub77d\uc774 \ub354 \ud0c4\ub825 \uc788\uace0 \uc62c\ubc14\ub978 \uad6c\uc870\uc640 \ubd80\ub4dc\ub7ec\uc6b4 \ubaa8\uc591\uc774 \uc788\uc2b5\ub2c8\ub2e4.<\/div>\n<div class=\"text-en\" style=\"text-align: center; display: none;\">KARKADE Hibiscus flower extract is very rich in acids and polysaccharides. This organic acid activates scalp regeneration, improves moisture, and contributes to the nutrition of the entire scalp. This acid also helps reduce the appearance of oily hair. Thanks to the effect of hibiscus, the hair becomes more elastic, has the correct structure and soft shape.<\/div>\n<\/p><\/div>\n<div style=\"margin-bottom: 20px;\">\n<div class=\"text-ko\" style=\"text-align: center;\">\ubcc4\ud45c\ub97c \ub2ee\uc740 Plukenetia Volubilis \uc2dd\ubb3c\uc758 \uc5f4\ub9e4\uc5d0\uc11c \ucd94\ucd9c\ud55c INCA INCHI\u00ae \uc624\uc77c. \uc624\uba54\uac00 3 \uc9c0\ubc29\uc0b0\uc774 \uac00\uc7a5 \ud48d\ubd80\ud55c \uc624\uc77c \uc911 \ud558\ub098\uc785\ub2c8\ub2e4. \ud544\uc218 \uc9c0\ubc29\uc0b0\uc758 \ucd1d \ud568\ub7c9\uc740 95%\uc785\ub2c8\ub2e4. \uadf8 \uad6c\uc131\uc73c\ub85c \uc778\ud574 \ubaa8\ubc1c \ubc0f \ubaa8\ubc1c \uad00\ub9ac\uc5d0 \ub110\ub9ac \uc0ac\uc6a9\ub429\ub2c8\ub2e4. \ubaa8\ubc1c\uc740 \ub354 \ubd80\ub4dc\ub7fd\uace0 \ub9cc\uc84c\uc744 \ub54c \ub354 \ubd80\ub4dc\ub7fd\uace0 \ub354 \ube5b\ub098\uace0 \ub0b4\uad6c\uc131\uc774 \ub6f0\uc5b4\ub0a9\ub2c8\ub2e4. \ubaa8\ubc1c\uc744 \uce58\uc720\ud558\uace0 \ubd88\ud3c9\ub4f1\uacfc \ubd88\uc644\uc804\uc131\uc744 \uc904\uc774\ub294 \uac83\uc73c\ub85c \uc785\uc99d\ub418\uc5c8\uc2b5\ub2c8\ub2e4. \uac15\ub825\ud55c \uc7ac\uc0dd \ud6a8\uacfc\uac00 \uc788\uc2b5\ub2c8\ub2e4.<\/div>\n<div class=\"text-en\" style=\"text-align: center; display: none;\">INCA INCHI\u00ae oil extracted from the fruit of the Plukenetia Volubilis plant, which resembles an asterisk. It is one of the oils richest in omega-3 fatty acids. The total content of essential fatty acids is 95%. Due to its composition, it is widely used in hair and hair care. Hair becomes softer, softer to the touch, shinier and more durable. Proven to heal hair and reduce inequalities and imperfections. It has a strong regenerative effect.<\/div>\n<\/p><\/div>\n<div style=\"margin-bottom: 20px;\">\n<div class=\"text-ko\" style=\"text-align: center;\">\ub098\uc774\ud2b8 \ud788\uc544\uc2e0\uc2a4 \uc5d0\uc13c\uc15c \uc624\uc77c \uc740 \ubc24 \ud788\uc544\uc2e0\uc2a4 \uaf43\uc5d0\uc11c \uc99d\uae30 \uc99d\ub958\ud558\uc5ec \uc5bb\uc2b5\ub2c8\ub2e4. \uc774 \uc624\uc77c\uc758 \ud2b9\uc815 \uc131\ubd84\uc740 \uc131\uc801 \uc790\uadf9\uacfc \uc131\uc695\uc744 \ub2f4\ub2f9\ud558\ub294 \ub1cc \ubd80\ubd84\uc744 \uc790\uadf9\ud558\ub294 \ub370 \uad00\uc5ec\ud55c\ub2e4\uace0 \ud569\ub2c8\ub2e4.<\/div>\n<div class=\"text-en\" style=\"text-align: center; display: none;\">Night hyacinth essential oil is obtained by steam distillation from night hyacinth flowers. Certain components of this oil are said to be involved in stimulating the part of the brain responsible for sexual stimulation and libido.<\/div>\n<\/p><\/div>\n<div style=\"margin-bottom: 20px;\">\n<div class=\"text-ko\" style=\"text-align: center;\">\uc591\ud30c \ucd94\ucd9c\ubb3c \uc740 \uc8fc\ub85c \ud669 \ud568\ub7c9\uc774 \ub192\uae30 \ub54c\ubb38\uc5d0 \ubaa8\ubc1c \uad00\ub9ac\uc5d0 \uc131\uc7a5 \ucd09\uc9c4\uc81c\ub85c \uc0ac\uc6a9\ub429\ub2c8\ub2e4. \uac74\uac15\ud55c \ubaa8\ubc1c \uc131\uc7a5\uc744 \ub3d5\uc2b5\ub2c8\ub2e4. \uadf8\uac83\uc740 \uac00\uc7a5 \uac15\ub825\ud55c \ud56d\uc0b0\ud654\uc81c \uc911 \ud558\ub098\uc778 \ucf00\ub974\uc138\ud2f4\uc744 \ud568\uc720\ud558\uace0 \uc788\uc5b4 \ubaa8\ubc1c \uc804\uccb4\ub97c \uac15\ud654\ud558\uace0 \ubcf4\ud638\ud558\ub294 \ub370 \ub3c4\uc6c0\uc774 \ub429\ub2c8\ub2e4.<\/div>\n<div class=\"text-en\" style=\"text-align: center; display: none;\">Onion extract is mainly used as a growth promoter in hair care due to its high sulfur content. Helps healthy hair growth. It contains quercetin, one of the most powerful antioxidants, which helps strengthen and protect the entire hair shaft.<\/div>\n<\/p><\/div>\n<div style=\"margin-bottom: 20px;\">\n<div class=\"text-ko\" style=\"text-align: center;\">\uc775\ubaa8\ucd08 \ub294 \uac00\uc7a5 \uc644\ubcbd\ud55c \uc870\uc9c1 \uc601\uc591 \uc911 \ud558\ub098\uc785\ub2c8\ub2e4. \ud575\uc0b0 \ub355\ubd84\uc5d0 \uc989\uac01\uc801\uc778 \uc7ac\uc0dd \ub2a5\ub825\uc744 \uc9c0\uc6d0\ud569\ub2c8\ub2e4. \uadf8 \ub3c5\ud2b9\ud55c \uad6c\uc131\uc740 \uc5b4\ub5a4 \uc2e4\ud5d8\uc2e4\uc5d0\uc11c\ub3c4 \uc644\uc804\ud788 \ubaa8\ubc29\ub418\uc9c0 \uc54a\uc558\uc2b5\ub2c8\ub2e4.<\/div>\n<div class=\"text-en\" style=\"text-align: center; display: none;\">Motherwort is one of the most complete tissue nutrients. Supports immediate regenerative capacity thanks to nucleic acids. Its unique composition has not been fully replicated in any laboratory.<\/div>\n<\/p><\/div>\n<div style=\"margin-bottom: 20px;\">\n<div class=\"text-ko\" style=\"text-align: center;\">\ud325 \ucd94\ucd9c\ubb3c \uc740 \ub2e8\ubc31\uc9c8, \ubbf8\ub124\ub784 \ubc0f \ube44\ud0c0\ubbfc\uc774 \ud48d\ubd80\ud569\ub2c8\ub2e4. \uac74\uac15\ud55c \ubaa8\ubc1c \uc131\uc7a5\uc5d0 \uae30\uc5ec\ud558\uace0 \ubc00\ub3c4\uc640 \ubc00\ub3c4\ub97c \uc99d\uac00\uc2dc\ud0b5\ub2c8\ub2e4.<\/div>\n<div class=\"text-en\" style=\"text-align: center; display: none;\">Red bean extract is rich in protein, minerals and vitamins. Contributes to healthy hair growth, increases density and density.<\/div>\n<\/p><\/div>\n<div style=\"margin-bottom: 20px;\">\n<div class=\"text-ko\" style=\"text-align: center;\">\uafc0 \uc740 \ud53c\ubd80\ub97c \uc815\ud654\ud558\uace0 \uc601\uc591\uc744 \uacf5\uae09\ud558\uc5ec \ud53c\ubd80 \uc0c1\uce35 \ubcf4\ud638\uce35\uc758 pH \uc870\uc808\uc744 \ub3d5\uc2b5\ub2c8\ub2e4. \uac74\uc870\ud558\uace0 \uac08\ub77c\uc9c4 \ud53c\ubd80\ub97c \uc7ac\uc0dd\uc2dc\ucf1c\uc90d\ub2c8\ub2e4. \ubbf8\ub124\ub784, \uc544\ubbf8\ub178\uc0b0\uc774 \ud48d\ubd80\ud569\ub2c8\ub2e4.<\/div>\n<div class=\"text-en\" style=\"text-align: center; display: none;\">Honey purifies and nourishes the skin, helping regulate the pH of the skin&#8217;s upper protective layer. Regenerates dry and cracked skin. It is rich in minerals and amino acids.<\/div>\n<\/p><\/div>\n<div style=\"margin-bottom: 20px;\">\n<div class=\"text-ko\" style=\"text-align: center; font-weight: bold;\">\uc0ac\uc6a9:<\/div>\n<div class=\"text-en\" style=\"text-align: center; font-weight: bold; display: none;\">Use:<\/div>\n<\/p><\/div>\n<div style=\"margin-bottom: 20px;\">\n<div class=\"text-ko\" style=\"text-align: center;\">\ub9c8\ub978 \ubaa8\ubc1c\uc5d0 \ubc14\ub978 \ud6c4 \ud5f9\uad6c\uc9c0 \uc54a\uc2b5\ub2c8\ub2e4. \ud5e4\uc5b4 \ud06c\ub9bc\uc740 \uc190\uc0c1\ub41c \ubaa8\ubc1c\uc744 \ub9e4\uc77c \uad00\ub9ac\ud558\uae30 \uc704\ud55c \uac83\uc785\ub2c8\ub2e4.<\/div>\n<div class=\"text-en\" style=\"text-align: center; display: none;\">Do not rinse after applying to dry hair. Hair cream is for daily care of damaged hair.<\/div>\n<\/p><\/div>\n<div style=\"margin-bottom: 20px;\">\n<div class=\"text-ko\" style=\"text-align: center;\">\uc131\ubd84: \uc544\ucfe0\uc544(\ud0c8\uc5fc\uc218), \ub514\uc2a4\ud14c\uc544\ub85c\uc77c\uc5d0\ud2f8 \ub514\ubaa8\ub284 \ud074\ub85c\ub77c\uc774\ub4dc, \uc138\ud14c\uc544\ub2d0 \uc54c\ucf54\uc62c(Ecocert Cosmos \ucc9c\uc5f0 \ucee8\ub514\uc154\ub2dd \uc131\ubd84), \ub9c8\uce74\ub2e4\ubbf8\uc544 \ud14c\ub974\ub2c8\ud3f4\ub9ac\uc544 \uc528 \uc624\uc77c(\ub9c8\uce74\ub2e4\ubbf8\uc544 \uc624\uc77c), \ud638\ud638\ubc14 \uc5d0\uc2a4\ud14c\ub974(\uc641\uc2a4\uc758 \ud63c\ud569\ubb3c), \uc138\ud2f8 \uc54c\ucf54\uc62c(\ucc9c\uc5f0 \uc641\uc2a4 \ubc0f \uc810\ub3c4 \uc870\uc808\uc81c), Plukenet \uc528\uc624\uc77c(\uc0ac\ucc28\uc778\uce58\uc528\ucd94\ucd9c\ubb3c), Helianthus annuus \uc528\uc641\uc2a4(\ud574\ubc14\ub77c\uae30\uc624\uc77c\uc641\uc2a4), \ud504\ub85c\ud310\ub514\uc62c(\uc625\uc218\uc218\ubcf4\uc2b5\uc81c), \uc544\ub974\uac00\ub2c8\uc544 \uc2a4\ud53c\ub178\uc0ac \ucee4\ub110\uc624\uc77c(\uc544\ub974\uac04\uc624\uc77c), \ub77c\uc6b0\ub974\uc0b0\uc774\uc18c\uc544\ubc00(\ucc9c\uc5f0\uc5f0\ud654\uc81c), \uc544\uce74\uc2dc\uc544 \ub370\ucee4\ub80c\uc2a4 \ud50c\ub77c\uc6cc\uc641\uc2a4(\ucc9c\uc5f0\uc641\uc2a4), \uc54c\ub9ac\uc6c0 \uc138\ud30c \uad6c\uadfc \ucd94\ucd9c\ubb3c, \uc54c\ub9ac\uc6c0 \uc138\ud30c \uc2a4\ud0a8 \ucd94\ucd9c\ubb3c, Vigna Angularis \uc885\uc790 \ucd94\ucd9c\ubb3c, \ud788\ube44\uc2a4\ucee4\uc2a4 Sabdariffa \uaf43 \ucd94\ucd9c\ubb3c, Polanthes Tuberosa \uaf43 \uc624\uc77c(\uc57c\uac04\ud788\uc544\uc2e0\uc2a4 \uc5d0\uc13c\uc15c \uc624\uc77c),\ub85c\uc584\uc824\ub9ac, \uba5c\ucd94\ucd9c\ubb3c, \ud1a0\ucf54\ud398\ub864(\ube44\ud0c0\ubbfcE, \ud56d\uc0b0\ud654\uc81c), \uc54c\ucf54\uc62c, \uae00\ub9ac\uc138\ub9b0(\uc218\ud654\uc81c), \uc794\ud0c4\uac80(\uc810\ub3c4\uc870\uc808\uc81c), \ud3f4\ub9ac\uae00\ub9ac\uc138\ub9b0-3(\uc218\ud654\uc81c), \ud53c\ud14c\uc774\ud2b8\ub098\ud2b8\ub968(\ucc9c\uc5f0\uc720\ub798\ubb3c\uc9c8, \uae08\uc18d\uc774\uc628\uc744 \ud654\ud569\ubb3c\uc5d0 \uacb0\ud569) ), \ubca4\uc870\uc0b0\ub098\ud2b8\ub968, \uc18c\ub974\ube48\uc0b0\uce7c\ub968, \ubca4\uc9c8\uc54c\ucf54\uc62c(\ucc9c\uc5f0 \ubc0f \uc720\uae30\ub18d \ud654\uc7a5\ud488\uc6a9 \ubc29\ubd80\uc81c), \uad6c\uc5f0\uc0b0, \uc218\uc0b0\ud654\ub098\ud2b8\ub968(pH \uc870\uc815), \ubca4\uc870\uc0b0\ubca4\uc9c8, \uc2dc\ud2b8\ub85c\ub12c\ub864, \uc774\uc18c\uc81c\ub180, \uc81c\ub77c\ub2c8\uc62c, \ub9ac\ubaa8\ub128(\ucc9c\uc5f0 \uc5d0\uc13c\uc15c \uc624\uc77c\uc5d0\uc11c \ucd94\ucd9c).\ubca4\uc9c8\uc54c\ucf54\uc62c(\ucc9c\uc5f0 \ubc0f \uc720\uae30\ub18d \ud654\uc7a5\ud488\uc6a9 \ubc29\ubd80\uc81c), \uad6c\uc5f0\uc0b0, \uc218\uc0b0\ud654\ub098\ud2b8\ub968(pH \uc870\uc808), \ubca4\uc9c8 \ubca4\uc870\uc5d0\uc774\ud2b8, \uc2dc\ud2b8\ub85c\ub12c\ub864, \uc774\uc18c\uc81c\ub180, \uc81c\ub77c\ub2c8\uc62c, \ub9ac\ubaa8\ub128(\ucc9c\uc5f0 \uc5d0\uc13c\uc15c \uc624\uc77c\uc5d0\uc11c \ucd94\ucd9c).\ubca4\uc9c8\uc54c\ucf54\uc62c(\ucc9c\uc5f0 \ubc0f \uc720\uae30\ub18d \ud654\uc7a5\ud488\uc6a9 \ubc29\ubd80\uc81c), \uad6c\uc5f0\uc0b0, \uc218\uc0b0\ud654\ub098\ud2b8\ub968(pH \uc870\uc808), \ubca4\uc9c8 \ubca4\uc870\uc5d0\uc774\ud2b8, \uc2dc\ud2b8\ub85c\ub12c\ub864, \uc774\uc18c\uc81c\ub180, \uc81c\ub77c\ub2c8\uc62c, \ub9ac\ubaa8\ub128(\ucc9c\uc5f0 \uc5d0\uc13c\uc15c \uc624\uc77c\uc5d0\uc11c \ucd94\ucd9c).<\/div>\n<div class=\"text-en\" style=\"text-align: center; display: none;\">Ingredients: Aqua (demineralized water), distearoylethyl dimonium chloride, ceteanyl alcohol (Ecocert Cosmos natural conditioning ingredient), Macadamia ternifolia seed oil (macadamia oil), jojoba esters (mixture of waxes), cetyl alcohol (natural wax and viscosity modifier), Plukenet seed oil (sacha inchi seed extract), Helianthus annuus seed wax (sunflower oil wax), propanediol (corn moisturizer), Argania spinosa kernel oil (argan oil), isoamyl laurate (natural softener), Acacia d\u00e9corense flower wax (natural wax), Allium cepa bulb extract, Allium cepa skin extract, Vigna Angularis seed extract, Hibiscus Sabdariffa flower extract, Polanthes Tuberosa flower oil (night hyacinth essential oil), royal jelly, honeysuckle extract, tocopherol (vitamin E, antioxidant), alcohol, glycerin (wetting agent), xanthan gum (viscosity regulator), polyglycerin-3 (wetting agent), sodium phytate (naturally derived substance, binds metal ions to the compound), sodium benzoate, potassium sorbate, benzyl alcohol (natural) and preservative for organic cosmetics), citric acid, sodium hydroxide (pH adjustment), benzyl benzoate, citronellol, isogenol, geraniol, limonene (from natural essential oils).Benzyl alcohol (preservative for natural and organic cosmetics), citric acid, sodium hydroxide (pH adjustment), benzyl benzoate, citronellol, isogenol, geraniol, limonene (natural essential) derived from oils).Benzyl Alcohol (preservative for natural and organic cosmetics), citric acid, sodium hydroxide (pH adjustment), benzyl benzoate, citronellol, isogenol, geraniol, limonene (derived from natural essential oils).<\/div>\n<\/p><\/div>\n<p>    <img decoding=\"async\" src=\"https:\/\/eurogoodshop.com\/wp-content\/uploads\/product-detail-image\/dtl-6104620720-02.jpg\" alt=\"\uc81c\ud488 \uc774\ubbf8\uc9c0\" style=\"display: block; margin: 20px auto;\"><br \/>\n    <img decoding=\"async\" src=\"https:\/\/eurogoodshop.com\/wp-content\/uploads\/product-detail-image\/dtl-6104620720-03.jpg\" alt=\"\uc81c\ud488 \uc774\ubbf8\uc9c0\" style=\"display: block; margin: 20px auto;\"><\/p>\n<\/div>","protected":false},"excerpt":{"rendered":"<p>\ub9e4\uc7a5\uc5d0\uc11c \ud310\ub9e4\uc911\uc778 \uc815\uc0c1 \uc81c\ud488\uc73c\ub85c, \uc18c\ub7c9\uc758 \uc81c\ud488\uc744 \uc774\ubca4\ud2b8 \ud560\uc778\ud558\uc5ec \ud310\ub9e4\ud569\ub2c8\ub2e4. This is a regular product sold in the store, and a small quantity of the product is sold at an event discount. \ud3c9\uc18c\uc5d0 \ud574\ub2f9 \ube0c\ub79c\ub4dc\uc5d0 \uad00\uc2ec\uc774 \uc788\uc5c8\ub358 \ubd84\ub4e4\uc740, \uc774\ubc88 \uae30\ud68c\ub97c \ud1b5\ud574 \ud574\ub2f9 \ube0c\ub79c\ub4dc\uc758 \uc81c\ud488\uc744 \ub9cc\ub098\ubcf4\uc138\uc694! If you have always been interested in the brand, take this [&hellip;]<\/p>","protected":false},"featured_media":22844,"comment_status":"open","ping_status":"closed","template":"","meta":[],"product_cat":[10072],"product_tag":[],"class_list":{"0":"post-22843","1":"product","2":"type-product","3":"status-publish","4":"has-post-thumbnail","6":"product_brand-4891","7":"product_cat-10072","9":"first","10":"instock","11":"shipping-taxable","12":"purchasable","13":"product-type-simple"},"_links":{"self":[{"href":"https:\/\/eurogoodshop.com\/en\/wp-json\/wp\/v2\/product\/22843","targetHints":{"allow":["GET"]}}],"collection":[{"href":"https:\/\/eurogoodshop.com\/en\/wp-json\/wp\/v2\/product"}],"about":[{"href":"https:\/\/eurogoodshop.com\/en\/wp-json\/wp\/v2\/types\/product"}],"replies":[{"embeddable":true,"href":"https:\/\/eurogoodshop.com\/en\/wp-json\/wp\/v2\/comments?post=22843"}],"wp:featuredmedia":[{"embeddable":true,"href":"https:\/\/eurogoodshop.com\/en\/wp-json\/wp\/v2\/media\/22844"}],"wp:attachment":[{"href":"https:\/\/eurogoodshop.com\/en\/wp-json\/wp\/v2\/media?parent=22843"}],"wp:term":[{"taxonomy":"product_cat","embeddable":true,"href":"https:\/\/eurogoodshop.com\/en\/wp-json\/wp\/v2\/product_cat?post=22843"},{"taxonomy":"product_tag","embeddable":true,"href":"https:\/\/eurogoodshop.com\/en\/wp-json\/wp\/v2\/product_tag?post=22843"}],"curies":[{"name":"wp","href":"https:\/\/api.w.org\/{rel}","templated":true}]}}