{"id":22947,"date":"2025-03-16T18:11:06","date_gmt":"2025-03-16T09:11:06","guid":{"rendered":"https:\/\/eurogoodshop.com\/product\/%ec%bc%80%eb%9d%bc%ec%8a%a4%ed%83%80%ec%a6%88-%ec%8a%a4%ed%8e%98%ec%8b%9c%ed%94%bd-%ec%95%84%eb%af%b8%eb%84%a5%ec%8b%a4-%ed%8f%ac%ec%8a%a4r-%ed%81%90%ec%96%b4-%ec%95%88%ed%8b%b0-%ec%8a%88%ed%8a%b8-10\/"},"modified":"2026-01-06T23:01:56","modified_gmt":"2026-01-06T14:01:56","slug":"%ec%bc%80%eb%9d%bc%ec%8a%a4%ed%83%80%ec%a6%88-%ec%8a%a4%ed%8e%98%ec%8b%9c%ed%94%bd-%ec%95%84%eb%af%b8%eb%84%a5%ec%8b%a4-%ed%8f%ac%ec%8a%a4r-%ed%81%90%ec%96%b4-%ec%95%88%ed%8b%b0-%ec%8a%88%ed%8a%b8-10","status":"publish","type":"product","link":"https:\/\/eurogoodshop.com\/en\/product\/%ec%bc%80%eb%9d%bc%ec%8a%a4%ed%83%80%ec%a6%88-%ec%8a%a4%ed%8e%98%ec%8b%9c%ed%94%bd-%ec%95%84%eb%af%b8%eb%84%a5%ec%8b%a4-%ed%8f%ac%ec%8a%a4r-%ed%81%90%ec%96%b4-%ec%95%88%ed%8b%b0-%ec%8a%88%ed%8a%b8-10\/","title":{"rendered":"\ucf00\ub77c\uc2a4\ud0c0\uc988 \uc2a4\ud398\uc2dc\ud53d \uc544\ubbf8\ub125\uc2e4 \ud3ec\uc2a4R \ud050\uc5b4 \uc548\ud2f0 \uc288\ud2b8 10 x 6ml"},"content":{"rendered":"<div style=\"text-align: center;\">\n    <img decoding=\"async\" src=\"https:\/\/eurogoodshop.com\/wp-content\/uploads\/product-detail-image\/dtl-5893086983-01.jpg\" alt=\"\ucf00\ub77c\uc2a4\ud0c0\uc988 \uc2a4\ud398\uc2dc\ud53d \uc544\ubbf8\ub125\uc2e4 \ud3ec\uc2a4R \ud050\uc5b4 \uc548\ud2f0 \uc288\ud2b8\" style=\"display: block; margin: 20px auto;\"><\/p>\n<div style=\"margin-bottom: 20px;\">\n<div class=\"text-ko\" style=\"text-align: center; font-weight: bold;\">\ucf00\ub77c\uc2a4\ud0c0\uc988 \uc2a4\ud398\uc2dc\ud53d \uc544\ubbf8\ub125\uc2e4 \ud3ec\uc2a4R \ud050\uc5b4 \uc548\ud2f0 \uc288\ud2b8 10 x 6ml<\/div>\n<div class=\"text-en\" style=\"text-align: center; font-weight: bold; display: none;\">K\u00e9rastase Special Aminexil Force R Cure Anti-suit 10 x 6ml<\/div>\n<\/p><\/div>\n<div style=\"margin-bottom: 20px;\">\n<div class=\"text-ko\" style=\"text-align: center;\">K\u00e9rastase Specifique Cure Anti-Chute 10 x 6ml<\/div>\n<div class=\"text-en\" style=\"text-align: center; display: none;\">K\u00e9rastase Specifique Cure Anti-Chute 10 x 6ml<\/div>\n<\/p><\/div>\n<div style=\"margin-bottom: 20px;\">\n<div class=\"text-ko\" style=\"text-align: center;\">.<\/div>\n<div class=\"text-en\" style=\"text-align: center; display: none;\">.<\/div>\n<\/p><\/div>\n<div style=\"margin-bottom: 20px;\">\n<div class=\"text-ko\" style=\"text-align: center; font-weight: bold;\">\uc0ac\uc6a9\ubc29\ubc95:<\/div>\n<div class=\"text-en\" style=\"text-align: center; font-weight: bold; display: none;\">How to use:<\/div>\n<\/p><\/div>\n<div style=\"margin-bottom: 20px;\">\n<div class=\"text-ko\" style=\"text-align: center;\">6\uc8fc \ub3d9\uc548 \ub9e4\uc77c \uc0ac\uc6a9\ud574\uc57c \ud569\ub2c8\ub2e4.<\/div>\n<div class=\"text-en\" style=\"text-align: center; display: none;\">Must be used daily for 6 weeks.<\/div>\n<\/p><\/div>\n<div style=\"margin-bottom: 20px;\">\n<div class=\"text-ko\" style=\"text-align: center;\">\uc544\uce68\uc774\ub098 \uc800\ub141\uc5d0 \uac74\uc870\ud558\uac70\ub098 \uc218\uac74\uc73c\ub85c \ub9d0\ub9b0 \ubaa8\ubc1c\uc5d0 1 \uc570\ud50c\uc744 \ubfcc\ub9ac\uace0 \uc190\ub05d\uc73c\ub85c \ub9c8\uc0ac\uc9c0\ud558\uc138\uc694.<\/div>\n<div class=\"text-en\" style=\"text-align: center; display: none;\">Spray 1 ampoule on dry or towel-dried hair in the morning or evening and massage with your fingertips.<\/div>\n<\/p><\/div>\n<div style=\"margin-bottom: 20px;\">\n<div class=\"text-ko\" style=\"text-align: center;\">\ud5f9\uad6c\uc9c0 \ub9d0\uace0 \ud3c9\uc18c\ucc98\ub7fc \uba38\ub9ac\uce74\ub77d\uc744 \uc2a4\ud0c0\uc77c\ub9c1\ud558\uc138\uc694.<\/div>\n<div class=\"text-en\" style=\"text-align: center; display: none;\">Style your hair as usual without rinsing.<\/div>\n<\/p><\/div>\n<div style=\"margin-bottom: 20px;\">\n<div class=\"text-ko\" style=\"text-align: center;\">\uc804\uc131\ubd84:Aqua \/ Water &#8211; Alcohol Denat. &#8211; Diaminopyrimidine Oxide &#8211; Peg-40 Hydrogenated Castor Oil &#8211; Madecassoside &#8211; Safflower Glucoside &#8211; Rhamnose &#8211; Hexyl Cinnamal &#8211; Linalool &#8211; Hydroxycitronellal &#8211; Citronellol &#8211; Benzyl Alcohol &#8211; Carnosine &#8211; Tocopherol &#8211; Geraniol &#8211; Glycerin &#8211; Glycine Soja Oil \/ Soybean Oil &#8211; Bht &#8211; Sodium Citrate &#8211; Phenoxyethanol &#8211; Moringa Pterygosperma Seed Extract &#8211; Disodium Phosphate &#8211; Citric Acid &#8211; Parfum \/ Fragrance.<\/div>\n<div class=\"text-en\" style=\"text-align: center; display: none;\">All ingredients: Aqua \/ Water &#8211; Alcohol Denat. &#8211; Diaminopyrimidine Oxide &#8211; Peg-40 Hydrogenated Castor Oil &#8211; Madecassoside &#8211; Safflower Glucoside &#8211; Rhamnose &#8211; Hexyl Cinnamal &#8211; Linalool &#8211; Hydroxycitronellal &#8211; Citronellol &#8211; Benzyl Alcohol &#8211; Carnosine &#8211; Tocopherol &#8211; Geraniol &#8211; Glycerin &#8211; Glycine Soja Oil \/ Soybean Oil &#8211; Bht &#8211; Sodium Citrate &#8211; Phenoxyethanol &#8211; Moringa Pterygosperma Seed Extract &#8211; Disodium Phosphate &#8211; Citric Acid &#8211; Parfum \/ Fragrance.<\/div>\n<\/p><\/div>\n<div style=\"margin-bottom: 20px;\">\n<div class=\"text-ko\" style=\"text-align: center;\">\uc2dd\uc57d\uccad \uad00\ub9ac \uae30\uc900\uc5d0 \uc758\uac70\ud558\uc5ec \uc758\uc57d\uc801\uc778 \ud6a8\ub2a5\uc774\ub098 \uacfc\ub300\uad11\uace0\uac00 \uc6b0\ub824\ub418\ub294 \uc6a9\uc5b4 \ubc0f \ud6a8\ub2a5 \ub4f1\uc758 \ud45c\ud604\uc740 \uc790\uc81c\ub418\uc5c8\uc73c\uba70,<\/div>\n<div class=\"text-en\" style=\"text-align: center; display: none;\">In accordance with the management standards of the Food and Drug Administration, expressions of medicinal efficacy or terms and efficacy that may lead to excessive advertising were refrained.<\/div>\n<\/p><\/div>\n<div style=\"margin-bottom: 20px;\">\n<div class=\"text-ko\" style=\"text-align: center;\">\uc0c1\ud488\uc5d0\ub300\ud574 \uad81\uae08\ud55c \uc0ac\ud56d\uc774 \uc788\uc73c\uc2dc\uba74 \uacf5\uc2dd \ud648\ud398\uc774\uc9c0\ub97c \ucc38\uace0\ud558\uc2dc\uac70\ub098 \ud1a1\ud1a1\uc73c\ub85c \ubb38\uc758 \ubd80\ud0c1\ub4dc\ub9bd\ub2c8\ub2e4.<\/div>\n<div class=\"text-en\" style=\"text-align: center; display: none;\">If you have any questions about the product, please refer to the official website or contact us via TalkTalk.<\/div>\n<\/p><\/div>\n<div style=\"margin-bottom: 20px;\">\n<div class=\"text-ko\" style=\"text-align: center;\">+ \uc800\ud76c \uc2a4\ud1a0\uc5b4\uc5d0\uc11c \ud310\ub9e4 \uc911\uc778 \ub2e4\uc591\ud55c \uc81c\ud488\ub4e4\uacfc \ud569\ubc30\uc1a1\uc73c\ub85c \ubc30\uc1a1\ube44\ub97c \uc808\uc57d\ud574 \ubcf4\uc138\uc694.<\/div>\n<div class=\"text-en\" style=\"text-align: center; display: none;\">+ Save on shipping costs by combining shipping with various products sold in our store.<\/div>\n<\/p><\/div>\n<\/div>","protected":false},"excerpt":{"rendered":"<p>\ucf00\ub77c\uc2a4\ud0c0\uc988 \uc2a4\ud398\uc2dc\ud53d \uc544\ubbf8\ub125\uc2e4 \ud3ec\uc2a4R \ud050\uc5b4 \uc548\ud2f0 \uc288\ud2b8 10 x 6ml K\u00e9rastase Special Aminexil Force R Cure Anti-suit 10 x 6ml K\u00e9rastase Specifique Cure Anti-Chute 10 x 6ml K\u00e9rastase Specifique Cure Anti-Chute 10 x 6ml . . \uc0ac\uc6a9\ubc29\ubc95: How to use: 6\uc8fc \ub3d9\uc548 \ub9e4\uc77c \uc0ac\uc6a9\ud574\uc57c \ud569\ub2c8\ub2e4. Must be used daily for 6 weeks. \uc544\uce68\uc774\ub098 \uc800\ub141\uc5d0 \uac74\uc870\ud558\uac70\ub098 [&hellip;]<\/p>","protected":false},"featured_media":22948,"comment_status":"open","ping_status":"closed","template":"","meta":[],"product_cat":[10071],"product_tag":[5788,5790,5787,6730,6968,6966,6967,4581,4580,6969],"class_list":{"0":"post-22947","1":"product","2":"type-product","3":"status-publish","4":"has-post-thumbnail","6":"product_brand-6524","7":"product_cat-10071","8":"product_tag-5788","9":"product_tag-5790","10":"product_tag-5787","11":"product_tag-6730","12":"product_tag-6968","13":"product_tag-6966","14":"product_tag-6967","15":"product_tag-4581","16":"product_tag-4580","17":"product_tag-6969","19":"first","20":"outofstock","21":"shipping-taxable","22":"purchasable","23":"product-type-simple"},"_links":{"self":[{"href":"https:\/\/eurogoodshop.com\/en\/wp-json\/wp\/v2\/product\/22947","targetHints":{"allow":["GET"]}}],"collection":[{"href":"https:\/\/eurogoodshop.com\/en\/wp-json\/wp\/v2\/product"}],"about":[{"href":"https:\/\/eurogoodshop.com\/en\/wp-json\/wp\/v2\/types\/product"}],"replies":[{"embeddable":true,"href":"https:\/\/eurogoodshop.com\/en\/wp-json\/wp\/v2\/comments?post=22947"}],"wp:featuredmedia":[{"embeddable":true,"href":"https:\/\/eurogoodshop.com\/en\/wp-json\/wp\/v2\/media\/22948"}],"wp:attachment":[{"href":"https:\/\/eurogoodshop.com\/en\/wp-json\/wp\/v2\/media?parent=22947"}],"wp:term":[{"taxonomy":"product_cat","embeddable":true,"href":"https:\/\/eurogoodshop.com\/en\/wp-json\/wp\/v2\/product_cat?post=22947"},{"taxonomy":"product_tag","embeddable":true,"href":"https:\/\/eurogoodshop.com\/en\/wp-json\/wp\/v2\/product_tag?post=22947"}],"curies":[{"name":"wp","href":"https:\/\/api.w.org\/{rel}","templated":true}]}}