{"id":23283,"date":"2025-03-16T18:26:55","date_gmt":"2025-03-16T09:26:55","guid":{"rendered":"https:\/\/eurogoodshop.com\/product\/%ec%96%91%ed%8c%8c-%ed%8c%a5-%eb%a8%b8%eb%a6%ac%eb%81%9d-%ec%98%a4%ec%9d%bc-%ed%97%a4%ec%96%b4%ec%97%90%ec%84%bc%ec%8a%a4-10ml-%ec%b2%b4%ec%bd%94-%ed%95%98%eb%b8%94%eb%a6%ac%ed%81%ac-%ec%95%84\/"},"modified":"2026-01-06T23:14:22","modified_gmt":"2026-01-06T14:14:22","slug":"%ec%96%91%ed%8c%8c-%ed%8c%a5-%eb%a8%b8%eb%a6%ac%eb%81%9d-%ec%98%a4%ec%9d%bc-%ed%97%a4%ec%96%b4%ec%97%90%ec%84%bc%ec%8a%a4-10ml-%ec%b2%b4%ec%bd%94-%ed%95%98%eb%b8%94%eb%a6%ac%ed%81%ac-%ec%95%84","status":"publish","type":"product","link":"https:\/\/eurogoodshop.com\/en\/product\/%ec%96%91%ed%8c%8c-%ed%8c%a5-%eb%a8%b8%eb%a6%ac%eb%81%9d-%ec%98%a4%ec%9d%bc-%ed%97%a4%ec%96%b4%ec%97%90%ec%84%bc%ec%8a%a4-10ml-%ec%b2%b4%ec%bd%94-%ed%95%98%eb%b8%94%eb%a6%ac%ed%81%ac-%ec%95%84\/","title":{"rendered":"\uccb4\ucf54 \ud558\ube14\ub9ac\ud06c \uc544\ud3ec\ud14c\uce74 \uc591\ud30c&#038;\ud325 \uba38\ub9ac\ub05d \uc624\uc77c \ud5e4\uc5b4\uc5d0\uc13c\uc2a4 10ml"},"content":{"rendered":"<div style=\"text-align: center;\">\n    <img decoding=\"async\" src=\"https:\/\/eurogoodshop.com\/wp-content\/uploads\/product-detail-image\/dtl-5757963779-01.jpg\" alt=\"\uc774\ubbf8\uc9c0\" style=\"display: block; margin: 20px auto;\"><\/p>\n<div style=\"margin-bottom: 20px;\">\n<div class=\"text-ko\">\ucda5\uace0 \uac74\uc870\ud574\uc9c0\ub294 \ub0a0\uc528\ub54c\ubb38\uc5d0<\/div>\n<div class=\"text-en\" style=\"display: none;\">Because of the cold and dry weather<\/div>\n<\/p><\/div>\n<div style=\"margin-bottom: 20px;\">\n<div class=\"text-ko\">\ubc14\uc0ad\ubc14\uc0ad \uac70\uce60\uac70\uce60\ud574\uc9c0\ub294 \uba38\ub9bf\uacb0\uc744 \uc704\ud55c<\/div>\n<div class=\"text-en\" style=\"display: none;\">For hair that becomes crunchy or rough<\/div>\n<\/p><\/div>\n<div style=\"margin-bottom: 20px;\">\n<div class=\"text-ko\">\uace0\ub18d\ucd95 \ud5e4\uc5b4\uc624\uc77c\uc785\ub2c8\ub2e4.<\/div>\n<div class=\"text-en\" style=\"display: none;\">This is a highly concentrated hair oil.<\/div>\n<\/p><\/div>\n<div style=\"margin-bottom: 20px;\">\n<div class=\"text-ko\">Olej na kone\u010dky vlas\u016f<\/div>\n<div class=\"text-en\" style=\"display: none;\">Olej na kone\u010dky vlas\u016f<\/div>\n<\/p><\/div>\n<div style=\"margin-bottom: 20px;\">\n<div class=\"text-ko\">Havl\u00edkova p\u0159\u00edrodn\u00ed apot\u00e9ka<\/div>\n<div class=\"text-en\" style=\"display: none;\">Havlikova p\u0159\u00edrodn\u00ed apot\u00e9ka<\/div>\n<\/p><\/div>\n<div style=\"margin-bottom: 20px;\">\n<div class=\"text-ko\">\uc591\ud30c &#038; \ud325 \uba38\ub9ac\ub05d \uc624\uc77c 10ml<\/div>\n<div class=\"text-en\" style=\"display: none;\">Onion &#038; red bean head oil 10ml<\/div>\n<\/p><\/div>\n<p>    <img decoding=\"async\" src=\"https:\/\/eurogoodshop.com\/wp-content\/uploads\/product-detail-image\/dtl-5757963779-02.jpg\" alt=\"\uc774\ubbf8\uc9c0\" style=\"display: block; margin: 20px auto;\"><\/p>\n<div style=\"margin-bottom: 20px;\">\n<div class=\"text-ko\">\uc774 \uace0\ub18d\ucd95 \ud5e4\uc5b4 \uc624\uc77c\uc740 \uc8fc\uc131\ubd84\uc774 \uc591\ud30c, \ud325 \uadf8\ub9ac\uace0 \ud788\uc544\uc2e0\uc2a4 \ucd94\ucd9c \uc624\uc77c\uc774\uc5d0\uc694.<\/div>\n<div class=\"text-en\" style=\"display: none;\">The main ingredients of this highly concentrated hair oil are onion, red bean, and hyacinth extract oils.<\/div>\n<\/p><\/div>\n<div style=\"margin-bottom: 20px;\">\n<div class=\"text-ko\">\uc0ac\uc2e4 \uc591\ud30c\ub294 \uc6b0\ub9ac\uc5d0\uac8c \ud754\ud55c \uc2dd\uc7ac\ub8cc\uc9c0\ub9cc, \uc544\uc8fc \uc624\ub798\uc804\ubd80\ud130 \ubaa8\ubc1c \uc601\uc591\uc81c\ub85c \uc4f0\uc5ec\uc654\uc5b4\uc694.<\/div>\n<div class=\"text-en\" style=\"display: none;\">In fact, onions are a common food ingredient for us, but they have been used as hair nutrients for a very long time.<\/div>\n<\/p><\/div>\n<div style=\"margin-bottom: 20px;\">\n<div class=\"text-ko\">\uc544\ud3ec\ud14c\uce74\uc5d0\uc11c\ub294 \uc624\ub79c \uc5ed\uc0ac\uc758 \ubcf4\ud5e4\ubbf8\uc544 \uc2dc\uc808 \ucc98\ubc29\uc804\uc5d0 \uc758\uac70\ud558\uc5ec \ud654\uc7a5\ud488\uc744 \ub9cc\ub4dc\ub294\ub370\uc694.<\/div>\n<div class=\"text-en\" style=\"display: none;\">At Apoteca, we make cosmetics based on prescriptions from the long history of Bohemia.<\/div>\n<\/p><\/div>\n<div style=\"margin-bottom: 20px;\">\n<div class=\"text-ko\">\uadf8\ub54c \uadf8 \uc2dc\uc808\ubd80\ud130 \ub0b4\ub824\uc624\ub294 \ucc98\ubc29\uc804\uc5d0\ub3c4 \uc591\ud30c\uc640 \ud325\uc5d0\uc11c \ubaa8\ubc1c\uc744 \uac15\ud654\ud558\uace0 \ubcf4\ud638\ud558\ub294 \uc131\ubd84\uc744 \ucd94\ucd9c\ud558\uc5ec \uc0ac\uc6a9\ud588\ub300\uc694.<\/div>\n<div class=\"text-en\" style=\"display: none;\">Even in prescriptions from back then, ingredients that strengthen and protect hair were extracted from onions and red beans and used.<\/div>\n<\/p><\/div>\n<div style=\"margin-bottom: 20px;\">\n<div class=\"text-ko\">\uc591\ud30c\uc5d0\ub294 \ubaa8\ubc1c \uc131\uc7a5\uc744 \ucd09\uc9c4\ud558\uace0, \uac15\ub825\ud55c \uc0b0\ud654 \ubc29\uc9c0\uc81c\uc778 \ucf00\ub974\uc138\ud2f4\uc774 \ub4e4\uc5b4\uc788\uc5b4 \ubaa8\ubc1c\uc744 \uac15\ud654\ud558\uace0 \ubcf4\ud638\ud574\uc694.<\/div>\n<div class=\"text-en\" style=\"display: none;\">Onions promote hair growth and contain quercetin, a powerful antioxidant, which strengthens and protects hair.<\/div>\n<\/p><\/div>\n<div style=\"margin-bottom: 20px;\">\n<div class=\"text-ko\">\ud325\uc740 \ub2e8\ubc31\uc9c8, \ubbf8\ub124\ub784, \ube44\ud0c0\ubbfc\uc774 \ud48d\ubd80\ud574\uc11c \ud0c4\ud0c4\ud558\uace0 \uc724\uae30\uc788\ub294 \uba38\ub9ac\uacb0\uc774 \ub418\ub3c4\ub85d \ub3c4\uc640\uc694.<\/div>\n<div class=\"text-en\" style=\"display: none;\">Red beans are rich in protein, minerals, and vitamins, which help make your hair strong and shiny.<\/div>\n<\/p><\/div>\n<p>    <img decoding=\"async\" src=\"https:\/\/eurogoodshop.com\/wp-content\/uploads\/product-detail-image\/dtl-5757963779-03.jpg\" alt=\"\uc774\ubbf8\uc9c0\" style=\"display: block; margin: 20px auto;\"><br \/>\n    <img decoding=\"async\" src=\"https:\/\/eurogoodshop.com\/wp-content\/uploads\/product-detail-image\/dtl-5757963779-04.jpg\" alt=\"\uc774\ubbf8\uc9c0\" style=\"display: block; margin: 20px auto;\"><\/p>\n<div style=\"margin-bottom: 20px;\">\n<div class=\"text-ko\">\uc591\ud30c\uc640 \ud325\uc5d0\uc11c \ucd94\ucd9c\ud55c \uc601\uc591\ubd84\ubfd0\ub9cc\uc544\ub2c8\ub77c,<\/div>\n<div class=\"text-en\" style=\"display: none;\">In addition to nutrients extracted from onions and red beans,<\/div>\n<\/p><\/div>\n<div style=\"margin-bottom: 20px;\">\n<div class=\"text-ko\">INCA INCHI\u00ae \uc624\uc77c \/ \ud788\uc544\uc2e0\uc2a4 \uc5d0\uc13c\uc15c \uc624\uc77c \/ \ub85c\uc5f4\uc824\ub9ac\/ \ub77c\ud0a4\ud2b8\ub2c9 \ucd94\ucd9c\ubb3c \/ \ud504\ub85c\ud3f4\ub9ac\uc2a4 \/ \uc544\ub974\uac04 \uc624\uc77c \/ \ub9c8\uce74\ub2e4\ubbf8\uc544\uc624\uc77c \ub4f1\ub4f1<\/div>\n<div class=\"text-en\" style=\"display: none;\">INCA INCHI\u00ae Oil \/ Hyacinth Essential Oil \/ Royal Jelly \/ Rakitnik Extract \/ Propolis \/ Argan Oil \/ Macadamia Oil, etc.<\/div>\n<\/p><\/div>\n<div style=\"margin-bottom: 20px;\">\n<div class=\"text-ko\">\uc774\ub807\uac8c \uc88b\uc740 \uc131\ubd84\ub4e4\uc744 \uc798 \uc870\ud569\ud558\uc5ec \ub9cc\ub4e4\uc5c8\uc5b4\uc694.<\/div>\n<div class=\"text-en\" style=\"display: none;\">It was made by combining these good ingredients well.<\/div>\n<\/p><\/div>\n<p>    <img decoding=\"async\" src=\"https:\/\/eurogoodshop.com\/wp-content\/uploads\/product-detail-image\/dtl-5757963779-05.jpg\" alt=\"\uc774\ubbf8\uc9c0\" style=\"display: block; margin: 20px auto;\"><\/p>\n<div style=\"margin-bottom: 20px;\">\n<div class=\"text-ko\">\ub9bd\uc2a4\ud2f1 \ud06c\uae30\uc758 10ml \uc758 \uc791\uc740\uc591\uc774\uc9c0\ub9cc, \uc624\ub798\ud1a0\ub85d \uc0ac\uc6a9\ud560 \uc218 \uc788\uc5b4\uc694.<\/div>\n<div class=\"text-en\" style=\"display: none;\">Although it is a small amount of 10ml, the size of a lipstick, it can be used for a long time.<\/div>\n<\/p><\/div>\n<div style=\"margin-bottom: 20px;\">\n<div class=\"text-ko\">\ud55c\ubc88\uc5d0 \ub9ce\uc774 \uc0ac\uc6a9\ud558\ub294\uac8c \uc544\ub2c8\uace0, \ub2e8 \uba87\ubc29\uc6b8\uc744 \uba38\ub9ac\ub05d\uc5d0\ub9cc \ub5a8\uc5b4\ud2b8\ub824 \ud1a1\ud1a1\ud1a1 \ube44\ubcbc\uc8fc\uba74 \ub418\uac70\ub4e0\uc694.<\/div>\n<div class=\"text-en\" style=\"display: none;\">You don&#8217;t need to use a lot at once, just put a few drops on the ends of your hair and rub it in.<\/div>\n<\/p><\/div>\n<div style=\"margin-bottom: 20px;\">\n<div class=\"text-ko\">\uadf8\ub9ac\uace0 \uc218\uc5fc\uc744 \uae30\ub974\ub294 \uba4b\uc9c4 \ub0a8\uc131\ubd84\ub4e4\uc774 \uacc4\uc2dc\ub2e4\uba74,<\/div>\n<div class=\"text-en\" style=\"display: none;\">And if there are handsome men who grow beards,<\/div>\n<\/p><\/div>\n<div style=\"margin-bottom: 20px;\">\n<div class=\"text-ko\">\uc774 \uc624\uc77c\uc744 \uc218\uc5fc \uc601\uc591\uc624\uc77c\ub85c\ub3c4 \ud55c\ubc88 \uc0ac\uc6a9\ud574\ubcf4\uc138\uc694!<\/div>\n<div class=\"text-en\" style=\"display: none;\">Try using this oil as a beard nourishing oil!<\/div>\n<\/p><\/div>\n<div style=\"margin-bottom: 20px;\">\n<div class=\"text-ko\">\uc720\ub7fd\uc5d0\uc11c\ub294 \uba4b\uc9c4 \uc218\uc5fc\uc744\uc704\ud574\uc11c \uc694 \uc624\uc77c\uc744 \uc0ac\uc6a9\ud558\ub294 \ub0a8\uc131\ubd84\ub4e4\uc774 \ub9ce\ub2f5\ub2c8\ub2e4.<\/div>\n<div class=\"text-en\" style=\"display: none;\">In Europe, there are many men who use this oil for a nice beard.<\/div>\n<\/p><\/div>\n<div style=\"margin-bottom: 20px;\">\n<div class=\"text-ko\">\uc720\ub7fd\uc758 \uae4c\ub2e4\ub85c\uc6b4 \uc720\uae30\ub18d \uc778\uc99d\uc744 \ubc1b\uae30\uc704\ud574<\/div>\n<div class=\"text-en\" style=\"display: none;\">To obtain Europe\u2019s strict organic certification<\/div>\n<\/p><\/div>\n<div style=\"margin-bottom: 20px;\">\n<div class=\"text-ko\">\uccb4\ucf54\uc5d0\uc11c\ub3c4 \uc88b\uc740 \ud658\uacbd\uc758 \ub18d\uc7a5\uc5d0\uc11c \uc790\ub780 \uc591\ud30c&#038;\ud325\ub9cc \uc0ac\uc6a9\ud558\uc5ec \ub9cc\ub4e4\uc5c8\ub2e4\ub294,<\/div>\n<div class=\"text-en\" style=\"display: none;\">Made using only onions and red beans grown on farms with good conditions in the Czech Republic.<\/div>\n<\/p><\/div>\n<div style=\"margin-bottom: 20px;\">\n<div class=\"text-ko\">\uc591\ud30c &#038; \ud325 \ud5e4\uc5b4\ub05d \uc624\uc77c,<\/div>\n<div class=\"text-en\" style=\"display: none;\">Onion &#038; red bean hair tip oil,<\/div>\n<\/p><\/div>\n<div style=\"margin-bottom: 20px;\">\n<div class=\"text-ko\">\uc591\ud30c\uc640 \ud325,<\/div>\n<div class=\"text-en\" style=\"display: none;\">Onion and red beans,<\/div>\n<\/p><\/div>\n<div style=\"margin-bottom: 20px;\">\n<div class=\"text-ko\">\uc6b0\ub9ac\uc5d0\uac8c \uc0dd\uc18c\ud55c \ud5e4\uc5b4 \uc624\uc77c \uc131\ubd84\uc774\uc9c0\ub9cc-<\/div>\n<div class=\"text-en\" style=\"display: none;\">Although it is an ingredient in hair oil that is unfamiliar to us-<\/div>\n<\/p><\/div>\n<div style=\"margin-bottom: 20px;\">\n<div class=\"text-ko\">\uc624\ub79c \uc5ed\uc0ac\uc758 \uc544\ud3ec\ud14c\uce74\ub97c \ubbff\uace0 \ud55c\ubc88 \uc0ac\uc6a9\ud574\ubcf4\uc138\uc694!<\/div>\n<div class=\"text-en\" style=\"display: none;\">Trust Apoteca\u2019s long history and give it a try!<\/div>\n<\/p><\/div>\n<p>    <img decoding=\"async\" src=\"https:\/\/eurogoodshop.com\/wp-content\/uploads\/product-detail-image\/dtl-5757963779-06.jpg\" alt=\"\uc774\ubbf8\uc9c0\" style=\"display: block; margin: 20px auto;\"><\/p>\n<div style=\"margin-bottom: 20px;\">\n<div class=\"text-ko\">\ubcc4 \ubaa8\uc591\uc758 Plukenetia volubilis \uacfc\uc77c\uc5d0\uc11c \ucd94\ucd9c\ud55cINCA INCHI\u00ae \uc624\uc77c\uc740 \uc624\uba54\uac00 3 \uc9c0\ubc29\uc0b0\uc774 \ud48d\ubd80\ud569\ub2c8\ub2e4. \uc624\uc77c\uc758 95%\uac00 \ud544\uc218 \uc9c0\ubc29\uc0b0\uc774\uc5b4\uc11c, \ubaa8\ubc1c\uacfc \ub450\ud53c\ub97c \uad00\ub9ac\ud558\ub294 \ub370 \ud6a8\uacfc\uc801\uc785\ub2c8\ub2e4. \ubaa8\ubc1c\uc758 \ucd09\uac10\uc744 \ub354\uc6b1 \ubd80\ub4dc\ub7fd\uac8c \uac1c\uc120\ud558\uace0, \ubaa8\ubc1c\uc758 \ud488\uc9c8\uc744 \ub192\uc5ec \ub0b4\uad6c\uc131\uc744 \ub192\uc774\ub294\ub370 \ub3c4\uc6c0\uc744 \uc90d\ub2c8\ub2e4. \uc190\uc0c1\ub41c \ubaa8\ubc1c\uc758 \ud68c\ubcf5\uc5d0 \ud2b9\ud788 \ud6a8\uacfc\uc801\uc785\ub2c8\ub2e4.<\/div>\n<div class=\"text-en\" style=\"display: none;\">INCA INCHI\u00ae oil, extracted from the star-shaped fruit of Plukenetia volubilis, is rich in omega-3 fatty acids. 95% of the oil is essential fatty acids, making it effective in caring for hair and scalp. It makes the hair feel softer, improves the quality of the hair, and helps increase durability. It is especially effective in restoring damaged hair.<\/div>\n<\/p><\/div>\n<div style=\"margin-bottom: 20px;\">\n<div class=\"text-ko\">\ud788\uc544\uc2e0\uc2a4 \uaf43\uc744 \uc218\uc99d\uae30\ub85c \uc99d\ub958\ud558\uc5ec \uc5bb\uc740\ud788\uc544\uc2e0\uc2a4 \uc5d0\uc13c\uc15c \uc624\uc77c\uc2f1\uadf8\ub7ec\uc6b4 \ud788\uc544\uc2e0\uc2a4 \uaf43\ud5a5\uae30\uac00 \uc740\uc740\ud558\uac8c \uba38\ub9ac\uacb0\uc5d0 \uac10\ub3cc\uba70, \ud5a5\uae30\ub85c\uc6c0\uc774 \uc624\ub798\ud1a0\ub85d \uc9c0\uc18d\ub429\ub2c8\ub2e4.<\/div>\n<div class=\"text-en\" style=\"display: none;\">Hyacinth essential oil obtained by steam distillation of hyacinth flowers. The fresh scent of hyacinth flowers gently permeates the hair, and the scent lasts for a long time.<\/div>\n<\/p><\/div>\n<div style=\"margin-bottom: 20px;\">\n<div class=\"text-ko\">\uac00\uc7a5 \uc644\ubcbd\ud55c \uc601\uc591\uc744 \uc81c\uacf5\ud558\ub294\ub85c\uc5f4 \uc824\ub9ac. \uc989\uac01\uc801\uc778 \uc7ac\uc0dd \ub2a5\ub825\uc73c\ub85c \uc190\uc0c1\ub41c \ubaa8\ubc1c\uc744 \uac10\uc2f8 \uba38\ub9bf\uacb0 \uac1c\uc120\uc5d0 \ub3c4\uc6c0\uc744 \uc90d\ub2c8\ub2e4.<\/div>\n<div class=\"text-en\" style=\"display: none;\">Royal jelly that provides the most complete nutrition. It wraps damaged hair with instant regenerative ability and helps improve hair texture.<\/div>\n<\/p><\/div>\n<div style=\"margin-bottom: 20px;\">\n<div class=\"text-ko\">\ubaa8\ubc1c\uc744 \uac15\ud654\ud558\uace0 \uc724\uae30\ub97c \ubd80\uc5ec\ud558\ub294\ub77c\ud0a4\ud2b8\ub2c9 \ucd94\ucd9c\ubb3c\uc740 \ud53c\ud1a0\uc2a4\ud14c\ub864, \ube44\ud0c0\ubbfc, \ud50c\ub77c\ubcf4\ub178\uc774\ub4dc, \uce74\ub85c\ud2f0\ub178\uc774\ub4dc\ub97c \ud48d\ubd80\ud558\uac8c \ud568\uc720\ud558\uc5ec \ud587\ubcd5\uc5d0 \ubaa8\ubc1c\uc774 \uc190\uc0c1\ub418\ub294 \uac83\uc744 \ubc29\uc9c0\ud569\ub2c8\ub2e4.<\/div>\n<div class=\"text-en\" style=\"display: none;\">Rakitnik extract, which strengthens hair and gives shine, is rich in phytosterols, vitamins, flavonoids, and carotenoids, preventing hair damage from the sun.<\/div>\n<\/p><\/div>\n<div style=\"margin-bottom: 20px;\">\n<div class=\"text-ko\">\uc138\ud3ec \ub178\ud654\ub97c \uc9c0\uc5f0\uc2dc\ud0a4\ub294\ud504\ub85c\ud3f4\ub9ac\uc2a4\/ \uba38\ub9bf\uacb0\uc5d0 \uc5d4\uc824\ub9c1\uc744 \uc120\uc0ac\ud558\ub294\uc544\ub974\uac04 \uc624\uc77c\/ \uc778\uccb4\uc758 \ud53c\uc9c0\uc640 \uac00\uc7a5 \uc720\uc0ac\ud55c \uc131\ubd84\uc758\ub9c8\uce74\ub2e4\ubbf8\uc544 \uc624\uc77c\ub610\ud55c \ud568\uc720\ub410\uc2b5\ub2c8\ub2e4.<\/div>\n<div class=\"text-en\" style=\"display: none;\">Propolis, which delays cell aging \/ Argan oil, which gives hair an angelic appearance \/ Macadamia oil, which is the most similar ingredient to human sebum, is also contained.<\/div>\n<\/p><\/div>\n<\/div>","protected":false},"excerpt":{"rendered":"<p>\ucda5\uace0 \uac74\uc870\ud574\uc9c0\ub294 \ub0a0\uc528\ub54c\ubb38\uc5d0 Because of the cold and dry weather \ubc14\uc0ad\ubc14\uc0ad \uac70\uce60\uac70\uce60\ud574\uc9c0\ub294 \uba38\ub9bf\uacb0\uc744 \uc704\ud55c For hair that becomes crunchy or rough \uace0\ub18d\ucd95 \ud5e4\uc5b4\uc624\uc77c\uc785\ub2c8\ub2e4. This is a highly concentrated hair oil. Olej na kone\u010dky vlas\u016f Olej na kone\u010dky vlas\u016f Havl\u00edkova p\u0159\u00edrodn\u00ed apot\u00e9ka Havlikova p\u0159\u00edrodn\u00ed apot\u00e9ka \uc591\ud30c &#038; \ud325 \uba38\ub9ac\ub05d \uc624\uc77c 10ml Onion &#038; red bean head [&hellip;]<\/p>","protected":false},"featured_media":23284,"comment_status":"open","ping_status":"closed","template":"","meta":[],"product_cat":[10072],"product_tag":[5261,4885,4883,7037,7036,5201,4884],"class_list":{"0":"post-23283","1":"product","2":"type-product","3":"status-publish","4":"has-post-thumbnail","6":"product_brand-4882","7":"product_cat-10072","8":"product_tag-5261","9":"product_tag-4885","10":"product_tag-4883","11":"product_tag-7037","12":"product_tag-7036","13":"product_tag-5201","14":"product_tag-4884","16":"first","17":"instock","18":"shipping-taxable","19":"purchasable","20":"product-type-simple"},"_links":{"self":[{"href":"https:\/\/eurogoodshop.com\/en\/wp-json\/wp\/v2\/product\/23283","targetHints":{"allow":["GET"]}}],"collection":[{"href":"https:\/\/eurogoodshop.com\/en\/wp-json\/wp\/v2\/product"}],"about":[{"href":"https:\/\/eurogoodshop.com\/en\/wp-json\/wp\/v2\/types\/product"}],"replies":[{"embeddable":true,"href":"https:\/\/eurogoodshop.com\/en\/wp-json\/wp\/v2\/comments?post=23283"}],"wp:featuredmedia":[{"embeddable":true,"href":"https:\/\/eurogoodshop.com\/en\/wp-json\/wp\/v2\/media\/23284"}],"wp:attachment":[{"href":"https:\/\/eurogoodshop.com\/en\/wp-json\/wp\/v2\/media?parent=23283"}],"wp:term":[{"taxonomy":"product_cat","embeddable":true,"href":"https:\/\/eurogoodshop.com\/en\/wp-json\/wp\/v2\/product_cat?post=23283"},{"taxonomy":"product_tag","embeddable":true,"href":"https:\/\/eurogoodshop.com\/en\/wp-json\/wp\/v2\/product_tag?post=23283"}],"curies":[{"name":"wp","href":"https:\/\/api.w.org\/{rel}","templated":true}]}}