{"id":23398,"date":"2025-03-16T18:31:58","date_gmt":"2025-03-16T09:31:58","guid":{"rendered":"https:\/\/eurogoodshop.com\/product\/%ec%82%ac%eb%9e%91%eb%b0%9b%eb%8a%94-%ec%9e%a5%eb%af%b8-%ec%95%84%ec%9d%b4%ed%81%ac%eb%a6%bc-10ml-%ec%b2%b4%ec%bd%94-%ed%95%98%eb%b8%94%eb%a6%ac%ed%81%ac-%ec%95%84%ed%8f%ac%ed%85%8c%ec%b9%b4-574638555\/"},"modified":"2026-01-06T23:19:29","modified_gmt":"2026-01-06T14:19:29","slug":"%ec%82%ac%eb%9e%91%eb%b0%9b%eb%8a%94-%ec%9e%a5%eb%af%b8-%ec%95%84%ec%9d%b4%ed%81%ac%eb%a6%bc-10ml-%ec%b2%b4%ec%bd%94-%ed%95%98%eb%b8%94%eb%a6%ac%ed%81%ac-%ec%95%84%ed%8f%ac%ed%85%8c%ec%b9%b4-574638555","status":"publish","type":"product","link":"https:\/\/eurogoodshop.com\/en\/product\/%ec%82%ac%eb%9e%91%eb%b0%9b%eb%8a%94-%ec%9e%a5%eb%af%b8-%ec%95%84%ec%9d%b4%ed%81%ac%eb%a6%bc-10ml-%ec%b2%b4%ec%bd%94-%ed%95%98%eb%b8%94%eb%a6%ac%ed%81%ac-%ec%95%84%ed%8f%ac%ed%85%8c%ec%b9%b4-574638555\/","title":{"rendered":"\uc0ac\ub791\ubc1b\ub294 \uc7a5\ubbf8 \uc544\uc774\ud06c\ub9bc 10ml \uccb4\ucf54 \ud558\ube14\ub9ac\ud06c \uc544\ud3ec\ud14c\uce74"},"content":{"rendered":"<div style=\"text-align: center;\">\n<p>    <img decoding=\"async\" src=\"https:\/\/eurogoodshop.com\/wp-content\/uploads\/product-detail-image\/dtl-5746385558-01.jpg\" alt=\"Kr\u00e1sn\u00e1 kurtiz\u00e1na - Sv\u016fdn\u00fd pohled\" style=\"display: block; margin: 20px auto;\"><\/p>\n<div style=\"margin-bottom: 20px;\">\n<div class=\"text-ko\" style=\"text-align: center;\">Kr\u00e1sn\u00e1 kurtiz\u00e1na &#8211; Sv\u016fdn\u00fd pohled<\/div>\n<div class=\"text-en\" style=\"text-align: center; display: none;\">Kr\u00e1sn\u00e1 kurtiz\u00e1na &#8211; Sv\u016fdn\u00fd pohled<\/div>\n<\/p><\/div>\n<div style=\"margin-bottom: 20px;\">\n<div class=\"text-ko\" style=\"text-align: center;\">Seductive eyes<\/div>\n<div class=\"text-en\" style=\"text-align: center; display: none;\">Seductive eyes<\/div>\n<\/p><\/div>\n<div style=\"margin-bottom: 20px;\">\n<div class=\"text-ko\" style=\"text-align: center; font-weight: bold;\">\uc0ac\ub791\ubc1b\ub294 \uc7a5\ubbf8 \uc544\uc774\ud06c\ub9bc 10ml<\/div>\n<div class=\"text-en\" style=\"text-align: center; font-weight: bold; display: none;\">Loved rose eye cream 10ml<\/div>\n<\/p><\/div>\n<div style=\"margin-bottom: 20px;\">\n<div class=\"text-ko\" style=\"text-align: center;\">\uc6b0\ub9ac \ubab8\uc5d0\uc11c \uac00\uc7a5 \ubbfc\uac10\ud558\uace0 \uc587\uc740 \ud53c\ubd80\uac00 \ubc14\ub85c \ub208 \uc8fc\ubcc0\uc774\ub77c\ub294\uac74 \uc6b0\ub9ac \ubaa8\ub450 \uc54c\uace0 \uc788\uc8e0?<\/div>\n<div class=\"text-en\" style=\"text-align: center; display: none;\">We all know that the most sensitive and thinnest skin in our body is around our eyes, right?<\/div>\n<\/p><\/div>\n<div style=\"margin-bottom: 20px;\">\n<div class=\"text-ko\" style=\"text-align: center;\">\uadf8\ub798\uc11c \uc8fc\ub984\uc774 \uc0dd\uae30\uae30\uc804\uc5d0 \ubbf8\ub9ac\ubbf8\ub9ac \uad00\ub9ac\ub97c \ud574\uc918\uc57c\ud558\ub294,<\/div>\n<div class=\"text-en\" style=\"text-align: center; display: none;\">So, you need to take care of wrinkles before they appear.<\/div>\n<\/p><\/div>\n<div style=\"margin-bottom: 20px;\">\n<div class=\"text-ko\" style=\"text-align: center;\">\ub610 \uc8fc\ub984\uc774 \uc0dd\uae30\uace0\ub098\uba74 \ub098\uc774\uac00 \ud655 \ub290\uaef4\uc9c0\ub294 \uc544\uc8fc \uc911\uc694\ud55c \ubd80\ubd84\uc785\ub2c8\ub2e4.<\/div>\n<div class=\"text-en\" style=\"text-align: center; display: none;\">Once wrinkles appear, it is a very important part that makes you feel older.<\/div>\n<\/p><\/div>\n<p>    <img decoding=\"async\" src=\"https:\/\/eurogoodshop.com\/wp-content\/uploads\/product-detail-image\/dtl-5746385558-03.jpg\" alt=\"\uc544\ud3ec\ud14c\uce74 \uc0ac\ub791\ubc1b\ub294 \uc7a5\ubbf8 \uc544\uc774\ud06c\ub9bc\" style=\"display: block; margin: 20px auto;\"><\/p>\n<div style=\"margin-bottom: 20px;\">\n<div class=\"text-ko\" style=\"text-align: center;\">\uc544\ud3ec\ud14c\uce74 \uc0ac\ub791\ubc1b\ub294 \uc7a5\ubbf8 \uc544\uc774\ud06c\ub9bc\uc740<\/div>\n<div class=\"text-en\" style=\"text-align: center; display: none;\">Apoteca\u2019s beloved rose eye cream is<\/div>\n<\/p><\/div>\n<div style=\"margin-bottom: 20px;\">\n<div class=\"text-ko\" style=\"text-align: center;\">\ub208\uac00 \ud53c\ubd80\uc5d0 \ud0c4\ub825\uc744 \ub354\ud558\uace0 \ub2e4\ud06c\uc11c\ud074\uc744 \ubc1d\ud788\ub294 \uc720\uae30\ub18d \uc544\uc774\ud06c\ub9bc\uc73c\ub85c,<\/div>\n<div class=\"text-en\" style=\"text-align: center; display: none;\">An organic eye cream that adds elasticity to the skin around the eyes and brightens dark circles.<\/div>\n<\/p><\/div>\n<div style=\"margin-bottom: 20px;\">\n<div class=\"text-ko\" style=\"text-align: center;\">\uc12c\uc138\ud55c \ub208\uac00\ud53c\ubd80\uc5d0 \ubd80\ub2f4\uc744 \uc8fc\uc9c0\uc54a\uace0 \uc601\uc591\uc744 \uacf5\uae09\ud574\uc694.<\/div>\n<div class=\"text-en\" style=\"text-align: center; display: none;\">Provides nutrition without burdening the delicate skin around the eyes.<\/div>\n<\/p><\/div>\n<div style=\"margin-bottom: 20px;\">\n<div class=\"text-ko\" style=\"text-align: center;\">\uadf8\ub9ac\uace0 \uc5c4\uaca9\ud55c \uc720\ub7fd \uc720\uae30\ub18d \uc778\uc99d\uc744 \ud1b5\uacfc\ud55c \uc131\ubd84\ub9c8\uc800 \uc21c\ud558\uace0 \uc2e0\ub8b0\uac10\uc774 \ub290\uaef4\uc9c0\ub294<\/div>\n<div class=\"text-en\" style=\"text-align: center; display: none;\">And even the ingredients that have passed strict European organic certification are mild and trustworthy.<\/div>\n<\/p><\/div>\n<div style=\"margin-bottom: 20px;\">\n<div class=\"text-ko\" style=\"text-align: center;\">\uc544\ud3ec\ud14c\uce74\uc758 \uccab\ubc88\uc9f8 \uc720\uae30\ub18d \uc544\uc774\ud06c\ub9bc\uc774\uc5d0\uc694.<\/div>\n<div class=\"text-en\" style=\"text-align: center; display: none;\">This is Apoteca\u2019s first organic eye cream.<\/div>\n<\/p><\/div>\n<p>    <img decoding=\"async\" src=\"https:\/\/eurogoodshop.com\/wp-content\/uploads\/product-detail-image\/dtl-5746385558-04.jpg\" alt=\"\uc544\ub984\ub2e4\uc6b4 \uc7a5\ubbf8 \uc544\uc774\ud06c\ub9bc\uc758 \uc8fc\uc694 \uc131\ubd84\" style=\"display: block; margin: 20px auto;\"><\/p>\n<div style=\"margin-bottom: 20px;\">\n<div class=\"text-ko\" style=\"text-align: center;\">\uc774 \uc544\ub984\ub2e4\uc6b4 \uc7a5\ubbf8 \uc544\uc774\ud06c\ub9bc\uc758 \uc8fc\uc694 \uc131\ubd84\uc744 \uc54c\ub824\ub4dc\ub824\uc694.<\/div>\n<div class=\"text-en\" style=\"text-align: center; display: none;\">Let me tell you the main ingredients of this beautiful rose eye cream.<\/div>\n<\/p><\/div>\n<div style=\"margin-bottom: 20px;\">\n<div class=\"text-ko\" style=\"text-align: center;\">\ucf5c\ub77c\uac90 \uc12c\uc720\ub97c \ud53c\ubd80\uc5d0 \ud761\uc218\uc2dc\ud0a4\uace0, \ub204\uac00\ub97c \ubd80\ub4dc\ub7fd\uac8c \uad00\ub9ac\ud558\ub294EPS Seafill<\/div>\n<div class=\"text-en\" style=\"text-align: center; display: none;\">EPS Seafill that absorbs collagen fibers into the skin and gently manages nougat<\/div>\n<\/p><\/div>\n<div style=\"margin-bottom: 20px;\">\n<div class=\"text-ko\" style=\"text-align: center;\">\uc0c1\ucc98\ub97c \uce58\uc720\ud558\uba70 \ud65c\uc131\uc0b0\uc18c\ub97c \ucc28\ub2e8\ud558\uc5ec \ub178\ud654\ucf00\uc5b4\uc5d0 \ud6a8\uacfc\uc801\uc778\ub77c\ud0a4\ud2b8\ub2c9 \ud5c8\ube0c<\/div>\n<div class=\"text-en\" style=\"text-align: center; display: none;\">Rakitnik herb, effective for aging care by healing wounds and blocking free radicals<\/div>\n<\/p><\/div>\n<div style=\"margin-bottom: 20px;\">\n<div class=\"text-ko\" style=\"text-align: center;\">\ud669\uc0b0\ud654 \ubb3c\uc9c8\uc744 \ub2e4\ub7c9 \ud568\uc720\ud55c\ub9c8\uce74\ub2e4\ubbf8\uc544 \uc624\uc77c,<\/div>\n<div class=\"text-en\" style=\"text-align: center; display: none;\">Macadamia oil containing a large amount of sulfated substances,<\/div>\n<\/p><\/div>\n<div style=\"margin-bottom: 20px;\">\n<div class=\"text-ko\" style=\"text-align: center;\">\ubcf4\ud638\uce35\uc744 \ub9cc\ub4dc\ub294\ubc00\ub78d<\/div>\n<div class=\"text-en\" style=\"text-align: center; display: none;\">Beeswax to create a protective layer<\/div>\n<\/p><\/div>\n<p>    <img decoding=\"async\" src=\"https:\/\/eurogoodshop.com\/wp-content\/uploads\/product-detail-image\/dtl-5746385558-05.jpg\" alt=\"\uc0ac\ub791\ubc1b\ub294 \uc7a5\ubbf8 \uc544\uc774\ud06c\ub984\uc758 \ud328\ud0a4\uc9c0\" style=\"display: block; margin: 20px auto;\"><\/p>\n<div style=\"margin-bottom: 20px;\">\n<div class=\"text-ko\" style=\"text-align: center;\">\uc0ac\ub791\ubc1b\ub294 \uc7a5\ubbf8 \uc544\uc774\ud06c\ub984\uc758 \ud328\ud0a4\uc9c0\ub97c \ubcf4\uc5ec\ub4dc\ub824\uc694.<\/div>\n<div class=\"text-en\" style=\"text-align: center; display: none;\">Let me show you the package of the beloved rose eye cream.<\/div>\n<\/p><\/div>\n<div style=\"margin-bottom: 20px;\">\n<div class=\"text-ko\" style=\"text-align: center;\">\uc0c1\uc790 \uc548\uc5d0 \uc544\uc774\ud06c\ub9bc, \uc5b4\ud50c\ub9ac\ucf00\uc774\ud130, \uadf8\ub9ac\uace0 \ub450\uac00\uc9c0\ub97c \ub2f4\uc544 \uc138\uc6cc\ub458 \uc791\uc740 \ucef5\uc774 \uc788\uc5b4\uc694.<\/div>\n<div class=\"text-en\" style=\"text-align: center; display: none;\">Inside the box, there is an eye cream, an applicator, and a small cup to hold the two items.<\/div>\n<\/p><\/div>\n<div style=\"margin-bottom: 20px;\">\n<div class=\"text-ko\" style=\"text-align: center;\">\uc774 \uc544\uc774\ud06c\ub9bc\uc740 \ucac0\ucac0\ud55c \uc81c\ud615\uc758 \ud06c\ub9bc\uc774\uc5d0\uc694.<\/div>\n<div class=\"text-en\" style=\"text-align: center; display: none;\">This eye cream is a cream with a sticky texture.<\/div>\n<\/p><\/div>\n<div style=\"margin-bottom: 20px;\">\n<div class=\"text-ko\" style=\"text-align: center;\">\uc544\uce68, \uc800\ub141 \uc138\uc548 \ud6c4 \ub208\uac00\uc640 \uc785\uc220 \uc8fc\ubcc0\uc5d0 \ucf55\ucf55\ucf55 \ubc14\ub974\uc138\uc694.<\/div>\n<div class=\"text-en\" style=\"text-align: center; display: none;\">After washing your face in the morning and evening, apply it gently around the eyes and lips.<\/div>\n<\/p><\/div>\n<div style=\"margin-bottom: 20px;\">\n<div class=\"text-ko\" style=\"text-align: center;\">\ud2b9\uc218 \uc5b4\ud50c\ub9ac\ucf00\uc774\ud130\ub97c \uc0ac\uc6a9\ud558\uc5ec, \ubd80\ub4dc\ub7fd\uac8c \ub9c8\uc0ac\uc9c0\ud574\ubcf4\uc138\uc694.<\/div>\n<div class=\"text-en\" style=\"text-align: center; display: none;\">Using a special applicator, gently massage.<\/div>\n<\/p><\/div>\n<div style=\"margin-bottom: 20px;\">\n<div class=\"text-ko\" style=\"text-align: center;\">\uc5b4\ud50c\ub9ac\ucf00\uc774\ud130 \uc591\ucabd \ubaa8\uc591\uc774 \ub2ec\ub77c\uc11c, \uc785\uac00 \ub208\uac00 \ud3b8\ud558\uac8c \uc0ac\uc6a9\ud560 \uc218 \uc788\uc5b4\uc694.<\/div>\n<div class=\"text-en\" style=\"text-align: center; display: none;\">The shapes on both sides of the applicator are different, so you can use it comfortably around the mouth and eyes.<\/div>\n<\/p><\/div>\n<div style=\"margin-bottom: 20px;\">\n<div class=\"text-ko\" style=\"text-align: center;\">\uc544\ud3ec\ud14c\uce74\uc758 \uccab\ubc88\uc9f8 \uc544\uc774\ud06c\ub9bc,<\/div>\n<div class=\"text-en\" style=\"text-align: center; display: none;\">Apoteca\u2019s first eye cream,<\/div>\n<\/p><\/div>\n<div style=\"margin-bottom: 20px;\">\n<div class=\"text-ko\" style=\"text-align: center;\">\uc720\uae30\ub18d \uc0ac\ub791\ubc1b\ub294 \uc7a5\ubbf8 \uc544\uc774\ud06c\ub9bc \uc785\ub2c8\ub2e4.<\/div>\n<div class=\"text-en\" style=\"text-align: center; display: none;\">This is a beloved organic rose eye cream.<\/div>\n<\/p><\/div>\n<p>    <img decoding=\"async\" src=\"https:\/\/eurogoodshop.com\/wp-content\/uploads\/product-detail-image\/dtl-5746385558-07.jpg\" alt=\"\uc720\uae30\ub18d \uc0ac\ub791\ubc1b\ub294 \uc7a5\ubbf8 \uc544\uc774\ud06c\ub9bc\" style=\"display: block; margin: 20px auto;\">\n<\/div>","protected":false},"excerpt":{"rendered":"<p>Kr\u00e1sn\u00e1 kurtiz\u00e1na &#8211; Sv\u016fdn\u00fd pohled Kr\u00e1sn\u00e1 kurtiz\u00e1na &#8211; Sv\u016fdn\u00fd pohled Seductive eyes Seductive eyes \uc0ac\ub791\ubc1b\ub294 \uc7a5\ubbf8 \uc544\uc774\ud06c\ub9bc 10ml Loved rose eye cream 10ml \uc6b0\ub9ac \ubab8\uc5d0\uc11c \uac00\uc7a5 \ubbfc\uac10\ud558\uace0 \uc587\uc740 \ud53c\ubd80\uac00 \ubc14\ub85c \ub208 \uc8fc\ubcc0\uc774\ub77c\ub294\uac74 \uc6b0\ub9ac \ubaa8\ub450 \uc54c\uace0 \uc788\uc8e0? We all know that the most sensitive and thinnest skin in our body is around our eyes, right? \uadf8\ub798\uc11c [&hellip;]<\/p>","protected":false},"featured_media":23399,"comment_status":"open","ping_status":"closed","template":"","meta":[],"product_cat":[10029],"product_tag":[5826,5825,5828,5830,5829,5056,5827,4822],"class_list":{"0":"post-23398","1":"product","2":"type-product","3":"status-publish","4":"has-post-thumbnail","6":"product_brand-4891","7":"product_cat-10029","8":"product_tag-5826","9":"product_tag-5825","10":"product_tag-5828","11":"product_tag-5830","12":"product_tag-5829","13":"product_tag-5056","14":"product_tag-5827","15":"product_tag-4822","17":"first","18":"instock","19":"shipping-taxable","20":"purchasable","21":"product-type-simple"},"_links":{"self":[{"href":"https:\/\/eurogoodshop.com\/en\/wp-json\/wp\/v2\/product\/23398","targetHints":{"allow":["GET"]}}],"collection":[{"href":"https:\/\/eurogoodshop.com\/en\/wp-json\/wp\/v2\/product"}],"about":[{"href":"https:\/\/eurogoodshop.com\/en\/wp-json\/wp\/v2\/types\/product"}],"replies":[{"embeddable":true,"href":"https:\/\/eurogoodshop.com\/en\/wp-json\/wp\/v2\/comments?post=23398"}],"wp:featuredmedia":[{"embeddable":true,"href":"https:\/\/eurogoodshop.com\/en\/wp-json\/wp\/v2\/media\/23399"}],"wp:attachment":[{"href":"https:\/\/eurogoodshop.com\/en\/wp-json\/wp\/v2\/media?parent=23398"}],"wp:term":[{"taxonomy":"product_cat","embeddable":true,"href":"https:\/\/eurogoodshop.com\/en\/wp-json\/wp\/v2\/product_cat?post=23398"},{"taxonomy":"product_tag","embeddable":true,"href":"https:\/\/eurogoodshop.com\/en\/wp-json\/wp\/v2\/product_tag?post=23398"}],"curies":[{"name":"wp","href":"https:\/\/api.w.org\/{rel}","templated":true}]}}