{"id":23731,"date":"2025-03-16T18:47:08","date_gmt":"2025-03-16T09:47:08","guid":{"rendered":"https:\/\/eurogoodshop.com\/product\/%ec%bc%80%eb%9d%bc%ec%8a%a4%ed%83%80%ec%a6%88-%ec%86%94%eb%a0%88%ec%9d%bc-%eb%b0%a9-%ec%95%84%ed%94%84%eb%a0%88-%ec%86%94%eb%a0%88%ec%9d%bc-%ec%83%b4%ed%91%b8-200ml-5500731111\/"},"modified":"2026-01-06T23:33:24","modified_gmt":"2026-01-06T14:33:24","slug":"%ec%bc%80%eb%9d%bc%ec%8a%a4%ed%83%80%ec%a6%88-%ec%86%94%eb%a0%88%ec%9d%bc-%eb%b0%a9-%ec%95%84%ed%94%84%eb%a0%88-%ec%86%94%eb%a0%88%ec%9d%bc-%ec%83%b4%ed%91%b8-200ml-5500731111","status":"publish","type":"product","link":"https:\/\/eurogoodshop.com\/en\/product\/%ec%bc%80%eb%9d%bc%ec%8a%a4%ed%83%80%ec%a6%88-%ec%86%94%eb%a0%88%ec%9d%bc-%eb%b0%a9-%ec%95%84%ed%94%84%eb%a0%88-%ec%86%94%eb%a0%88%ec%9d%bc-%ec%83%b4%ed%91%b8-200ml-5500731111\/","title":{"rendered":"\ucf00\ub77c\uc2a4\ud0c0\uc988 \uc194\ub808\uc77c \ubc29 \uc544\ud504\ub808 \uc194\ub808\uc77c \uc0f4\ud478 250ml"},"content":{"rendered":"<div style=\"text-align: center;\">\n    <img decoding=\"async\" src=\"https:\/\/eurogoodshop.com\/wp-content\/uploads\/product-detail-image\/dtl-5500731111-01.jpg\" alt=\"\ucf00\ub77c\uc2a4\ud0c0\uc988 \uc194\ub808\uc77c \ubc29 \uc544\ud504\ub808 \uc194\ub808\uc77c \uc0f4\ud478 \uc774\ubbf8\uc9c0\" style=\"display: block; margin: 20px auto;\"><\/p>\n<div style=\"margin-bottom: 20px;\">\n<div class=\"text-ko\" style=\"text-align: center; font-weight: bold; font-size: 1.2em;\">\ucf00\ub77c\uc2a4\ud0c0\uc988 \uc194\ub808\uc77c \ubc29 \uc544\ud504\ub808 \uc194\ub808\uc77c \uc0f4\ud478 200ml<\/div>\n<div class=\"text-en\" style=\"text-align: center; font-weight: bold; font-size: 1.2em; display: none;\">K\u00e9rastase Soleil Bang Apr\u00e8s Soleil Shampoo 200ml<\/div>\n<\/p><\/div>\n<div style=\"margin-bottom: 20px;\">\n<div class=\"text-ko\" style=\"text-align: center; font-weight: bold; font-size: 1.2em;\">K\u00e9rastase Soleil Bain Apr\u00e9s Soleil 250ml<\/div>\n<div class=\"text-en\" style=\"text-align: center; font-weight: bold; font-size: 1.2em; display: none;\">K\u00e9rastase Soleil Bain Apr\u00e9s Soleil 250ml<\/div>\n<\/p><\/div>\n<div style=\"margin-bottom: 20px;\">\n<div class=\"text-ko\" style=\"text-align: center;\">\ucf54\ucf54\ub11b \uc6cc\ud130 \uc131\ubd84\uc774 \ud48d\ubd80\ud55c \uc5d0\ud504\ud130 \uc36c \uc0f4\ud478\uc785\ub2c8\ub2e4.<\/div>\n<div class=\"text-en\" style=\"text-align: center; display: none;\">This is an after-sun shampoo rich in coconut water.<\/div>\n<\/p><\/div>\n<div style=\"margin-bottom: 20px;\">\n<div class=\"text-ko\" style=\"text-align: center;\">\uc18c\uae08, \ubc0f \ubaa8\ub798 \uc794\uc5ec\ubb3c\uc744 \ubd80\ub4dc\ub7fd\uac8c \uc81c\uac70\ud569\ub2c8\ub2e4.<\/div>\n<div class=\"text-en\" style=\"text-align: center; display: none;\">Gently removes salt and sand residues.<\/div>\n<\/p><\/div>\n<div style=\"margin-bottom: 20px;\">\n<div class=\"text-ko\" style=\"text-align: center;\">\uc816\uc740 \ubaa8\ubc1c\uc5d0 \ubc18\ud22c\uba85 \uc824\uc774 \uac70\ud488\uc744 \ub0b4\uc5b4 \ub450\ud53c\ub97c \uae68\ub057\ud558\uac8c \uc53b\uc5b4\uc90d\ub2c8\ub2e4.<\/div>\n<div class=\"text-en\" style=\"text-align: center; display: none;\">The translucent gel foams on wet hair and cleanses the scalp thoroughly.<\/div>\n<\/p><\/div>\n<div style=\"margin-bottom: 20px;\">\n<div class=\"text-ko\" style=\"text-align: center;\">\ud5a5\uae30\ub85c\uc6b4 \uc790\uc2a4\ubbfc \ub178\ud2b8\uc640 \uad00\ub2a5\uc801\uc778 \uc6d4\ud558\ud5a5\uc73c\ub85c \ud558\ub8e8\uc885\uc77c \ud5a5\uae30\ub85c\uc6b4 \ud5a5\uc744 \uc120\uc0ac\ud569\ub2c8\ub2e4.<\/div>\n<div class=\"text-en\" style=\"text-align: center; display: none;\">Fragrant jasmine notes and sensual moonshine scent provide a fragrant scent all day long.<\/div>\n<\/p><\/div>\n<div style=\"margin-bottom: 20px;\">\n<div class=\"text-ko\" style=\"text-align: center;\">\uc804\uc131\ubd84: Aqua \/ Water &#8211; Sodium Laureth Sulfate &#8211; Coco-Betaine &#8211; Laureth-5 Carboxylic Acid &#8211; Amodimethicone &#8211; Sodium Chloride &#8211; Polyquaternium-10 &#8211; Citric Acid &#8211; Sodium Benzoate &#8211; Ppg-5-Ceteth-20 &#8211; Sodium Hydroxide &#8211; Ceteareth-60 Myristyl Glycol &#8211; Peg-55 Propylene Glycol Oleate &#8211; Propylene Glycol &#8211; Salicylic Acid &#8211; Ethylhexyl Salicylate &#8211; Cocos Nucifera Fruit Juice \/ Coconut Fruit Juice &#8211; Benzyl Alcohol &#8211; 2-Oleamido-1,3-Octadecanediol &#8211; Tocopherol &#8211; Potassium Sorbate &#8211; Parfum \/ Fragrance.<\/div>\n<div class=\"text-en\" style=\"text-align: center; display: none;\">All ingredients: Aqua \/ Water &#8211; Sodium Laureth Sulfate &#8211; Coco-Betaine &#8211; Laureth-5 Carboxylic Acid &#8211; Amodimethicone &#8211; Sodium Chloride &#8211; Polyquaternium-10 &#8211; Citric Acid &#8211; Sodium Benzoate &#8211; Ppg-5-Ceteth-20 &#8211; Sodium Hydroxide &#8211; Ceteareth-60 Myristyl Glycol &#8211; Peg-55 Propylene Glycol Oleate &#8211; Propylene Glycol &#8211; Salicylic Acid &#8211; Ethylhexyl Salicylate &#8211; Cocos Nucifera Fruit Juice \/ Coconut Fruit Juice &#8211; Benzyl Alcohol &#8211; 2-Oleamido-1,3-Octadecanediol &#8211; Tocopherol &#8211; Potassium Sorbate &#8211; Parfum \/ Fragrance.<\/div>\n<\/p><\/div>\n<div style=\"margin-bottom: 20px;\">\n<div class=\"text-ko\" style=\"text-align: center;\">+ \uc2dd\uc57d\uccad \uad00\ub9ac \uae30\uc900\uc5d0 \uc758\uac70\ud558\uc5ec \uc758\uc57d\uc801\uc778 \ud6a8\ub2a5\uc774\ub098 \uacfc\ub300\uad11\uace0\uac00 \uc6b0\ub824\ub418\ub294 \uc6a9\uc5b4 \ubc0f \ud6a8\ub2a5 \ub4f1\uc758 \ud45c\ud604\uc740 \uc790\uc81c\ub418\uc5c8\uc73c\uba70,<\/div>\n<div class=\"text-en\" style=\"text-align: center; display: none;\">+ In accordance with the management standards of the Food and Drug Administration, expressions of medicinal efficacy or terms and efficacy that may lead to excessive advertising were refrained.<\/div>\n<\/p><\/div>\n<div style=\"margin-bottom: 20px;\">\n<div class=\"text-ko\" style=\"text-align: center;\">\uc0c1\ud488\uc5d0\ub300\ud574 \uad81\uae08\ud55c \uc0ac\ud56d\uc774 \uc788\uc73c\uc2dc\uba74 \uacf5\uc2dd \ud648\ud398\uc774\uc9c0\ub97c \ucc38\uace0\ud558\uc2dc\uac70\ub098 \ud1a1\ud1a1\uc73c\ub85c \ubb38\uc758 \ubd80\ud0c1\ub4dc\ub9bd\ub2c8\ub2e4.<\/div>\n<div class=\"text-en\" style=\"text-align: center; display: none;\">If you have any questions about the product, please refer to the official website or contact us via TalkTalk.<\/div>\n<\/p><\/div>\n<\/div>","protected":false},"excerpt":{"rendered":"<p>\ucf00\ub77c\uc2a4\ud0c0\uc988 \uc194\ub808\uc77c \ubc29 \uc544\ud504\ub808 \uc194\ub808\uc77c \uc0f4\ud478 200ml K\u00e9rastase Soleil Bang Apr\u00e8s Soleil Shampoo 200ml K\u00e9rastase Soleil Bain Apr\u00e9s Soleil 250ml K\u00e9rastase Soleil Bain Apr\u00e9s Soleil 250ml \ucf54\ucf54\ub11b \uc6cc\ud130 \uc131\ubd84\uc774 \ud48d\ubd80\ud55c \uc5d0\ud504\ud130 \uc36c \uc0f4\ud478\uc785\ub2c8\ub2e4. This is an after-sun shampoo rich in coconut water. \uc18c\uae08, \ubc0f \ubaa8\ub798 \uc794\uc5ec\ubb3c\uc744 \ubd80\ub4dc\ub7fd\uac8c \uc81c\uac70\ud569\ub2c8\ub2e4. Gently removes salt and sand residues. \uc816\uc740 [&hellip;]<\/p>","protected":false},"featured_media":23732,"comment_status":"open","ping_status":"closed","template":"","meta":[],"product_cat":[10069],"product_tag":[4576,4557,5913,5912,4447,4449,7138,7139,7140,4529],"class_list":{"0":"post-23731","1":"product","2":"type-product","3":"status-publish","4":"has-post-thumbnail","6":"product_brand-6524","7":"product_cat-10069","8":"product_tag-4576","9":"product_tag-4557","10":"product_tag-5913","11":"product_tag-5912","12":"product_tag-4447","13":"product_tag-4449","14":"product_tag-7138","15":"product_tag-7139","16":"product_tag-7140","17":"product_tag-4529","19":"first","20":"instock","21":"shipping-taxable","22":"purchasable","23":"product-type-simple"},"_links":{"self":[{"href":"https:\/\/eurogoodshop.com\/en\/wp-json\/wp\/v2\/product\/23731","targetHints":{"allow":["GET"]}}],"collection":[{"href":"https:\/\/eurogoodshop.com\/en\/wp-json\/wp\/v2\/product"}],"about":[{"href":"https:\/\/eurogoodshop.com\/en\/wp-json\/wp\/v2\/types\/product"}],"replies":[{"embeddable":true,"href":"https:\/\/eurogoodshop.com\/en\/wp-json\/wp\/v2\/comments?post=23731"}],"wp:featuredmedia":[{"embeddable":true,"href":"https:\/\/eurogoodshop.com\/en\/wp-json\/wp\/v2\/media\/23732"}],"wp:attachment":[{"href":"https:\/\/eurogoodshop.com\/en\/wp-json\/wp\/v2\/media?parent=23731"}],"wp:term":[{"taxonomy":"product_cat","embeddable":true,"href":"https:\/\/eurogoodshop.com\/en\/wp-json\/wp\/v2\/product_cat?post=23731"},{"taxonomy":"product_tag","embeddable":true,"href":"https:\/\/eurogoodshop.com\/en\/wp-json\/wp\/v2\/product_tag?post=23731"}],"curies":[{"name":"wp","href":"https:\/\/api.w.org\/{rel}","templated":true}]}}