{"id":23776,"date":"2025-03-16T18:49:16","date_gmt":"2025-03-16T09:49:16","guid":{"rendered":"https:\/\/eurogoodshop.com\/product\/%ec%bc%80%eb%9d%bc%ec%8a%a4%ed%83%80%ec%a6%88-%eb%b3%bc%eb%a5%98%eb%af%b8%ed%94%bc%ed%81%ac-%eb%b0%a9-%eb%b3%bc%eb%a5%a8-%ec%83%b4%ed%91%b8-250ml-5487276877\/"},"modified":"2026-01-06T23:35:33","modified_gmt":"2026-01-06T14:35:33","slug":"%ec%bc%80%eb%9d%bc%ec%8a%a4%ed%83%80%ec%a6%88-%eb%b3%bc%eb%a5%98%eb%af%b8%ed%94%bc%ed%81%ac-%eb%b0%a9-%eb%b3%bc%eb%a5%a8-%ec%83%b4%ed%91%b8-250ml-5487276877","status":"publish","type":"product","link":"https:\/\/eurogoodshop.com\/en\/product\/%ec%bc%80%eb%9d%bc%ec%8a%a4%ed%83%80%ec%a6%88-%eb%b3%bc%eb%a5%98%eb%af%b8%ed%94%bc%ed%81%ac-%eb%b0%a9-%eb%b3%bc%eb%a5%a8-%ec%83%b4%ed%91%b8-250ml-5487276877\/","title":{"rendered":"\ucf00\ub77c\uc2a4\ud0c0\uc988 \ubcfc\ub958\ubbf8\ud53c\ud06c \ubc29 \ubcfc\ub968 \uc0f4\ud478 250ml"},"content":{"rendered":"<div style=\"text-align: center;\">\n    <img decoding=\"async\" src=\"https:\/\/eurogoodshop.com\/wp-content\/uploads\/product-detail-image\/dtl-5487276877-01.jpg\" alt=\"\ucf00\ub77c\uc2a4\ud0c0\uc988 \ubcfc\ub958\ubbf8\ud53c\ud06c \ubc29 \ubcfc\ub968 \uc0f4\ud478 250ml\" style=\"display: block; margin: 20px auto;\"><\/p>\n<div style=\"margin-bottom: 15px;\">\n<div class=\"text-ko\" style=\"text-align: center; font-weight: bold; font-size: 1.2em;\">\ucf00\ub77c\uc2a4\ud0c0\uc988 \ubcfc\ub958\ubbf8\ud53c\ud06c \ubc29 \ubcfc\ub968 \uc0f4\ud478 250ml<\/div>\n<div class=\"text-en\" style=\"text-align: center; font-weight: bold; font-size: 1.2em; display: none;\">K\u00e9rastase Volumy Peak Bang Volume Shampoo 250ml<\/div>\n<\/p><\/div>\n<div style=\"margin-bottom: 15px;\">\n<div class=\"text-ko\" style=\"text-align: center;\">K\u00e9rastase Volumifique Bain Volume 250ml<\/div>\n<div class=\"text-en\" style=\"text-align: center; display: none;\">K\u00e9rastase Volumifique Bain Volume 250ml<\/div>\n<\/p><\/div>\n<div style=\"margin-bottom: 15px;\">\n<div class=\"text-ko\" style=\"text-align: center;\">\uac00\ub298\uace0 \ud798\uc774 \uc5c6\ub294 \ubaa8\ubc1c\uc5d0 \ud2b9\ud654\ub41c \ubcfc\ub968 \uc0f4\ud478 \uc785\ub2c8\ub2e4.<\/div>\n<div class=\"text-en\" style=\"text-align: center; display: none;\">This is a volumizing shampoo specialized for thin and weak hair.<\/div>\n<\/p><\/div>\n<div style=\"margin-bottom: 15px;\">\n<div class=\"text-ko\" style=\"text-align: center;\">\uc804\uc131\ubd84: Aqua \/ Water &#8211; Sodium Laureth Sulfate &#8211; Coco-betaine &#8211; Sodium Lauryl Sulfate &#8211; Sodium Chloride &#8211; Glycol Distearate &#8211; Hexylene Glycol &#8211; Aminopropyl Triethoxysilane &#8211; Sodium Benzoate &#8211; Hydroxypropyl Guar Hydroxypropyltrimonium Chloride &#8211; Lactic Acid &#8211; Alcohol Denat.- Polyquaternium-30 &#8211; Salicylic Acid &#8211; Carbomer &#8211; Amyl Cinnamal &#8211; Hexyl Cinnamal &#8211; Benzyl Alcohol &#8211; Linalool &#8211; Hydroxycitronellal &#8211; Butylphenyl Methylpropional &#8211; Citronellol &#8211; Limonene &#8211; Hydroxyethylcellulose -Benzyl Cinnamate &#8211; Sodium Hydroxide &#8211; Parfum \/ Fragrance.<\/div>\n<div class=\"text-en\" style=\"text-align: center; display: none;\">All ingredients: Aqua \/ Water &#8211; Sodium Laureth Sulfate &#8211; Coco-betaine &#8211; Sodium Lauryl Sulfate &#8211; Sodium Chloride &#8211; Glycol Distearate &#8211; Hexylene Glycol &#8211; Aminopropyl Triethoxysilane &#8211; Sodium Benzoate &#8211; Hydroxypropyl Guar Hydroxypropyltrimonium Chloride &#8211; Lactic Acid &#8211; Alcohol Denat.- Polyquaternium-30 &#8211; Salicylic Acid &#8211; Carbomer &#8211; Amyl Cinnamal &#8211; Hexyl Cinnamal &#8211; Benzyl Alcohol &#8211; Linalool &#8211; Hydroxycitronellal &#8211; Butylphenyl Methylpropional &#8211; Citronellol &#8211; Limonene &#8211; Hydroxyethylcellulose -Benzyl Cinnamate &#8211; Sodium Hydroxide &#8211; Parfum \/ Fragrance.<\/div>\n<\/p><\/div>\n<div style=\"margin-bottom: 15px;\">\n<div class=\"text-ko\" style=\"text-align: center;\">+ \uc2dd\uc57d\uccad \uad00\ub9ac \uae30\uc900\uc5d0 \uc758\uac70\ud558\uc5ec \uc758\uc57d\uc801\uc778 \ud6a8\ub2a5\uc774\ub098 \uacfc\ub300\uad11\uace0\uac00 \uc6b0\ub824\ub418\ub294 \uc6a9\uc5b4 \ubc0f \ud6a8\ub2a5 \ub4f1\uc758 \ud45c\ud604\uc740 \uc790\uc81c\ub418\uc5c8\uc73c\uba70,<\/div>\n<div class=\"text-en\" style=\"text-align: center; display: none;\">+ In accordance with the management standards of the Food and Drug Administration, expressions of medicinal efficacy or terms and efficacy that may lead to excessive advertising were refrained.<\/div>\n<\/p><\/div>\n<div style=\"margin-bottom: 15px;\">\n<div class=\"text-ko\" style=\"text-align: center;\">\uc0c1\ud488\uc5d0\ub300\ud574 \uad81\uae08\ud55c \uc0ac\ud56d\uc774 \uc788\uc73c\uc2dc\uba74 \uacf5\uc2dd \ud648\ud398\uc774\uc9c0\ub97c \ucc38\uace0\ud558\uc2dc\uac70\ub098 \ud1a1\ud1a1\uc73c\ub85c \ubb38\uc758 \ubd80\ud0c1\ub4dc\ub9bd\ub2c8\ub2e4.<\/div>\n<div class=\"text-en\" style=\"text-align: center; display: none;\">If you have any questions about the product, please refer to the official website or contact us via TalkTalk.<\/div>\n<\/p><\/div>\n<\/div>","protected":false},"excerpt":{"rendered":"<p>\ucf00\ub77c\uc2a4\ud0c0\uc988 \ubcfc\ub958\ubbf8\ud53c\ud06c \ubc29 \ubcfc\ub968 \uc0f4\ud478 250ml K\u00e9rastase Volumy Peak Bang Volume Shampoo 250ml K\u00e9rastase Volumifique Bain Volume 250ml K\u00e9rastase Volumifique Bain Volume 250ml \uac00\ub298\uace0 \ud798\uc774 \uc5c6\ub294 \ubaa8\ubc1c\uc5d0 \ud2b9\ud654\ub41c \ubcfc\ub968 \uc0f4\ud478 \uc785\ub2c8\ub2e4. This is a volumizing shampoo specialized for thin and weak hair. \uc804\uc131\ubd84: Aqua \/ Water &#8211; Sodium Laureth Sulfate &#8211; Coco-betaine &#8211; Sodium Lauryl [&hellip;]<\/p>","protected":false},"featured_media":23777,"comment_status":"open","ping_status":"closed","template":"","meta":[],"product_cat":[10069],"product_tag":[4533,4560,5966,5879,4559,6443,6440,4532,5912,4575],"class_list":{"0":"post-23776","1":"product","2":"type-product","3":"status-publish","4":"has-post-thumbnail","6":"product_brand-6524","7":"product_cat-10069","8":"product_tag-4533","9":"product_tag-4560","10":"product_tag-5966","11":"product_tag-5879","12":"product_tag-4559","13":"product_tag-6443","14":"product_tag-6440","15":"product_tag-4532","16":"product_tag-5912","17":"product_tag-4575","19":"first","20":"instock","21":"shipping-taxable","22":"purchasable","23":"product-type-simple"},"_links":{"self":[{"href":"https:\/\/eurogoodshop.com\/en\/wp-json\/wp\/v2\/product\/23776","targetHints":{"allow":["GET"]}}],"collection":[{"href":"https:\/\/eurogoodshop.com\/en\/wp-json\/wp\/v2\/product"}],"about":[{"href":"https:\/\/eurogoodshop.com\/en\/wp-json\/wp\/v2\/types\/product"}],"replies":[{"embeddable":true,"href":"https:\/\/eurogoodshop.com\/en\/wp-json\/wp\/v2\/comments?post=23776"}],"wp:featuredmedia":[{"embeddable":true,"href":"https:\/\/eurogoodshop.com\/en\/wp-json\/wp\/v2\/media\/23777"}],"wp:attachment":[{"href":"https:\/\/eurogoodshop.com\/en\/wp-json\/wp\/v2\/media?parent=23776"}],"wp:term":[{"taxonomy":"product_cat","embeddable":true,"href":"https:\/\/eurogoodshop.com\/en\/wp-json\/wp\/v2\/product_cat?post=23776"},{"taxonomy":"product_tag","embeddable":true,"href":"https:\/\/eurogoodshop.com\/en\/wp-json\/wp\/v2\/product_tag?post=23776"}],"curies":[{"name":"wp","href":"https:\/\/api.w.org\/{rel}","templated":true}]}}