{"id":23782,"date":"2025-03-16T18:49:35","date_gmt":"2025-03-16T09:49:35","guid":{"rendered":"https:\/\/eurogoodshop.com\/product\/%ec%bc%80%eb%9d%bc%ec%8a%a4%ed%83%80%ec%a6%88-%eb%89%b4%ed%8a%b8%eb%a6%ac%ed%8b%b0%eb%b8%8c-%eb%b0%a9-%ec%83%88%ed%8b%b4-1-%ec%83%b4%ed%91%b8-250ml-5486257200\/"},"modified":"2026-01-06T23:35:51","modified_gmt":"2026-01-06T14:35:51","slug":"%ec%bc%80%eb%9d%bc%ec%8a%a4%ed%83%80%ec%a6%88-%eb%89%b4%ed%8a%b8%eb%a6%ac%ed%8b%b0%eb%b8%8c-%eb%b0%a9-%ec%83%88%ed%8b%b4-1-%ec%83%b4%ed%91%b8-250ml-5486257200","status":"publish","type":"product","link":"https:\/\/eurogoodshop.com\/en\/product\/%ec%bc%80%eb%9d%bc%ec%8a%a4%ed%83%80%ec%a6%88-%eb%89%b4%ed%8a%b8%eb%a6%ac%ed%8b%b0%eb%b8%8c-%eb%b0%a9-%ec%83%88%ed%8b%b4-1-%ec%83%b4%ed%91%b8-250ml-5486257200\/","title":{"rendered":"\ucf00\ub77c\uc2a4\ud0c0\uc988 \ub274\ud2b8\ub9ac\ud2f0\ube0c \ubc29 \uc0c8\ud2f4 \uc0f4\ud478 250ml"},"content":{"rendered":"<div style=\"text-align: center;\">\n    <img decoding=\"async\" src=\"https:\/\/eurogoodshop.com\/wp-content\/uploads\/product-detail-image\/dtl-5486257200-01.jpg\" alt=\"\ucf00\ub77c\uc2a4\ud0c0\uc988 \ub274\ud2b8\ub9ac\ud2f0\ube0c \ubc29 \uc0c8\ud2f4 1 \uc0f4\ud478 \uc774\ubbf8\uc9c0\" style=\"display: block; margin: 20px auto;\"><\/p>\n<div style=\"margin-bottom: 20px;\">\n<div class=\"text-ko\" style=\"text-align: center; font-weight: bold; font-size: 1.2em;\">\ucf00\ub77c\uc2a4\ud0c0\uc988 \ub274\ud2b8\ub9ac\ud2f0\ube0c \ubc29 \uc0c8\ud2f4 1 \uc0f4\ud478 250ml<\/div>\n<div class=\"text-en\" style=\"text-align: center; font-weight: bold; font-size: 1.2em; display: none;\">K\u00e9rastase Nutritive Bang Satin 1 Shampoo 250ml<\/div>\n<\/p><\/div>\n<div style=\"margin-bottom: 20px;\">\n<div class=\"text-ko\" style=\"text-align: center;\">K\u00e9rastase Nutritive Bain Satin 1 250ml<\/div>\n<div class=\"text-en\" style=\"text-align: center; display: none;\">K\u00e9rastase Nutritive Bain Satin 1 250ml<\/div>\n<\/p><\/div>\n<div style=\"margin-bottom: 20px;\">\n<div class=\"text-ko\" style=\"text-align: center;\">\ubcf4\ud1b5\uc5d0\uc11c \uc57d\uac04 \uac74\uc870\ud55c \ubaa8\ubc1c\uc744 \uc704\ud55c \ud2b9\ubcc4\ud788 \uac1c\ubc1c\ub41c \uc601\uc591 \uc0f4\ud478\uc785\ub2c8\ub2e4.<\/div>\n<div class=\"text-en\" style=\"text-align: center; display: none;\">A nutritional shampoo specially developed for normal to slightly dry hair.<\/div>\n<\/p><\/div>\n<div style=\"margin-bottom: 20px;\">\n<div class=\"text-ko\" style=\"text-align: center;\">-\ubaa8\ubc1c \ubfcc\ub9ac\uc5d0\uc11c \ub05d\uae4c\uc9c0 \uade0\uc77c\ud55c \uc601\uc591\uc744 \uacf5\uae09\ud569\ub2c8\ub2e4.<\/div>\n<div class=\"text-en\" style=\"text-align: center; display: none;\">&#8211; Provides uniform nutrition from hair root to tip.<\/div>\n<\/p><\/div>\n<div style=\"margin-bottom: 20px;\">\n<div class=\"text-ko\" style=\"text-align: center;\">-\ubaa8\ubc1c\uc744 \ubd80\ub4dc\ub7fd\uac8c \ud569\ub2c8\ub2e4.<\/div>\n<div class=\"text-en\" style=\"text-align: center; display: none;\">-Softens the hair.<\/div>\n<\/p><\/div>\n<div style=\"margin-bottom: 20px;\">\n<div class=\"text-ko\" style=\"text-align: center;\">-\ub370\uc77c\ub9ac\ub85c \uc0ac\uc6a9\ud558\uae30 \uc801\ud569\ud569\ub2c8\ub2e4.<\/div>\n<div class=\"text-en\" style=\"text-align: center; display: none;\">&#8211; Suitable for daily use.<\/div>\n<\/p><\/div>\n<div style=\"margin-bottom: 20px;\">\n<div class=\"text-ko\" style=\"text-align: center;\">\uc804\uc131\ubd84:Aqua \/ Water &#8211; Sodium Laureth Sulfate &#8211; Sodium Chloride &#8211; Dimethicone &#8211; Coco-Betaine &#8211; Cyclodextrin &#8211; Glycerin &#8211; Ppg-5-Ceteth-20 &#8211; Sodium Benzoate &#8211; Isostearyl Neopentanoate &#8211; Salicylic Acid &#8211; Carbomer &#8211; Guar Hydroxypropyltrimonium Chloride &#8211; Linalool &#8211; Hydroxypropyltrimonium Hydrolyzed Wheat Protein &#8211; Limonene &#8211; Glyceryl Linoleate &#8211; Safflower Glucoside &#8211; Butylphenyl Methylpropional &#8211; Glyceryl Oleate &#8211; Iris Florentina \/ Iris Florentina Root Extract &#8211; Glyceryl Linolenate &#8211; Sodium Hydroxide &#8211; Citric Acid &#8211; Parfum \/ Fragrance.<\/div>\n<div class=\"text-en\" style=\"text-align: center; display: none;\">All ingredients: Aqua \/ Water &#8211; Sodium Laureth Sulfate &#8211; Sodium Chloride &#8211; Dimethicone &#8211; Coco-Betaine &#8211; Cyclodextrin &#8211; Glycerin &#8211; Ppg-5-Ceteth-20 &#8211; Sodium Benzoate &#8211; Isostearyl Neopentanoate &#8211; Salicylic Acid &#8211; Carbomer &#8211; Guar Hydroxypropyltrimonium Chloride &#8211; Linalool &#8211; Hydroxypropyltrimonium Hydrolyzed Wheat Protein &#8211; Limonene &#8211; Glyceryl Linoleate &#8211; Safflower Glucoside &#8211; Butylphenyl Methylpropional &#8211; Glyceryl Oleate &#8211; Iris Florentina \/ Iris Florentina Root Extract &#8211; Glyceryl Linolenate &#8211; Sodium Hydroxide &#8211; Citric Acid &#8211; Parfum \/ Fragrance.<\/div>\n<\/p><\/div>\n<div style=\"margin-bottom: 20px;\">\n<div class=\"text-ko\" style=\"text-align: center;\">+ \uc2dd\uc57d\uccad \uad00\ub9ac \uae30\uc900\uc5d0 \uc758\uac70\ud558\uc5ec \uc758\uc57d\uc801\uc778 \ud6a8\ub2a5\uc774\ub098 \uacfc\ub300\uad11\uace0\uac00 \uc6b0\ub824\ub418\ub294 \uc6a9\uc5b4 \ubc0f \ud6a8\ub2a5 \ub4f1\uc758 \ud45c\ud604\uc740 \uc790\uc81c\ub418\uc5c8\uc73c\uba70,<\/div>\n<div class=\"text-en\" style=\"text-align: center; display: none;\">+ In accordance with the management standards of the Food and Drug Administration, expressions of medicinal efficacy or terms and efficacy that may lead to excessive advertising were refrained.<\/div>\n<\/p><\/div>\n<div style=\"margin-bottom: 20px;\">\n<div class=\"text-ko\" style=\"text-align: center;\">\uc0c1\ud488\uc5d0\ub300\ud574 \uad81\uae08\ud55c \uc0ac\ud56d\uc774 \uc788\uc73c\uc2dc\uba74 \uacf5\uc2dd \ud648\ud398\uc774\uc9c0\ub97c \ucc38\uace0\ud558\uc2dc\uac70\ub098 \ud1a1\ud1a1\uc73c\ub85c \ubb38\uc758 \ubd80\ud0c1\ub4dc\ub9bd\ub2c8\ub2e4.<\/div>\n<div class=\"text-en\" style=\"text-align: center; display: none;\">If you have any questions about the product, please refer to the official website or contact us via TalkTalk.<\/div>\n<\/p><\/div>\n<\/div>","protected":false},"excerpt":{"rendered":"<p>\ucf00\ub77c\uc2a4\ud0c0\uc988 \ub274\ud2b8\ub9ac\ud2f0\ube0c \ubc29 \uc0c8\ud2f4 1 \uc0f4\ud478 250ml K\u00e9rastase Nutritive Bang Satin 1 Shampoo 250ml K\u00e9rastase Nutritive Bain Satin 1 250ml K\u00e9rastase Nutritive Bain Satin 1 250ml \ubcf4\ud1b5\uc5d0\uc11c \uc57d\uac04 \uac74\uc870\ud55c \ubaa8\ubc1c\uc744 \uc704\ud55c \ud2b9\ubcc4\ud788 \uac1c\ubc1c\ub41c \uc601\uc591 \uc0f4\ud478\uc785\ub2c8\ub2e4. A nutritional shampoo specially developed for normal to slightly dry hair. -\ubaa8\ubc1c \ubfcc\ub9ac\uc5d0\uc11c \ub05d\uae4c\uc9c0 \uade0\uc77c\ud55c \uc601\uc591\uc744 \uacf5\uae09\ud569\ub2c8\ub2e4. &#8211; Provides uniform [&hellip;]<\/p>","protected":false},"featured_media":23783,"comment_status":"open","ping_status":"closed","template":"","meta":[],"product_cat":[10069],"product_tag":[4533,4366,4537,4536,4314,4563,4555,6438,4534,5911],"class_list":{"0":"post-23782","1":"product","2":"type-product","3":"status-publish","4":"has-post-thumbnail","6":"product_brand-6524","7":"product_cat-10069","8":"product_tag-4533","9":"product_tag-4366","10":"product_tag-4537","11":"product_tag-4536","12":"product_tag-4314","13":"product_tag-4563","14":"product_tag-4555","15":"product_tag-6438","16":"product_tag-4534","17":"product_tag-5911","19":"first","20":"instock","21":"shipping-taxable","22":"purchasable","23":"product-type-simple"},"_links":{"self":[{"href":"https:\/\/eurogoodshop.com\/en\/wp-json\/wp\/v2\/product\/23782","targetHints":{"allow":["GET"]}}],"collection":[{"href":"https:\/\/eurogoodshop.com\/en\/wp-json\/wp\/v2\/product"}],"about":[{"href":"https:\/\/eurogoodshop.com\/en\/wp-json\/wp\/v2\/types\/product"}],"replies":[{"embeddable":true,"href":"https:\/\/eurogoodshop.com\/en\/wp-json\/wp\/v2\/comments?post=23782"}],"wp:featuredmedia":[{"embeddable":true,"href":"https:\/\/eurogoodshop.com\/en\/wp-json\/wp\/v2\/media\/23783"}],"wp:attachment":[{"href":"https:\/\/eurogoodshop.com\/en\/wp-json\/wp\/v2\/media?parent=23782"}],"wp:term":[{"taxonomy":"product_cat","embeddable":true,"href":"https:\/\/eurogoodshop.com\/en\/wp-json\/wp\/v2\/product_cat?post=23782"},{"taxonomy":"product_tag","embeddable":true,"href":"https:\/\/eurogoodshop.com\/en\/wp-json\/wp\/v2\/product_tag?post=23782"}],"curies":[{"name":"wp","href":"https:\/\/api.w.org\/{rel}","templated":true}]}}