{"id":23789,"date":"2025-03-16T18:49:53","date_gmt":"2025-03-16T09:49:53","guid":{"rendered":"https:\/\/eurogoodshop.com\/product\/%ec%bc%80%eb%9d%bc%ec%8a%a4%ed%83%80%ec%a6%88-%eb%b8%94%eb%a1%a0%eb%93%9c-%ec%95%b1%ec%86%94%eb%a3%a8-%eb%a7%88%ec%8a%a4%ed%81%ac-%eb%b0%94%ec%9d%b4%ec%98%ac%eb%a0%9b-200ml-5486187157\/"},"modified":"2026-01-06T23:36:18","modified_gmt":"2026-01-06T14:36:18","slug":"%ec%bc%80%eb%9d%bc%ec%8a%a4%ed%83%80%ec%a6%88-%eb%b8%94%eb%a1%a0%eb%93%9c-%ec%95%b1%ec%86%94%eb%a3%a8-%eb%a7%88%ec%8a%a4%ed%81%ac-%eb%b0%94%ec%9d%b4%ec%98%ac%eb%a0%9b-200ml-5486187157","status":"publish","type":"product","link":"https:\/\/eurogoodshop.com\/en\/product\/%ec%bc%80%eb%9d%bc%ec%8a%a4%ed%83%80%ec%a6%88-%eb%b8%94%eb%a1%a0%eb%93%9c-%ec%95%b1%ec%86%94%eb%a3%a8-%eb%a7%88%ec%8a%a4%ed%81%ac-%eb%b0%94%ec%9d%b4%ec%98%ac%eb%a0%9b-200ml-5486187157\/","title":{"rendered":"\ucf00\ub77c\uc2a4\ud0c0\uc988 \ube14\ub860\ub4dc \uc571\uc194\ub8e8 \ub9c8\uc2a4\ud06c \ubc14\uc774\uc62c\ub81b 200ml"},"content":{"rendered":"<div style=\"text-align: center;\">\n    <img decoding=\"async\" src=\"https:\/\/eurogoodshop.com\/wp-content\/uploads\/product-detail-image\/dtl-5486187157-01.jpg\" alt=\"\uc774\ubbf8\uc9c0\" style=\"display: block; margin: 20px auto;\"><\/p>\n<div style=\"margin-bottom: 30px;\">\n<div class=\"text-ko\" style=\"text-align: center; font-weight: bold; font-size: 1.2em;\">\ucf00\ub77c\uc2a4\ud0c0\uc988 \ucf00\ub77c\uc2a4\ud0c0\uc988 \ube14\ub860\ub4dc \uc571\uc194\ub8e8 \ub9c8\uc2a4\ud06c \ubc14\uc774\uc62c\ub81b 200ml<\/div>\n<div class=\"text-en\" style=\"text-align: center; font-weight: bold; font-size: 1.2em; display: none;\">K\u00e9rastase K\u00e9rastase Blonde Absolu Mask Violet 200ml<\/div>\n<\/p><\/div>\n<div style=\"margin-bottom: 30px;\">\n<div class=\"text-ko\" style=\"text-align: center;\">K\u00e9rastase Blond Absolu Masque Ultra-Violet 200 ml<\/div>\n<div class=\"text-en\" style=\"text-align: center; display: none;\">K\u00e9rastase Blond Absolu Masque Ultra-Violet 200 ml<\/div>\n<\/p><\/div>\n<div style=\"margin-bottom: 30px;\">\n<div class=\"text-ko\" style=\"text-align: center;\">\uae08\uc0c9 \uc5fc\uc0c9\ubaa8\ubc1c\/\ud0c8\uc0c9 \ubaa8\ubc1c\uc6a9 \ub9c8\uc2a4\ud06c\uc785\ub2c8\ub2e4.<\/div>\n<div class=\"text-en\" style=\"text-align: center; display: none;\">This is a mask for golden colored\/bleached hair.<\/div>\n<\/p><\/div>\n<div style=\"margin-bottom: 30px;\">\n<div class=\"text-ko\" style=\"text-align: center;\">\ubaa8\ubc1c\uc744 \ub354 \ubc1d\uac8c \ud558\uace0 \ub3d9\uc2dc\uc5d0 \uae4a\uac8c \ubcf4\uc2b5\ud569\ub2c8\ub2e4.<\/div>\n<div class=\"text-en\" style=\"text-align: center; display: none;\">Brightens hair and deeply moisturizes it at the same time.<\/div>\n<\/p><\/div>\n<div style=\"margin-bottom: 30px;\">\n<div class=\"text-ko\" style=\"text-align: center;\">-\ud48d\ubd80\ud55c \uc218\ubd84 \uacf5\uae09\ud574 \uc90d\ub2c8\ub2e4.<\/div>\n<div class=\"text-en\" style=\"text-align: center;\">&#8211; Provides abundant moisture.<\/div>\n<\/p><\/div>\n<div style=\"margin-bottom: 30px;\">\n<div class=\"text-ko\" style=\"text-align: center;\">-\ud48d\ubd80\ud55c \uc601\uc591\uc744 \uacf5\uae09\ud569\ub2c8\ub2e4.<\/div>\n<div class=\"text-en\" style=\"text-align: center; display: none;\">&#8211; Provides rich nutrition.<\/div>\n<\/p><\/div>\n<div style=\"margin-bottom: 30px;\">\n<div class=\"text-ko\" style=\"text-align: center;\">-\ubaa8\ubc1c \uc804\uccb4\uc5d0 \uace0\ub974\uac8c \uc2a4\uba70\ub4e4\uc5b4 \uade0\uc77c\ud55c \ubc1d\uae30 \uc81c\uacf5\ud569\ub2c8\ub2e4.<\/div>\n<div class=\"text-en\" style=\"text-align: center; display: none;\">&#8211; It penetrates evenly throughout the hair and provides uniform brightness.<\/div>\n<\/p><\/div>\n<div style=\"margin-bottom: 30px;\">\n<div class=\"text-ko\" style=\"text-align: center;\">\uc804\uc131\ubd84:Aqua \/ Water &#8211; Cetearyl Alcohol &#8211; Paraffinum Liquidum \/ Mineral Oil &#8211; Dipalmitoylethyl -Hydroxyethylmonium Methosulfate &#8211; Cetyl Esters &#8211; Cetrimonium Chloride &#8211; Citric Acid &#8211; Sodium Benzoate &#8211; Sodium Hydroxide &#8211; Caprylyl Glycol &#8211; Salicylic Acid &#8211; Ci 60730 \/ Acid Violet 43 &#8211; Limonene &#8211; Glycerin &#8211; Sodium Hyaluronate &#8211; Tocopherol &#8211; Ci 45100 \/ Acid Red 52 &#8211; Leontopodium Alpinum Flower\/Leaf Extract &#8211; Malva Sylvestris Flower Extract \/ Mallow Flower Extract &#8211; Potassium Sorbate &#8211; Parfum \/ Fragrance.<\/div>\n<div class=\"text-en\" style=\"text-align: center; display: none;\">All ingredients: Aqua \/ Water &#8211; Cetearyl Alcohol &#8211; Paraffinum Liquidum \/ Mineral Oil &#8211; Dipalmitoylethyl -Hydroxyethylmonium Methosulfate &#8211; Cetyl Esters &#8211; Cetrimonium Chloride &#8211; Citric Acid &#8211; Sodium Benzoate &#8211; Sodium Hydroxide &#8211; Caprylyl Glycol &#8211; Salicylic Acid &#8211; Ci 60730 \/ Acid Violet 43 &#8211; Limonene &#8211; Glycerin &#8211; Sodium Hyaluronate &#8211; Tocopherol &#8211; Ci 45100 \/ Acid Red 52 &#8211; Leontopodium Alpinum Flower\/Leaf Extract &#8211; Malva Sylvestris Flower Extract \/ Mallow Flower Extract &#8211; Potassium Sorbate &#8211; Parfum \/ Fragrance.<\/div>\n<\/p><\/div>\n<div style=\"margin-bottom: 30px;\">\n<div class=\"text-ko\" style=\"text-align: center;\">+ \uc2dd\uc57d\uccad \uad00\ub9ac \uae30\uc900\uc5d0 \uc758\uac70\ud558\uc5ec \uc758\uc57d\uc801\uc778 \ud6a8\ub2a5\uc774\ub098 \uacfc\ub300\uad11\uace0\uac00 \uc6b0\ub824\ub418\ub294 \uc6a9\uc5b4 \ubc0f \ud6a8\ub2a5 \ub4f1\uc758 \ud45c\ud604\uc740 \uc790\uc81c\ub418\uc5c8\uc73c\uba70,<\/div>\n<div class=\"text-en\" style=\"text-align: center; display: none;\">+ In accordance with the management standards of the Food and Drug Administration, expressions of medicinal efficacy or terms and efficacy that may lead to excessive advertising were refrained.<\/div>\n<\/p><\/div>\n<div style=\"margin-bottom: 30px;\">\n<div class=\"text-ko\" style=\"text-align: center;\">\uc0c1\ud488\uc5d0\ub300\ud574 \uad81\uae08\ud55c \uc0ac\ud56d\uc774 \uc788\uc73c\uc2dc\uba74 \uacf5\uc2dd \ud648\ud398\uc774\uc9c0\ub97c \ucc38\uace0\ud558\uc2dc\uac70\ub098 \ud1a1\ud1a1\uc73c\ub85c \ubb38\uc758 \ubd80\ud0c1\ub4dc\ub9bd\ub2c8\ub2e4.<\/div>\n<div class=\"text-en\" style=\"text-align: center; display: none;\">If you have any questions about the product, please refer to the official website or contact us via TalkTalk.<\/div>\n<\/p><\/div>\n<\/div>","protected":false},"excerpt":{"rendered":"<p>\ucf00\ub77c\uc2a4\ud0c0\uc988 \ucf00\ub77c\uc2a4\ud0c0\uc988 \ube14\ub860\ub4dc \uc571\uc194\ub8e8 \ub9c8\uc2a4\ud06c \ubc14\uc774\uc62c\ub81b 200ml K\u00e9rastase K\u00e9rastase Blonde Absolu Mask Violet 200ml K\u00e9rastase Blond Absolu Masque Ultra-Violet 200 ml K\u00e9rastase Blond Absolu Masque Ultra-Violet 200 ml \uae08\uc0c9 \uc5fc\uc0c9\ubaa8\ubc1c\/\ud0c8\uc0c9 \ubaa8\ubc1c\uc6a9 \ub9c8\uc2a4\ud06c\uc785\ub2c8\ub2e4. This is a mask for golden colored\/bleached hair. \ubaa8\ubc1c\uc744 \ub354 \ubc1d\uac8c \ud558\uace0 \ub3d9\uc2dc\uc5d0 \uae4a\uac8c \ubcf4\uc2b5\ud569\ub2c8\ub2e4. Brightens hair and deeply moisturizes it at the [&hellip;]<\/p>","protected":false},"featured_media":23790,"comment_status":"open","ping_status":"closed","template":"","meta":[],"product_cat":[10071],"product_tag":[6177,6891,4314,6531,5495,5497,4532,4557,5913,4447],"class_list":{"0":"post-23789","1":"product","2":"type-product","3":"status-publish","4":"has-post-thumbnail","6":"product_brand-6524","7":"product_cat-10071","8":"product_tag-6177","9":"product_tag-6891","10":"product_tag-4314","11":"product_tag-6531","12":"product_tag-5495","13":"product_tag-5497","14":"product_tag-4532","15":"product_tag-4557","16":"product_tag-5913","17":"product_tag-4447","19":"first","20":"instock","21":"shipping-taxable","22":"purchasable","23":"product-type-simple"},"_links":{"self":[{"href":"https:\/\/eurogoodshop.com\/en\/wp-json\/wp\/v2\/product\/23789","targetHints":{"allow":["GET"]}}],"collection":[{"href":"https:\/\/eurogoodshop.com\/en\/wp-json\/wp\/v2\/product"}],"about":[{"href":"https:\/\/eurogoodshop.com\/en\/wp-json\/wp\/v2\/types\/product"}],"replies":[{"embeddable":true,"href":"https:\/\/eurogoodshop.com\/en\/wp-json\/wp\/v2\/comments?post=23789"}],"wp:featuredmedia":[{"embeddable":true,"href":"https:\/\/eurogoodshop.com\/en\/wp-json\/wp\/v2\/media\/23790"}],"wp:attachment":[{"href":"https:\/\/eurogoodshop.com\/en\/wp-json\/wp\/v2\/media?parent=23789"}],"wp:term":[{"taxonomy":"product_cat","embeddable":true,"href":"https:\/\/eurogoodshop.com\/en\/wp-json\/wp\/v2\/product_cat?post=23789"},{"taxonomy":"product_tag","embeddable":true,"href":"https:\/\/eurogoodshop.com\/en\/wp-json\/wp\/v2\/product_tag?post=23789"}],"curies":[{"name":"wp","href":"https:\/\/api.w.org\/{rel}","templated":true}]}}