{"id":23792,"date":"2025-03-16T18:50:02","date_gmt":"2025-03-16T09:50:02","guid":{"rendered":"https:\/\/eurogoodshop.com\/product\/%ec%bc%80%eb%9d%bc%ec%8a%a4%ed%83%80%ec%a6%88-%eb%b8%94%eb%a1%a0%eb%93%9c-%ec%95%b1%ec%86%94%eb%a3%a8-%eb%b0%a9-%eb%a3%a8%eb%af%b8%ec%97%90%eb%a5%b4-%ec%83%b4%ed%91%b8-250ml-5486175073\/"},"modified":"2026-01-06T23:36:27","modified_gmt":"2026-01-06T14:36:27","slug":"%ec%bc%80%eb%9d%bc%ec%8a%a4%ed%83%80%ec%a6%88-%eb%b8%94%eb%a1%a0%eb%93%9c-%ec%95%b1%ec%86%94%eb%a3%a8-%eb%b0%a9-%eb%a3%a8%eb%af%b8%ec%97%90%eb%a5%b4-%ec%83%b4%ed%91%b8-250ml-5486175073","status":"publish","type":"product","link":"https:\/\/eurogoodshop.com\/en\/product\/%ec%bc%80%eb%9d%bc%ec%8a%a4%ed%83%80%ec%a6%88-%eb%b8%94%eb%a1%a0%eb%93%9c-%ec%95%b1%ec%86%94%eb%a3%a8-%eb%b0%a9-%eb%a3%a8%eb%af%b8%ec%97%90%eb%a5%b4-%ec%83%b4%ed%91%b8-250ml-5486175073\/","title":{"rendered":"\ucf00\ub77c\uc2a4\ud0c0\uc988 \ube14\ub860\ub4dc \uc571\uc194\ub8e8 \ubc29 \ub8e8\ubbf8\uc5d0\ub974 \uc0f4\ud478 250ml"},"content":{"rendered":"<div style=\"text-align: center;\">\n    <img decoding=\"async\" src=\"https:\/\/eurogoodshop.com\/wp-content\/uploads\/product-detail-image\/dtl-5486175073-01.jpg\" alt=\"\ucf00\ub77c\uc2a4\ud0c0\uc988 \ube14\ub860\ub4dc \uc571\uc194\ub8e8 \ubc29 \ub8e8\ubbf8\uc5d0\ub974 \uc0f4\ud478 \uc774\ubbf8\uc9c0\" style=\"display: block; margin: 20px auto;\"><\/p>\n<div style=\"margin-bottom: 30px;\">\n<div class=\"text-ko\" style=\"text-align: center; font-weight: bold; font-size: 1.2em;\">\ucf00\ub77c\uc2a4\ud0c0\uc988 \ube14\ub860\ub4dc \uc571\uc194\ub8e8 \ubc29 \ub8e8\ubbf8\uc5d0\ub974 \uc0f4\ud478 250ml<\/div>\n<div class=\"text-en\" style=\"text-align: center; font-weight: bold; font-size: 1.2em; display: none;\">K\u00e9rastase Blonde Absolu Bang Lumiere Shampoo 250ml<\/div>\n<\/p><\/div>\n<div style=\"margin-bottom: 30px;\">\n<div class=\"text-ko\" style=\"text-align: center; font-weight: bold; font-size: 1.2em;\">K\u00e9rastase Blond Absolu Bain Lumiere 250ml<\/div>\n<div class=\"text-en\" style=\"text-align: center; font-weight: bold; font-size: 1.2em; display: none;\">K\u00e9rastase Blond Absolu Bain Lumiere 250ml<\/div>\n<\/p><\/div>\n<div style=\"margin-bottom: 30px;\">\n<div class=\"text-ko\" style=\"text-align: center;\">\uae08\uc0c9 \uc5fc\uc0c9\ubaa8\uc6a9 \ud558\uc774 \ub4dc\ub808\uc774\ud305 \ube0c\ub77c\uc774\ud2b8\ub2dd \uc0f4\ud478\uc785\ub2c8\ub2e4.<\/div>\n<div class=\"text-en\" style=\"text-align: center; display: none;\">Hydrating brightening shampoo for gold-colored hair.<\/div>\n<\/p><\/div>\n<div style=\"margin-bottom: 30px;\">\n<div class=\"text-ko\" style=\"text-align: center;\">\ubaa8\ubc1c\uc744 \ubd80\ub4dc\ub7fd\uac8c \ud074\ub80c\uc9d5 \ud558\uba74\uc11c \uae08\uc0c9 \uc5fc\uc0c9\ubaa8\ub97c \ub354 \ubc1d\uac8c\ud558\uace0 \ube5a\ub098\uac8c \ud569\ub2c8\ub2e4.<\/div>\n<div class=\"text-en\" style=\"text-align: center; display: none;\">Gently cleanses the hair while brightening and enhancing gold-dyed hair.<\/div>\n<\/p><\/div>\n<div style=\"margin-bottom: 30px;\">\n<div class=\"text-ko\" style=\"text-align: center;\">\ubaa8\uadfc\uc5d0\uc11c \ub05d\uae4c\uc9c0 \uc218\ubd84\uc744 \uacf5\uae09\ud558\uc5ec \uac00\ubcbc\uc6b4 \ub290\ub08c\uc744 \ub0a8\uae41\ub2c8\ub2e4.<\/div>\n<div class=\"text-en\" style=\"text-align: center; display: none;\">Moisturizes hair from root to tip, leaving a light feeling.<\/div>\n<\/p><\/div>\n<div style=\"margin-bottom: 30px;\">\n<div class=\"text-ko\" style=\"text-align: center;\">\uc804\uc131\ubd84: Aqua \/ Water &#8211; Sodium Laureth Sulfate &#8211; Glycerin &#8211; Coco-Betaine &#8211; Sodium Chloride &#8211; Cocamide Mipa &#8211; Citric Acid &#8211; Sodium Benzoate &#8211; Sodium Hydroxide &#8211; Hexylene Glycol &#8211; Hydroxypropyl Guar Hydroxypropyltrimonium chloride &#8211; Salicylic Acid &#8211; Limonene &#8211; Tocopherol &#8211; Leontopodium Alpinum Flower \/ Leaf Extract &#8211; Sodium Hyaluronate &#8211; Malva Sylvestris Flower Extract \/ Mallow Flower Extract &#8211; Potassium Sorbate &#8211; Parfum \/ Fragrance.<\/div>\n<div class=\"text-en\" style=\"text-align: center; display: none;\">All ingredients: Aqua \/ Water &#8211; Sodium Laureth Sulfate &#8211; Glycerin &#8211; Coco-Betaine &#8211; Sodium Chloride &#8211; Cocamide Mipa &#8211; Citric Acid &#8211; Sodium Benzoate &#8211; Sodium Hydroxide &#8211; Hexylene Glycol &#8211; Hydroxypropyl Guar Hydroxypropyltrimonium chloride &#8211; Salicylic Acid &#8211; Limonene &#8211; Tocopherol &#8211; Leontopodium Alpinum Flower \/ Leaf Extract &#8211; Sodium Hyaluronate &#8211; Malva Sylvestris Flower Extract \/ Mallow Flower Extract &#8211; Potassium Sorbate &#8211; Parfum \/ Fragrance.<\/div>\n<\/p><\/div>\n<div style=\"margin-bottom: 30px;\">\n<div class=\"text-ko\" style=\"text-align: center;\">+ \uc2dd\uc57d\uccad \uad00\ub9ac \uae30\uc900\uc5d0 \uc758\uac70\ud558\uc5ec \uc758\uc57d\uc801\uc778 \ud6a8\ub2a5\uc774\ub098 \uacfc\ub300\uad11\uace0\uac00 \uc6b0\ub824\ub418\ub294 \uc6a9\uc5b4 \ubc0f \ud6a8\ub2a5 \ub4f1\uc758 \ud45c\ud604\uc740 \uc790\uc81c\ub418\uc5c8\uc73c\uba70, \uc0c1\ud488\uc5d0\ub300\ud574 \uad81\uae08\ud55c \uc0ac\ud56d\uc774 \uc788\uc73c\uc2dc\uba74 \uacf5\uc2dd \ud648\ud398\uc774\uc9c0\ub97c \ucc38\uace0\ud558\uc2dc\uac70\ub098 \ud1a1\ud1a1\uc73c\ub85c \ubb38\uc758 \ubd80\ud0c1\ub4dc\ub9bd\ub2c8\ub2e4.<\/div>\n<div class=\"text-en\" style=\"text-align: center; display: none;\">+ In accordance with the management standards of the Food and Drug Administration, expressions of medicinal efficacy or terms and efficacy that may lead to excessive advertising were refrained. If you have any questions about the product, please refer to the official website or contact us via TalkTalk.<\/div>\n<\/p><\/div>\n<\/div>","protected":false},"excerpt":{"rendered":"<p>\ucf00\ub77c\uc2a4\ud0c0\uc988 \ube14\ub860\ub4dc \uc571\uc194\ub8e8 \ubc29 \ub8e8\ubbf8\uc5d0\ub974 \uc0f4\ud478 250ml K\u00e9rastase Blonde Absolu Bang Lumiere Shampoo 250ml K\u00e9rastase Blond Absolu Bain Lumiere 250ml K\u00e9rastase Blond Absolu Bain Lumiere 250ml \uae08\uc0c9 \uc5fc\uc0c9\ubaa8\uc6a9 \ud558\uc774 \ub4dc\ub808\uc774\ud305 \ube0c\ub77c\uc774\ud2b8\ub2dd \uc0f4\ud478\uc785\ub2c8\ub2e4. Hydrating brightening shampoo for gold-colored hair. \ubaa8\ubc1c\uc744 \ubd80\ub4dc\ub7fd\uac8c \ud074\ub80c\uc9d5 \ud558\uba74\uc11c \uae08\uc0c9 \uc5fc\uc0c9\ubaa8\ub97c \ub354 \ubc1d\uac8c\ud558\uace0 \ube5a\ub098\uac8c \ud569\ub2c8\ub2e4. Gently cleanses the hair while brightening and [&hellip;]<\/p>","protected":false},"featured_media":23793,"comment_status":"open","ping_status":"closed","template":"","meta":[],"product_cat":[10069],"product_tag":[6532,4536,4448,4314,5495,5497,4532,4557,4450,4534],"class_list":{"0":"post-23792","1":"product","2":"type-product","3":"status-publish","4":"has-post-thumbnail","6":"product_brand-6524","7":"product_cat-10069","8":"product_tag-6532","9":"product_tag-4536","10":"product_tag-4448","11":"product_tag-4314","12":"product_tag-5495","13":"product_tag-5497","14":"product_tag-4532","15":"product_tag-4557","16":"product_tag-4450","17":"product_tag-4534","19":"first","20":"instock","21":"shipping-taxable","22":"purchasable","23":"product-type-simple"},"_links":{"self":[{"href":"https:\/\/eurogoodshop.com\/en\/wp-json\/wp\/v2\/product\/23792","targetHints":{"allow":["GET"]}}],"collection":[{"href":"https:\/\/eurogoodshop.com\/en\/wp-json\/wp\/v2\/product"}],"about":[{"href":"https:\/\/eurogoodshop.com\/en\/wp-json\/wp\/v2\/types\/product"}],"replies":[{"embeddable":true,"href":"https:\/\/eurogoodshop.com\/en\/wp-json\/wp\/v2\/comments?post=23792"}],"wp:featuredmedia":[{"embeddable":true,"href":"https:\/\/eurogoodshop.com\/en\/wp-json\/wp\/v2\/media\/23793"}],"wp:attachment":[{"href":"https:\/\/eurogoodshop.com\/en\/wp-json\/wp\/v2\/media?parent=23792"}],"wp:term":[{"taxonomy":"product_cat","embeddable":true,"href":"https:\/\/eurogoodshop.com\/en\/wp-json\/wp\/v2\/product_cat?post=23792"},{"taxonomy":"product_tag","embeddable":true,"href":"https:\/\/eurogoodshop.com\/en\/wp-json\/wp\/v2\/product_tag?post=23792"}],"curies":[{"name":"wp","href":"https:\/\/api.w.org\/{rel}","templated":true}]}}