{"id":23805,"date":"2025-03-16T18:50:44","date_gmt":"2025-03-16T09:50:44","guid":{"rendered":"https:\/\/eurogoodshop.com\/product\/%ec%bc%80%eb%9d%bc%ec%8a%a4%ed%83%80%ec%a6%88-%eb%8d%b4%ec%8b%9c%ed%94%bc%ed%81%ac-%ec%83%88%ec%8b%b9-%ec%84%b8%eb%9f%bc-100ml-5485958235\/"},"modified":"2026-01-08T18:59:52","modified_gmt":"2026-01-08T09:59:52","slug":"%ec%bc%80%eb%9d%bc%ec%8a%a4%ed%83%80%ec%a6%88-%eb%8d%b4%ec%8b%9c%ed%94%bc%ed%81%ac-%ec%83%88%ec%8b%b9-%ec%84%b8%eb%9f%bc-100ml-5485958235","status":"publish","type":"product","link":"https:\/\/eurogoodshop.com\/en\/product\/%ec%bc%80%eb%9d%bc%ec%8a%a4%ed%83%80%ec%a6%88-%eb%8d%b4%ec%8b%9c%ed%94%bc%ed%81%ac-%ec%83%88%ec%8b%b9-%ec%84%b8%eb%9f%bc-100ml-5485958235\/","title":{"rendered":"\ucf00\ub77c\uc2a4\ud0c0\uc988 \ub374\uc2dc\ud53c\ud06c \uc0c8\uc2f9 \uc138\ub7fc 100ml"},"content":{"rendered":"<div style=\"text-align: center;\">\n    <img decoding=\"async\" src=\"https:\/\/eurogoodshop.com\/wp-content\/uploads\/product-detail-image\/dtl-5485958235-01.jpg\" alt=\"\ucf00\ub77c\uc2a4\ud0c0\uc988 \ub374\uc2dc\ud53c\ud06c \uc0c8\uc2f9 \uc138\ub7fc\" style=\"display: block; margin: 20px auto;\"><\/p>\n<div style=\"margin-bottom: 30px;\">\n<div class=\"text-ko\" style=\"text-align: center; font-weight: bold; font-size: 1.2em;\">\ucf00\ub77c\uc2a4\ud0c0\uc988 \ub374\uc2dc\ud53c\ud06c \uc0c8\uc2f9 \uc138\ub7fc 100ml<\/div>\n<div class=\"text-en\" style=\"text-align: center; font-weight: bold; font-size: 1.2em; display: none;\">K\u00e9rastase Densific Sprout Serum 100ml<\/div>\n<\/p><\/div>\n<div style=\"margin-bottom: 30px;\">\n<div class=\"text-ko\" style=\"text-align: center; font-weight: bold; font-size: 1.2em;\">K\u00e9rastase Densifique Serum Jeunesse 100ml<\/div>\n<div class=\"text-en\" style=\"text-align: center; font-weight: bold; font-size: 1.2em; display: none;\">K\u00e9rastase Densifique Serum Jeunesse 100ml<\/div>\n<\/p><\/div>\n<div style=\"margin-bottom: 30px;\">\n<div class=\"text-ko\" style=\"text-align: center;\">\uc587\uc740 \ubaa8\ubc1c\uc5d0 \uc801\ud569\ud55c \ud5e4\uc5b4 \uc138\ub7fc\uc785\ub2c8\ub2e4.<\/div>\n<div class=\"text-en\" style=\"text-align: center; display: none;\">This hair serum is suitable for thin hair.<\/div>\n<\/p><\/div>\n<div style=\"margin-bottom: 30px;\">\n<div class=\"text-ko\" style=\"text-align: center;\">\uc804\uc131\ubd84: Alcohol Denat &#8211; Aqua \/ Water &#8211; Diethyllutidinate &#8211; Peg-14 Dimethicone &#8211; Hexyl Cinnamal &#8211; Linalool &#8211; Geraniol &#8211; Polyquaternium-11 &#8211; Benzyl Alcohol &#8211; Hydroxycitronellal &#8211; 2-Oleamido-1,3-Octadecanediol &#8211; Ascorbyl Glucoside &#8211; Ferulic Acid &#8211; Safflower Glucoside &#8211; Citronellol &#8211; Tocopheryl Acetate &#8211; Ethylhexyl Methoxycinnamate &#8211; Eugenol &#8211; Rubus Fruticosus Fruit Extract \/ Blackberry Fruit Extract &#8211; Glycyrrhiza Glabra Extract \/ Licorice Root Extract &#8211; Acetum \/ Vinegar &#8211; Parfum \/ Fragrance.<\/div>\n<div class=\"text-en\" style=\"text-align: center; display: none;\">All ingredients: Alcohol Denat &#8211; Aqua \/ Water &#8211; Diethyllutidinate &#8211; Peg-14 Dimethicone &#8211; Hexyl Cinnamal &#8211; Linalool &#8211; Geraniol &#8211; Polyquaternium-11 &#8211; Benzyl Alcohol &#8211; Hydroxycitronellal &#8211; 2-Oleamido-1,3-Octadecanediol &#8211; Ascorbyl Glucoside &#8211; Ferulic Acid &#8211; Safflower Glucoside &#8211; Citronellol &#8211; Tocopheryl Acetate &#8211; Ethylhexyl Methoxycinnamate &#8211; Eugenol &#8211; Rubus Fruticosus Fruit Extract \/ Blackberry Fruit Extract &#8211; Glycyrrhiza Glabra Extract \/ Licorice Root Extract &#8211; Acetum \/ Vinegar &#8211; Parfum \/ Fragrance.<\/div>\n<\/p><\/div>\n<div style=\"margin-bottom: 30px;\">\n<div class=\"text-ko\" style=\"text-align: center;\">+\uc2dd\uc57d\uccad \uad00\ub9ac \uae30\uc900\uc5d0 \uc758\uac70\ud558\uc5ec \uc758\uc57d\uc801\uc778 \ud6a8\ub2a5\uc774\ub098 \uacfc\ub300\uad11\uace0\uac00 \uc6b0\ub824\ub418\ub294 \uc6a9\uc5b4 \ubc0f \ud6a8\ub2a5 \ub4f1\uc758 \ud45c\ud604\uc740 \uc790\uc81c\ub418\uc5c8\uc73c\uba70,<\/div>\n<div class=\"text-en\" style=\"text-align: center; display: none;\">+ In accordance with the management standards of the Food and Drug Administration, expressions of medicinal efficacy or terms and efficacy that may lead to excessive advertising were refrained.<\/div>\n<\/p><\/div>\n<div style=\"margin-bottom: 30px;\">\n<div class=\"text-ko\" style=\"text-align: center;\">\uc0c1\ud488\uc5d0\ub300\ud574 \uad81\uae08\ud55c \uc0ac\ud56d\uc774 \uc788\uc73c\uc2dc\uba74 \uacf5\uc2dd \ud648\ud398\uc774\uc9c0\ub97c \ucc38\uace0\ud558\uc2dc\uac70\ub098 \ud1a1\ud1a1\uc73c\ub85c \ubb38\uc758 \ubd80\ud0c1\ub4dc\ub9bd\ub2c8\ub2e4.<\/div>\n<div class=\"text-en\" style=\"text-align: center; display: none;\">If you have any questions about the product, please refer to the official website or contact us via TalkTalk.<\/div>\n<\/p><\/div>\n<\/div>","protected":false},"excerpt":{"rendered":"<p>\ucf00\ub77c\uc2a4\ud0c0\uc988 \ub374\uc2dc\ud53c\ud06c \uc0c8\uc2f9 \uc138\ub7fc 100ml K\u00e9rastase Densific Sprout Serum 100ml K\u00e9rastase Densifique Serum Jeunesse 100ml K\u00e9rastase Densifique Serum Jeunesse 100ml \uc587\uc740 \ubaa8\ubc1c\uc5d0 \uc801\ud569\ud55c \ud5e4\uc5b4 \uc138\ub7fc\uc785\ub2c8\ub2e4. This hair serum is suitable for thin hair. \uc804\uc131\ubd84: Alcohol Denat &#8211; Aqua \/ Water &#8211; Diethyllutidinate &#8211; Peg-14 Dimethicone &#8211; Hexyl Cinnamal &#8211; Linalool &#8211; Geraniol &#8211; Polyquaternium-11 &#8211; [&hellip;]<\/p>","protected":false},"featured_media":23806,"comment_status":"open","ping_status":"closed","template":"","meta":[],"product_cat":[10072],"product_tag":[4581,6692,4364,4580,6969,6804,6802,6801,6803,6806],"class_list":{"0":"post-23805","1":"product","2":"type-product","3":"status-publish","4":"has-post-thumbnail","6":"product_brand-6524","7":"product_cat-10072","8":"product_tag-4581","9":"product_tag-6692","10":"product_tag-4364","11":"product_tag-4580","12":"product_tag-6969","13":"product_tag-6804","14":"product_tag-6802","15":"product_tag-6801","16":"product_tag-6803","17":"product_tag-6806","19":"first","20":"outofstock","21":"shipping-taxable","22":"purchasable","23":"product-type-simple"},"_links":{"self":[{"href":"https:\/\/eurogoodshop.com\/en\/wp-json\/wp\/v2\/product\/23805","targetHints":{"allow":["GET"]}}],"collection":[{"href":"https:\/\/eurogoodshop.com\/en\/wp-json\/wp\/v2\/product"}],"about":[{"href":"https:\/\/eurogoodshop.com\/en\/wp-json\/wp\/v2\/types\/product"}],"replies":[{"embeddable":true,"href":"https:\/\/eurogoodshop.com\/en\/wp-json\/wp\/v2\/comments?post=23805"}],"wp:featuredmedia":[{"embeddable":true,"href":"https:\/\/eurogoodshop.com\/en\/wp-json\/wp\/v2\/media\/23806"}],"wp:attachment":[{"href":"https:\/\/eurogoodshop.com\/en\/wp-json\/wp\/v2\/media?parent=23805"}],"wp:term":[{"taxonomy":"product_cat","embeddable":true,"href":"https:\/\/eurogoodshop.com\/en\/wp-json\/wp\/v2\/product_cat?post=23805"},{"taxonomy":"product_tag","embeddable":true,"href":"https:\/\/eurogoodshop.com\/en\/wp-json\/wp\/v2\/product_tag?post=23805"}],"curies":[{"name":"wp","href":"https:\/\/api.w.org\/{rel}","templated":true}]}}