{"id":23810,"date":"2025-03-16T18:51:01","date_gmt":"2025-03-16T09:51:01","guid":{"rendered":"https:\/\/eurogoodshop.com\/product\/%ec%bc%80%eb%9d%bc%ec%8a%a4%ed%83%80%ec%a6%88-%eb%8d%b4%ec%8b%9c%ed%94%bc%ed%81%ac-%eb%b0%a9-%eb%8d%b4%ec%8b%9c%eb%96%bc-%ec%98%b4%eb%af%80-%eb%82%a8%ec%84%b1%ec%9a%a9-%ec%83%b4%ed%91%b8-250ml-5484872\/"},"modified":"2026-01-06T23:37:51","modified_gmt":"2026-01-06T14:37:51","slug":"%ec%bc%80%eb%9d%bc%ec%8a%a4%ed%83%80%ec%a6%88-%eb%8d%b4%ec%8b%9c%ed%94%bc%ed%81%ac-%eb%b0%a9-%eb%8d%b4%ec%8b%9c%eb%96%bc-%ec%98%b4%eb%af%80-%eb%82%a8%ec%84%b1%ec%9a%a9-%ec%83%b4%ed%91%b8-250ml-5484872","status":"publish","type":"product","link":"https:\/\/eurogoodshop.com\/en\/product\/%ec%bc%80%eb%9d%bc%ec%8a%a4%ed%83%80%ec%a6%88-%eb%8d%b4%ec%8b%9c%ed%94%bc%ed%81%ac-%eb%b0%a9-%eb%8d%b4%ec%8b%9c%eb%96%bc-%ec%98%b4%eb%af%80-%eb%82%a8%ec%84%b1%ec%9a%a9-%ec%83%b4%ed%91%b8-250ml-5484872\/","title":{"rendered":"\ucf00\ub77c\uc2a4\ud0c0\uc988 \ub374\uc2dc\ud53c\ud06c \ubc29 \ub374\uc2dc\ub5bc \uc634\ubbc0(\ub0a8\uc131\uc6a9) \uc0f4\ud478 250ml"},"content":{"rendered":"<div style=\"text-align: center;\">\n    <img decoding=\"async\" src=\"https:\/\/eurogoodshop.com\/wp-content\/uploads\/product-detail-image\/dtl-5484872651-01.jpg\" alt=\"\ucf00\ub77c\uc2a4\ud0c0\uc988 \ub374\uc2dc\ud53c\ud06c \ubc29 \ub374\uc2dc\ub5bc \uc634\ubbc0(\ub0a8\uc131\uc6a9) \uc0f4\ud478 250ml \uc774\ubbf8\uc9c0\" style=\"display: block; margin: 20px auto;\"><\/p>\n<div style=\"margin-bottom: 30px;\">\n<div class=\"text-ko\" style=\"text-align: center; font-weight: bold; font-size: 1.2em;\">\ucf00\ub77c\uc2a4\ud0c0\uc988 \ub374\uc2dc\ud53c\ud06c \ubc29 \ub374\uc2dc\ub5bc \uc634\ubbc0(\ub0a8\uc131\uc6a9) \uc0f4\ud478 250ml<\/div>\n<div class=\"text-en\" style=\"text-align: center; font-weight: bold; font-size: 1.2em; display: none;\">K\u00e9rastase Densi Peak Bang Dencite Homme (for men) Shampoo 250ml<\/div>\n<\/p><\/div>\n<div style=\"margin-bottom: 30px;\">\n<div class=\"text-ko\" style=\"text-align: center;\">K\u00e9rastase Homme Bain Densit\u00e9 250ml<\/div>\n<div class=\"text-en\" style=\"text-align: center; display: none;\">K\u00e9rastase Homme Bain Densit\u00e9 250ml<\/div>\n<\/p><\/div>\n<div style=\"margin-bottom: 30px;\">\n<div class=\"text-ko\" style=\"text-align: center;\">\uc804\uc131\ubd84:Aqua \/ Water &#8211; Sodium Laureth Sulfate &#8211; Coco-Glucoside &#8211; Glycerin &#8211; Distearyl Ether &#8211; Sodium Chloride &#8211; Behenyl Alcohol &#8211; Cocamide Mipa &#8211; Laureth-2 &#8211; Ppg-5-Ceteth-20 &#8211; Sodium Benzoate &#8211; Polysilicone-8 &#8211; Carbomer &#8211; Arachidyl Alcohol &#8211; Sodium Methylparaben &#8211; Salicylic Acid &#8211; Taurine &#8211; Stearyl Alcohol &#8211; Aminomethyl Propanol &#8211; Polyquaternium-16 &#8211; Hexyl Cinnamal &#8211; Limonene &#8211; Linalool &#8211; 2-Oleamido-1,3-Octadecanediol &#8211; Hydroxycitronellal &#8211; Citronellol &#8211; Biotin &#8211; Sodium Hydroxide &#8211; Citric Acid &#8211; Parfum \/ Fragrance.<\/div>\n<div class=\"text-en\" style=\"text-align: center; display: none;\">All ingredients: Aqua \/ Water &#8211; Sodium Laureth Sulfate &#8211; Coco-Glucoside &#8211; Glycerin &#8211; Distearyl Ether &#8211; Sodium Chloride &#8211; Behenyl Alcohol &#8211; Cocamide Mipa &#8211; Laureth-2 &#8211; Ppg-5-Ceteth-20 &#8211; Sodium Benzoate &#8211; Polysilicone-8 &#8211; Carbomer &#8211; Arachidyl Alcohol &#8211; Sodium Methylparaben &#8211; Salicylic Acid &#8211; Taurine &#8211; Stearyl Alcohol &#8211; Aminomethyl Propanol &#8211; Polyquaternium-16 &#8211; Hexyl Cinnamal &#8211; Limonene &#8211; Linalool &#8211; 2-Oleamido-1,3-Octadecanediol &#8211; Hydroxycitronellal &#8211; Citronellol &#8211; Biotin &#8211; Sodium Hydroxide &#8211; Citric Acid &#8211; Parfum \/ Fragrance.<\/div>\n<\/p><\/div>\n<div style=\"margin-bottom: 30px;\">\n<div class=\"text-ko\" style=\"text-align: center;\">+ \uc2dd\uc57d\uccad \uad00\ub9ac \uae30\uc900\uc5d0 \uc758\uac70\ud558\uc5ec \uc758\uc57d\uc801\uc778 \ud6a8\ub2a5\uc774\ub098 \uacfc\ub300\uad11\uace0\uac00 \uc6b0\ub824\ub418\ub294 \uc6a9\uc5b4 \ubc0f \ud6a8\ub2a5 \ub4f1\uc758 \ud45c\ud604\uc740 \uc790\uc81c\ub418\uc5c8\uc73c\uba70,<\/div>\n<div class=\"text-en\" style=\"text-align: center; display: none;\">+ In accordance with the management standards of the Food and Drug Administration, expressions of medicinal efficacy or terms and efficacy that may lead to excessive advertising were refrained.<\/div>\n<\/p><\/div>\n<div style=\"margin-bottom: 30px;\">\n<div class=\"text-ko\" style=\"text-align: center;\">\uc0c1\ud488\uc5d0\ub300\ud574 \uad81\uae08\ud55c \uc0ac\ud56d\uc774 \uc788\uc73c\uc2dc\uba74 \uacf5\uc2dd \ud648\ud398\uc774\uc9c0\ub97c \ucc38\uace0\ud558\uc2dc\uac70\ub098 \ud1a1\ud1a1\uc73c\ub85c \ubb38\uc758 \ubd80\ud0c1\ub4dc\ub9bd\ub2c8\ub2e4.<\/div>\n<div class=\"text-en\" style=\"text-align: center; display: none;\">If you have any questions about the product, please refer to the official website or contact us via TalkTalk.<\/div>\n<\/p><\/div>\n<\/div>","protected":false},"excerpt":{"rendered":"<p>\ucf00\ub77c\uc2a4\ud0c0\uc988 \ub374\uc2dc\ud53c\ud06c \ubc29 \ub374\uc2dc\ub5bc \uc634\ubbc0(\ub0a8\uc131\uc6a9) \uc0f4\ud478 250ml K\u00e9rastase Densi Peak Bang Dencite Homme (for men) Shampoo 250ml K\u00e9rastase Homme Bain Densit\u00e9 250ml K\u00e9rastase Homme Bain Densit\u00e9 250ml \uc804\uc131\ubd84:Aqua \/ Water &#8211; Sodium Laureth Sulfate &#8211; Coco-Glucoside &#8211; Glycerin &#8211; Distearyl Ether &#8211; Sodium Chloride &#8211; Behenyl Alcohol &#8211; Cocamide Mipa &#8211; Laureth-2 &#8211; Ppg-5-Ceteth-20 &#8211; [&hellip;]<\/p>","protected":false},"featured_media":23811,"comment_status":"open","ping_status":"closed","template":"","meta":[],"product_cat":[10069],"product_tag":[5185,6175],"class_list":{"0":"post-23810","1":"product","2":"type-product","3":"status-publish","4":"has-post-thumbnail","6":"product_brand-6524","7":"product_cat-10069","8":"product_tag-5185","9":"product_tag-6175","11":"first","12":"instock","13":"shipping-taxable","14":"purchasable","15":"product-type-simple"},"_links":{"self":[{"href":"https:\/\/eurogoodshop.com\/en\/wp-json\/wp\/v2\/product\/23810","targetHints":{"allow":["GET"]}}],"collection":[{"href":"https:\/\/eurogoodshop.com\/en\/wp-json\/wp\/v2\/product"}],"about":[{"href":"https:\/\/eurogoodshop.com\/en\/wp-json\/wp\/v2\/types\/product"}],"replies":[{"embeddable":true,"href":"https:\/\/eurogoodshop.com\/en\/wp-json\/wp\/v2\/comments?post=23810"}],"wp:featuredmedia":[{"embeddable":true,"href":"https:\/\/eurogoodshop.com\/en\/wp-json\/wp\/v2\/media\/23811"}],"wp:attachment":[{"href":"https:\/\/eurogoodshop.com\/en\/wp-json\/wp\/v2\/media?parent=23810"}],"wp:term":[{"taxonomy":"product_cat","embeddable":true,"href":"https:\/\/eurogoodshop.com\/en\/wp-json\/wp\/v2\/product_cat?post=23810"},{"taxonomy":"product_tag","embeddable":true,"href":"https:\/\/eurogoodshop.com\/en\/wp-json\/wp\/v2\/product_tag?post=23810"}],"curies":[{"name":"wp","href":"https:\/\/api.w.org\/{rel}","templated":true}]}}