{"id":23813,"date":"2025-03-16T18:51:10","date_gmt":"2025-03-16T09:51:10","guid":{"rendered":"https:\/\/eurogoodshop.com\/product\/%ec%bc%80%eb%9d%bc%ec%8a%a4%ed%83%80%ec%a6%88-%eb%8d%b4%ec%8b%9c%ed%94%bc%ed%81%ac-%eb%a7%88%ec%8a%a4%ed%81%ac-%eb%8d%b4%ec%8b%9c%eb%96%bc-200ml-5484867791\/"},"modified":"2026-01-06T23:38:01","modified_gmt":"2026-01-06T14:38:01","slug":"%ec%bc%80%eb%9d%bc%ec%8a%a4%ed%83%80%ec%a6%88-%eb%8d%b4%ec%8b%9c%ed%94%bc%ed%81%ac-%eb%a7%88%ec%8a%a4%ed%81%ac-%eb%8d%b4%ec%8b%9c%eb%96%bc-200ml-5484867791","status":"publish","type":"product","link":"https:\/\/eurogoodshop.com\/en\/product\/%ec%bc%80%eb%9d%bc%ec%8a%a4%ed%83%80%ec%a6%88-%eb%8d%b4%ec%8b%9c%ed%94%bc%ed%81%ac-%eb%a7%88%ec%8a%a4%ed%81%ac-%eb%8d%b4%ec%8b%9c%eb%96%bc-200ml-5484867791\/","title":{"rendered":"\ucf00\ub77c\uc2a4\ud0c0\uc988 \ub374\uc2dc\ud53c\ud06c \ub9c8\uc2a4\ud06c \ub374\uc2dc\ub5bc 200ml"},"content":{"rendered":"<div style=\"text-align: center;\">\n    <img decoding=\"async\" src=\"https:\/\/eurogoodshop.com\/wp-content\/uploads\/product-detail-image\/dtl-5484867791-01.jpg\" alt=\"\ucf00\ub77c\uc2a4\ud0c0\uc988 \ub374\uc2dc\ud53c\ud06c \ub9c8\uc2a4\ud06c \ub374\uc2dc\ub5bc 200ml\" style=\"display: block; margin: 20px auto;\"><\/p>\n<div style=\"margin-bottom: 20px;\">\n<div class=\"text-ko\" style=\"text-align: center; font-weight: bold; font-size: 1.2em;\">\ucf00\ub77c\uc2a4\ud0c0\uc988 \ub374\uc2dc\ud53c\ud06c \ub9c8\uc2a4\ud06c \ub374\uc2dc\ub5bc 200ml<\/div>\n<div class=\"text-en\" style=\"text-align: center; font-weight: bold; font-size: 1.2em; display: none;\">K\u00e9rastase Densify Peak Mask Dencite 200ml<\/div>\n<\/p><\/div>\n<div style=\"margin-bottom: 20px;\">\n<div class=\"text-ko\" style=\"text-align: center;\">K\u00e9rastase Densifique Masque Densit\u00e9 200ml<\/div>\n<div class=\"text-en\" style=\"text-align: center; display: none;\">K\u00e9rastase Densifique Masque Densit\u00e9 200ml<\/div>\n<\/p><\/div>\n<div style=\"margin-bottom: 20px;\">\n<div class=\"text-ko\" style=\"text-align: center;\">\uc2a4\ud15c\uc625\uc2dc\ub518, \ud788\uc54c\ub8e8\ub860\uc0b0, \uae00\ub9ac\ucf54\ud3a9\ud2f0\ub4dc, \uc138\ub77c\ub9c8\uc774\ub4dc\uc758 \uc131\ubd84\uc73c\ub85c \uc218\ubd84\uc744 \uacf5\uae09\ud569\ub2c8\ub2e4.<\/div>\n<div class=\"text-en\" style=\"text-align: center; display: none;\">Provides moisture with ingredients such as stem oxidin, hyaluronic acid, glycopeptide, and ceramide.<\/div>\n<\/p><\/div>\n<div style=\"margin-bottom: 20px;\">\n<div class=\"text-ko\" style=\"text-align: center;\">\uc804\uc131\ubd84:Aqua \/ Water &#8211; Hydroxypropyl Starch Phosphate &#8211; Quaternium-87 &#8211; Stearyl Alcohol &#8211; Behentrimonium Chloride &#8211; Propylene Glycol &#8211; Isononyl Isononanoate &#8211; Cetyl Esters &#8211; Caprylyl Glycol &#8211; Candelilla Cera \/ Candelilla Wax &#8211; Isopropyl Alcohol &#8211; Phenoxyethanol &#8211; Diethyllutidinate &#8211; Arginine &#8211; Glutamic Acid &#8211; Hexyl Cinnamal &#8211; Serine &#8211; Hydroxypropyltrimonium Hydrolyzed Wheat Protein &#8211; Linalool &#8211; Citronellol &#8211; Alpha-Isomethyl Ionone &#8211; Sodium Hydroxide &#8211; Sodium Hyaluronate &#8211; 2-Oleamido-1,3-Octadecanediol &#8211; Safflower Glucoside &#8211; Ci 19140 \/ Yellow 5 &#8211; Ci 17200 \/ Red 33 &#8211; Tocopherol &#8211; Bht &#8211; Sodium Citrate &#8211; Parfum \/ Fragrance.<\/div>\n<div class=\"text-en\" style=\"text-align: center; display: none;\">All ingredients: Aqua \/ Water &#8211; Hydroxypropyl Starch Phosphate &#8211; Quaternium-87 &#8211; Stearyl Alcohol &#8211; Behentrimonium Chloride &#8211; Propylene Glycol &#8211; Isononyl Isononanoate &#8211; Cetyl Esters &#8211; Caprylyl Glycol &#8211; Candelilla Cera \/ Candelilla Wax &#8211; Isopropyl Alcohol &#8211; Phenoxyethanol &#8211; Diethyllutidinate &#8211; Arginine &#8211; Glutamic Acid &#8211; Hexyl Cinnamal &#8211; Serine &#8211; Hydroxypropyltrimonium Hydrolyzed Wheat Protein &#8211; Linalool &#8211; Citronellol &#8211; Alpha-Isomethyl Ionone &#8211; Sodium Hydroxide &#8211; Sodium Hyaluronate &#8211; 2-Oleamido-1,3-Octadecanediol &#8211; Safflower Glucoside &#8211; Ci 19140 \/ Yellow 5 &#8211; Ci 17200 \/ Red 33 &#8211; Tocopherol &#8211; Bht &#8211; Sodium Citrate &#8211; Parfum \/ Fragrance.<\/div>\n<\/p><\/div>\n<div style=\"margin-bottom: 20px;\">\n<div class=\"text-ko\" style=\"text-align: center;\">+ \uc2dd\uc57d\uccad \uad00\ub9ac \uae30\uc900\uc5d0 \uc758\uac70\ud558\uc5ec \uc758\uc57d\uc801\uc778 \ud6a8\ub2a5\uc774\ub098 \uacfc\ub300\uad11\uace0\uac00 \uc6b0\ub824\ub418\ub294 \uc6a9\uc5b4 \ubc0f \ud6a8\ub2a5 \ub4f1\uc758 \ud45c\ud604\uc740 \uc790\uc81c\ub418\uc5c8\uc73c\uba70,<\/div>\n<div class=\"text-en\" style=\"text-align: center; display: none;\">+ In accordance with the management standards of the Food and Drug Administration, expressions of medicinal efficacy or terms and efficacy that may lead to excessive advertising were refrained.<\/div>\n<\/p><\/div>\n<div style=\"margin-bottom: 20px;\">\n<div class=\"text-ko\" style=\"text-align: center;\">\uc0c1\ud488\uc5d0\ub300\ud574 \uad81\uae08\ud55c \uc0ac\ud56d\uc774 \uc788\uc73c\uc2dc\uba74 \uacf5\uc2dd \ud648\ud398\uc774\uc9c0\ub97c \ucc38\uace0\ud558\uc2dc\uac70\ub098 \ud1a1\ud1a1\uc73c\ub85c \ubb38\uc758 \ubd80\ud0c1\ub4dc\ub9bd\ub2c8\ub2e4.<\/div>\n<div class=\"text-en\" style=\"text-align: center; display: none;\">If you have any questions about the product, please refer to the official website or contact us via TalkTalk.<\/div>\n<\/p><\/div>\n<\/div>","protected":false},"excerpt":{"rendered":"<p>\ucf00\ub77c\uc2a4\ud0c0\uc988 \ub374\uc2dc\ud53c\ud06c \ub9c8\uc2a4\ud06c \ub374\uc2dc\ub5bc 200ml K\u00e9rastase Densify Peak Mask Dencite 200ml K\u00e9rastase Densifique Masque Densit\u00e9 200ml K\u00e9rastase Densifique Masque Densit\u00e9 200ml \uc2a4\ud15c\uc625\uc2dc\ub518, \ud788\uc54c\ub8e8\ub860\uc0b0, \uae00\ub9ac\ucf54\ud3a9\ud2f0\ub4dc, \uc138\ub77c\ub9c8\uc774\ub4dc\uc758 \uc131\ubd84\uc73c\ub85c \uc218\ubd84\uc744 \uacf5\uae09\ud569\ub2c8\ub2e4. Provides moisture with ingredients such as stem oxidin, hyaluronic acid, glycopeptide, and ceramide. \uc804\uc131\ubd84:Aqua \/ Water &#8211; Hydroxypropyl Starch Phosphate &#8211; Quaternium-87 &#8211; Stearyl Alcohol &#8211; Behentrimonium [&hellip;]<\/p>","protected":false},"featured_media":23814,"comment_status":"open","ping_status":"closed","template":"","meta":[],"product_cat":[10071],"product_tag":[4533,4560,6891,4532,4557,5912,4556,4450,4534,4575],"class_list":{"0":"post-23813","1":"product","2":"type-product","3":"status-publish","4":"has-post-thumbnail","6":"product_brand-6524","7":"product_cat-10071","8":"product_tag-4533","9":"product_tag-4560","10":"product_tag-6891","11":"product_tag-4532","12":"product_tag-4557","13":"product_tag-5912","14":"product_tag-4556","15":"product_tag-4450","16":"product_tag-4534","17":"product_tag-4575","19":"first","20":"instock","21":"shipping-taxable","22":"purchasable","23":"product-type-simple"},"_links":{"self":[{"href":"https:\/\/eurogoodshop.com\/en\/wp-json\/wp\/v2\/product\/23813","targetHints":{"allow":["GET"]}}],"collection":[{"href":"https:\/\/eurogoodshop.com\/en\/wp-json\/wp\/v2\/product"}],"about":[{"href":"https:\/\/eurogoodshop.com\/en\/wp-json\/wp\/v2\/types\/product"}],"replies":[{"embeddable":true,"href":"https:\/\/eurogoodshop.com\/en\/wp-json\/wp\/v2\/comments?post=23813"}],"wp:featuredmedia":[{"embeddable":true,"href":"https:\/\/eurogoodshop.com\/en\/wp-json\/wp\/v2\/media\/23814"}],"wp:attachment":[{"href":"https:\/\/eurogoodshop.com\/en\/wp-json\/wp\/v2\/media?parent=23813"}],"wp:term":[{"taxonomy":"product_cat","embeddable":true,"href":"https:\/\/eurogoodshop.com\/en\/wp-json\/wp\/v2\/product_cat?post=23813"},{"taxonomy":"product_tag","embeddable":true,"href":"https:\/\/eurogoodshop.com\/en\/wp-json\/wp\/v2\/product_tag?post=23813"}],"curies":[{"name":"wp","href":"https:\/\/api.w.org\/{rel}","templated":true}]}}