{"id":24629,"date":"2025-03-16T19:32:05","date_gmt":"2025-03-16T10:32:05","guid":{"rendered":"https:\/\/eurogoodshop.com\/product\/lancer-%eb%9e%9c%ec%84%9c-%eb%84%88%eb%a6%ac%ec%89%ac-%eb%a6%ac%ed%95%98%ec%9d%b4%eb%93%9c%eb%a0%88%ec%9d%b4%ec%85%98-%eb%a7%88%ec%8a%a4%ed%81%ac-%eb%b3%b4%ec%8a%b5-%eb%b0%8f-%ec%98%81%ec%96%91\/"},"modified":"2026-01-07T16:54:30","modified_gmt":"2026-01-07T07:54:30","slug":"lancer-%eb%9e%9c%ec%84%9c-%eb%84%88%eb%a6%ac%ec%89%ac-%eb%a6%ac%ed%95%98%ec%9d%b4%eb%93%9c%eb%a0%88%ec%9d%b4%ec%85%98-%eb%a7%88%ec%8a%a4%ed%81%ac-%eb%b3%b4%ec%8a%b5-%eb%b0%8f-%ec%98%81%ec%96%91","status":"publish","type":"product","link":"https:\/\/eurogoodshop.com\/en\/product\/lancer-%eb%9e%9c%ec%84%9c-%eb%84%88%eb%a6%ac%ec%89%ac-%eb%a6%ac%ed%95%98%ec%9d%b4%eb%93%9c%eb%a0%88%ec%9d%b4%ec%85%98-%eb%a7%88%ec%8a%a4%ed%81%ac-%eb%b3%b4%ec%8a%b5-%eb%b0%8f-%ec%98%81%ec%96%91\/","title":{"rendered":"LANCER \ub79c\uc11c \ub108\ub9ac\uc26c \ub9ac\ud558\uc774\ub4dc\ub808\uc774\uc158 \ub9c8\uc2a4\ud06c \ubcf4\uc2b5 \ubc0f \uc601\uc591 \ud398\uc774\uc15c \ub9c8\uc2a4\ud06c 50ml"},"content":{"rendered":"<div style=\"text-align: center;\">\n    <img decoding=\"async\" src=\"https:\/\/eurogoodshop.com\/wp-content\/uploads\/product-detail-image\/dtl-11396209944-01.jpg\" alt=\"LANCER \ub79c\uc11c \ub108\ub9ac\uc26c \ub9ac\ud558\uc774\ub4dc\ub808\uc774\uc158 \ub9c8\uc2a4\ud06c\" style=\"display: block; margin: 20px auto;\"><\/p>\n<div style=\"margin-bottom: 15px;\">\n<div class=\"text-ko\">LANCER \ub79c\uc11c \ub108\ub9ac\uc26c \ub9ac\ud558\uc774\ub4dc\ub808\uc774\uc158 \ub9c8\uc2a4\ud06c 50ml<\/div>\n<div class=\"text-en\" style=\"display: none;\">LANCER Nourish Rehydration Mask 50ml<\/div>\n<\/p><\/div>\n<div style=\"margin-bottom: 15px;\">\n<div class=\"text-ko\">\ud3a9\ud0c0\uc774\ub4dc + \ube44\ud0c0\ubbfc B3 \ubcf4\uc2b5 \ubc0f \uc601\uc591 \ud398\uc774\uc15c \ub9c8\uc2a4\ud06c<\/div>\n<div class=\"text-en\" style=\"display: none;\">Peptide + Vitamin B3 moisturizing and nourishing facial mask<\/div>\n<\/p><\/div>\n<div style=\"margin-bottom: 15px;\">\n<div class=\"text-ko\" style=\"font-weight: bold;\">\ud53c\ubd80\ud0c0\uc785<\/div>\n<div class=\"text-en\" style=\"display: none; font-weight: bold;\">Skin type<\/div>\n<\/p><\/div>\n<div style=\"margin-bottom: 15px;\">\n<div class=\"text-ko\">\ubaa8\ub4e0 \ud53c\ubd80 \ud0c0\uc785\uc6a9<\/div>\n<div class=\"text-en\" style=\"display: none;\">For all skin types<\/div>\n<\/p><\/div>\n<div style=\"margin-bottom: 15px;\">\n<div class=\"text-ko\" style=\"font-weight: bold;\">\ud6a8\uacfc<\/div>\n<div class=\"text-en\" style=\"display: none; font-weight: bold;\">Effect<\/div>\n<\/p><\/div>\n<div style=\"margin-bottom: 15px;\">\n<div class=\"text-ko\">\uc218\ubd84, \ube0c\ub77c\uc774\ud2b8\ub2dd, \uc601\uc591, \ubc00\ub3c4\ud68c\ubcf5<\/div>\n<div class=\"text-en\" style=\"display: none;\">Moisture, brightening, nutrition, density recovery<\/div>\n<\/p><\/div>\n<div style=\"margin-bottom: 15px;\">\n<div class=\"text-ko\" style=\"font-weight: bold;\">\uc5b8\uc81c \uc0ac\uc6a9\ud558\ub098\uc694?<\/div>\n<div class=\"text-en\" style=\"display: none; font-weight: bold;\">When should I use it?<\/div>\n<\/p><\/div>\n<div style=\"margin-bottom: 15px;\">\n<div class=\"text-ko\">\ubc24 \ub3d9\uc548<\/div>\n<div class=\"text-en\" style=\"display: none;\">During the night<\/div>\n<\/p><\/div>\n<div style=\"margin-bottom: 15px;\">\n<div class=\"text-ko\" style=\"font-weight: bold;\">\ud65c\uc131 \ubb3c\uc9c8<\/div>\n<div class=\"text-en\" style=\"display: none; font-weight: bold;\">Active substance<\/div>\n<\/p><\/div>\n<div style=\"margin-bottom: 15px;\">\n<div class=\"text-ko\">\ud3a9\ud0c0\uc774\ub4dc<\/div>\n<div class=\"text-en\" style=\"display: none;\">Peptide<\/div>\n<\/p><\/div>\n<div style=\"margin-bottom: 15px;\">\n<div class=\"text-ko\">\ub2f9\uc2e0\uc758 \ud53c\ubd80\uac00 \uac74\uac15\ud558\uc9c0 \uc54a\uc544 \ub2e8\uc21c\ud788 \ud06c\ub9bc\uc744 \ud1b5\ud55c \uad00\ub9ac \uc774\uc0c1\uc758 \ubb34\uc5b8\uac00\uac00 \ud544\uc694\ud558\ub2e4\uace0 \uc0dd\uac01\ud558\uc2dc\ub098\uc694? LANCER NOURISH REHYDRATION MASK\ub294 \uc2a4\ud0a8 \ucf00\uc5b4 \ub8e8\ud2f4\uc5d0 \ud6cc\ub96d\ud55c \ucd94\uac00 \uae30\ub2a5\uc744 \uc81c\uacf5\ud569\ub2c8\ub2e4. \ud53c\ubd80\ub97c \uac00\uafb8\uace0 \uc9d1\uc911\uc801\uc778 \uad00\ub9ac\ub97c \uc81c\uacf5\ud558\uc5ec \uc989\uc2dc \uc678\uad00\uc744 \uac1c\uc120\ud569\ub2c8\ub2e4.<\/div>\n<div class=\"text-en\" style=\"display: none;\">Do you think your skin is unhealthy and needs more than just cream? LANCER NOURISH REHYDRATION MASK makes a great addition to your skin care routine. It pampers your skin and provides intensive care to instantly improve its appearance.<\/div>\n<\/p><\/div>\n<div style=\"margin-bottom: 15px;\">\n<div class=\"text-ko\" style=\"font-weight: bold;\">\ud2b9\uc9d5:<\/div>\n<div class=\"text-en\" style=\"display: none; font-weight: bold;\">Features:<\/div>\n<\/p><\/div>\n<div style=\"margin-bottom: 15px;\">\n<div class=\"text-ko\">\uae4a\uac8c \uc218\ubd84\uc744 \uacf5\uae09\ud558\uace0 \uc9d1\uc911\uc801\uc73c\ub85c \uc601\uc591\uc744 \uacf5\uae09\ud569\ub2c8\ub2e4.<\/div>\n<div class=\"text-en\" style=\"display: none;\">Deeply hydrates and intensively nourishes.<\/div>\n<\/p><\/div>\n<div style=\"margin-bottom: 15px;\">\n<div class=\"text-ko\">\ud53c\ubd80\uc758 \ud0c4\ub825\uacfc \ud3b8\uc548\ud568\uc744 \ud68c\ubcf5\uc2dc\ucf1c \uc90d\ub2c8\ub2e4.<\/div>\n<div class=\"text-en\" style=\"display: none;\">Restores skin elasticity and comfort.<\/div>\n<\/p><\/div>\n<div style=\"margin-bottom: 15px;\">\n<div class=\"text-ko\">\ud53c\ubd80\uc5d0 \ub2ff\uc558\uc744 \ub54c \ubd80\ub4dc\ub7fd\uace0 \ub9e4\ub048\ud55c \ub290\ub08c\uc744 \uc90d\ub2c8\ub2e4<\/div>\n<div class=\"text-en\" style=\"display: none;\">Gives a soft and smooth feeling when it touches the skin<\/div>\n<\/p><\/div>\n<div style=\"margin-bottom: 15px;\">\n<div class=\"text-ko\">\ud53c\ubd80\uc758 \uc804\uccb4\uc801\uc778 \ubaa8\uc2b5\uc744 \uc544\ub984\ub2f5\uac8c \ud574\uc900\ub2e4.<\/div>\n<div class=\"text-en\" style=\"display: none;\">Beautifies the overall appearance of the skin.<\/div>\n<\/p><\/div>\n<div style=\"margin-bottom: 15px;\">\n<div class=\"text-ko\" style=\"font-weight: bold;\">\uc0ac\uc6a9 \ubc29\ubc95:<\/div>\n<div class=\"text-en\" style=\"display: none; font-weight: bold;\">How to use:<\/div>\n<\/p><\/div>\n<div style=\"margin-bottom: 15px;\">\n<div class=\"text-ko\">\ub9c8\uc2a4\ud06c \uc801\ub2f9\ub7c9\uc744 \uc5bc\uad74 \uc804\uccb4\uc5d0 \uace0\ub974\uac8c \ud3b4 \ubc1c\ub77c\uc90d\ub2c8\ub2e4. \ubc24\uc0c8\ub3c4\ub85d \uadf8\ub300\ub85c \ub450\uc138\uc694. \uc544\uce68\uc5d0 \uc53b\uc5b4 \ub0b4\uc2ed\uc2dc\uc624.<\/div>\n<div class=\"text-en\" style=\"display: none;\">Apply an appropriate amount of mask evenly over the entire face. Leave it on overnight. Wash it off in the morning.<\/div>\n<\/p><\/div>\n<div style=\"margin-bottom: 15px;\">\n<div class=\"text-ko\">WATER\/AQUA\/EAU, GLYCERIN, BUTYLENE GLYCOL, CAPRYLIC\/CAPRIC TRIGLYCERIDE, DIMETHICONE, C18-21 ALKANE, NIACINAMIDE, PEG-8, GLYCERYL STEARATE, PEG-100, STEARATE, SACCHARIDE ISOMERATE, CETEARYL ALCOHOL, ALLANTOIN, HYDROLYZED, YEAST PROTEIN, HYDROLYZED SODIUM HYALURONATE, SODIUM HYALURONATE, HEXAPEPTIDE-48 HCL, TETRAHEXYLDECYL ASCORBATE, TOCOPHEROLBUTYROSPERMUM PARKII (SHEA) BUTTER, ORYZA SATIVA (RICE) BRAN EXTRACT, ROSMARINUS OFFICINALIS (ROSEMARY) LEAF EXTRACT, HELIANTHUS ANNUUS (SUNFLOWER) EXTRACT, POLYSILICONE-11, POLYSORBATE 60, CETYL ALCOHOL, GLYCERYL ACRYLATE\/ACRYLIC ACID COPOLYMER, SODIUM POLYACRYLOYLDIMETHYL TAURATE, HYDROGENATED POLYDECENE, TRIDECETH-10, PENTYLENE GLYCOL, XYLITYLGLUCOSIDE, ANHYDROXYLITO, XYLITOL, AMINOMETHYL PROPANOL, CITRIC ACID, SODIUM CITRATE, ACRYLATES\/C10-30 ALKYL ACRYLATE CROSSPOLYMER, DISODIUM EDTA, GLUCOSE, PHENOXYETHANOL, ETHYLHEXYLGLYCERIN.<\/div>\n<div class=\"text-en\" style=\"display: none;\">WATER\/AQUA\/EAU, GLYCERIN, BUTYLENE GLYCOL, CAPRYLIC\/CAPRIC TRIGLYCERIDE, DIMETHICONE, C18-21 ALKANE, NIACINAMIDE, PEG-8, GLYCERYL STEARATE, PEG-100, STEARATE, SACCHARIDE ISOMERATE, CETEARYL ALCOHOL, ALLANTOIN, HYDROLYZED, YEAST PROTEIN, HYDROLYZED SODIUM HYALURONATE, SODIUM HYALURONATE, HEXAPEPTIDE-48 HCL, TETRAHEXYLDECYL ASCORBATE, TOCOPHEROLBUTYROSPERMUM PARKII (SHEA) BUTTER, ORYZA SATIVA (RICE) BRAN EXTRACT, ROSMARINUS OFFICINALIS (ROSEMARY) LEAF EXTRACT, HELIANTHUS ANNUUS (SUNFLOWER) EXTRACT, POLYSILICONE-11, POLYSORBATE 60, CETYL ALCOHOL, GLYCERYL ACRYLATE\/ACRYLIC ACID COPOLYMER, SODIUM POLYACRYLOYLDIMETHYL TAURATE, HYDROGENATED POLYDECENE, TRIDECETH-10, PENTYLENE GLYCOL, XYLITYLGLUCOSIDE, ANHYDROXYLITO,<\/div>\n<\/p><\/div>\n<div style=\"margin-bottom: 15px;\">\n<div class=\"text-ko\">Za slo\u017een\u00ed v\u00fdrobku odpov\u00edd\u00e1 v\u00fdrobce. Z d\u016fvodu p\u0159\u00edpadn\u00fdch zm\u011bn doporu\u010dujeme kontrolovat slo\u017een\u00ed v\u00fdrobku p\u0159\u00edmo na jeho obale.<\/div>\n<div class=\"text-en\" style=\"display: none;\">Let&#8217;s go. Z d\u016fvodu p\u0159\u00edpadn\u00fdch zm\u011bn doporu\u010dujeme kontrolovat slo\u017een\u00ed v\u00fdrobku p\u0159\u00edmo na jeho obale.<\/div>\n<\/p><\/div>\n<div style=\"margin-bottom: 15px;\">\n         <img decoding=\"async\" src=\"https:\/\/eurogoodshop.com\/wp-content\/uploads\/product-detail-image\/dtl-11396209944-02.jpg\" alt=\"LANCER \ub79c\uc11c \ub108\ub9ac\uc26c \ub9ac\ud558\uc774\ub4dc\ub808\uc774\uc158 \ub9c8\uc2a4\ud06c\" style=\"display: block; margin: 20px auto;\">\n    <\/div>\n<div style=\"margin-bottom: 15px;\">\n        <img decoding=\"async\" src=\"https:\/\/eurogoodshop.com\/wp-content\/uploads\/product-detail-image\/dtl-11396209944-03.jpg\" alt=\"LANCER \ub79c\uc11c \ub108\ub9ac\uc26c \ub9ac\ud558\uc774\ub4dc\ub808\uc774\uc158 \ub9c8\uc2a4\ud06c\" style=\"display: block; margin: 20px auto;\">\n    <\/div>\n<div style=\"margin-bottom: 15px;\">\n        <img decoding=\"async\" src=\"https:\/\/eurogoodshop.com\/wp-content\/uploads\/product-detail-image\/dtl-11396209944-04.jpg\" alt=\"LANCER \ub79c\uc11c \ub108\ub9ac\uc26c \ub9ac\ud558\uc774\ub4dc\ub808\uc774\uc158 \ub9c8\uc2a4\ud06c\" style=\"display: block; margin: 20px auto;\">\n    <\/div>\n<div style=\"margin-bottom: 15px;\">\n<div class=\"text-ko\">+ \uc800\ud76c \uc0f5\uc5d0\uc11c \ud310\ub9e4 \uc911\uc778 LANCER \ube0c\ub79c\ub4dc \uc81c\ud488\ub4e4\uc740 \uc774 \uacf3\uc5d0\uc11c \ub9cc\ub098\ubcf4\uc138\uc694.<\/div>\n<div class=\"text-en\" style=\"display: none;\">+ Check out the LANCER brand products sold in our shop here.<\/div>\n<\/p><\/div>\n<\/div>","protected":false},"excerpt":{"rendered":"<p>LANCER \ub79c\uc11c \ub108\ub9ac\uc26c \ub9ac\ud558\uc774\ub4dc\ub808\uc774\uc158 \ub9c8\uc2a4\ud06c 50ml LANCER Nourish Rehydration Mask 50ml \ud3a9\ud0c0\uc774\ub4dc + \ube44\ud0c0\ubbfc B3 \ubcf4\uc2b5 \ubc0f \uc601\uc591 \ud398\uc774\uc15c \ub9c8\uc2a4\ud06c Peptide + Vitamin B3 moisturizing and nourishing facial mask \ud53c\ubd80\ud0c0\uc785 Skin type \ubaa8\ub4e0 \ud53c\ubd80 \ud0c0\uc785\uc6a9 For all skin types \ud6a8\uacfc Effect \uc218\ubd84, \ube0c\ub77c\uc774\ud2b8\ub2dd, \uc601\uc591, \ubc00\ub3c4\ud68c\ubcf5 Moisture, brightening, nutrition, density recovery \uc5b8\uc81c \uc0ac\uc6a9\ud558\ub098\uc694? When should I [&hellip;]<\/p>","protected":false},"featured_media":24630,"comment_status":"open","ping_status":"closed","template":"","meta":[],"product_cat":[10029],"product_tag":[],"class_list":{"0":"post-24629","1":"product","2":"type-product","3":"status-publish","4":"has-post-thumbnail","6":"product_brand-lancer","7":"product_cat-10029","9":"first","10":"instock","11":"shipping-taxable","12":"purchasable","13":"product-type-simple"},"_links":{"self":[{"href":"https:\/\/eurogoodshop.com\/en\/wp-json\/wp\/v2\/product\/24629","targetHints":{"allow":["GET"]}}],"collection":[{"href":"https:\/\/eurogoodshop.com\/en\/wp-json\/wp\/v2\/product"}],"about":[{"href":"https:\/\/eurogoodshop.com\/en\/wp-json\/wp\/v2\/types\/product"}],"replies":[{"embeddable":true,"href":"https:\/\/eurogoodshop.com\/en\/wp-json\/wp\/v2\/comments?post=24629"}],"wp:featuredmedia":[{"embeddable":true,"href":"https:\/\/eurogoodshop.com\/en\/wp-json\/wp\/v2\/media\/24630"}],"wp:attachment":[{"href":"https:\/\/eurogoodshop.com\/en\/wp-json\/wp\/v2\/media?parent=24629"}],"wp:term":[{"taxonomy":"product_cat","embeddable":true,"href":"https:\/\/eurogoodshop.com\/en\/wp-json\/wp\/v2\/product_cat?post=24629"},{"taxonomy":"product_tag","embeddable":true,"href":"https:\/\/eurogoodshop.com\/en\/wp-json\/wp\/v2\/product_tag?post=24629"}],"curies":[{"name":"wp","href":"https:\/\/api.w.org\/{rel}","templated":true}]}}