{"id":25072,"date":"2025-03-16T19:52:09","date_gmt":"2025-03-16T10:52:09","guid":{"rendered":"https:\/\/eurogoodshop.com\/product\/%ea%b0%88%eb%a6%ac%eb%84%a4-%ec%8a%a4%ed%82%a8%ec%bc%80%ec%96%b4-%eb%b9%84%eb%84%a4%ea%b1%b0-%ec%a0%a4-%ec%84%b8%eb%9f%bc-30ml-gallin-e-%ea%b0%88%eb%a6%ac%eb%8b%88-11339823280\/"},"modified":"2026-01-07T17:08:56","modified_gmt":"2026-01-07T08:08:56","slug":"%ea%b0%88%eb%a6%ac%eb%84%a4-%ec%8a%a4%ed%82%a8%ec%bc%80%ec%96%b4-%eb%b9%84%eb%84%a4%ea%b1%b0-%ec%a0%a4-%ec%84%b8%eb%9f%bc-30ml-gallin-e-%ea%b0%88%eb%a6%ac%eb%8b%88-11339823280","status":"publish","type":"product","link":"https:\/\/eurogoodshop.com\/en\/product\/%ea%b0%88%eb%a6%ac%eb%84%a4-%ec%8a%a4%ed%82%a8%ec%bc%80%ec%96%b4-%eb%b9%84%eb%84%a4%ea%b1%b0-%ec%a0%a4-%ec%84%b8%eb%9f%bc-30ml-gallin-e-%ea%b0%88%eb%a6%ac%eb%8b%88-11339823280\/","title":{"rendered":"\uac08\ub9ac\ub124 \uc2a4\ud0a8\ucf00\uc5b4 \ube44\ub124\uac70 \uc824 \uc138\ub7fc 30ml Gallin\u00e9e \uac08\ub9ac\ub2c8"},"content":{"rendered":"<div style=\"text-align: center;\">\n    <img decoding=\"async\" src=\"https:\/\/eurogoodshop.com\/wp-content\/uploads\/product-detail-image\/dtl-11339823280-01.jpg\" alt=\"\uc774\ubbf8\uc9c0\" style=\"display: block; margin: 20px auto;\"><\/p>\n<div style=\"margin-bottom: 20px;\">\n<div class=\"text-ko\" style=\"text-align: center; font-weight: bold; font-size: 1.2em;\">\uac08\ub9ac\ub124 \uc2a4\ud0a8\ucf00\uc5b4 \ube44\ub124\uac70 \uc824 \uc138\ub7fc 30ml Gallin\u00e9e<\/div>\n<div class=\"text-en\" style=\"text-align: center; font-weight: bold; font-size: 1.2em; display: none;\">Gallin\u00e9e Skin Care Vinegar Gel Serum 30ml Gallin\u00e9e<\/div>\n<\/p><\/div>\n<div style=\"margin-bottom: 20px;\">\n<div class=\"text-ko\" style=\"text-align: center;\">\uade0\ud615\uc7a1\ud78c \ud53c\ubd80 \ub9c8\uc774\ud06c\ub85c\ubc14\uc774\uc634\uc73c\ub85c \uacb0\uc810 \uc5c6\ub294 \ub9e4\ub048\ud55c \uc5bc\uad74<\/div>\n<div class=\"text-en\" style=\"text-align: center; display: none;\">Flawless and smooth face with balanced skin microbiome<\/div>\n<\/p><\/div>\n<div style=\"margin-bottom: 20px;\">\n<div class=\"text-ko\" style=\"text-align: center;\">\uac74\uac15\ud55c \ud53c\ubd80\ub294 \uac74\uac15\ud55c \ub9c8\uc774\ud06c\ub85c\ubc14\uc774\uc634\uc5d0\uc11c \uc2dc\uc791\ub429\ub2c8\ub2e4. \ubb38\uc81c\uc131 \ud53c\ubd80\ub97c \uc704\ud55c Gallin\u00e9e SKIN CARE Vinegar Gel\u00e9e \uc138\ub7fc\uc740 \uc774\ub97c \ud655\uc2e0\uc2dc\ucf1c \ub4dc\ub9bd\ub2c8\ub2e4. \uc5ec\ub4dc\ub984\uc744 \uac74\uc870\uc2dc\ucf1c\uc11c \uc2f8\uc6b0\ub294 \uac83\uc774 \uc544\ub2c8\ub77c \ub098\uc05c \ubc15\ud14c\ub9ac\uc544\uc758 \uc99d\uc2dd\uc744 \ub9c9\uc544 \uc5ec\ub4dc\ub984 \ud615\uc131\uc744 \ubc29\uc9c0\ud558\uace0 \ubc18\ub300\ub85c \uc720\uc775\ud55c \ubc15\ud14c\ub9ac\uc544\ub97c \uc9c0\uc6d0\ud569\ub2c8\ub2e4. \uc5ec\uae30\uc5d0\ub294 \ubd88\uc644\uc804\uc131\uc5d0 \ub300\ud574 \uc2dc\ub108\uc9c0 \ud6a8\uacfc\ub97c \ubc1c\ud718\ud558\ub294 \ud504\ub9ac\ubc14\uc774\uc624\ud2f1\uc2a4\uc640 \uc0ac\uacfc \uc0ac\uc774\ub2e4 \uc2dd\ucd08\ub97c \ud3ec\ud568\ud55c \ub2e4\uc591\ud55c \ucc9c\uc5f0 \ubb3c\uc9c8\uc774 \ud3ec\ud568\ub418\uc5b4 \uc788\uc2b5\ub2c8\ub2e4. \uc815\uae30\uc801\uc73c\ub85c \uc0ac\uc6a9\ud558\uba74 \ud53c\ubd80\uc758 \uae30\ub984\uae30\uac00 \uc904\uc5b4\ub4e4\uace0 \uc9c8\uac10\uc774 \ubd80\ub4dc\ub7ec\uc6cc\uc9c0\uba70 \ud1a4\uc774 \uade0\uc77c\ud574\uc9d1\ub2c8\ub2e4.<\/div>\n<div class=\"text-en\" style=\"text-align: center; display: none;\">Healthy skin starts with a healthy microbiome. Gallin\u00e9e SKIN CARE Vinegar Gel\u00e9e Serum for problem skin will convince you of this. Rather than fighting acne by drying it out, it prevents the formation of acne by preventing the growth of bad bacteria and, conversely, supports good bacteria. It contains a variety of natural substances, including prebiotics and apple cider vinegar, which work synergistically against imperfections. With regular use, your skin will become less oily, its texture will be smoother, and your tone will even out.<\/div>\n<\/p><\/div>\n<div style=\"margin-bottom: 10px;\">\n<div class=\"text-ko\" style=\"text-align: center; font-weight: bold;\">\ud2b9\uc9d5:<\/div>\n<div class=\"text-en\" style=\"text-align: center; font-weight: bold; display: none;\">Features:<\/div>\n<\/p><\/div>\n<div style=\"margin-bottom: 10px;\">\n<div class=\"text-ko\" style=\"text-align: center;\">\ub208\uc5d0 \ub744\uac8c \uac00\ubcbc\uc6cc\uc9c0\uace0 \uc7a1\ud2f0\uc640 \ubd89\uc740\uae30\uac00 \uc904\uc5b4\ub4ed\ub2c8\ub2e4.<\/div>\n<div class=\"text-en\" style=\"text-align: center; display: none;\">It becomes noticeably lighter, and blemishes and redness are reduced.<\/div>\n<\/p><\/div>\n<div style=\"margin-bottom: 10px;\">\n<div class=\"text-ko\" style=\"text-align: center;\">\uc720\ub9ac\ud55c \ud53c\ubd80 \ubbf8\uc0dd\ubb3c\uad70\uc9d1\uc758 \uc9c0\uc6d0\uc73c\ub85c \uc5ec\ub4dc\ub984 \ud615\uc131\uc744 \ubc29\uc9c0\ud569\ub2c8\ub2e4.<\/div>\n<div class=\"text-en\" style=\"text-align: center; display: none;\">Prevents acne formation by supporting a favorable skin microbiome.<\/div>\n<\/p><\/div>\n<div style=\"margin-bottom: 10px;\">\n<div class=\"text-ko\" style=\"text-align: center;\">\ud53c\ubd80\uc758 \uade0\ud615\uc744 \uc9c4\uc815\uc2dc\ud0a4\uace0 \ud68c\ubcf5\uc2dc\ud0a4\uba70, \ud53c\ubd80\uacb0\uc744 \ub9e4\ub044\ub7fd\uac8c \uac00\uafd4\uc90d\ub2c8\ub2e4.<\/div>\n<div class=\"text-en\" style=\"text-align: center; display: none;\">Soothes and restores skin balance and smoothens skin texture.<\/div>\n<\/p><\/div>\n<div style=\"margin-bottom: 10px;\">\n<div class=\"text-ko\" style=\"text-align: center;\">\ud53c\uc9c0 \uc0dd\uc131\uc744 \uc870\uc808\ud558\uace0 \ubd80\ub4dc\ub7ec\uc6b4 \ud544\ub9c1 \uc5ed\ud560\uc744 \ud569\ub2c8\ub2e4.<\/div>\n<div class=\"text-en\" style=\"text-align: center; display: none;\">Controls sebum production and acts as a gentle peeling.<\/div>\n<\/p><\/div>\n<div style=\"margin-bottom: 10px;\">\n<div class=\"text-ko\" style=\"text-align: center;\">\ud53c\ubd80 \uc7a5\ubcbd\uc744 \uac15\ud654\ud558\uace0 \ubcf4\ud638\ud574\uc90d\ub2c8\ub2e4.<\/div>\n<div class=\"text-en\" style=\"text-align: center; display: none;\">Strengthens and protects the skin barrier.<\/div>\n<\/p><\/div>\n<div style=\"margin-bottom: 10px;\">\n<div class=\"text-ko\" style=\"text-align: center;\">\ud53c\ubd80\uc5d0 \ud3b8\uc548\ud55c \ub290\ub08c\uacfc \ube5b\ub098\ub294 \ud53c\ubd80\ub97c \uc120\uc0ac\ud569\ub2c8\ub2e4.<\/div>\n<div class=\"text-en\" style=\"text-align: center; display: none;\">Provides a comfortable feeling and glowing skin.<\/div>\n<\/p><\/div>\n<div style=\"margin-bottom: 10px;\">\n<div class=\"text-ko\" style=\"text-align: center;\">\uc824 \uc9c8\uac10\uc774 \ucd18\ucd18\ud574\uc11c \ub048\uc801\uc784\ub3c4 \uc5c6\uace0 \ub048\uc801\uc784\ub3c4 \uc5c6\uc5b4\uc694<\/div>\n<div class=\"text-en\" style=\"text-align: center; display: none;\">The gel texture is dense so there is no stickiness or stickiness.<\/div>\n<\/p><\/div>\n<div style=\"margin-bottom: 10px;\">\n<div class=\"text-ko\" style=\"text-align: center; font-weight: bold;\">\ud14c\uc2a4\ud2b8 \uacb0\uacfc:<\/div>\n<div class=\"text-en\" style=\"text-align: center; font-weight: bold; display: none;\">Test results:<\/div>\n<\/p><\/div>\n<div style=\"margin-bottom: 10px;\">\n<div class=\"text-ko\" style=\"text-align: center;\">\u2192 \uc608\ubbfc\ud55c \ud53c\ubd80\ub97c \uac00\uc9c4 20\uba85\uc744 \ub300\uc0c1\uc73c\ub85c 21\uc77c\uac04 \ud14c\uc2a4\ud2b8\ub97c \uc9c4\ud589\ud55c \uc138\ub7fc<\/div>\n<div class=\"text-en\" style=\"text-align: center; display: none;\">\u2192 Serum tested on 20 people with sensitive skin for 21 days<\/div>\n<\/p><\/div>\n<div style=\"margin-bottom: 10px;\">\n<div class=\"text-ko\" style=\"text-align: center;\">100%\uac00 \uc138\ub7fc\uc774 \ud53c\ubd80\uc5d0 \uc21c\ud558\ub2e4\uace0 \ub2f5\ud588\uc5b4\uc694<\/div>\n<div class=\"text-en\" style=\"text-align: center; display: none;\">100% responded that the serum is gentle on the skin<\/div>\n<\/p><\/div>\n<div style=\"margin-bottom: 10px;\">\n<div class=\"text-ko\" style=\"text-align: center;\">95%\ub294 \ud53c\ubd80\uac00 \ub354 \ucc28\ubd84\ud574\uc9c0\uace0, \uade0\ud615 \uc7a1\ud788\uace0, \uc9c8\uac10\uc774 \uac1c\uc120\ub418\ub294 \ub290\ub08c\uc744 \ubc1b\uc558\ub2e4\uace0 \ub3d9\uc758\ud588\uc2b5\ub2c8\ub2e4.<\/div>\n<div class=\"text-en\" style=\"text-align: center; display: none;\">95% agreed that their skin felt calmer, more balanced and its texture improved.<\/div>\n<\/p><\/div>\n<div style=\"margin-bottom: 10px;\">\n<div class=\"text-ko\" style=\"text-align: center;\">86%\ub294 \ud53c\ubd80\uac00 \ub354\uc6b1 \uade0\uc77c\ud558\uace0 \ube5b\ub098 \ubcf4\uc778\ub2e4\uace0 \ub2f5\ud588\uc2b5\ub2c8\ub2e4.<\/div>\n<div class=\"text-en\" style=\"text-align: center; display: none;\">86% said their skin looked more even and radiant.<\/div>\n<\/p><\/div>\n<div style=\"margin-bottom: 10px;\">\n<div class=\"text-ko\" style=\"text-align: center;\">82%\ub294 \uc790\uc2e0\uc758 \ud53c\ubd80\uac00 \ub35c \uae30\ub984\uc9c0\uace0 \uc7a1\ud2f0\uac00 \uc801\uace0 \ubd89\uc740\uae30\uac00 \ub35c\ud558\ub2e4\uace0 \ub2f5\ud588\uc2b5\ub2c8\ub2e4.<\/div>\n<div class=\"text-en\" style=\"text-align: center; display: none;\">82% responded that their skin was less oily, had fewer blemishes, and was less red.<\/div>\n<\/p><\/div>\n<div style=\"margin-bottom: 10px;\">\n<div class=\"text-ko\" style=\"text-align: center;\">77%\uac00 \ud53c\ubd80\uac00 \uce59\uce59\ud574\uc9c0\ub294 \uac83\uc744 \ub290\uaf08\uc2b5\ub2c8\ub2e4.<\/div>\n<div class=\"text-en\" style=\"text-align: center; display: none;\">77% felt their skin became dull.<\/div>\n<\/p><\/div>\n<div style=\"margin-bottom: 10px;\">\n<div class=\"text-ko\" style=\"text-align: center; font-weight: bold;\">\uad6c\uc131:<\/div>\n<div class=\"text-en\" style=\"text-align: center; font-weight: bold; display: none;\">Configuration:<\/div>\n<\/p><\/div>\n<div style=\"margin-bottom: 10px;\">\n<div class=\"text-ko\" style=\"text-align: center;\">\ud3f4\ub9ac\ub77c\uc774\uc2e0 \u2013 \uc5ec\ub4dc\ub984\uc744 \uc720\ubc1c\ud558\ub294 \ubc15\ud14c\ub9ac\uc544\ub97c \uc904\uc774\uace0 \ud53c\ubd80 \uce5c\ud654\uc801\uc778 \ubc15\ud14c\ub9ac\uc544 \uc885\uc744 \uc9c0\uc6d0\ud569\ub2c8\ub2e4.<\/div>\n<div class=\"text-en\" style=\"text-align: center; display: none;\">Polylysine \u2013 Reduces acne-causing bacteria and supports skin-friendly bacterial species.<\/div>\n<\/p><\/div>\n<div style=\"margin-bottom: 10px;\">\n<div class=\"text-ko\" style=\"text-align: center;\">\ud788\ube44\uc2a4\ucee4\uc2a4 \ucd94\ucd9c\ubb3c\uc774 \ud568\uc720\ub41c \uc0ac\uacfc\uc2dd\ucd08 &#8211; \ubd80\ub4dc\ub7ec\uc6b4 \uac01\uc9c8 \uc81c\uac70 \ud6a8\uacfc, \ubbf8\ubc31, \uc9c4\uc815, \ubaa8\uacf5 \ub9c9\ud798 \ubc29\uc9c0<\/div>\n<div class=\"text-en\" style=\"text-align: center; display: none;\">Apple cider vinegar with hibiscus extract &#8211; gentle exfoliation effect, whitening, soothing, and prevents pore clogging.<\/div>\n<\/p><\/div>\n<div style=\"margin-bottom: 10px;\">\n<div class=\"text-ko\" style=\"text-align: center;\">\uc816\uc0b0 \u2013 \ud53c\ubd80\uc758 \ucd5c\uc801 pH\ub97c \uc720\uc9c0\ud558\uace0 \ud53c\ubd80\uc5d0 \uc218\ubd84\uc744 \uacf5\uae09\ud558\uace0 \ubd80\ub4dc\ub7fd\uac8c \ud574\uc90d\ub2c8\ub2e4.<\/div>\n<div class=\"text-en\" style=\"text-align: center; display: none;\">Lactic Acid \u2013 Maintains skin&#8217;s optimal pH, hydrates and softens skin.<\/div>\n<\/p><\/div>\n<div style=\"margin-bottom: 10px;\">\n<div class=\"text-ko\" style=\"text-align: center;\">\uc870\ub958\uc640 \uce58\ucee4\ub9ac\uc758 \ud504\ub9ac\ubc14\uc774\uc624\ud2f1\uc2a4 &#8211; \ud53c\ubd80 \uc7a5\ubcbd\uc744 \ubcf5\uad6c\ud558\uace0, \uc720\ub9ac\ud55c \ubbf8\uc0dd\ubb3c\uad70\uc9d1\uacfc \ud53c\ubd80 \uade0\ud615\uc744 \uc9c0\uc6d0\ud558\uace0, \uc218\ubd84\uc744 \uacf5\uae09\ud569\ub2c8\ub2e4.<\/div>\n<div class=\"text-en\" style=\"text-align: center; display: none;\">Prebiotics from algae and chicory &#8211; repair the skin barrier, support favorable microbiome and skin balance, and hydrate.<\/div>\n<\/p><\/div>\n<div style=\"margin-bottom: 10px;\">\n<div class=\"text-ko\" style=\"text-align: center;\">99% \ucc9c\uc5f0 \uc720\ub798 \uc131\ubd84<\/div>\n<div class=\"text-en\" style=\"text-align: center; display: none;\">99% naturally derived ingredients<\/div>\n<\/p><\/div>\n<div style=\"margin-bottom: 10px;\">\n<div class=\"text-ko\" style=\"text-align: center;\">\ucd5c\uc801\uc758 pH<\/div>\n<div class=\"text-en\" style=\"text-align: center; display: none;\">Optimal pH<\/div>\n<\/p><\/div>\n<div style=\"margin-bottom: 10px;\">\n<div class=\"text-ko\" style=\"text-align: center;\">\ube44\ub204, \uc5fc\ub8cc, \ubbf8\ub124\ub784 \uc624\uc77c, \uc2e4\ub9ac\ucf58\uc774 \ud3ec\ud568\ub418\uc5b4 \uc788\uc9c0 \uc54a\uc2b5\ub2c8\ub2e4.<\/div>\n<div class=\"text-en\" style=\"text-align: center; display: none;\">Contains no soap, dye, mineral oil or silicone.<\/div>\n<\/p><\/div>\n<div style=\"margin-bottom: 10px;\">\n<div class=\"text-ko\" style=\"text-align: center; font-weight: bold;\">\uc0ac\uc6a9 \ubc29\ubc95:<\/div>\n<div class=\"text-en\" style=\"text-align: center; font-weight: bold; display: none;\">How to use:<\/div>\n<\/p><\/div>\n<div style=\"margin-bottom: 20px;\">\n<div class=\"text-ko\" style=\"text-align: center;\">\uc544\uce68, \uc800\ub141\uc73c\ub85c \uc138\uc548 \ud6c4 \ud53c\ubd80\ub97c \uc0ac\uc6a9\ud558\uc5ec \uc0ac\uc6a9\ud558\uc138\uc694. Gallin\u00e9e Vinegar Gel\u00e9e \uc138\ub7fc \uba87 \ubc29\uc6b8\uc744 \ub208\uac00\ub97c \ud53c\ud558\uc5ec \uc5bc\uad74\uc5d0 \ubc14\ub974\uc2ed\uc2dc\uc624. \uadf8\ub7f0 \ub2e4\uc74c \ubcf4\uc2b5 \uc2a4\ud0a8 \ud06c\ub9bc\uc744 \ubc14\ub974\uc2ed\uc2dc\uc624.<\/div>\n<div class=\"text-en\" style=\"text-align: center; display: none;\">Use on your skin after washing your face in the morning and evening. Apply a few drops of Gallin\u00e9e Vinegar Gel\u00e9e Serum to your face, avoiding the eye area. Then apply a moisturizing skin cream.<\/div>\n<\/p><\/div>\n<p>    <img decoding=\"async\" src=\"https:\/\/eurogoodshop.com\/wp-content\/uploads\/product-detail-image\/dtl-11339823280-02.jpg\" alt=\"\uc774\ubbf8\uc9c0\" style=\"display: block; margin: 20px auto;\"><br \/>\n    <img decoding=\"async\" src=\"https:\/\/eurogoodshop.com\/wp-content\/uploads\/product-detail-image\/dtl-11339823280-03.jpg\" alt=\"\uc774\ubbf8\uc9c0\" style=\"display: block; margin: 20px auto;\"><br \/>\n    <img decoding=\"async\" src=\"https:\/\/eurogoodshop.com\/wp-content\/uploads\/product-detail-image\/dtl-11339823280-04.jpg\" alt=\"\uc774\ubbf8\uc9c0\" style=\"display: block; margin: 20px auto;\"><\/p>\n<div style=\"margin-bottom: 20px;\">\n<div class=\"text-ko\" style=\"text-align: center;\">+ \uc800\ud76c \uc0f5\uc5d0\uc11c \ud310\ub9e4 \uc911\uc778 \ud504\ub791\uc2a4 \uac08\ub9ac\ub124 \uc81c\ud488\uc740 \uc774 \uacf3\uc5d0\uc11c \ub458\ub7ec\ubcf4\uc138\uc694.<\/div>\n<div class=\"text-en\" style=\"text-align: center; display: none;\">+ Check out the French Galline products sold in our shop here.<\/div>\n<\/p><\/div>\n<\/div>","protected":false},"excerpt":{"rendered":"<p>\uac08\ub9ac\ub124 \uc2a4\ud0a8\ucf00\uc5b4 \ube44\ub124\uac70 \uc824 \uc138\ub7fc 30ml Gallin\u00e9e Gallin\u00e9e Skin Care Vinegar Gel Serum 30ml Gallin\u00e9e \uade0\ud615\uc7a1\ud78c \ud53c\ubd80 \ub9c8\uc774\ud06c\ub85c\ubc14\uc774\uc634\uc73c\ub85c \uacb0\uc810 \uc5c6\ub294 \ub9e4\ub048\ud55c \uc5bc\uad74 Flawless and smooth face with balanced skin microbiome \uac74\uac15\ud55c \ud53c\ubd80\ub294 \uac74\uac15\ud55c \ub9c8\uc774\ud06c\ub85c\ubc14\uc774\uc634\uc5d0\uc11c \uc2dc\uc791\ub429\ub2c8\ub2e4. \ubb38\uc81c\uc131 \ud53c\ubd80\ub97c \uc704\ud55c Gallin\u00e9e SKIN CARE Vinegar Gel\u00e9e \uc138\ub7fc\uc740 \uc774\ub97c \ud655\uc2e0\uc2dc\ucf1c \ub4dc\ub9bd\ub2c8\ub2e4. \uc5ec\ub4dc\ub984\uc744 \uac74\uc870\uc2dc\ucf1c\uc11c \uc2f8\uc6b0\ub294 \uac83\uc774 \uc544\ub2c8\ub77c \ub098\uc05c \ubc15\ud14c\ub9ac\uc544\uc758 \uc99d\uc2dd\uc744 [&hellip;]<\/p>","protected":false},"featured_media":25073,"comment_status":"open","ping_status":"closed","template":"","meta":[],"product_cat":[10029],"product_tag":[],"class_list":{"0":"post-25072","1":"product","2":"type-product","3":"status-publish","4":"has-post-thumbnail","6":"product_brand-gallinee","7":"product_cat-10029","9":"first","10":"instock","11":"shipping-taxable","12":"purchasable","13":"product-type-simple"},"_links":{"self":[{"href":"https:\/\/eurogoodshop.com\/en\/wp-json\/wp\/v2\/product\/25072","targetHints":{"allow":["GET"]}}],"collection":[{"href":"https:\/\/eurogoodshop.com\/en\/wp-json\/wp\/v2\/product"}],"about":[{"href":"https:\/\/eurogoodshop.com\/en\/wp-json\/wp\/v2\/types\/product"}],"replies":[{"embeddable":true,"href":"https:\/\/eurogoodshop.com\/en\/wp-json\/wp\/v2\/comments?post=25072"}],"wp:featuredmedia":[{"embeddable":true,"href":"https:\/\/eurogoodshop.com\/en\/wp-json\/wp\/v2\/media\/25073"}],"wp:attachment":[{"href":"https:\/\/eurogoodshop.com\/en\/wp-json\/wp\/v2\/media?parent=25072"}],"wp:term":[{"taxonomy":"product_cat","embeddable":true,"href":"https:\/\/eurogoodshop.com\/en\/wp-json\/wp\/v2\/product_cat?post=25072"},{"taxonomy":"product_tag","embeddable":true,"href":"https:\/\/eurogoodshop.com\/en\/wp-json\/wp\/v2\/product_tag?post=25072"}],"curies":[{"name":"wp","href":"https:\/\/api.w.org\/{rel}","templated":true}]}}