{"id":25305,"date":"2025-03-16T22:44:40","date_gmt":"2025-03-16T13:44:40","guid":{"rendered":"https:\/\/eurogoodshop.com\/product\/%ea%b0%88%eb%a6%ac%eb%84%a4-%ec%8a%a4%ed%82%a8%ec%bc%80%ec%96%b4-%ec%9c%a0%eb%8b%88%eb%b2%84%ec%85%9c-%ed%8e%98%ec%9d%b4%ec%8a%a4-%ed%81%ac%eb%a6%bc-40ml-gallin-e-%ea%b0%88%eb%a6%ac%eb%8b%88-113172554\/"},"modified":"2026-01-07T19:56:14","modified_gmt":"2026-01-07T10:56:14","slug":"%ea%b0%88%eb%a6%ac%eb%84%a4-%ec%8a%a4%ed%82%a8%ec%bc%80%ec%96%b4-%ec%9c%a0%eb%8b%88%eb%b2%84%ec%85%9c-%ed%8e%98%ec%9d%b4%ec%8a%a4-%ed%81%ac%eb%a6%bc-40ml-gallin-e-%ea%b0%88%eb%a6%ac%eb%8b%88-113172554","status":"publish","type":"product","link":"https:\/\/eurogoodshop.com\/en\/product\/%ea%b0%88%eb%a6%ac%eb%84%a4-%ec%8a%a4%ed%82%a8%ec%bc%80%ec%96%b4-%ec%9c%a0%eb%8b%88%eb%b2%84%ec%85%9c-%ed%8e%98%ec%9d%b4%ec%8a%a4-%ed%81%ac%eb%a6%bc-40ml-gallin-e-%ea%b0%88%eb%a6%ac%eb%8b%88-113172554\/","title":{"rendered":"\uac08\ub9ac\ub124 \uc2a4\ud0a8\ucf00\uc5b4 \uc720\ub2c8\ubc84\uc15c \ud398\uc774\uc2a4 \ud06c\ub9bc 40ml Gallin\u00e9e \uac08\ub9ac\ub2c8"},"content":{"rendered":"<div style=\"text-align: center;\">\n<div style=\"margin-bottom: 30px;\">\n        <img decoding=\"async\" src=\"https:\/\/eurogoodshop.com\/wp-content\/uploads\/product-detail-image\/dtl-11317255415-01.jpg\" alt=\"\uac08\ub9ac\ub124 \uc2a4\ud0a8\ucf00\uc5b4 \uc720\ub2c8\ubc84\uc15c \ud398\uc774\uc2a4 \ud06c\ub9bc \uc774\ubbf8\uc9c0\" style=\"display: block; margin: 20px auto;\"><\/p>\n<div class=\"text-ko\" style=\"text-align: center; font-weight: bold; font-size: 1.2em;\">\uac08\ub9ac\ub124 \uc2a4\ud0a8\ucf00\uc5b4 \uc720\ub2c8\ubc84\uc15c \ud398\uc774\uc2a4 \ud06c\ub9bc 40ml Gallin\u00e9e<\/div>\n<div class=\"text-en\" style=\"text-align: center; font-weight: bold; font-size: 1.2em; display: none;\">Gallin\u00e9e Skincare Universal Face Cream 40ml Gallin\u00e9e<\/div>\n<\/p><\/div>\n<div style=\"margin-bottom: 30px;\">\n<div class=\"text-ko\" style=\"text-align: center;\">\ubbfc\uac10\ud55c \ud53c\ubd80\uc5d0 \uac08\ub9ac\ub124 \uc2a4\ud0a8\ucf00\uc5b4 \uc720\ub2c8\ubc84\uc15c \ud398\uc774\uc2a4 \ud06c\ub9bc\uc774 \uc120\uc0ac\ud558\ub294 \uc9c4\uc815\uacfc \uc601\uc591\uc744 \uc120\uc0ac\ud558\uc138\uc694. \uadf8 \uad6c\uc131\uc740 \uace0\ub18d\ucd95\uc774\uba70 \ud504\ub9ac\ubc14\uc774\uc624\ud2f1\uc2a4\uc640 \ud504\ub85c\ubc14\uc774\uc624\ud2f1\uc2a4\uc758 \ud63c\ud569\ubb3c\uc774 \ud568\uc720\ub418\uc5b4 \uc788\uc5b4 \ub9e4\uc6b0 \ud6a8\uacfc\uc801\uc785\ub2c8\ub2e4.<\/div>\n<div class=\"text-en\" style=\"text-align: center; display: none;\">Give your sensitive skin the soothing and nourishing benefits of Galline Skincare Universal Face Cream. Its composition is highly concentrated and contains a mixture of prebiotics and probiotics, which makes it very effective.<\/div>\n<\/p><\/div>\n<div style=\"margin-bottom: 30px;\">\n<div class=\"text-ko\" style=\"text-align: center;\">\ud53c\ubd80\uc5d0 \ud544\uc694\ud55c \uc218\ubd84\uc744 \uacf5\uae09\ud558\uace0 \ud53c\ubd80 \ubcf4\ud638 \uc7a5\ubcbd\uc744 \ud6a8\uacfc\uc801\uc73c\ub85c \uac15\ud654\ud569\ub2c8\ub2e4. \ud06c\ub9bc\uc5d0\uc11c \ub2ec\ucf64\ud55c \uc9c4\uc800\ube0c\ub808\ub4dc \ud5a5\ub3c4 \ub9e1\uc744 \uc218 \uc788\uc2b5\ub2c8\ub2e4. \uadf8\ub7ec\ub098 \uc774 \ub0c4\uc0c8\ub294 \ud569\uc131 \ud5a5\ub8cc\ub85c \uc778\ud55c \uac83\uc774 \uc544\ub2c8\ub77c \ud504\ub9ac\ubc14\uc774\uc624\ud2f1\uc2a4 \ubc0f \uae30\ud0c0 \ud65c\uc131 \ubb3c\uc9c8\uc758 \ucc9c\uc5f0 \ud5a5\uc73c\ub85c \uc778\ud574 \ubc1c\uc0dd\ud569\ub2c8\ub2e4.<\/div>\n<div class=\"text-en\" style=\"text-align: center; display: none;\">Provides necessary moisture to the skin and effectively strengthens the skin&#8217;s protective barrier. You can also smell the sweet gingerbread scent in the cream. However, this smell is not caused by synthetic fragrances, but by the natural scents of prebiotics and other active substances.<\/div>\n<\/p><\/div>\n<div style=\"margin-bottom: 30px;\">\n<div class=\"text-ko\" style=\"text-align: center; font-weight: bold;\">\ud2b9\uc9d5:<\/div>\n<div class=\"text-en\" style=\"text-align: center; font-weight: bold; display: none;\">Features:<\/div>\n<\/p><\/div>\n<div style=\"margin-bottom: 30px;\">\n<div class=\"text-ko\" style=\"text-align: center;\">\ud53c\ubd80\uc5d0 \uac15\ub825\ud558\uac8c \uc218\ubd84\uc744 \uacf5\uae09\ud558\uace0 \uc601\uc591\uc744 \uacf5\uae09\ud569\ub2c8\ub2e4.<\/div>\n<div class=\"text-en\" style=\"text-align: center; display: none;\">Intensely hydrates and nourishes the skin.<\/div>\n<\/p><\/div>\n<div style=\"margin-bottom: 30px;\">\n<div class=\"text-ko\" style=\"text-align: center;\">\uc9c4\uc815\uc2dc\ud0a4\uace0, \ubcf4\ud638\ud558\uace0, \ubc1d\uac8c \ud574\uc90d\ub2c8\ub2e4.<\/div>\n<div class=\"text-en\" style=\"text-align: center; display: none;\">Soothes, protects and brightens.<\/div>\n<\/p><\/div>\n<div style=\"margin-bottom: 30px;\">\n<div class=\"text-ko\" style=\"text-align: center;\">\ud53c\ubd80 \ubcf4\ud638 \uc7a5\ubcbd\uc744 \ud68c\ubcf5\uc2dc\ucf1c \uc90d\ub2c8\ub2e4.<\/div>\n<div class=\"text-en\" style=\"text-align: center; display: none;\">Restores the skin\u2019s protective barrier.<\/div>\n<\/p><\/div>\n<div style=\"margin-bottom: 30px;\">\n<div class=\"text-ko\" style=\"text-align: center;\">\ud53c\ubd80 \ub9c8\uc774\ud06c\ub85c\ubc14\uc774\uc634\uc744 \uc9c0\uc6d0\ud569\ub2c8\ub2e4<\/div>\n<div class=\"text-en\" style=\"text-align: center; display: none;\">Supports skin microbiome<\/div>\n<\/p><\/div>\n<div style=\"margin-bottom: 30px;\">\n<div class=\"text-ko\" style=\"text-align: center;\">\uc5bc\uad74\uc744 \ubd80\ub4dc\ub7fd\uace0 \ube5b\ub098\uac8c \uac00\uafd4\uc90d\ub2c8\ub2e4<\/div>\n<div class=\"text-en\" style=\"text-align: center; display: none;\">Makes your face soft and radiant<\/div>\n<\/p><\/div>\n<div style=\"margin-bottom: 30px;\">\n<div class=\"text-ko\" style=\"text-align: center;\">\uc9c8\uac10\uc774 \uac00\ubccd\uace0 \uae30\ubd84 \uc88b\uc544\uc694<\/div>\n<div class=\"text-en\" style=\"text-align: center; display: none;\">The texture is light and feels good<\/div>\n<\/p><\/div>\n<div style=\"margin-bottom: 30px;\">\n<div class=\"text-ko\" style=\"text-align: center;\">\uba54\uc774\ud06c\uc5c5\uc744 \uc704\ud55c \uc774\uc0c1\uc801\uc778 \uae30\ucd08\ub97c \ub9cc\ub4ed\ub2c8\ub2e4<\/div>\n<div class=\"text-en\" style=\"text-align: center; display: none;\">Creates an ideal foundation for makeup<\/div>\n<\/p><\/div>\n<div style=\"margin-bottom: 30px;\">\n<div class=\"text-ko\" style=\"text-align: center;\">\ucd5c\uc801\uc758 \uc0dd\ub9ac\ud559\uc801 pH\ub97c \uac00\uc9c0\uace0 \uc788\uc2b5\ub2c8\ub2e4.<\/div>\n<div class=\"text-en\" style=\"text-align: center; display: none;\">Has optimal physiological pH.<\/div>\n<\/p><\/div>\n<div style=\"margin-bottom: 30px;\">\n<div class=\"text-ko\" style=\"text-align: center;\">\uc9c4\uc800\ube0c\ub808\ub4dc \ub0c4\uc0c8\uac00 \ub098<\/div>\n<div class=\"text-en\" style=\"text-align: center; display: none;\">It smells like gingerbread<\/div>\n<\/p><\/div>\n<div style=\"margin-bottom: 30px;\">\n<div class=\"text-ko\" style=\"text-align: center;\">\ubbfc\uac10\ud558\uace0 \uc2b5\uc9c4\uc131 \ud53c\ubd80\uc5d0 \uc801\ud569<\/div>\n<div class=\"text-en\" style=\"text-align: center; display: none;\">Suitable for sensitive and eczema-prone skin<\/div>\n<\/p><\/div>\n<div style=\"margin-bottom: 30px;\">\n<div class=\"text-ko\" style=\"text-align: center; font-weight: bold;\">\ud14c\uc2a4\ud2b8 \uacb0\uacfc:<\/div>\n<div class=\"text-en\" style=\"text-align: center; font-weight: bold; display: none;\">Test results:<\/div>\n<\/p><\/div>\n<div style=\"margin-bottom: 30px;\">\n<div class=\"text-ko\" style=\"text-align: center;\">\u2192\uc784\uc0c1 \uc5f0\uad6c\uc5d0\uc11c \ud06c\ub9bc\uc740 28\uc77c \ub3d9\uc548 20\uba85\uc744 \ub300\uc0c1\uc73c\ub85c \ud14c\uc2a4\ud2b8\ub418\uc5c8\uc2b5\ub2c8\ub2e4.<\/div>\n<div class=\"text-en\" style=\"text-align: center; display: none;\">\u2192In a clinical study, the cream was tested on 20 people for 28 days.<\/div>\n<\/p><\/div>\n<div style=\"margin-bottom: 30px;\">\n<div class=\"text-ko\" style=\"text-align: center;\">100% \ud06c\ub9bc\uc774 \ud53c\ubd80\uc5d0 \uc218\ubd84\uc744 \uacf5\uae09\ud55c\ub2e4\uace0 \ubcf4\uace0\ud588\uc2b5\ub2c8\ub2e4.<\/div>\n<div class=\"text-en\" style=\"text-align: center; display: none;\">100% reported that the cream moisturizes the skin.<\/div>\n<\/p><\/div>\n<div style=\"margin-bottom: 30px;\">\n<div class=\"text-ko\" style=\"text-align: center;\">91%\uac00 \ud06c\ub9bc\uc758 \uc9c8\uac10\uc774 \uac00\ubccd\ub2e4\uace0 \ub2f5\ud568<\/div>\n<div class=\"text-en\" style=\"text-align: center; display: none;\">91% responded that the texture of the cream was light<\/div>\n<\/p><\/div>\n<div style=\"margin-bottom: 30px;\">\n<div class=\"text-ko\" style=\"text-align: center;\">87% responded that the cream immediately soothes their skin.<\/div>\n<div class=\"text-en\" style=\"text-align: center; display: none;\">87%\uac00 \ud06c\ub9bc\uc774 \ud53c\ubd80\ub97c \uc989\uac01\uc801\uc73c\ub85c \uc9c4\uc815\uc2dc\ud0a8\ub2e4\uace0 \ub2f5\ud588\uc2b5\ub2c8\ub2e4.<\/div>\n<\/p><\/div>\n<div style=\"margin-bottom: 30px;\">\n<div class=\"text-ko\" style=\"text-align: center;\">87% agreed that the cream nourishes the skin without leaving it sticky.<\/div>\n<div class=\"text-en\" style=\"text-align: center; display: none;\">87%\ub294 \ud06c\ub9bc\uc774 \ud53c\ubd80\uc5d0 \ub048\uc801\uc774\uc9c0 \uc54a\uace0 \uc601\uc591\uc744 \uacf5\uae09\ud55c\ub2e4\ub294 \ub370 \ub3d9\uc758\ud588\uc2b5\ub2c8\ub2e4.<\/div>\n<\/p><\/div>\n<div style=\"margin-bottom: 30px;\">\n<div class=\"text-ko\" style=\"text-align: center;\">82% said their skin felt softer after using it.<\/div>\n<div class=\"text-en\" style=\"text-align: center; display: none;\">82%\uac00 \uc0ac\uc6a9 \ud6c4 \ud53c\ubd80\uac00 \ubd80\ub4dc\ub7ec\uc6cc\uc84c\ub2e4\uace0 \ub9d0\ud588\uc2b5\ub2c8\ub2e4.<\/div>\n<\/p><\/div>\n<div style=\"margin-bottom: 30px;\">\n<div class=\"text-ko\" style=\"text-align: center;\">86% answered that cream is a very good makeup base.<\/div>\n<div class=\"text-en\" style=\"text-align: center; display: none;\">86%\ub294 \ud06c\ub9bc\uc774 \uba54\uc774\ud06c\uc5c5 \ubca0\uc774\uc2a4\ub85c \uc544\uc8fc \uc88b\ub2e4\uace0 \ub2f5\ud588\uc2b5\ub2c8\ub2e4.<\/div>\n<\/p><\/div>\n<div style=\"margin-bottom: 30px;\">\n<div class=\"text-ko\" style=\"text-align: center; font-weight: bold;\">\uad6c\uc131:<\/div>\n<div class=\"text-en\" style=\"text-align: center; font-weight: bold; display: none;\">Configuration:<\/div>\n<\/p><\/div>\n<div style=\"margin-bottom: 30px;\">\n<div class=\"text-ko\" style=\"text-align: center;\">\ud504\ub85c\ubc14\uc774\uc624\ud2f1\uc2a4 &#8211; \ud53c\ubd80\uc5d0 \ub9e4\uc6b0 \uc21c\ud558\uba70 \ubbf8\uc0dd\ubb3c\uad70\uc9d1\uacfc \ud53c\ubd80 \ubcf4\ud638 \uc7a5\ubcbd\uc744 \uc9c0\ud0f1\ud569\ub2c8\ub2e4.<\/div>\n<div class=\"text-en\" style=\"text-align: center; display: none;\">Probiotics &#8211; Very gentle on the skin and supports the microbiome and skin&#8217;s protective barrier.<\/div>\n<\/p><\/div>\n<div style=\"margin-bottom: 30px;\">\n<div class=\"text-ko\" style=\"text-align: center;\">\ud504\ub9ac\ubc14\uc774\uc624\ud2f1\uc2a4 \u2013 \ud53c\ubd80\uc758 \uc720\uc775\ud55c \ubc15\ud14c\ub9ac\uc544\uc5d0 \uc601\uc591\uc744 \uacf5\uae09\ud558\uace0 \ud53c\ubd80 \ubcf4\ud638 \uc7a5\ubcbd\uc744 \uac15\ud654\ud569\ub2c8\ub2e4.<\/div>\n<div class=\"text-en\" style=\"text-align: center; display: none;\">Prebiotics \u2013 Nourishes the skin\u2019s beneficial bacteria and strengthens the skin\u2019s protective barrier.<\/div>\n<\/p><\/div>\n<div style=\"margin-bottom: 30px;\">\n<div class=\"text-ko\" style=\"text-align: center;\">\uc816\uc0b0 \u2013 \ucd5c\uc801\uc758 \ud53c\ubd80 pH\ub97c \uc720\uc9c0\ud558\uace0 \uc218\ubd84\uc744 \uacf5\uae09\ud558\uace0 \ubd80\ub4dc\ub7fd\uac8c \ud558\uba70 \uac01\uc9c8 \uc81c\uac70 \ud6a8\uacfc\uac00 \uc788\uc2b5\ub2c8\ub2e4.<\/div>\n<div class=\"text-en\" style=\"text-align: center; display: none;\">Lactic Acid \u2013 Maintains optimal skin pH, hydrates, softens and exfoliates.<\/div>\n<\/p><\/div>\n<div style=\"margin-bottom: 30px;\">\n<div class=\"text-ko\" style=\"text-align: center;\">Jacon \ucd94\ucd9c\ubb3c &#8211; \ub2e4\ub7c9\uc758 \ud504\ub9ac\ubc14\uc774\uc624\ud2f1\uc2a4\ub97c \ud568\uc720\ud558\uace0 \uc788\uc2b5\ub2c8\ub2e4.<\/div>\n<div class=\"text-en\" style=\"text-align: center; display: none;\">Jacon Extract &#8211; Contains high amounts of prebiotics.<\/div>\n<\/p><\/div>\n<div style=\"margin-bottom: 30px;\">\n<div class=\"text-ko\" style=\"text-align: center;\">\uba38\ud2c0 \ucd94\ucd9c\ubb3c &#8211; \uc0b0\ud654 \uc2a4\ud2b8\ub808\uc2a4\ub85c\ubd80\ud130 \ud53c\ubd80\ub97c \ubcf4\ud638\ud569\ub2c8\ub2e4.<\/div>\n<div class=\"text-en\" style=\"text-align: center; display: none;\">Myrtle Extract \u2013 Protects skin from oxidative stress.<\/div>\n<\/p><\/div>\n<div style=\"margin-bottom: 30px;\">\n<div class=\"text-ko\" style=\"text-align: center;\">\uc5fc\ub8cc, \ubbf8\ub124\ub784 \uc624\uc77c, \uc2e4\ub9ac\ucf58\uc774 \ud568\uc720\ub418\uc5b4 \uc788\uc9c0 \uc54a\uc2b5\ub2c8\ub2e4.<\/div>\n<div class=\"text-en\" style=\"text-align: center; display: none;\">Contains no dyes, mineral oil or silicone.<\/div>\n<\/p><\/div>\n<div style=\"margin-bottom: 30px;\">\n<div class=\"text-ko\" style=\"text-align: center;\">95% \ucc9c\uc5f0 \uc720\ub798 \uc131\ubd84<\/div>\n<div class=\"text-en\" style=\"text-align: center; display: none;\">95% natural ingredients<\/div>\n<\/p><\/div>\n<div style=\"margin-bottom: 30px;\">\n<div class=\"text-ko\" style=\"text-align: center; font-weight: bold;\">\uc0ac\uc6a9 \ubc29\ubc95:<\/div>\n<div class=\"text-en\" style=\"text-align: center; font-weight: bold; display: none;\">How to use:<\/div>\n<\/p><\/div>\n<div style=\"margin-bottom: 30px;\">\n<div class=\"text-ko\" style=\"text-align: center;\">Gallin\u00e9e SKIN CARE Universal Face Cream\uc744 \uc544\uce68, \uc800\ub141\uc73c\ub85c \uae68\ub057\uc774 \uc53b\uc740 \ud53c\ubd80\uc5d0 \ubc1c\ub77c\uc8fc\uc138\uc694. \uc544\uce68\uc5d0 \ubc14\ub974\ub294 \uacbd\uc6b0\uc5d0\ub294 SPF\uc9c0\uc218\uac00 \ub192\uc740 \uc81c\ud488\uc744 \uc0ac\uc6a9\ud558\uc138\uc694.<\/div>\n<div class=\"text-en\" style=\"text-align: center; display: none;\">Apply Gallin\u00e9e SKIN CARE Universal Face Cream to cleansed skin in the morning and evening. When applying in the morning, use a product with a high SPF index.<\/div>\n<\/p><\/div>\n<p>    <img decoding=\"async\" src=\"https:\/\/eurogoodshop.com\/wp-content\/uploads\/product-detail-image\/dtl-11317255415-02.jpg\" alt=\"\uac08\ub9ac\ub124 \uc2a4\ud0a8\ucf00\uc5b4 \uc720\ub2c8\ubc84\uc15c \ud398\uc774\uc2a4 \ud06c\ub9bc \uc0ac\uc6a9\ubc95 \uc774\ubbf8\uc9c01\" style=\"display: block; margin: 20px auto;\"><br \/>\n    <img decoding=\"async\" src=\"https:\/\/eurogoodshop.com\/wp-content\/uploads\/product-detail-image\/dtl-11317255415-03.jpg\" alt=\"\uac08\ub9ac\ub124 \uc2a4\ud0a8\ucf00\uc5b4 \uc720\ub2c8\ubc84\uc15c \ud398\uc774\uc2a4 \ud06c\ub9bc \uc0ac\uc6a9\ubc95 \uc774\ubbf8\uc9c02\" style=\"display: block; margin: 20px auto;\"><br \/>\n    <img decoding=\"async\" src=\"https:\/\/eurogoodshop.com\/wp-content\/uploads\/product-detail-image\/dtl-11317255415-04.jpg\" alt=\"\uac08\ub9ac\ub124 \uc2a4\ud0a8\ucf00\uc5b4 \uc720\ub2c8\ubc84\uc15c \ud398\uc774\uc2a4 \ud06c\ub9bc \uc0ac\uc6a9\ubc95 \uc774\ubbf8\uc9c03\" style=\"display: block; margin: 20px auto;\"><\/p>\n<div style=\"margin-bottom: 30px;\">\n<div class=\"text-ko\" style=\"text-align: center;\">+ \uc800\ud76c \uc0f5\uc5d0\uc11c \ud310\ub9e4 \uc911\uc778 \ud504\ub791\uc2a4 \uac08\ub9ac\ub124 \uc81c\ud488\uc740 \uc774 \uacf3\uc5d0\uc11c \ub458\ub7ec\ubcf4\uc138\uc694.<\/div>\n<div class=\"text-en\" style=\"text-align: center; display: none;\">+ Check out the French Galline products sold in our shop here.<\/div>\n<\/p><\/div>\n<\/div>","protected":false},"excerpt":{"rendered":"<p>\uac08\ub9ac\ub124 \uc2a4\ud0a8\ucf00\uc5b4 \uc720\ub2c8\ubc84\uc15c \ud398\uc774\uc2a4 \ud06c\ub9bc 40ml Gallin\u00e9e Gallin\u00e9e Skincare Universal Face Cream 40ml Gallin\u00e9e \ubbfc\uac10\ud55c \ud53c\ubd80\uc5d0 \uac08\ub9ac\ub124 \uc2a4\ud0a8\ucf00\uc5b4 \uc720\ub2c8\ubc84\uc15c \ud398\uc774\uc2a4 \ud06c\ub9bc\uc774 \uc120\uc0ac\ud558\ub294 \uc9c4\uc815\uacfc \uc601\uc591\uc744 \uc120\uc0ac\ud558\uc138\uc694. \uadf8 \uad6c\uc131\uc740 \uace0\ub18d\ucd95\uc774\uba70 \ud504\ub9ac\ubc14\uc774\uc624\ud2f1\uc2a4\uc640 \ud504\ub85c\ubc14\uc774\uc624\ud2f1\uc2a4\uc758 \ud63c\ud569\ubb3c\uc774 \ud568\uc720\ub418\uc5b4 \uc788\uc5b4 \ub9e4\uc6b0 \ud6a8\uacfc\uc801\uc785\ub2c8\ub2e4. Give your sensitive skin the soothing and nourishing benefits of Galline Skincare Universal Face Cream. Its composition is highly concentrated [&hellip;]<\/p>","protected":false},"featured_media":26514,"comment_status":"open","ping_status":"closed","template":"","meta":[],"product_cat":[10029],"product_tag":[],"class_list":{"0":"post-25305","1":"product","2":"type-product","3":"status-publish","4":"has-post-thumbnail","6":"product_brand-gallinee","7":"product_cat-10029","9":"first","10":"instock","11":"shipping-taxable","12":"purchasable","13":"product-type-simple"},"_links":{"self":[{"href":"https:\/\/eurogoodshop.com\/en\/wp-json\/wp\/v2\/product\/25305","targetHints":{"allow":["GET"]}}],"collection":[{"href":"https:\/\/eurogoodshop.com\/en\/wp-json\/wp\/v2\/product"}],"about":[{"href":"https:\/\/eurogoodshop.com\/en\/wp-json\/wp\/v2\/types\/product"}],"replies":[{"embeddable":true,"href":"https:\/\/eurogoodshop.com\/en\/wp-json\/wp\/v2\/comments?post=25305"}],"wp:featuredmedia":[{"embeddable":true,"href":"https:\/\/eurogoodshop.com\/en\/wp-json\/wp\/v2\/media\/26514"}],"wp:attachment":[{"href":"https:\/\/eurogoodshop.com\/en\/wp-json\/wp\/v2\/media?parent=25305"}],"wp:term":[{"taxonomy":"product_cat","embeddable":true,"href":"https:\/\/eurogoodshop.com\/en\/wp-json\/wp\/v2\/product_cat?post=25305"},{"taxonomy":"product_tag","embeddable":true,"href":"https:\/\/eurogoodshop.com\/en\/wp-json\/wp\/v2\/product_tag?post=25305"}],"curies":[{"name":"wp","href":"https:\/\/api.w.org\/{rel}","templated":true}]}}