{"id":29611,"date":"2025-03-20T05:18:04","date_gmt":"2025-03-19T20:18:04","guid":{"rendered":"https:\/\/eurogoodshop.com\/product\/payot-%eb%b9%a0%ec%9d%b4%ec%9a%94-%eb%b9%a0%eb%9c%a8-%ea%b7%b8%eb%a6%ac%ec%a6%88-%ec%97%90%eb%a9%80%ec%a0%bc-%eb%a7%88%ed%8b%b0%ed%94%bc%ec%95%99%ed%8a%b8-%ed%95%98%ec%9d%b4%eb%93%9c%eb%9d%bc%ed%83%95\/"},"modified":"2026-01-08T00:20:01","modified_gmt":"2026-01-07T15:20:01","slug":"payot-%eb%b9%a0%ec%9d%b4%ec%9a%94-%eb%b9%a0%eb%9c%a8-%ea%b7%b8%eb%a6%ac%ec%a6%88-%ec%97%90%eb%a9%80%ec%a0%bc-%eb%a7%88%ed%8b%b0%ed%94%bc%ec%95%99%ed%8a%b8-%ed%95%98%ec%9d%b4%eb%93%9c%eb%9d%bc%ed%83%95","status":"publish","type":"product","link":"https:\/\/eurogoodshop.com\/en\/product\/payot-%eb%b9%a0%ec%9d%b4%ec%9a%94-%eb%b9%a0%eb%9c%a8-%ea%b7%b8%eb%a6%ac%ec%a6%88-%ec%97%90%eb%a9%80%ec%a0%bc-%eb%a7%88%ed%8b%b0%ed%94%bc%ec%95%99%ed%8a%b8-%ed%95%98%ec%9d%b4%eb%93%9c%eb%9d%bc%ed%83%95\/","title":{"rendered":"Payot \ube60\uc774\uc694 \ube60\ub728 \uadf8\ub9ac\uc988 \uc5d0\uba40\uc83c \ub9c8\ud2f0\ud53c\uc559\ud2b8 \ud558\uc774\ub4dc\ub77c\ud0d5\ud2b8 50ml"},"content":{"rendered":"<div style=\"text-align: center;\">\n    <img decoding=\"async\" src=\"https:\/\/eurogoodshop.com\/wp-content\/uploads\/product-detail-image\/dtl-10355000178-01.jpg\" alt=\"\uc774\ubbf8\uc9c0\" style=\"display: block; margin: 20px auto;\"><\/p>\n<div style=\"margin-bottom: 20px;\">\n<div class=\"text-ko\" style=\"text-align: center;\">Payot \ube60\uc774\uc694 \ube60\ub728 \uadf8\ub9ac\uc988 \uc5d0\uba40\uc83c \ub9c8\ud2f0\ud53c\uc559\ud2b8 \ud558\uc774\ub4dc\ub77c\ud0d5\ud2b8 50ml<\/div>\n<div class=\"text-en\" style=\"text-align: center; display: none;\">Payot Payot Grise Emulsion Matifiant Hydratente 50ml<\/div>\n<\/p><\/div>\n<div style=\"margin-bottom: 20px;\">\n<div class=\"text-ko\" style=\"text-align: center;\">P\u00e2te Grise \u00c9mulsion Matifiante Hydratante<\/div>\n<div class=\"text-en\" style=\"text-align: center; display: none;\">P\u00e2te Grise \u00c9mulsion Matifiante Hydratante<\/div>\n<\/p><\/div>\n<div style=\"margin-bottom: 20px;\">\n<div class=\"text-ko\" style=\"text-align: center; font-weight: bold;\">\ud53c\ubd80\ud0c0\uc785<\/div>\n<div class=\"text-en\" style=\"text-align: center; font-weight: bold; display: none;\">Skin type<\/div>\n<\/p><\/div>\n<div style=\"margin-bottom: 20px;\">\n<div class=\"text-ko\" style=\"text-align: center;\">\uc9c0\uc131,\ubb38\uc81c\uac00 \uc788\ub294<\/div>\n<div class=\"text-en\" style=\"text-align: center; display: none;\">Intelligence, problematic<\/div>\n<\/p><\/div>\n<div style=\"margin-bottom: 20px;\">\n<div class=\"text-ko\" style=\"text-align: center; font-weight: bold;\">\ubaa9\uc801\uc5d0 \ub530\ub77c<\/div>\n<div class=\"text-en\" style=\"text-align: center; font-weight: bold; display: none;\">Depending on the purpose<\/div>\n<\/p><\/div>\n<div style=\"margin-bottom: 20px;\">\n<div class=\"text-ko\" style=\"text-align: center;\">\ubb38\uc81c\uc131 \ud53c\ubd80\ub97c \uc704\ud55c<\/div>\n<div class=\"text-en\" style=\"text-align: center; display: none;\">For problematic skin<\/div>\n<\/p><\/div>\n<div style=\"margin-bottom: 20px;\">\n<div class=\"text-ko\" style=\"text-align: center; font-weight: bold;\">\ud6a8\uacfc<\/div>\n<div class=\"text-en\" style=\"text-align: center; font-weight: bold; display: none;\">Effect<\/div>\n<\/p><\/div>\n<div style=\"margin-bottom: 20px;\">\n<div class=\"text-ko\" style=\"text-align: center;\">\uc218\ubd84 \uacf5\uae09, \uc720\ubd84 \uc870\uc808, \uc5ec\ub4dc\ub984 \ubc29\uc9c0, \ub9e4\ud2b8\ud305, \ubaa8\uacf5 \ucd5c\uc18c\ud654<\/div>\n<div class=\"text-en\" style=\"text-align: center; display: none;\">Moisture supply, oil control, acne prevention, matting, pore minimization<\/div>\n<\/p><\/div>\n<div style=\"margin-bottom: 20px;\">\n<div class=\"text-ko\" style=\"text-align: center; font-weight: bold;\">\uc790\uc678\uc120 \ucc28\ub2e8<\/div>\n<div class=\"text-en\" style=\"text-align: center; font-weight: bold; display: none;\">UV protection<\/div>\n<\/p><\/div>\n<div style=\"margin-bottom: 20px;\">\n<div class=\"text-ko\" style=\"text-align: center;\">SPF \uc5c6\uc774<\/div>\n<div class=\"text-en\" style=\"text-align: center; display: none;\">Without SPF<\/div>\n<\/p><\/div>\n<div style=\"margin-bottom: 20px;\">\n<div class=\"text-ko\" style=\"text-align: center; font-weight: bold;\">\uc5b8\uc81c \uc0ac\uc6a9\ud558\ub098\uc694?<\/div>\n<div class=\"text-en\" style=\"text-align: center; font-weight: bold; display: none;\">When should I use it?<\/div>\n<\/p><\/div>\n<div style=\"margin-bottom: 20px;\">\n<div class=\"text-ko\" style=\"text-align: center;\">\ub0ae\uacfc \ubc24 \ub3d9\uc548<\/div>\n<div class=\"text-en\" style=\"text-align: center; display: none;\">During the day and night<\/div>\n<\/p><\/div>\n<div style=\"margin-bottom: 20px;\">\n<div class=\"text-ko\" style=\"text-align: center; font-weight: bold;\">\ud65c\uc131 \ubb3c\uc9c8<\/div>\n<div class=\"text-en\" style=\"text-align: center; font-weight: bold; display: none;\">Active substance<\/div>\n<\/p><\/div>\n<div style=\"margin-bottom: 20px;\">\n<div class=\"text-ko\" style=\"text-align: center;\">\ud504\ub85c\ubc14\uc774\uc624\ud2f1\uc2a4, \uae00\ub9ac\ucf5c\uc0b0, \uc816\uc0b0<\/div>\n<div class=\"text-en\" style=\"text-align: center; display: none;\">Probiotics, glycolic acid, lactic acid<\/div>\n<\/p><\/div>\n<div style=\"margin-bottom: 20px;\">\n<div class=\"text-ko\" style=\"text-align: center;\">\ud2b8\ub7ec\ube14\uc774 \ubc1c\uc0dd\ud558\uae30 \uc26c\uc6b4 \uc9c0\uc131 \ubc0f \ubb38\uc81c\uc131 \ud53c\ubd80\uc5d0\ub294 \uace0\uc720\ud55c \uc694\uad6c \uc0ac\ud56d\uc774 \uc788\uc73c\uba70 Payot P\u00e2te Grise \u00c9mulsion Matifiante Hydratante \uc2a4\ud0a8 \ud06c\ub9bc\uc740 \uc774\ub7ec\ud55c \uc694\uad6c \uc0ac\ud56d\uc744 \ub300\uc0c1\uc73c\ub85c \ud569\ub2c8\ub2e4. \ud2b8\ub7ec\ube14\uc774\ub098 \ube14\ub799\ud5e4\ub4dc\uc640 \uac19\uc740 \uacb0\uc810\uacfc \uc2f8\uc6b0\uba70 \uacfc\ub3c4\ud55c \ud53c\uc9c0 \uc0dd\uc131\uc744 \uc870\uc808\ud558\uace0 \ud53c\ubd80\ub97c \uc815\uc0c1\ud654\ud558\uc5ec \uade0\ud615\uc744 \uc720\uc9c0\ud558\ub3c4\ub85d \ub3d5\uc2b5\ub2c8\ub2e4.<\/div>\n<div class=\"text-en\" style=\"text-align: center; display: none;\">Oily and problem-prone skin has unique needs, and Payot P\u00e2te Grise \u00c9mulsion Matifiante Hydratante Skin Cream targets these needs. It fights blemishes like breakouts and blackheads, helps control excess sebum production and normalizes skin to keep it balanced.<\/div>\n<\/p><\/div>\n<div style=\"margin-bottom: 20px;\">\n<div class=\"text-ko\" style=\"text-align: center; font-weight: bold;\">\uc18d\uc131:<\/div>\n<div class=\"text-en\" style=\"text-align: center; font-weight: bold; display: none;\">attribute:<\/div>\n<\/p><\/div>\n<div style=\"margin-bottom: 20px;\">\n<div class=\"text-ko\" style=\"text-align: center;\">\ubd88\uc644\uc804\uc131\uc5d0 \ub9de\uc11c \uc77c\ud55c\ub2e4<\/div>\n<div class=\"text-en\" style=\"text-align: center; display: none;\">Working against imperfection<\/div>\n<\/p><\/div>\n<div style=\"margin-bottom: 20px;\">\n<div class=\"text-ko\" style=\"text-align: center;\">\ube60\ub974\uac8c \ud761\uc218\ub428<\/div>\n<div class=\"text-en\" style=\"text-align: center; display: none;\">Absorbed quickly<\/div>\n<\/p><\/div>\n<div style=\"margin-bottom: 20px;\">\n<div class=\"text-ko\" style=\"text-align: center;\">\ub113\uc5b4\uc9c4 \ubaa8\uacf5\uc744 \uc218\ucd95\uc2dc\ud0a8\ub2e4<\/div>\n<div class=\"text-en\" style=\"text-align: center; display: none;\">Shrinks enlarged pores<\/div>\n<\/p><\/div>\n<div style=\"margin-bottom: 20px;\">\n<div class=\"text-ko\" style=\"text-align: center;\">\uacfc\ub3c4\ud55c \ud53c\uc9c0 \uc0dd\uc131\uc744 \uac10\uc18c\uc2dc\ud0b5\ub2c8\ub2e4.<\/div>\n<div class=\"text-en\" style=\"text-align: center; display: none;\">Reduces excessive sebum production.<\/div>\n<\/p><\/div>\n<div style=\"margin-bottom: 20px;\">\n<div class=\"text-ko\" style=\"text-align: center; font-weight: bold;\">\uc7ac\ub8cc:<\/div>\n<div class=\"text-en\" style=\"text-align: center; font-weight: bold; display: none;\">Materials:<\/div>\n<\/p><\/div>\n<div style=\"margin-bottom: 20px;\">\n<div class=\"text-ko\" style=\"text-align: center;\">\ucd5c\uc18c 96% \ucc9c\uc5f0 \uc720\ub798 \uc131\ubd84 \ud568\uc720<\/div>\n<div class=\"text-en\" style=\"text-align: center; display: none;\">Contains at least 96% natural ingredients<\/div>\n<\/p><\/div>\n<div style=\"margin-bottom: 20px;\">\n<div class=\"text-ko\" style=\"text-align: center; font-weight: bold;\">\uc0ac\uc6a9\ud558\ub294 \ubc29\ubc95:<\/div>\n<div class=\"text-en\" style=\"text-align: center; font-weight: bold; display: none;\">How to use<\/div>\n<\/p><\/div>\n<div style=\"margin-bottom: 20px;\">\n<div class=\"text-ko\" style=\"text-align: center;\">\uae68\ub057\uc774 \uc53b\uc740 \ud53c\ubd80\uc5d0 \ubc14\ub974\uace0 \uc6d0\uc744 \uadf8\ub9ac\ub4ef \ub9c8\uc0ac\uc9c0\ud569\ub2c8\ub2e4. \ub9e4\uc77c \uc544\uce68 \ubc0f\/\ub610\ub294 \uc800\ub141\uc5d0 \uc0ac\uc6a9\ud558\uc138\uc694.<\/div>\n<div class=\"text-en\" style=\"text-align: center; display: none;\">Apply to cleansed skin and massage in circular motions. Use daily morning and\/or evening.<\/div>\n<\/p><\/div>\n<p>    <img decoding=\"async\" src=\"https:\/\/eurogoodshop.com\/wp-content\/uploads\/product-detail-image\/dtl-10355000178-02.jpg\" alt=\"\uc774\ubbf8\uc9c0\" style=\"display: block; margin: 20px auto;\"><br \/>\n    <img decoding=\"async\" src=\"https:\/\/eurogoodshop.com\/wp-content\/uploads\/product-detail-image\/dtl-10355000178-03.jpg\" alt=\"\uc774\ubbf8\uc9c0\" style=\"display: block; margin: 20px auto;\"><br \/>\n    <img decoding=\"async\" src=\"https:\/\/eurogoodshop.com\/wp-content\/uploads\/product-detail-image\/dtl-10355000178-04.jpg\" alt=\"\uc774\ubbf8\uc9c0\" style=\"display: block; margin: 20px auto;\"><br \/>\n    <img decoding=\"async\" src=\"https:\/\/eurogoodshop.com\/wp-content\/uploads\/product-detail-image\/dtl-10355000178-05.jpg\" alt=\"\uc774\ubbf8\uc9c0\" style=\"display: block; margin: 20px auto;\"><br \/>\n    <img decoding=\"async\" src=\"https:\/\/eurogoodshop.com\/wp-content\/uploads\/product-detail-image\/dtl-10355000178-06.jpg\" alt=\"\uc774\ubbf8\uc9c0\" style=\"display: block; margin: 20px auto;\"><br \/>\n    <img decoding=\"async\" src=\"https:\/\/eurogoodshop.com\/wp-content\/uploads\/product-detail-image\/dtl-10355000178-07.jpg\" alt=\"\uc774\ubbf8\uc9c0\" style=\"display: block; margin: 20px auto;\"><br \/>\n    <img decoding=\"async\" src=\"https:\/\/eurogoodshop.com\/wp-content\/uploads\/product-detail-image\/dtl-10355000178-08.jpg\" alt=\"\uc774\ubbf8\uc9c0\" style=\"display: block; margin: 20px auto;\"><\/p>\n<div style=\"margin-bottom: 20px;\">\n<div class=\"text-ko\" style=\"text-align: center;\">+ \uc800\ud76c \uc0f5\uc5d0\uc11c \ud310\ub9e4 \uc911\uc778 PAYOT \uc81c\ud488\uc740 \uc774 \uacf3\uc5d0\uc11c \ub9cc\ub098\ubcf4\uc138\uc694.<\/div>\n<div class=\"text-en\" style=\"text-align: center; display: none;\">+ Check out the PAYOT products sold in our shop here.<\/div>\n<\/p><\/div>\n<\/div>","protected":false},"excerpt":{"rendered":"<p>Payot \ube60\uc774\uc694 \ube60\ub728 \uadf8\ub9ac\uc988 \uc5d0\uba40\uc83c \ub9c8\ud2f0\ud53c\uc559\ud2b8 \ud558\uc774\ub4dc\ub77c\ud0d5\ud2b8 50ml Payot Payot Grise Emulsion Matifiant Hydratente 50ml P\u00e2te Grise \u00c9mulsion Matifiante Hydratante P\u00e2te Grise \u00c9mulsion Matifiante Hydratante \ud53c\ubd80\ud0c0\uc785 Skin type \uc9c0\uc131,\ubb38\uc81c\uac00 \uc788\ub294 Intelligence, problematic \ubaa9\uc801\uc5d0 \ub530\ub77c Depending on the purpose \ubb38\uc81c\uc131 \ud53c\ubd80\ub97c \uc704\ud55c For problematic skin \ud6a8\uacfc Effect \uc218\ubd84 \uacf5\uae09, \uc720\ubd84 \uc870\uc808, \uc5ec\ub4dc\ub984 \ubc29\uc9c0, \ub9e4\ud2b8\ud305, \ubaa8\uacf5 \ucd5c\uc18c\ud654 [&hellip;]<\/p>","protected":false},"featured_media":29612,"comment_status":"open","ping_status":"closed","template":"","meta":[],"product_cat":[10029],"product_tag":[],"class_list":{"0":"post-29611","1":"product","2":"type-product","3":"status-publish","4":"has-post-thumbnail","6":"product_brand-payot","7":"product_cat-10029","9":"first","10":"instock","11":"shipping-taxable","12":"purchasable","13":"product-type-simple"},"_links":{"self":[{"href":"https:\/\/eurogoodshop.com\/en\/wp-json\/wp\/v2\/product\/29611","targetHints":{"allow":["GET"]}}],"collection":[{"href":"https:\/\/eurogoodshop.com\/en\/wp-json\/wp\/v2\/product"}],"about":[{"href":"https:\/\/eurogoodshop.com\/en\/wp-json\/wp\/v2\/types\/product"}],"replies":[{"embeddable":true,"href":"https:\/\/eurogoodshop.com\/en\/wp-json\/wp\/v2\/comments?post=29611"}],"wp:featuredmedia":[{"embeddable":true,"href":"https:\/\/eurogoodshop.com\/en\/wp-json\/wp\/v2\/media\/29612"}],"wp:attachment":[{"href":"https:\/\/eurogoodshop.com\/en\/wp-json\/wp\/v2\/media?parent=29611"}],"wp:term":[{"taxonomy":"product_cat","embeddable":true,"href":"https:\/\/eurogoodshop.com\/en\/wp-json\/wp\/v2\/product_cat?post=29611"},{"taxonomy":"product_tag","embeddable":true,"href":"https:\/\/eurogoodshop.com\/en\/wp-json\/wp\/v2\/product_tag?post=29611"}],"curies":[{"name":"wp","href":"https:\/\/api.w.org\/{rel}","templated":true}]}}