{"id":29648,"date":"2025-03-20T05:20:16","date_gmt":"2025-03-19T20:20:16","guid":{"rendered":"https:\/\/eurogoodshop.com\/product\/payot-%eb%b9%a0%ec%9d%b4%ec%9a%94-%eb%b9%a0%eb%9c%a8-%ea%b7%b8%eb%a6%ac%ec%a6%88-%ed%81%b4%eb%a0%8c%ec%a7%95-%eb%af%b8%ec%84%b8%eb%9e%84-%ec%9b%8c%ed%84%b0-200ml-10354598506\/"},"modified":"2026-01-08T00:21:05","modified_gmt":"2026-01-07T15:21:05","slug":"payot-%eb%b9%a0%ec%9d%b4%ec%9a%94-%eb%b9%a0%eb%9c%a8-%ea%b7%b8%eb%a6%ac%ec%a6%88-%ed%81%b4%eb%a0%8c%ec%a7%95-%eb%af%b8%ec%84%b8%eb%9e%84-%ec%9b%8c%ed%84%b0-200ml-10354598506","status":"publish","type":"product","link":"https:\/\/eurogoodshop.com\/en\/product\/payot-%eb%b9%a0%ec%9d%b4%ec%9a%94-%eb%b9%a0%eb%9c%a8-%ea%b7%b8%eb%a6%ac%ec%a6%88-%ed%81%b4%eb%a0%8c%ec%a7%95-%eb%af%b8%ec%84%b8%eb%9e%84-%ec%9b%8c%ed%84%b0-200ml-10354598506\/","title":{"rendered":"Payot \ube60\uc774\uc694 \ube60\ub728 \uadf8\ub9ac\uc988 \ud074\ub80c\uc9d5 \ubbf8\uc138\ub784 \uc6cc\ud130 200ml"},"content":{"rendered":"<div style=\"text-align: center;\">\n    <img decoding=\"async\" src=\"https:\/\/eurogoodshop.com\/wp-content\/uploads\/product-detail-image\/dtl-10354598506-01.jpg\" alt=\"Payot \ube60\uc774\uc694 \ube60\ub728 \uadf8\ub9ac\uc988 \ud074\ub80c\uc9d5 \ubbf8\uc138\ub784 \uc6cc\ud130 200ml\" style=\"display: block; margin: 20px auto;\"><\/p>\n<div style=\"margin-bottom: 30px;\">\n<div class=\"text-ko\" style=\"text-align: center; font-weight: bold; font-size: 1.2em;\">Payot \ube60\uc774\uc694 \ube60\ub728 \uadf8\ub9ac\uc988 \ud074\ub80c\uc9d5 \ubbf8\uc138\ub784 \uc6cc\ud130 200ml<\/div>\n<div class=\"text-en\" style=\"text-align: center; font-weight: bold; font-size: 1.2em; display: none;\">Payot Payot Grizz Cleansing Microscopic Water 200ml<\/div>\n<\/p><\/div>\n<div style=\"margin-bottom: 30px;\">\n<div class=\"text-ko\" style=\"text-align: center;\">P\u00e2te Grise Eau Micellaire D\u00e9maquillante Purifiante<\/div>\n<div class=\"text-en\" style=\"text-align: center; display: none;\">P\u00e2te Grise Eau Miscellaire D\u00e9maquillante Purifiante<\/div>\n<\/p><\/div>\n<div style=\"margin-bottom: 15px;\">\n<div class=\"text-ko\" style=\"text-align: center; font-weight: bold;\">\ud53c\ubd80\ud0c0\uc785<\/div>\n<div class=\"text-en\" style=\"text-align: center; font-weight: bold; display: none;\">Skin type<\/div>\n<\/p><\/div>\n<div style=\"margin-bottom: 30px;\">\n<div class=\"text-ko\" style=\"text-align: center;\">\uae30\ub984\uc9c4, \ud2b8\ub7ec\ube14 \ud53c\ubd80<\/div>\n<div class=\"text-en\" style=\"text-align: center; display: none;\">Oily, troubled skin<\/div>\n<\/p><\/div>\n<div style=\"margin-bottom: 15px;\">\n<div class=\"text-ko\" style=\"text-align: center; font-weight: bold;\">\ubaa9\uc801\uc5d0 \ub530\ub77c<\/div>\n<div class=\"text-en\" style=\"text-align: center; font-weight: bold; display: none;\">Depending on the purpose<\/div>\n<\/p><\/div>\n<div style=\"margin-bottom: 30px;\">\n<div class=\"text-ko\" style=\"text-align: center;\">\ubb38\uc81c\uc131 \ud53c\ubd80\ub97c \uc704\ud55c<\/div>\n<div class=\"text-en\" style=\"text-align: center; display: none;\">For problematic skin<\/div>\n<\/p><\/div>\n<div style=\"margin-bottom: 15px;\">\n<div class=\"text-ko\" style=\"text-align: center; font-weight: bold;\">\ud6a8\uacfc<\/div>\n<div class=\"text-en\" style=\"text-align: center; font-weight: bold; display: none;\">Effect<\/div>\n<\/p><\/div>\n<div style=\"margin-bottom: 30px;\">\n<div class=\"text-ko\" style=\"text-align: center;\">\uacfc\uc789 \uc720\ubd84 \uc870\uc808, \ud074\ub80c\uc9d5, \ud2b8\ub7ec\ube14 \ubc29\uc9c0<\/div>\n<div class=\"text-en\" style=\"text-align: center; display: none;\">Excess oil control, cleansing, trouble prevention<\/div>\n<\/p><\/div>\n<div style=\"margin-bottom: 15px;\">\n<div class=\"text-ko\" style=\"text-align: center; font-weight: bold;\">\ud65c\uc131 \ubb3c\uc9c8<\/div>\n<div class=\"text-en\" style=\"text-align: center; font-weight: bold; display: none;\">Active substance<\/div>\n<\/p><\/div>\n<div style=\"margin-bottom: 30px;\">\n<div class=\"text-ko\" style=\"text-align: center;\">\ud504\ub85c\ubc14\uc774\uc624\ud2f1\uc2a4, \uae00\ub9ac\ucf5c\uc0b0, \uc816\uc0b0<\/div>\n<div class=\"text-en\" style=\"text-align: center; display: none;\">Probiotics, glycolic acid, lactic acid<\/div>\n<\/p><\/div>\n<div style=\"margin-bottom: 30px;\">\n<div class=\"text-ko\" style=\"text-align: center;\">Payot P\u00e2te Grise \ubbf8\uc140\ub77c \uc6cc\ud130\ub294 \uba87 \ubd84 \uc548\uc5d0 \uba54\uc774\ud06c\uc5c5\uc744 \uc644\ubcbd\ud558\uac8c \uc81c\uac70\ud574 \uc90d\ub2c8\ub2e4. \ub3d9\uc2dc\uc5d0 \uc77c\uc0c1\uc758 \uba3c\uc9c0\uc640 \uc8fd\uc740 \ud53c\ubd80 \uc138\ud3ec\ub97c \ud53c\ubd80\uc5d0\uc11c \uc81c\uac70\ud569\ub2c8\ub2e4.<\/div>\n<div class=\"text-en\" style=\"text-align: center; display: none;\">Payot P\u00e2te Grise micellar water completely removes makeup in minutes. At the same time, it removes everyday dirt and dead skin cells from the skin.<\/div>\n<\/p><\/div>\n<div style=\"margin-bottom: 15px;\">\n<div class=\"text-ko\" style=\"text-align: center; font-weight: bold;\">\uc18d\uc131:<\/div>\n<div class=\"text-en\" style=\"text-align: center; font-weight: bold; display: none;\">attribute:<\/div>\n<\/p><\/div>\n<div style=\"margin-bottom: 30px;\">\n<div class=\"text-ko\" style=\"text-align: center;\">\ubaa8\uacf5 \uc18d\uae4c\uc9c0 \uae68\ub057\ud558\uac8c \ud074\ub80c\uc9d5<\/div>\n<div class=\"text-en\" style=\"text-align: center; display: none;\">Cleansing deep into pores<\/div>\n<\/p><\/div>\n<div style=\"margin-bottom: 30px;\">\n<div class=\"text-ko\" style=\"text-align: center;\">\ud53c\ubd80\uc758 \uacfc\ub3c4\ud55c \uac74\uc870\ub97c \ubc29\uc9c0<\/div>\n<div class=\"text-en\" style=\"text-align: center; display: none;\">Prevent excessive dryness of the skin<\/div>\n<\/p><\/div>\n<div style=\"margin-bottom: 30px;\">\n<div class=\"text-ko\" style=\"text-align: center;\">\uc5ec\ub4dc\ub984 \uc99d\uc0c1\uc744 \uc644\ud654\uc2dc\ud0a8\ub2e4<\/div>\n<div class=\"text-en\" style=\"text-align: center; display: none;\">Relieves acne symptoms<\/div>\n<\/p><\/div>\n<div style=\"margin-bottom: 30px;\">\n<div class=\"text-ko\" style=\"text-align: center;\">\uc790\uc5f0\uc801\uc778 \ud53c\ubd80 \uc7a5\ubcbd\uc744 \uc190\uc0c1\uc2dc\ud0a4\uc9c0 \uc54a\uc2b5\ub2c8\ub2e4.<\/div>\n<div class=\"text-en\" style=\"text-align: center; display: none;\">Does not damage the natural skin barrier.<\/div>\n<\/p><\/div>\n<div style=\"margin-bottom: 30px;\">\n<div class=\"text-ko\" style=\"text-align: center;\">\ud53c\ubd80\uc758 \uade0\ud615\uc744 \uc720\uc9c0\ud574\uc90d\ub2c8\ub2e4<\/div>\n<div class=\"text-en\" style=\"text-align: center; display: none;\">Maintains skin balance<\/div>\n<\/p><\/div>\n<div style=\"margin-bottom: 15px;\">\n<div class=\"text-ko\" style=\"text-align: center; font-weight: bold;\">\uc7ac\ub8cc:<\/div>\n<div class=\"text-en\" style=\"text-align: center; font-weight: bold; display: none;\">Materials:<\/div>\n<\/p><\/div>\n<div style=\"margin-bottom: 30px;\">\n<div class=\"text-ko\" style=\"text-align: center;\">\ucd5c\uc18c 98% \ucc9c\uc5f0 \uc720\ub798 \uc131\ubd84 \ud568\uc720<\/div>\n<div class=\"text-en\" style=\"text-align: center; display: none;\">Contains at least 98% natural ingredients<\/div>\n<\/p><\/div>\n<div style=\"margin-bottom: 15px;\">\n<div class=\"text-ko\" style=\"text-align: center; font-weight: bold;\">\uc0ac\uc6a9\ud558\ub294 \ubc29\ubc95:<\/div>\n<div class=\"text-en\" style=\"text-align: center; font-weight: bold; display: none;\">How to use<\/div>\n<\/p><\/div>\n<div style=\"margin-bottom: 30px;\">\n<div class=\"text-ko\" style=\"text-align: center;\">\ud654\uc7a5\uc19c\uc5d0 \uc801\ub2f9\ub7c9\uc758 \uc81c\ud488\uc744 \ubc14\ub974\uace0 \uac00\ubccd\uac8c \ub2e6\uc544\ub0b4\uba70 \uba54\uc774\ud06c\uc5c5\uc744 \uc81c\uac70\ud558\uace0 \ud53c\ubd80\ub97c \uae68\ub057\uc774 \ub2e6\uc544\ub0c5\ub2c8\ub2e4. \uc544\uce68\uc800\ub141\uc73c\ub85c \ub610\ub294 \ud544\uc694\uc5d0 \ub530\ub77c \uc0ac\uc6a9\ud558\uc138\uc694.<\/div>\n<div class=\"text-en\" style=\"text-align: center; display: none;\">Apply an appropriate amount of product to a cotton pad and wipe lightly to remove makeup and clean the skin. Use morning and evening or as needed.<\/div>\n<\/p><\/div>\n<div style=\"margin-bottom: 15px;\">\n<div class=\"text-ko\" style=\"text-align: center; font-weight: bold;\">\uc131\ubd84 :<\/div>\n<div class=\"text-en\" style=\"text-align: center; font-weight: bold; display: none;\">Ingredients:<\/div>\n<\/p><\/div>\n<div style=\"margin-bottom: 30px;\">\n<div class=\"text-ko\" style=\"text-align: center;\">\uc544\ucfe0\uc544(\ubb3c), \uc544\ub974\uae30\ub2cc, \uc2a4\ud53c\ub808\uc544 \uc6b8\ub9c8\ub9ac\uc544 \ucd94\ucd9c\ubb3c, \uc720\uc0b0\uade0 \ubc1c\ud6a8 \uc6a9\ud574\ubb3c, \uae00\ub9ac\ucf5c\uc0b0, \uc816\uc0b0, \ub370\uc2e4\uae00\ub8e8\ucf54\uc0ac\uc774\ub4dc, \ud3f4\ub9ac\uc18c\ub974\ubca0\uc774\ud2b8 20, \ubd80\ud2f8\ub80c\uae00\ub9ac\ucf5c, \ud5a5\uc218(\ud5a5\ub8cc), \uc218\uc0b0\ud654\ub098\ud2b8\ub968, \ud504\ub85c\ud310\ub514\uc62c, \ubca4\uc9c8\uc54c\ucf54\uc62c, .<\/div>\n<div class=\"text-en\" style=\"text-align: center; display: none;\">Aqua (water), arginine, Spirea Ulmaria extract, lactic acid bacteria fermentation lysate, glycolic acid, lactic acid, decyl glucoside, polysorbate 20, butylene glycol, perfume (fragrance), sodium hydroxide, propanediol, benzyl alcohol, .<\/div>\n<\/p><\/div>\n<div style=\"margin-bottom: 30px;\">\n<div class=\"text-ko\" style=\"text-align: center;\">\uc81c\uc870\uc5c5\uccb4\ub294 \uc81c\ud488 \uad6c\uc131\uc5d0 \ub300\ud55c \ucc45\uc784\uc774 \uc788\uc2b5\ub2c8\ub2e4. \ubcc0\uacbd \uac00\ub2a5\uc131\uc774 \uc788\uc73c\ubbc0\ub85c \uc81c\ud488 \ud3ec\uc7a5\uc5d0\uc11c \uc9c1\uc811 \uc81c\ud488 \uad6c\uc131\uc744 \ud655\uc778\ud558\ub294 \uac83\uc774 \uc88b\uc2b5\ub2c8\ub2e4.<\/div>\n<div class=\"text-en\" style=\"text-align: center; display: none;\">Manufacturers are responsible for the composition of their products. We recommend checking product composition directly on product packaging as they are subject to change.<\/div>\n<\/p><\/div>\n<div style=\"margin-bottom: 30px;\">\n<div class=\"text-ko\" style=\"text-align: center;\">+ \uc800\ud76c \uc0f5\uc5d0\uc11c \ud310\ub9e4 \uc911\uc778 PAYOT \uc81c\ud488\uc740 \uc774 \uacf3\uc5d0\uc11c \ub9cc\ub098\ubcf4\uc138\uc694.<\/div>\n<div class=\"text-en\" style=\"text-align: center; display: none;\">+ Check out the PAYOT products sold in our shop here.<\/div>\n<\/p><\/div>\n<div style=\"margin-bottom: 30px;\">\n<div class=\"text-ko\" style=\"text-align: center;\">+ \uc800\ud76c \uc0f5\uc5d0\uc11c \ud310\ub9e4 \uc911\uc778 \ub2e4\ub978 \ube0c\ub79c\ub4dc \ube44\uc2b7\ud55c \uc81c\ud488\ub4e4\ub3c4 \uc774 \uacf3\uc5d0\uc11c \ub9cc\ub098\ubcf4\uc138\uc694.<\/div>\n<div class=\"text-en\" style=\"text-align: center; display: none;\">+ Check out similar products from other brands sold in our shop here.<\/div>\n<\/p><\/div>\n<p>    <img decoding=\"async\" src=\"https:\/\/eurogoodshop.com\/wp-content\/uploads\/product-detail-image\/dtl-10354598506-02.jpg\" alt=\"\uc774\ubbf8\uc9c0\" style=\"display: block; margin: 20px auto;\"><br \/>\n    <img decoding=\"async\" src=\"https:\/\/eurogoodshop.com\/wp-content\/uploads\/product-detail-image\/dtl-10354598506-03.jpg\" alt=\"\uc774\ubbf8\uc9c0\" style=\"display: block; margin: 20px auto;\"><br \/>\n    <img decoding=\"async\" src=\"https:\/\/eurogoodshop.com\/wp-content\/uploads\/product-detail-image\/dtl-10354598506-04.jpg\" alt=\"\uc774\ubbf8\uc9c0\" style=\"display: block; margin: 20px auto;\"><br \/>\n    <img decoding=\"async\" src=\"https:\/\/eurogoodshop.com\/wp-content\/uploads\/product-detail-image\/dtl-10354598506-05.jpg\" alt=\"\uc774\ubbf8\uc9c0\" style=\"display: block; margin: 20px auto;\"><br \/>\n    <img decoding=\"async\" src=\"https:\/\/eurogoodshop.com\/wp-content\/uploads\/product-detail-image\/dtl-10354598506-06.jpg\" alt=\"\uc774\ubbf8\uc9c0\" style=\"display: block; margin: 20px auto;\"><br \/>\n    <img decoding=\"async\" src=\"https:\/\/eurogoodshop.com\/wp-content\/uploads\/product-detail-image\/dtl-10354598506-07.jpg\" alt=\"\uc774\ubbf8\uc9c0\" style=\"display: block; margin: 20px auto;\"><br \/>\n    <img decoding=\"async\" src=\"https:\/\/eurogoodshop.com\/wp-content\/uploads\/product-detail-image\/dtl-10354598506-08.jpg\" alt=\"\uc774\ubbf8\uc9c0\" style=\"display: block; margin: 20px auto;\">\n<\/div>\n<p>**\uc124\uba85:**<\/p>\n<p>*   **\uc804\uccb4 \ucee8\ud14c\uc774\ub108:** `<\/p>\n<div>` \ud0dc\uadf8\ub85c \uac10\uc2f8\uace0 `text-align: center;` \uc2a4\ud0c0\uc77c\uc744 \uc801\uc6a9\ud558\uc5ec \ubaa8\ub4e0 \ub0b4\uc6a9\uc744 \uac00\uc6b4\ub370 \uc815\ub82c\ud569\ub2c8\ub2e4.<br \/>\n*   **\uc774\ubbf8\uc9c0:** `<img>` \ud0dc\uadf8\ub97c \uc0ac\uc6a9\ud558\uc5ec \uc774\ubbf8\uc9c0\ub97c \uc0bd\uc785\ud558\uace0, `display: block;`\uacfc `margin: 20px auto;` \uc2a4\ud0c0\uc77c\uc744 \uc801\uc6a9\ud558\uc5ec \uc911\uc559\uc5d0 \ubc30\uce58\ud558\uace0 \uc704\uc544\ub798 \uac04\uaca9\uc744 \uc90d\ub2c8\ub2e4.  `alt` \uc18d\uc131\uc5d0 \uc774\ubbf8\uc9c0\uc5d0 \ub300\ud55c \uc124\uba85\uc744 \ucd94\uac00\ud588\uc2b5\ub2c8\ub2e4.<br \/>\n*   **\ud14d\uc2a4\ud2b8 \uc601\uc5ed:** \uac01 \ud14d\uc2a4\ud2b8 \uc30d (\ud55c\uae00\/\uc601\uc5b4)\uc744 `<\/p>\n<div>` \ud0dc\uadf8\ub85c \ubb36\uace0 `margin-bottom: 30px;` \uc2a4\ud0c0\uc77c\uc744 \uc801\uc6a9\ud558\uc5ec \uac04\uaca9\uc744 \uc90d\ub2c8\ub2e4.<br \/>\n*   **\ud55c\uae00\/\uc601\uc5b4 \uad6c\ubd84:**<br \/>\n    *   `.text-ko` \ud074\ub798\uc2a4\ub97c \ud55c\uae00 \ud14d\uc2a4\ud2b8\uc5d0 \uc801\uc6a9\ud569\ub2c8\ub2e4.<br \/>\n    *   `.text-en` \ud074\ub798\uc2a4\ub97c \uc601\uc5b4 \ud14d\uc2a4\ud2b8\uc5d0 \uc801\uc6a9\ud558\uace0 `display: none;` \uc2a4\ud0c0\uc77c\uc744 \uc801\uc6a9\ud558\uc5ec \ucd08\uae30 \uc0c1\ud0dc\uc5d0\uc11c \uc228\uae41\ub2c8\ub2e4.<br \/>\n*   **\ud3f0\ud2b8 \uc2a4\ud0c0\uc77c:** \uc81c\ubaa9\ucc98\ub7fc \uac15\uc870\ub418\uc5b4\uc57c \ud558\ub294 \ud14d\uc2a4\ud2b8\ub294 `font-weight: bold;` \uc640 `font-size: 1.2em;` \uc2a4\ud0c0\uc77c\uc744 \uc801\uc6a9\ud588\uc2b5\ub2c8\ub2e4.<br \/>\n*   **\uc601\uc5ed \uad6c\ubd84:** \ub0b4\uc6a9\uc5d0 \ub530\ub77c \uc801\uc808\ud558\uac8c `<\/p>\n<div>` \ud0dc\uadf8\ub97c \uc0ac\uc6a9\ud558\uc5ec \uc601\uc5ed\uc744 \uad6c\ubd84\ud558\uace0 \uac04\uaca9\uc744 \uc870\uc815\ud558\uc5ec \uac00\ub3c5\uc131\uc744 \ub192\uc600\uc2b5\ub2c8\ub2e4.<br \/>\n*   **\uc774\ubbf8\uc9c0 \uc911\ubcf5 \ubc29\uc9c0:**  \uc774\ubbf8\uc9c0 URL\uc744 \uccb4\ud06c\ud558\ub294 \ub85c\uc9c1\uc740 HTML \uc790\uccb4\uc5d0 \ud3ec\ud568\ub420 \uc218 \uc5c6\uc73c\ubbc0\ub85c, backend \ub610\ub294 javascript\uc5d0\uc11c \ucc98\ub9ac\ud574\uc57c \ud569\ub2c8\ub2e4. \uc774 \ucf54\ub4dc\uc5d0\uc11c\ub294 \uc774\ubbf8\uc9c0 \uc911\ubcf5\uc744 \ubc29\uc9c0\ud558\ub294 \ub85c\uc9c1\uc740 \uad6c\ud604\ud558\uc9c0 \uc54a\uc558\uc2b5\ub2c8\ub2e4.  \uc774\ubbf8\uc9c0 URL\uc774 HTML\uc5d0 \uc5ec\ub7ec \ubc88 \ub098\ud0c0\ub098\uc9c0 \uc54a\ub3c4\ub85d \ud588\uc2b5\ub2c8\ub2e4.<br \/>\n*   **`alt` \uc18d\uc131:** `<img>` \ud0dc\uadf8\uc5d0 `alt` \uc18d\uc131\uc744 \ucd94\uac00\ud558\uc5ec \uc774\ubbf8\uc9c0\ub97c \uc124\uba85\ud558\ub294 \ud14d\uc2a4\ud2b8\ub97c \uc81c\uacf5\ud588\uc2b5\ub2c8\ub2e4. \uc774\ub294 SEO\uc640 \uc811\uadfc\uc131\uc5d0 \ub3c4\uc6c0\uc774 \ub429\ub2c8\ub2e4.<br \/>\n*   **\uc778\ub77c\uc778 \uc2a4\ud0c0\uc77c:** \uc694\uccad\uc5d0 \ub530\ub77c \uc778\ub77c\uc778 \uc2a4\ud0c0\uc77c\uc744 \uc0ac\uc6a9\ud588\uc2b5\ub2c8\ub2e4.<\/p>\n<p>**\ucc38\uace0:**<\/p>\n<p>*   \uc2e4\uc81c \uc6cc\ub4dc\ud504\ub808\uc2a4 \ud658\uacbd\uc5d0\uc11c\ub294 CSS \ud30c\uc77c\uc744 \uc0ac\uc6a9\ud558\uc5ec \uc2a4\ud0c0\uc77c\uc744 \uad00\ub9ac\ud558\ub294 \uac83\uc774 \uc88b\uc2b5\ub2c8\ub2e4. \uc778\ub77c\uc778 \uc2a4\ud0c0\uc77c\uc740 \uc720\uc9c0\ubcf4\uc218\ub97c \uc5b4\ub835\uac8c \ub9cc\ub4e4 \uc218 \uc788\uc2b5\ub2c8\ub2e4.<br \/>\n*   \uc774\ubbf8\uc9c0 \uc911\ubcf5 \ubc29\uc9c0 \ub85c\uc9c1\uc740 JavaScript \ub610\ub294 PHP\uc640 \uac19\uc740 \uc11c\ubc84\uc0ac\uc774\ub4dc \uc5b8\uc5b4\ub97c \uc0ac\uc6a9\ud558\uc5ec \uad6c\ud604\ud574\uc57c \ud569\ub2c8\ub2e4.<br \/>\n*   \uc774 \ucf54\ub4dc \uc2a4\ub2c8\ud3ab\uc740 \uc644\ubcbd\ud558\uac8c \uc791\ub3d9\ud558\ub294 \uc6cc\ub4dc\ud504\ub808\uc2a4 \ud50c\ub7ec\uadf8\uc778\uc774 \uc544\ub2c8\uba70, \uc6cc\ub4dc\ud504\ub808\uc2a4 \ud14c\ub9c8\uc758 \ud2b9\uc815 \uc601\uc5ed\uc5d0 \uc0bd\uc785\ub420 \uc218 \uc788\ub294 HTML \ucf54\ub4dc \uc870\uac01\uc785\ub2c8\ub2e4.<\/p>","protected":false},"excerpt":{"rendered":"<p>Payot \ube60\uc774\uc694 \ube60\ub728 \uadf8\ub9ac\uc988 \ud074\ub80c\uc9d5 \ubbf8\uc138\ub784 \uc6cc\ud130 200ml Payot Payot Grizz Cleansing Microscopic Water 200ml P\u00e2te Grise Eau Micellaire D\u00e9maquillante Purifiante P\u00e2te Grise Eau Miscellaire D\u00e9maquillante Purifiante \ud53c\ubd80\ud0c0\uc785 Skin type \uae30\ub984\uc9c4, \ud2b8\ub7ec\ube14 \ud53c\ubd80 Oily, troubled skin \ubaa9\uc801\uc5d0 \ub530\ub77c Depending on the purpose \ubb38\uc81c\uc131 \ud53c\ubd80\ub97c \uc704\ud55c For problematic skin \ud6a8\uacfc Effect \uacfc\uc789 \uc720\ubd84 \uc870\uc808, \ud074\ub80c\uc9d5, \ud2b8\ub7ec\ube14 [&hellip;]<\/p>","protected":false},"featured_media":29649,"comment_status":"open","ping_status":"closed","template":"","meta":[],"product_cat":[10031,10118],"product_tag":[],"class_list":{"0":"post-29648","1":"product","2":"type-product","3":"status-publish","4":"has-post-thumbnail","6":"product_brand-payot","7":"product_cat-10031","8":"product_cat-10118","10":"first","11":"instock","12":"shipping-taxable","13":"purchasable","14":"product-type-simple"},"_links":{"self":[{"href":"https:\/\/eurogoodshop.com\/en\/wp-json\/wp\/v2\/product\/29648","targetHints":{"allow":["GET"]}}],"collection":[{"href":"https:\/\/eurogoodshop.com\/en\/wp-json\/wp\/v2\/product"}],"about":[{"href":"https:\/\/eurogoodshop.com\/en\/wp-json\/wp\/v2\/types\/product"}],"replies":[{"embeddable":true,"href":"https:\/\/eurogoodshop.com\/en\/wp-json\/wp\/v2\/comments?post=29648"}],"wp:featuredmedia":[{"embeddable":true,"href":"https:\/\/eurogoodshop.com\/en\/wp-json\/wp\/v2\/media\/29649"}],"wp:attachment":[{"href":"https:\/\/eurogoodshop.com\/en\/wp-json\/wp\/v2\/media?parent=29648"}],"wp:term":[{"taxonomy":"product_cat","embeddable":true,"href":"https:\/\/eurogoodshop.com\/en\/wp-json\/wp\/v2\/product_cat?post=29648"},{"taxonomy":"product_tag","embeddable":true,"href":"https:\/\/eurogoodshop.com\/en\/wp-json\/wp\/v2\/product_tag?post=29648"}],"curies":[{"name":"wp","href":"https:\/\/api.w.org\/{rel}","templated":true}]}}