{"id":30583,"date":"2025-03-20T06:05:51","date_gmt":"2025-03-19T21:05:51","guid":{"rendered":"https:\/\/eurogoodshop.com\/product\/merci-%ec%8a%a4%ed%86%a1-%eb%a9%94%eb%a5%b4%ec%8b%9c-%ec%96%b4%ec%8f%98%ed%8b%b0%eb%93%9c-%ec%b4%88%ec%bd%9c%eb%a6%bf-%ed%81%90%eb%b8%8c-%ed%88%ac%ea%b2%8c%eb%8d%94-175g-10126125816\/"},"modified":"2026-01-08T01:04:08","modified_gmt":"2026-01-07T16:04:08","slug":"merci-%ec%8a%a4%ed%86%a1-%eb%a9%94%eb%a5%b4%ec%8b%9c-%ec%96%b4%ec%8f%98%ed%8b%b0%eb%93%9c-%ec%b4%88%ec%bd%9c%eb%a6%bf-%ed%81%90%eb%b8%8c-%ed%88%ac%ea%b2%8c%eb%8d%94-175g-10126125816","status":"publish","type":"product","link":"https:\/\/eurogoodshop.com\/en\/product\/merci-%ec%8a%a4%ed%86%a1-%eb%a9%94%eb%a5%b4%ec%8b%9c-%ec%96%b4%ec%8f%98%ed%8b%b0%eb%93%9c-%ec%b4%88%ec%bd%9c%eb%a6%bf-%ed%81%90%eb%b8%8c-%ed%88%ac%ea%b2%8c%eb%8d%94-175g-10126125816\/","title":{"rendered":"Merci \uc2a4\ud1a1 \uba54\ub974\uc2dc \uc5b4\uc3d8\ud2f0\ub4dc \ucd08\ucf5c\ub9bf \ud050\ube0c \ud22c\uac8c\ub354 175g"},"content":{"rendered":"<div style=\"text-align: center;\">\n<div style=\"margin-bottom: 30px;\">\n<div class=\"text-ko\" style=\"text-align: center; font-weight: bold;\">\ucd08\ucf5c\ub9bf \uad00\ub828 \uacf5\uc9c0\uc0ac\ud56d<\/div>\n<div class=\"text-en\" style=\"text-align: center; font-weight: bold; display: none;\">Notice regarding chocolate<\/div>\n<\/p><\/div>\n<div style=\"margin-bottom: 30px;\">\n<div class=\"text-ko\" style=\"text-align: center;\">\uadf8\ub7fc\uc5d0\ub3c4 \ubd88\uad6c\ud558\uace0 \uc81c\ud488 \ud2b9\uc131\uc0c1 \ubc30\uc1a1 \uc911 \ud30c\uc190 \uc704\ud5d8\uc774 \ub192\uc740 \uc81c\ud488\uc785\ub2c8\ub2e4. \uae68\uc9c4 \ucd08\ucf5c\ub9bf\uc740, \uad50\ud658 \ubc0f \ubc18\ud488 \ub300\uc0c1\uc774 \uc544\ub2c8\uc624\ub2c8 \uc2e0\uc911\ud55c \uad6c\ub9e4 \uacb0\uc815\uc744 \ubd80\ud0c1\ub4dc\ub9ac\uaca0\uc2b5\ub2c8\ub2e4.<\/div>\n<div class=\"text-en\" style=\"text-align: center; display: none;\">Nevertheless, due to the nature of the product, there is a high risk of damage during delivery. Broken chocolate is not eligible for exchange or return, so please make your purchasing decision carefully.<\/div>\n<\/p><\/div>\n<div style=\"margin-bottom: 30px;\">\n<div class=\"text-ko\" style=\"text-align: center;\">*\uc5ec\ub984\ucca0 \ud55c\uad6d\uc758 \uace0\uc628\uc73c\ub85c \uc778\ud574\uc11c \ucd08\ucf5c\ub9bf \ub179\ub294 \uacbd\uc6b0\uac00 \ubc1c\uc0dd\ud560 \uc218 \uc788\uc2b5\ub2c8\ub2e4. \ub179\uc740 \ucd08\ucf5c\ub9bf\uc740 \ud658\ubd88, \uad50\ud658\ub300\uc0c1\uc774 \uc544\ub2c8\uc624\ub2c8 \uc2e0\uc911\ud55c \uad6c\ub9e4\ub97c \ubd80\ud0c1\ub4dc\ub9ac\uaca0\uc2b5\ub2c8\ub2e4.<\/div>\n<div class=\"text-en\" style=\"text-align: center; display: none;\">*Chocolate may melt due to the high temperature in Korea during the summer. Melted chocolate is not subject to refunds or exchanges, so please purchase carefully.<\/div>\n<\/p><\/div>\n<p>    <img decoding=\"async\" src=\"https:\/\/eurogoodshop.com\/wp-content\/uploads\/product-detail-image\/dtl-10126125816-01.jpg\" alt=\"\uba54\ub974\uc2dc \ucd08\ucf5c\ub9bf \uc774\ubbf8\uc9c0\" style=\"display: block; margin: 20px auto;\"><\/p>\n<div style=\"margin-bottom: 30px;\">\n<div class=\"text-ko\" style=\"text-align: center; font-weight: bold; font-size: 1.2em;\">Merci \uc2a4\ud1a1 \uba54\ub974\uc2dc \uc5b4\uc3d8\ud2f0\ub4dc \ucd08\ucf5c\ub9bf \ud050\ube0c \ud22c\uac8c\ub354 175g<\/div>\n<div class=\"text-en\" style=\"text-align: center; font-weight: bold; font-size: 1.2em; display: none;\">Merci Stock Merci Assorted Chocolate Cube Together 175g<\/div>\n<\/p><\/div>\n<div style=\"margin-bottom: 30px;\">\n<div class=\"text-ko\" style=\"text-align: center;\">\uba54\ub974\uc2dc\uc758 \uc2e0\uc81c\ud488 \ucd08\ucf5c\ub9bf \uc785\ub2c8\ub2e4.<\/div>\n<div class=\"text-en\" style=\"text-align: center; display: none;\">This is Mercy\u2019s new chocolate.<\/div>\n<\/p><\/div>\n<div style=\"margin-bottom: 30px;\">\n<div class=\"text-ko\" style=\"text-align: center;\">\uba54\ub974\uc2dc\ub294 \ub2e4\uc591\ud55c \ub9db\uc758 \ubb34\uc2a4\uac00 \ub4e4\uc5b4\uc788\ub294 \ucd08\ucf5c\ub9bf\uc73c\ub85c \uc720\uba85\ud55c\ub370\uc694<\/div>\n<div class=\"text-en\" style=\"text-align: center; display: none;\">Mercy is famous for its chocolate with mousse of various flavors.<\/div>\n<\/p><\/div>\n<div style=\"margin-bottom: 30px;\">\n<div class=\"text-ko\" style=\"text-align: center;\">\uc774 \uc81c\ud488 \uc5ed\uc2dc \ucd08\ucf5c\ub9bf \uc548\uc5d0 \ub2e4\uc591\ud55c \ub9db\uc758 \ucd08\ucf5c\ub9bf \ubb34\uc2a4\uac00 \ub4e4\uc5b4 \uc788\ub294 \uc5b4\uc3d8\ud2f0\ub4dc \uc81c\ud488\uc785\ub2c8\ub2e4.<\/div>\n<div class=\"text-en\" style=\"text-align: center; display: none;\">This product is also an assorted product that contains chocolate mousse of various flavors.<\/div>\n<\/p><\/div>\n<p>    <img decoding=\"async\" src=\"https:\/\/eurogoodshop.com\/wp-content\/uploads\/product-detail-image\/dtl-10126125816-02.jpg\" alt=\"\uba54\ub974\uc2dc \ucd08\ucf5c\ub9bf \uc774\ubbf8\uc9c0\" style=\"display: block; margin: 20px auto;\"><\/p>\n<div style=\"margin-bottom: 30px;\">\n<div class=\"text-ko\" style=\"text-align: center;\">4\uac00\uc9c0 \ub9db\uc758 \ud544\ub9c1\uc774 \uac00\ub4dd \ucc44\uc6cc\uc9c4 \uba54\ub974\uc2dc \ucd08\ucf5c\ub9bf\uc785\ub2c8\ub2e4.<\/div>\n<div class=\"text-en\" style=\"text-align: center; display: none;\">Mercy chocolate filled with four different flavors of filling.<\/div>\n<\/p><\/div>\n<div style=\"margin-bottom: 30px;\">\n<div class=\"text-ko\" style=\"text-align: center;\">\ub204\uac00 \ud06c\ub7f0\uce58 \/ \uce74\ud478\uce58\ub178 \ub108\ud2b8 \/ \uce74\ub77c\uba5c \ube0c\ub77c\uc6b0\ub2c8 \/ \uc544\ubaac\ub4dc \ud06c\ub9bc \/ \ud06c\ub818 \ube0c\ub944\ub808 \ub108\ud2b8<\/div>\n<div class=\"text-en\" style=\"text-align: center; display: none;\">Nougat Crunch \/ Cappuccino Nut \/ Caramel Brownie \/ Almond Cream \/ Cr\u00e8me Br\u00fbl\u00e9e Nut<\/div>\n<\/p><\/div>\n<div style=\"margin-bottom: 30px;\">\n<div class=\"text-ko\" style=\"text-align: center;\">\uc774\ub807\uac8c 4\uac00\uc9c0 \ub9db\uc73c\ub85c \uace8\uace0\ub8e8 \uc11e\uc5ec \uc788\uc5b4\uc694~<\/div>\n<div class=\"text-en\" style=\"text-align: center; display: none;\">These 4 flavors are evenly mixed together~<\/div>\n<\/p><\/div>\n<div style=\"margin-bottom: 30px;\">\n<div class=\"text-ko\" style=\"text-align: center;\">\ud55c \uc54c\uc774 \uc0dd\uac01\ubcf4\ub2e4 \uaf64 \ud070 \uc81c\ud488\uc774\uc5d0\uc694~<\/div>\n<div class=\"text-en\" style=\"text-align: center; display: none;\">One pill is a lot bigger than expected~<\/div>\n<\/p><\/div>\n<div style=\"margin-bottom: 30px;\">\n<div class=\"text-ko\" style=\"text-align: center;\">\uc131\uc778 \uc5b4\ub978 \uc5c4\uc9c0 \uc190\uac00\ub77d \ub450\uac1c \ud569\uce5c \uac83 \ub9cc\ud55c \uc0ac\uc774\uc988\ub78d\ub2c8\ub2e4~<\/div>\n<div class=\"text-en\" style=\"text-align: center; display: none;\">It\u2019s about the size of two adult thumbs put together.<\/div>\n<\/p><\/div>\n<div style=\"margin-bottom: 30px;\">\n<div class=\"text-ko\" style=\"text-align: center;\">\ud558\ub098\ud558\ub098 \ub0b1\uac1c \ud3ec\uc7a5\ub418\uc5b4 \uc788\uc5b4 \uae54\ub054\ud558\uac8c \uba39\uae30 \uc88b\uad6c\uc694,<\/div>\n<div class=\"text-en\" style=\"text-align: center; display: none;\">Each item is individually wrapped, making it easy to eat neatly.<\/div>\n<\/p><\/div>\n<div style=\"margin-bottom: 30px;\">\n<div class=\"text-ko\" style=\"text-align: center;\">\uac00\ubccd\uac8c \uc120\ubb3c\ud558\uae30\ub3c4 \uc88b\uc544\uc694^^<\/div>\n<div class=\"text-en\" style=\"text-align: center; display: none;\">It\u2019s also good as a light gift^^<\/div>\n<\/p><\/div>\n<p>    <img decoding=\"async\" src=\"https:\/\/eurogoodshop.com\/wp-content\/uploads\/product-detail-image\/dtl-10126125816-03.jpg\" alt=\"\uba54\ub974\uc2dc \ucd08\ucf5c\ub9bf \uc774\ubbf8\uc9c0\" style=\"display: block; margin: 20px auto;\"><br \/>\n    <img decoding=\"async\" src=\"https:\/\/eurogoodshop.com\/wp-content\/uploads\/product-detail-image\/dtl-10126125816-04.jpg\" alt=\"\uba54\ub974\uc2dc \ucd08\ucf5c\ub9bf \uc774\ubbf8\uc9c0\" style=\"display: block; margin: 20px auto;\"><\/p>\n<div style=\"margin-bottom: 30px;\">\n<div class=\"text-ko\" style=\"text-align: center;\">+ \uc800\ud76c \uc2a4\ud1a0\uc5b4\uc5d0\uc11c\ub294 \uba54\ub974\uc2dc \ub2e4\uc591\ud55c \ucd08\ucf5c\ub9bf\uc744 \ud310\ub9e4\ud558\uace0 \uc788\uc2b5\ub2c8\ub2e4.<\/div>\n<div class=\"text-en\" style=\"text-align: center; display: none;\">+ Our store sells a variety of Mercy chocolates.<\/div>\n<\/p><\/div>\n<\/div>","protected":false},"excerpt":{"rendered":"<p>\ucd08\ucf5c\ub9bf \uad00\ub828 \uacf5\uc9c0\uc0ac\ud56d Notice regarding chocolate \uadf8\ub7fc\uc5d0\ub3c4 \ubd88\uad6c\ud558\uace0 \uc81c\ud488 \ud2b9\uc131\uc0c1 \ubc30\uc1a1 \uc911 \ud30c\uc190 \uc704\ud5d8\uc774 \ub192\uc740 \uc81c\ud488\uc785\ub2c8\ub2e4. \uae68\uc9c4 \ucd08\ucf5c\ub9bf\uc740, \uad50\ud658 \ubc0f \ubc18\ud488 \ub300\uc0c1\uc774 \uc544\ub2c8\uc624\ub2c8 \uc2e0\uc911\ud55c \uad6c\ub9e4 \uacb0\uc815\uc744 \ubd80\ud0c1\ub4dc\ub9ac\uaca0\uc2b5\ub2c8\ub2e4. Nevertheless, due to the nature of the product, there is a high risk of damage during delivery. Broken chocolate is not eligible for exchange or return, so please [&hellip;]<\/p>","protected":false},"featured_media":30584,"comment_status":"open","ping_status":"closed","template":"","meta":[],"product_cat":[10020],"product_tag":[4626,4629,4628,1793,1794,4630,4632,4633,4631,4627],"class_list":{"0":"post-30583","1":"product","2":"type-product","3":"status-publish","4":"has-post-thumbnail","6":"product_brand-4625","7":"product_cat-10020","8":"product_tag-4626","9":"product_tag-4629","10":"product_tag-4628","11":"product_tag-1793","12":"product_tag-1794","13":"product_tag-4630","14":"product_tag-4632","15":"product_tag-4633","16":"product_tag-4631","17":"product_tag-4627","19":"first","20":"instock","21":"shipping-taxable","22":"purchasable","23":"product-type-simple"},"_links":{"self":[{"href":"https:\/\/eurogoodshop.com\/en\/wp-json\/wp\/v2\/product\/30583","targetHints":{"allow":["GET"]}}],"collection":[{"href":"https:\/\/eurogoodshop.com\/en\/wp-json\/wp\/v2\/product"}],"about":[{"href":"https:\/\/eurogoodshop.com\/en\/wp-json\/wp\/v2\/types\/product"}],"replies":[{"embeddable":true,"href":"https:\/\/eurogoodshop.com\/en\/wp-json\/wp\/v2\/comments?post=30583"}],"wp:featuredmedia":[{"embeddable":true,"href":"https:\/\/eurogoodshop.com\/en\/wp-json\/wp\/v2\/media\/30584"}],"wp:attachment":[{"href":"https:\/\/eurogoodshop.com\/en\/wp-json\/wp\/v2\/media?parent=30583"}],"wp:term":[{"taxonomy":"product_cat","embeddable":true,"href":"https:\/\/eurogoodshop.com\/en\/wp-json\/wp\/v2\/product_cat?post=30583"},{"taxonomy":"product_tag","embeddable":true,"href":"https:\/\/eurogoodshop.com\/en\/wp-json\/wp\/v2\/product_tag?post=30583"}],"curies":[{"name":"wp","href":"https:\/\/api.w.org\/{rel}","templated":true}]}}