{"id":37596,"date":"2025-07-08T23:41:37","date_gmt":"2025-07-08T14:41:37","guid":{"rendered":"https:\/\/eurogoodshop.com\/product\/chateau-fuisse-saint-veran-2022-wine10000000126\/"},"modified":"2025-12-02T19:06:52","modified_gmt":"2025-12-02T10:06:52","slug":"chateau-fuisse-saint-veran-2022-wine10000000126","status":"publish","type":"product","link":"https:\/\/eurogoodshop.com\/en\/product\/chateau-fuisse-saint-veran-2022-wine10000000126\/","title":{"rendered":"Ch\u00e2teau-Fuiss\u00e9, Saint V\u00e9ran 2022"},"content":{"rendered":"<div style=\"text-align: left;\">\n<div style=\"text-align: center; margin: 20px 0;\">    <img decoding=\"async\" style=\"display: inline-block; max-width: 80%; height: auto;\" src=\"https:\/\/eurogoodshop.com\/wp-content\/uploads\/product-detail-image\/dtl-WINE10000000126-01.jpg\" alt=\"Ch\u00e2teau-Fuiss\u00e9, Saint V\u00e9ran 2022\"\/>  <\/div>\n<div class=\"section\" style=\"margin-bottom: 30px;\">\n<div class=\"text-ko section-header\">\uc81c\ud488\uba85: Ch\u00e2teau-Fuiss\u00e9, Saint V\u00e9ran 2022<\/div>\n<div class=\"text-en section-header\" style=\"display: none;\">Product Name: Ch\u00e2teau-Fuiss\u00e9, Saint V\u00e9ran 2022<\/div>\n<div class=\"section-content\" style=\"margin-left: 20px;\">    <\/div>\n<\/p><\/div>\n<div class=\"section\" style=\"margin-bottom: 30px;\">\n<div class=\"text-ko section-header\">\uc6a9\ub7c9: 750mL<\/div>\n<div class=\"text-en section-header\" style=\"display: none;\">Volume: 750mL<\/div>\n<div class=\"section-content\" style=\"margin-left: 20px;\">    <\/div>\n<\/p><\/div>\n<div class=\"section\" style=\"margin-bottom: 30px;\">\n<div class=\"text-ko section-header\">\uc81c\ud488 \uc18c\uac1c<\/div>\n<div class=\"text-en section-header\" style=\"display: none;\">Product Introduction<\/div>\n<div class=\"section-content\" style=\"margin-left: 20px;\">\n<div class=\"text-ko\">\uc8fc\uc694 \ud2b9\uc9d5 \ubc0f \uac1c\uc694: Ch\u00e2teau-Fuiss\u00e9\uc758 Saint V\u00e9ran 2022\ub294 \ud48d\ubd80\ud55c \uacfc\uc77c \ud5a5\uacfc \uc12c\uc138\ud55c \uc0b0\ubbf8\uac00 \uc870\ud654\ub97c \uc774\ub8e8\ub294 \ud504\ub9ac\ubbf8\uc5c4 \ud654\uc774\ud2b8 \uc640\uc778\uc785\ub2c8\ub2e4.<\/div>\n<div class=\"text-en\" style=\"display: none;\">Key Features &#038; Overview: Ch\u00e2teau-Fuiss\u00e9&#8217;s Saint V\u00e9ran 2022 is a premium white wine with rich fruit aromas and delicate acidity, perfect for special occasions.<\/div>\n<div class=\"text-ko\">\uc54c\ucf54\uc62c \ub3c4\uc218(ABV): 13%<\/div>\n<div class=\"text-en\" style=\"display: none;\">ABV: 13%<\/div>\n<div class=\"text-ko\">\uc591\uc870\ucca0\ud559: \uc804\ud1b5\uacfc \ud601\uc2e0\uc758 \uc870\ud654\ub85c \uc12c\uc138\ud55c \ub9db\uacfc \ud5a5\uc744 \uad6c\ud604\ud558\ub294 \uc591\uc870\ucca0\ud559<\/div>\n<div class=\"text-en\" style=\"display: none;\">Winemaking Philosophy: A blend of tradition and innovation to craft refined flavors<\/div>\n<div class=\"text-ko\">\ub300\ud45c \ud14c\ub8e8\uc544: \uc11d\ud68c\uc554 \ud1a0\uc591\uacfc \uc628\ud654\ud55c \uae30\ud6c4\uac00 \uc5b4\uc6b0\ub7ec\uc9c4 \uc9c0\uc5ed<\/div>\n<div class=\"text-en\" style=\"display: none;\">Signature Terroir: Limestone soils and a mild climate create ideal conditions<\/div>\n<div class=\"text-ko\">\uc801\ud569\ud55c \uc18c\ube44 \uc0c1\ud669: \uc800\ub141 \uc2dd\uc0ac, \ud2b9\ubcc4\ud55c \ubaa8\uc784, \uc120\ubb3c\uc6a9<\/div>\n<div class=\"text-en\" style=\"display: none;\">Suitable Occasions: Dinner, celebrations, gift-giving<\/div>\n<\/p><\/div>\n<\/p><\/div>\n<div class=\"section\" style=\"margin-bottom: 30px;\">\n<div class=\"text-ko section-header\">\ube0c\ub79c\ub4dc<\/div>\n<div class=\"text-en section-header\" style=\"display: none;\">Brand<\/div>\n<div class=\"section-content\" style=\"margin-left: 20px;\">\n<div class=\"text-ko\">\ube0c\ub79c\ub4dc\uba85: Ch\u00e2teau-Fuiss\u00e9<\/div>\n<div class=\"text-en\" style=\"display: none;\">Brand Name: Ch\u00e2teau-Fuiss\u00e9<\/div>\n<div class=\"text-ko\">\uc124\ub9bd \uc5f0\ub3c4: 1880<\/div>\n<div class=\"text-en\" style=\"display: none;\">Founded: 1880<\/div>\n<div class=\"text-ko\">\ubaa8\ub178\ud3f4 \uc5ec\ubd80: \uc544\ub2c8\uc624<\/div>\n<div class=\"text-en\" style=\"display: none;\">Monopole: No<\/div>\n<div class=\"text-ko\">\ud575\uc2ec \uac00\uce58\/\uc2ac\ub85c\uac74: \uc804\ud1b5\uacfc \ud488\uc9c8\uc758 \uc0c1\uc9d5<\/div>\n<div class=\"text-en\" style=\"display: none;\">Core Values\/Slogan: Symbol of Tradition and Quality<\/div>\n<div class=\"text-ko\">\uc9c0\uc18d \uac00\ub2a5\uc131: \uc9c0\uc18d \uac00\ub2a5\ud55c \ud3ec\ub3c4 \uc7ac\ubc30 \ubc0f \uce5c\ud658\uacbd \uc591\uc870 \uc2e4\ucc9c<\/div>\n<div class=\"text-en\" style=\"display: none;\">Sustainability: Practicing sustainable viticulture and eco-friendly winemaking<\/div>\n<\/p><\/div>\n<\/p><\/div>\n<div class=\"section\" style=\"margin-bottom: 30px;\">\n<div class=\"text-ko section-header\">\uc6d0\uc0b0\uc9c0 \ubc0f \uc9c0\uc5ed<\/div>\n<div class=\"text-en section-header\" style=\"display: none;\">Origin &#038; Region<\/div>\n<div class=\"section-content\" style=\"margin-left: 20px;\">\n<div class=\"text-ko\">\uad6d\uac00: \ud504\ub791\uc2a4<\/div>\n<div class=\"text-en\" style=\"display: none;\">Country: France<\/div>\n<div class=\"text-ko\">\uc9c0\uc5ed: \ubd80\ub974\uace0\ub274<\/div>\n<div class=\"text-en\" style=\"display: none;\">Region: Burgundy<\/div>\n<div class=\"text-ko\">\uc544\ud3a0\ub77c\uc2dc\uc639\/\uc9c0\uc5ed\uad6c: Saint V\u00e9ran<\/div>\n<div class=\"text-en\" style=\"display: none;\">Appellation\/Sub-region: Saint V\u00e9ran<\/div>\n<\/p><\/div>\n<\/p><\/div>\n<div class=\"section\" style=\"margin-bottom: 30px;\">\n<div class=\"text-ko section-header\">\ud3ec\ub3c4 \ud488\uc885\/\ube14\ub80c\ub4dc: \uc0e4\ub974\ub3c4\ub124:100%<\/div>\n<div class=\"text-en section-header\" style=\"display: none;\">Varietal \/ Blend: Chardonnay:100%<\/div>\n<div class=\"section-content\" style=\"margin-left: 20px;\">    <\/div>\n<\/p><\/div>\n<div class=\"section\" style=\"margin-bottom: 30px;\">\n<div class=\"text-ko section-header\">\ud488\uc885 \uc120\ud0dd \uc774\uc720: \uc0e4\ub974\ub3c4\ub124 \ud488\uc885\uc740 \ubd80\ub4dc\ub7ec\uc6b4 \uc0b0\ubbf8\uc640 \ud48d\ubd80\ud55c \ud5a5\uc744 \uc81c\uacf5\ud558\uc5ec \uc640\uc778\uc758 \ud488\uaca9\uc744 \ub192\uc785\ub2c8\ub2e4.<\/div>\n<div class=\"text-en section-header\" style=\"display: none;\">Blend Rationale: Chardonnay provides smooth acidity and rich aromas, elevating the wine&#8217;s elegance.<\/div>\n<div class=\"section-content\" style=\"margin-left: 20px;\">    <\/div>\n<\/p><\/div>\n<div class=\"section\" style=\"margin-bottom: 30px;\">\n<div class=\"text-ko section-header\">\ube48\ud2f0\uc9c0: 2022<\/div>\n<div class=\"text-en section-header\" style=\"display: none;\">Vintage: 2022<\/div>\n<div class=\"section-content\" style=\"margin-left: 20px;\">    <\/div>\n<\/p><\/div>\n<div class=\"section\" style=\"margin-bottom: 30px;\">\n<div class=\"text-ko section-header\">\uae30\ud6c4 \uc694\uc57d: \uc628\ud654\ud558\uace0 \uac74\uc870\ud55c \uae30\ud6c4\ub85c \ud3ec\ub3c4 \uc131\uc219\uc774 \uade0\uc77c\ud558\uac8c \uc774\ub8e8\uc5b4\uc84c\uc2b5\ub2c8\ub2e4.<\/div>\n<div class=\"text-en section-header\" style=\"display: none;\">Climate Summary: Mild and dry climate ensures even ripening of grapes.<\/div>\n<div class=\"section-content\" style=\"margin-left: 20px;\">    <\/div>\n<\/p><\/div>\n<div class=\"section\" style=\"margin-bottom: 30px;\">\n<div class=\"text-ko section-header\">\ud5a5 \ubc0f \ub9db \ud504\ub85c\ud30c\uc77c<\/div>\n<div class=\"text-en section-header\" style=\"display: none;\">Aroma &#038; Taste Profile<\/div>\n<div class=\"section-content\" style=\"margin-left: 20px;\">\n<div class=\"text-ko\">\uc544\ub85c\ub9c8: \ubcf5\uc22d\uc544, \ubc30, \ubbf8\ub124\ub784, \ubc84\ud130<\/div>\n<div class=\"text-en\" style=\"display: none;\">Aromas: Peach, pear, mineral, butter<\/div>\n<div class=\"text-ko\">\ub9db \uad6c\uc131 \uc694\uc18c: \uc0b0\ubbf8: \uc911\uc0c1, \ud0c0\ub2cc: \ub0ae\uc74c, \ubc14\ub514: \uc911\uac04, \uc5ec\uc6b4: \uae38\uac8c<\/div>\n<div class=\"text-en\" style=\"display: none;\">Taste Components: Acidity: medium-high, Tannins: low, Body: medium, Finish: long<\/div>\n<div class=\"text-ko\">\ubc38\ub7f0\uc2a4 \uc694\uc57d: \uc0b0\ubbf8\uc640 \ud48d\ubd80\ud55c \uacfc\uc77c \ud5a5\uc774 \uc870\ud654\ub97c \uc774\ub8e8\ub294 \uade0\ud615 \uc7a1\ud78c \ub9db<\/div>\n<div class=\"text-en\" style=\"display: none;\">Balance Summary: Harmonious balance of acidity and fruit richness<\/div>\n<\/p><\/div>\n<\/p><\/div>\n<div class=\"section\" style=\"margin-bottom: 30px;\">\n<div class=\"text-ko section-header\">\uc74c\uc6a9 \uc2dc\uae30 \ubc0f \ucd5c\uc801 \uc628\ub3c4<\/div>\n<div class=\"text-en section-header\" style=\"display: none;\">Drinking Window &#038; Ideal Temperature<\/div>\n<div class=\"section-content\" style=\"margin-left: 20px;\">\n<div class=\"text-ko\">\ucd94\ucc9c \ub514\uce94\ud305 \uc2dc\uac04: 15\ubd84<\/div>\n<div class=\"text-en\" style=\"display: none;\">Decanting Time: 15 minutes<\/div>\n<div class=\"text-ko\">\uad8c\uc7a5 \uc11c\ube59 \uc628\ub3c4: 10\u2103<\/div>\n<div class=\"text-en\" style=\"display: none;\">Serving Temperature: 10\u00b0C<\/div>\n<div class=\"text-ko\">\ubcf4\uad00 \ud301: \uc11c\ub298\ud558\uace0 \uc5b4\ub450\uc6b4 \uacf3\uc5d0 \uc218\ud3c9\uc73c\ub85c \ubcf4\uad00<\/div>\n<div class=\"text-en\" style=\"display: none;\">Storage Tips: Store in a cool, dark place horizontally<\/div>\n<\/p><\/div>\n<\/p><\/div>\n<div class=\"section\" style=\"margin-bottom: 30px;\">\n<div class=\"text-ko section-header\">\uc74c\uc2dd \ud398\uc5b4\ub9c1 \uc81c\uc548<\/div>\n<div class=\"text-en section-header\" style=\"display: none;\">Food Pairing Suggestions<\/div>\n<div class=\"section-content\" style=\"margin-left: 20px;\">\n<div class=\"text-ko\">\uba54\uc778 \uc694\ub9ac: \uc0dd\uc120\uad6c\uc774, \ud574\uc0b0\ubb3c \ud30c\uc2a4\ud0c0, \uac00\ubcbc\uc6b4 \uce58\uc988<\/div>\n<div class=\"text-en\" style=\"display: none;\">Main Dishes: Grilled fish, seafood pasta, light cheeses<\/div>\n<div class=\"text-ko\">\ub514\uc800\ud2b8\/\uce58\uc988: \ubd80\ub4dc\ub7ec\uc6b4 \uce58\uc988, \uacfc\uc77c \ub514\uc800\ud2b8<\/div>\n<div class=\"text-en\" style=\"display: none;\">Desserts or Cheeses: Soft cheeses, fruit desserts<\/div>\n<div class=\"text-ko\">\ud2b9\ubcc4 \ud301: \uc11c\ube59 \uc804\uc5d0 \ucda9\ubd84\ud788 \ucc28\uac11\uac8c \uc720\uc9c0\ud558\uc138\uc694.<\/div>\n<div class=\"text-en\" style=\"display: none;\">Special Tips: Serve well chilled before drinking<\/div>\n<\/p><\/div>\n<\/p><\/div>\n<div class=\"section\" style=\"margin-bottom: 30px;\">\n<div class=\"text-ko section-header\">\uc81c\uc870 \uacf5\uc815 \uc694\uc57d<\/div>\n<div class=\"text-en section-header\" style=\"display: none;\">Winemaking Process Summary<\/div>\n<div class=\"section-content\" style=\"margin-left: 20px;\">\n<div class=\"text-ko\">\uc218\ud655 \ubc29\ubc95 \ubc0f \uc120\ubcc4: \uc190\uc218, \uc5c4\uaca9\ud55c \uc120\ubcc4<\/div>\n<div class=\"text-en\" style=\"display: none;\">Harvest Method &#038; Sorting: Hand-harvested, strict sorting<\/div>\n<div class=\"text-ko\">\uc628\ub3c4: 18\u2103<\/div>\n<div class=\"text-en\" style=\"display: none;\">Temperature: 18\u00b0C<\/div>\n<div class=\"text-ko\">\uae30\uac04: 4\uc8fc<\/div>\n<div class=\"text-en\" style=\"display: none;\">Duration: 4 weeks<\/div>\n<div class=\"text-ko\">\ubc1c\ud6a8: \uc0c1\uc5c5 \ud6a8\ubaa8, 16-18\u2103<\/div>\n<div class=\"text-en\" style=\"display: none;\">Fermentation: Cultured yeast, 16-18\u00b0C<\/div>\n<div class=\"text-ko\">\ub9d0\ub85c\ub77d\ud2f1 \ubc1c\ud6a8: \uc608, \uc628\ub3c4 \uc870\uc808 \ud558\uc5d0 \uc9c4\ud589<\/div>\n<div class=\"text-en\" style=\"display: none;\">Malolactic Fermentation: Yes, temperature-controlled<\/div>\n<div class=\"text-ko\">\uc219\uc131: \uc624\ud06c \ubc30\ub7f4, 20%, 6\uac1c\uc6d4<\/div>\n<div class=\"text-en\" style=\"display: none;\">Aging: Oak barrels, 20%, 6 months<\/div>\n<\/p><\/div>\n<\/p><\/div>\n<div class=\"section\" style=\"margin-bottom: 30px;\">\n<div class=\"text-ko section-header\">\ucd94\uac00 \uc815\ubcf4<\/div>\n<div class=\"text-en section-header\" style=\"display: none;\">Additional Information<\/div>\n<div class=\"section-content\" style=\"margin-left: 20px;\">\n<div class=\"text-ko\">\uc218\uc0c1 \uacbd\ub825: Decanter World Wine Awards 2023 \uae08\uc0c1<\/div>\n<div class=\"text-en\" style=\"display: none;\">Awards: Decanter World Wine Awards 2023 Gold Medal<\/div>\n<div class=\"text-ko\">\ud3c9\ub860\uac00 \ud3c9\uc810: James Suckling: 92\uc810, Wine Spectator: 90\uc810<\/div>\n<div class=\"text-en\" style=\"display: none;\">Critic Scores: James Suckling: 92, Wine Spectator: 90<\/div>\n<div class=\"text-ko\">\uace0\uac1d \ub9ac\ubdf0 \ud558\uc774\ub77c\uc774\ud2b8: \ud48d\ubd80\ud55c \ud5a5, \uae54\ub054\ud55c \ub9c8\ubb34\ub9ac, \uac00\uc131\ube44 \ub6f0\uc5b4\ub0a8<\/div>\n<div class=\"text-en\" style=\"display: none;\">Customer Reviews: Rich aroma, clean finish, great value<\/div>\n<div class=\"text-ko\">\ucd94\ucc9c \uc18c\ube44\uc790 \uc720\ud615: \uc640\uc778 \uc560\ud638\uac00, \ud504\ub791\uc2a4 \uc640\uc778 \ud32c<\/div>\n<div class=\"text-en\" style=\"display: none;\">Ideal Consumer Profile: Wine enthusiasts, Burgundy lovers<\/div>\n<div class=\"text-ko\">\ucd94\ucc9c \uc18c\ube44 \uc0c1\ud669: \ud2b9\ubcc4\ud55c \ub0a0, \uc120\ubb3c, \uc640\uc778 \ud14c\uc774\uc2a4\ud305<\/div>\n<div class=\"text-en\" style=\"display: none;\">Ideal Occasions: Special days, gifts, wine tastings<\/div>\n<div class=\"text-ko\">\uc2dc\uc7a5 \ud3ec\uc9c0\uc154\ub2dd: \uace0\uae09<\/div>\n<div class=\"text-en\" style=\"display: none;\">Market Positioning: Premium<\/div>\n<\/p><\/div>\n<\/p><\/div>\n<\/div>","protected":false},"excerpt":{"rendered":"<p>\uc81c\ud488\uba85: Ch\u00e2teau-Fuiss\u00e9, Saint V\u00e9ran 2022 Product Name: Ch\u00e2teau-Fuiss\u00e9, Saint V\u00e9ran 2022 \uc6a9\ub7c9: 750mL Volume: 750mL \uc81c\ud488 \uc18c\uac1c Product Introduction \uc8fc\uc694 \ud2b9\uc9d5 \ubc0f \uac1c\uc694: Ch\u00e2teau-Fuiss\u00e9\uc758 Saint V\u00e9ran 2022\ub294 \ud48d\ubd80\ud55c \uacfc\uc77c \ud5a5\uacfc \uc12c\uc138\ud55c \uc0b0\ubbf8\uac00 \uc870\ud654\ub97c \uc774\ub8e8\ub294 \ud504\ub9ac\ubbf8\uc5c4 \ud654\uc774\ud2b8 \uc640\uc778\uc785\ub2c8\ub2e4. Key Features &#038; Overview: Ch\u00e2teau-Fuiss\u00e9&#8217;s Saint V\u00e9ran 2022 is a premium white wine with rich fruit aromas and [&hellip;]<\/p>","protected":false},"featured_media":37597,"comment_status":"open","ping_status":"closed","template":"","meta":[],"product_cat":[10383,10404],"product_tag":[9280,9286,7856,7859,8275,7872,7873,4952,6105,8250,7901,8082],"class_list":{"0":"post-37596","1":"product","2":"type-product","3":"status-publish","4":"has-post-thumbnail","6":"product_brand-chateau-fuisse","7":"product_cat-10383","8":"product_cat-10404","9":"product_tag-chateau-fuisse","10":"product_tag-saintveran2022","11":"product_tag-wine","12":"product_tag-7859","13":"product_tag-8275","14":"product_tag-7872","15":"product_tag-7873","16":"product_tag-4952","17":"product_tag-6105","18":"product_tag-8250","19":"product_tag-7901","20":"product_tag-8082","22":"first","23":"instock","24":"sold-individually","25":"shipping-taxable","26":"purchasable","27":"product-type-simple"},"_links":{"self":[{"href":"https:\/\/eurogoodshop.com\/en\/wp-json\/wp\/v2\/product\/37596","targetHints":{"allow":["GET"]}}],"collection":[{"href":"https:\/\/eurogoodshop.com\/en\/wp-json\/wp\/v2\/product"}],"about":[{"href":"https:\/\/eurogoodshop.com\/en\/wp-json\/wp\/v2\/types\/product"}],"replies":[{"embeddable":true,"href":"https:\/\/eurogoodshop.com\/en\/wp-json\/wp\/v2\/comments?post=37596"}],"wp:featuredmedia":[{"embeddable":true,"href":"https:\/\/eurogoodshop.com\/en\/wp-json\/wp\/v2\/media\/37597"}],"wp:attachment":[{"href":"https:\/\/eurogoodshop.com\/en\/wp-json\/wp\/v2\/media?parent=37596"}],"wp:term":[{"taxonomy":"product_cat","embeddable":true,"href":"https:\/\/eurogoodshop.com\/en\/wp-json\/wp\/v2\/product_cat?post=37596"},{"taxonomy":"product_tag","embeddable":true,"href":"https:\/\/eurogoodshop.com\/en\/wp-json\/wp\/v2\/product_tag?post=37596"}],"curies":[{"name":"wp","href":"https:\/\/api.w.org\/{rel}","templated":true}]}}