{"id":38356,"date":"2025-07-09T00:46:21","date_gmt":"2025-07-08T15:46:21","guid":{"rendered":"https:\/\/eurogoodshop.com\/product\/vignobles-brunier-chateauneuf-du-pape-telegramme-2022-wine10000000506\/"},"modified":"2025-12-02T20:16:55","modified_gmt":"2025-12-02T11:16:55","slug":"vignobles-brunier-chateauneuf-du-pape-telegramme-2022-wine10000000506","status":"publish","type":"product","link":"https:\/\/eurogoodshop.com\/en\/product\/vignobles-brunier-chateauneuf-du-pape-telegramme-2022-wine10000000506\/","title":{"rendered":"Vignobles Brunier, Ch\u00e2teauneuf-du-Pape T\u00e9l\u00e9gramme 2022"},"content":{"rendered":"<div style=\"text-align: left;\">\n<div style=\"text-align: center; margin: 20px 0;\">    <img decoding=\"async\" style=\"display: inline-block; max-width: 80%; height: auto;\" src=\"https:\/\/eurogoodshop.com\/wp-content\/uploads\/product-detail-image\/dtl-WINE10000000506-01.jpg\" alt=\"Vignobles Brunier, Ch\u00e2teauneuf-du-Pape T\u00e9l\u00e9gramme 2022\"\/>  <\/div>\n<div class=\"section\" style=\"margin-bottom: 30px;\">\n<div class=\"text-ko section-header\">\uc81c\ud488\uba85: Vignobles Brunier, Ch\u00e2teauneuf-du-Pape T\u00e9l\u00e9gramme 2022<\/div>\n<div class=\"text-en section-header\" style=\"display: none;\">Product Name: Vignobles Brunier, Ch\u00e2teauneuf-du-Pape T\u00e9l\u00e9gramme 2022<\/div>\n<div class=\"section-content\" style=\"margin-left: 20px;\">    <\/div>\n<\/p><\/div>\n<div class=\"section\" style=\"margin-bottom: 30px;\">\n<div class=\"text-ko section-header\">\uc6a9\ub7c9: 750mL<\/div>\n<div class=\"text-en section-header\" style=\"display: none;\">Volume: 750mL<\/div>\n<div class=\"section-content\" style=\"margin-left: 20px;\">    <\/div>\n<\/p><\/div>\n<div class=\"section\" style=\"margin-bottom: 30px;\">\n<div class=\"text-ko section-header\">\uc81c\ud488 \uc18c\uac1c<\/div>\n<div class=\"text-en section-header\" style=\"display: none;\">Product Introduction<\/div>\n<div class=\"section-content\" style=\"margin-left: 20px;\">\n<div class=\"text-ko\">\uc8fc\uc694 \ud2b9\uc9d5 \ubc0f \uac1c\uc694: Vignobles Brunier\uc758 2022\ub144 Ch\u00e2teauneuf-du-Pape T\u00e9l\u00e9gramme\ub294 \ud48d\ubd80\ud55c \ud5a5\uacfc \uae4a\uc740 \ub9db\uc774 \uc5b4\uc6b0\ub7ec\uc9c4 \ud504\ub9ac\ubbf8\uc5c4 \ub808\ub4dc \uc640\uc778\uc785\ub2c8\ub2e4.<\/div>\n<div class=\"text-en\" style=\"display: none;\">Key Features &#038; Overview: Vignobles Brunier&#8217;s 2022 Ch\u00e2teauneuf-du-Pape T\u00e9l\u00e9gramme is a rich and complex premium red wine with deep flavors and aromatic intensity.<\/div>\n<div class=\"text-ko\">\uc54c\ucf54\uc62c \ub3c4\uc218(ABV): 15%<\/div>\n<div class=\"text-en\" style=\"display: none;\">ABV: 15%<\/div>\n<div class=\"text-ko\">\uc591\uc870\ucca0\ud559: \uc804\ud1b5\uacfc \ud601\uc2e0\uc758 \uc870\ud654\ub85c \uc591\uc870\ud558\uba70, \uc790\uc5f0 \uce5c\ud654\uc801 \ubc29\ubc95\uc744 \uc911\uc2dc\ud569\ub2c8\ub2e4.<\/div>\n<div class=\"text-en\" style=\"display: none;\">Winemaking Philosophy: Combining tradition and innovation, emphasizing natural and eco-friendly methods.<\/div>\n<div class=\"text-ko\">\ub300\ud45c \ud14c\ub8e8\uc544: \ud654\uc0b0 \ud1a0\uc591\uacfc \uc628\ud654\ud55c \uc9c0\uc911\ud574\uc131 \uae30\ud6c4\uac00 \uc5b4\uc6b0\ub7ec\uc9c4 \uc9c0\uc5ed<\/div>\n<div class=\"text-en\" style=\"display: none;\">Signature Terroir: Volcanic soils and a mild Mediterranean climate create ideal growing conditions.<\/div>\n<div class=\"text-ko\">\uc801\ud569\ud55c \uc18c\ube44 \uc0c1\ud669: \uc800\ub141 \uc2dd\uc0ac, \ud2b9\ubcc4\ud55c \ubaa8\uc784, \uc120\ubb3c\uc6a9<\/div>\n<div class=\"text-en\" style=\"display: none;\">Suitable Occasions: Dinner, special gatherings, gift-giving<\/div>\n<\/p><\/div>\n<\/p><\/div>\n<div class=\"section\" style=\"margin-bottom: 30px;\">\n<div class=\"text-ko section-header\">\ube0c\ub79c\ub4dc<\/div>\n<div class=\"text-en section-header\" style=\"display: none;\">Brand<\/div>\n<div class=\"section-content\" style=\"margin-left: 20px;\">\n<div class=\"text-ko\">\ube0c\ub79c\ub4dc\uba85: Vignobles Brunier<\/div>\n<div class=\"text-en\" style=\"display: none;\">Brand Name: Vignobles Brunier<\/div>\n<div class=\"text-ko\">\uc124\ub9bd \uc5f0\ub3c4: 1890<\/div>\n<div class=\"text-en\" style=\"display: none;\">Founded: 1890<\/div>\n<div class=\"text-ko\">\ubaa8\ub178\ud3f4 \uc5ec\ubd80: \uc544\ub2c8\uc624<\/div>\n<div class=\"text-en\" style=\"display: none;\">Monopole: No<\/div>\n<div class=\"text-ko\">\ud575\uc2ec \uac00\uce58\/\uc2ac\ub85c\uac74: \uc804\ud1b5\uacfc \ud601\uc2e0\uc758 \ub9cc\ub0a8<\/div>\n<div class=\"text-en\" style=\"display: none;\">Core Values\/Slogan: Tradition Meets Innovation<\/div>\n<div class=\"text-ko\">\uc9c0\uc18d \uac00\ub2a5\uc131: \uc9c0\uc18d \uac00\ub2a5\ud55c \ud3ec\ub3c4 \uc7ac\ubc30\uc640 \ud658\uacbd \ubcf4\ud638\ub97c \uc2e4\ucc9c<\/div>\n<div class=\"text-en\" style=\"display: none;\">Sustainability: Practicing sustainable viticulture and environmental conservation<\/div>\n<\/p><\/div>\n<\/p><\/div>\n<div class=\"section\" style=\"margin-bottom: 30px;\">\n<div class=\"text-ko section-header\">\uc6d0\uc0b0\uc9c0 \ubc0f \uc9c0\uc5ed<\/div>\n<div class=\"text-en section-header\" style=\"display: none;\">Origin &#038; Region<\/div>\n<div class=\"section-content\" style=\"margin-left: 20px;\">\n<div class=\"text-ko\">\uad6d\uac00: \ud504\ub791\uc2a4<\/div>\n<div class=\"text-en\" style=\"display: none;\">Country: France<\/div>\n<div class=\"text-ko\">\uc9c0\uc5ed: \ub0a8\ubd80 \ub860<\/div>\n<div class=\"text-en\" style=\"display: none;\">Region: Southern Rh\u00f4ne<\/div>\n<div class=\"text-ko\">\uc544\ud3a0\ub77c\uc2dc\uc639\/\uc9c0\uc5ed\uad6c: Ch\u00e2teauneuf-du-Pape<\/div>\n<div class=\"text-en\" style=\"display: none;\">Appellation\/Sub-region: Ch\u00e2teauneuf-du-Pape<\/div>\n<\/p><\/div>\n<\/p><\/div>\n<div class=\"section\" style=\"margin-bottom: 30px;\">\n<div class=\"text-ko section-header\">\ud3ec\ub3c4 \ud488\uc885\/\ube14\ub80c\ub4dc: \uadf8\ub974\ub098\uc288:85%, \uc2dc\ub77c:10%, \ubb34\ub974\ubca0\ub4dc\ub974:5%<\/div>\n<div class=\"text-en section-header\" style=\"display: none;\">Varietal \/ Blend: Grenache:85%, Syrah:10%, Mourv\u00e8dre:5%<\/div>\n<div class=\"section-content\" style=\"margin-left: 20px;\">    <\/div>\n<\/p><\/div>\n<div class=\"section\" style=\"margin-bottom: 30px;\">\n<div class=\"text-ko section-header\">\ud488\uc885 \uc120\ud0dd \uc774\uc720: \ud48d\ubd80\ud55c \ud5a5\uacfc \uad6c\uc870\ub97c \uc704\ud574 \uc804\ud1b5\uc801\uc778 \ube14\ub80c\ub4dc \uc0ac\uc6a9<\/div>\n<div class=\"text-en section-header\" style=\"display: none;\">Blend Rationale: Traditional blend used for rich aroma and structure<\/div>\n<div class=\"section-content\" style=\"margin-left: 20px;\">    <\/div>\n<\/p><\/div>\n<div class=\"section\" style=\"margin-bottom: 30px;\">\n<div class=\"text-ko section-header\">\ube48\ud2f0\uc9c0: 2022<\/div>\n<div class=\"text-en section-header\" style=\"display: none;\">Vintage: 2022<\/div>\n<div class=\"section-content\" style=\"margin-left: 20px;\">    <\/div>\n<\/p><\/div>\n<div class=\"section\" style=\"margin-bottom: 30px;\">\n<div class=\"text-ko section-header\">\uae30\ud6c4 \uc694\uc57d: \uc628\ud654\ud558\uace0 \uac74\uc870\ud558\uba70 \uc77c\uc870\ub7c9\uc774 \ud48d\ubd80\ud55c \uae30\ud6c4<\/div>\n<div class=\"text-en section-header\" style=\"display: none;\">Climate Summary: Mild, dry, and sun-rich climate<\/div>\n<div class=\"section-content\" style=\"margin-left: 20px;\">    <\/div>\n<\/p><\/div>\n<div class=\"section\" style=\"margin-bottom: 30px;\">\n<div class=\"text-ko section-header\">\ud5a5 \ubc0f \ub9db \ud504\ub85c\ud30c\uc77c<\/div>\n<div class=\"text-en section-header\" style=\"display: none;\">Aroma &#038; Taste Profile<\/div>\n<div class=\"section-content\" style=\"margin-left: 20px;\">\n<div class=\"text-ko\">\uc544\ub85c\ub9c8: \uac80\uc740 \uacfc\uc77c, \ud5a5\uc2e0\ub8cc, \ud5c8\ube0c, \ubc14\ub2d0\ub77c<\/div>\n<div class=\"text-en\" style=\"display: none;\">Aromas: Black fruit, spices, herbs, vanilla<\/div>\n<div class=\"text-ko\">\ub9db \uad6c\uc131 \uc694\uc18c: \uc0b0\ubbf8: \uc911\uac04, \ud0c0\ub2cc: \uac15\ud568, \ubc14\ub514: \ud480 \ubc14\ub514, \uc5ec\uc6b4: \uae38\uac8c<\/div>\n<div class=\"text-en\" style=\"display: none;\">Taste Components: Acidity: medium, Tannins: strong, Body: full-bodied, Finish: long<\/div>\n<div class=\"text-ko\">\ubc38\ub7f0\uc2a4 \uc694\uc57d: \ud48d\ubd80\ud55c \uacfc\uc77c \ud5a5\uacfc \ubd80\ub4dc\ub7ec\uc6b4 \ud0c0\ub2cc\uc758 \uc870\ud654<\/div>\n<div class=\"text-en\" style=\"display: none;\">Balance Summary: Rich fruit flavors balanced with smooth tannins<\/div>\n<\/p><\/div>\n<\/p><\/div>\n<div class=\"section\" style=\"margin-bottom: 30px;\">\n<div class=\"text-ko section-header\">\uc74c\uc6a9 \uc2dc\uae30 \ubc0f \ucd5c\uc801 \uc628\ub3c4<\/div>\n<div class=\"text-en section-header\" style=\"display: none;\">Drinking Window &#038; Ideal Temperature<\/div>\n<div class=\"section-content\" style=\"margin-left: 20px;\">\n<div class=\"text-ko\">\ucd94\ucc9c \ub514\uce94\ud305 \uc2dc\uac04: 30\ubd84<\/div>\n<div class=\"text-en\" style=\"display: none;\">Decanting Time: 30 minutes<\/div>\n<div class=\"text-ko\">\uad8c\uc7a5 \uc11c\ube59 \uc628\ub3c4: 18\u2103<\/div>\n<div class=\"text-en\" style=\"display: none;\">Serving Temperature: 18\u00b0C<\/div>\n<div class=\"text-ko\">\ubcf4\uad00 \ud301: \uc11c\ub298\ud558\uace0 \uc5b4\ub450\uc6b4 \uacf3\uc5d0 \uc218\ud3c9\uc73c\ub85c \ubcf4\uad00<\/div>\n<div class=\"text-en\" style=\"display: none;\">Storage Tips: Store in a cool, dark place horizontally<\/div>\n<\/p><\/div>\n<\/p><\/div>\n<div class=\"section\" style=\"margin-bottom: 30px;\">\n<div class=\"text-ko section-header\">\uc74c\uc2dd \ud398\uc5b4\ub9c1 \uc81c\uc548<\/div>\n<div class=\"text-en section-header\" style=\"display: none;\">Food Pairing Suggestions<\/div>\n<div class=\"section-content\" style=\"margin-left: 20px;\">\n<div class=\"text-ko\">\uba54\uc778 \uc694\ub9ac: \uc591\uace0\uae30 \uad6c\uc774, \uc2a4\ud14c\uc774\ud06c, \ud48d\uc131\ud55c \uc2a4\ud29c<\/div>\n<div class=\"text-en\" style=\"display: none;\">Main Dishes: Lamb, steak, hearty stews<\/div>\n<div class=\"text-ko\">\ub514\uc800\ud2b8\/\uce58\uc988: \ube14\ub8e8 \uce58\uc988, \uc219\uc131 \uce58\uc988, \ub2e4\ud06c \ucd08\ucf5c\ub9bf<\/div>\n<div class=\"text-en\" style=\"display: none;\">Desserts or Cheeses: Blue cheese, aged cheese, dark chocolate<\/div>\n<div class=\"text-ko\">\ud2b9\ubcc4 \ud301: \ub514\uce94\ud305 \ud6c4 1\uc2dc\uac04 \uc774\uc0c1 \uc219\uc131\ud558\uba74 \ud48d\ubbf8\uac00 \ub354\uc6b1 \uae4a\uc5b4\uc9d1\ub2c8\ub2e4.<\/div>\n<div class=\"text-en\" style=\"display: none;\">Special Tips: Decant for at least 1 hour to enhance flavors<\/div>\n<\/p><\/div>\n<\/p><\/div>\n<div class=\"section\" style=\"margin-bottom: 30px;\">\n<div class=\"text-ko section-header\">\uc81c\uc870 \uacf5\uc815 \uc694\uc57d<\/div>\n<div class=\"text-en section-header\" style=\"display: none;\">Winemaking Process Summary<\/div>\n<div class=\"section-content\" style=\"margin-left: 20px;\">\n<div class=\"text-ko\">\uc218\ud655 \ubc29\ubc95 \ubc0f \uc120\ubcc4: \uc190\uc218 \uc218\ud655, \uc5c4\uaca9\ud55c \uc120\ubcc4<\/div>\n<div class=\"text-en\" style=\"display: none;\">Harvest Method &#038; Sorting: Hand harvest, strict sorting<\/div>\n<div class=\"text-ko\">\uc628\ub3c4: 25\u2103<\/div>\n<div class=\"text-en\" style=\"display: none;\">Temperature: 25\u00b0C<\/div>\n<div class=\"text-ko\">\uae30\uac04: 3\uc77c<\/div>\n<div class=\"text-en\" style=\"display: none;\">Duration: 3 days<\/div>\n<div class=\"text-ko\">\ubc1c\ud6a8: \uc790\uc5f0 \ud6a8\ubaa8, 28-30\u2103<\/div>\n<div class=\"text-en\" style=\"display: none;\">Fermentation: Wild yeast, 28-30\u00b0C<\/div>\n<div class=\"text-ko\">\ub9d0\ub85c\ub77d\ud2f1 \ubc1c\ud6a8: \uc608, \uc628\ub3c4 \uc870\uc808 \ud558\uc5d0 \uc9c4\ud589<\/div>\n<div class=\"text-en\" style=\"display: none;\">Malolactic Fermentation: Yes, temperature-controlled<\/div>\n<div class=\"text-ko\">\uc219\uc131: \uc624\ud06c \ubc30\ub7f4, 30%, 12\uac1c\uc6d4<\/div>\n<div class=\"text-en\" style=\"display: none;\">Aging: Oak barrels, 30%, 12 months<\/div>\n<\/p><\/div>\n<\/p><\/div>\n<div class=\"section\" style=\"margin-bottom: 30px;\">\n<div class=\"text-ko section-header\">\ucd94\uac00 \uc815\ubcf4<\/div>\n<div class=\"text-en section-header\" style=\"display: none;\">Additional Information<\/div>\n<div class=\"section-content\" style=\"margin-left: 20px;\">\n<div class=\"text-ko\">\uc218\uc0c1 \uacbd\ub825: Decanter World Wine Awards 2023 \uae08\uc0c1<\/div>\n<div class=\"text-en\" style=\"display: none;\">Awards: Decanter World Wine Awards 2023 Gold Medal<\/div>\n<div class=\"text-ko\">\ud3c9\ub860\uac00 \ud3c9\uc810: Robert Parker:94\uc810, Wine Spectator:92\uc810<\/div>\n<div class=\"text-en\" style=\"display: none;\">Critic Scores: Robert Parker:94 points, Wine Spectator:92 points<\/div>\n<div class=\"text-ko\">\uace0\uac1d \ub9ac\ubdf0 \ud558\uc774\ub77c\uc774\ud2b8: \ud48d\ubd80\ud55c \ud5a5, \ubd80\ub4dc\ub7ec\uc6b4 \ud0c0\ub2cc, \uae34 \uc5ec\uc6b4<\/div>\n<div class=\"text-en\" style=\"display: none;\">Customer Reviews: Rich aroma, smooth tannins, long finish<\/div>\n<div class=\"text-ko\">\ucd94\ucc9c \uc18c\ube44\uc790 \uc720\ud615: \uc640\uc778 \uc560\ud638\uac00, \uace0\uae09 \uc640\uc778 \uc218\uc9d1\uac00<\/div>\n<div class=\"text-en\" style=\"display: none;\">Ideal Consumer Profile: Wine enthusiasts, collectors of fine wines<\/div>\n<div class=\"text-ko\">\ucd94\ucc9c \uc18c\ube44 \uc0c1\ud669: \ud2b9\ubcc4\ud55c \ub0a0, \uc120\ubb3c, \uc640\uc778 \ud14c\uc774\uc2a4\ud305<\/div>\n<div class=\"text-en\" style=\"display: none;\">Ideal Occasions: Special days, gifts, wine tastings<\/div>\n<div class=\"text-ko\">\uc2dc\uc7a5 \ud3ec\uc9c0\uc154\ub2dd: \uace0\uae09<\/div>\n<div class=\"text-en\" style=\"display: none;\">Market Positioning: Premium<\/div>\n<\/p><\/div>\n<\/p><\/div>\n<\/div>","protected":false},"excerpt":{"rendered":"<p>\uc81c\ud488\uba85: Vignobles Brunier, Ch\u00e2teauneuf-du-Pape T\u00e9l\u00e9gramme 2022 Product Name: Vignobles Brunier, Ch\u00e2teauneuf-du-Pape T\u00e9l\u00e9gramme 2022 \uc6a9\ub7c9: 750mL Volume: 750mL \uc81c\ud488 \uc18c\uac1c Product Introduction \uc8fc\uc694 \ud2b9\uc9d5 \ubc0f \uac1c\uc694: Vignobles Brunier\uc758 2022\ub144 Ch\u00e2teauneuf-du-Pape T\u00e9l\u00e9gramme\ub294 \ud48d\ubd80\ud55c \ud5a5\uacfc \uae4a\uc740 \ub9db\uc774 \uc5b4\uc6b0\ub7ec\uc9c4 \ud504\ub9ac\ubbf8\uc5c4 \ub808\ub4dc \uc640\uc778\uc785\ub2c8\ub2e4. Key Features &#038; Overview: Vignobles Brunier&#8217;s 2022 Ch\u00e2teauneuf-du-Pape T\u00e9l\u00e9gramme is a rich and complex premium red wine [&hellip;]<\/p>","protected":false},"featured_media":38357,"comment_status":"open","ping_status":"closed","template":"","meta":[],"product_cat":[10389],"product_tag":[8149,8242,7856,7859,7956,8090,4952,6105,7880,8250,7901,8657],"class_list":{"0":"post-38356","1":"product","2":"type-product","3":"status-publish","4":"has-post-thumbnail","6":"product_brand-vignobles-brunier","7":"product_cat-10389","8":"product_tag-8149","9":"product_tag-chateauneuf-du-pape","10":"product_tag-wine","11":"product_tag-7859","12":"product_tag-7956","13":"product_tag-8090","14":"product_tag-4952","15":"product_tag-6105","16":"product_tag-7880","17":"product_tag-8250","18":"product_tag-7901","19":"product_tag-8657","21":"first","22":"instock","23":"sold-individually","24":"shipping-taxable","25":"purchasable","26":"product-type-simple"},"_links":{"self":[{"href":"https:\/\/eurogoodshop.com\/en\/wp-json\/wp\/v2\/product\/38356","targetHints":{"allow":["GET"]}}],"collection":[{"href":"https:\/\/eurogoodshop.com\/en\/wp-json\/wp\/v2\/product"}],"about":[{"href":"https:\/\/eurogoodshop.com\/en\/wp-json\/wp\/v2\/types\/product"}],"replies":[{"embeddable":true,"href":"https:\/\/eurogoodshop.com\/en\/wp-json\/wp\/v2\/comments?post=38356"}],"wp:featuredmedia":[{"embeddable":true,"href":"https:\/\/eurogoodshop.com\/en\/wp-json\/wp\/v2\/media\/38357"}],"wp:attachment":[{"href":"https:\/\/eurogoodshop.com\/en\/wp-json\/wp\/v2\/media?parent=38356"}],"wp:term":[{"taxonomy":"product_cat","embeddable":true,"href":"https:\/\/eurogoodshop.com\/en\/wp-json\/wp\/v2\/product_cat?post=38356"},{"taxonomy":"product_tag","embeddable":true,"href":"https:\/\/eurogoodshop.com\/en\/wp-json\/wp\/v2\/product_tag?post=38356"}],"curies":[{"name":"wp","href":"https:\/\/api.w.org\/{rel}","templated":true}]}}