{"id":40654,"date":"2025-07-09T04:04:07","date_gmt":"2025-07-08T19:04:07","guid":{"rendered":"https:\/\/eurogoodshop.com\/product\/jean-marc-seleque-solessence-extra-brut-wine10000001654\/"},"modified":"2025-12-04T04:25:42","modified_gmt":"2025-12-03T19:25:42","slug":"jean-marc-seleque-solessence-extra-brut-wine10000001654","status":"publish","type":"product","link":"https:\/\/eurogoodshop.com\/en\/product\/jean-marc-seleque-solessence-extra-brut-wine10000001654\/","title":{"rendered":"Jean-Marc S\u00e9l\u00e8que, Solessence extra brut"},"content":{"rendered":"<div style=\"text-align: left;\">\n<div style=\"text-align: center; margin: 20px 0;\">    <img decoding=\"async\" style=\"display: inline-block; max-width: 80%; height: auto;\" src=\"https:\/\/eurogoodshop.com\/wp-content\/uploads\/product-detail-image\/dtl-WINE10000001654-01.jpg\" alt=\"Jean-Marc S\u00e9l\u00e8que, Solessence extra brut\"\/>  <\/div>\n<div class=\"section\" style=\"margin-bottom: 30px;\">\n<div class=\"text-ko section-header\">\uc81c\ud488\uba85: Jean-Marc S\u00e9l\u00e8que, Solessence extra brut<\/div>\n<div class=\"text-en section-header\" style=\"display: none;\">Product Name: Jean-Marc S\u00e9l\u00e8que, Solessence extra brut<\/div>\n<div class=\"section-content\" style=\"margin-left: 20px;\">    <\/div>\n<\/p><\/div>\n<div class=\"section\" style=\"margin-bottom: 30px;\">\n<div class=\"text-ko section-header\">\uc6a9\ub7c9: 750mL<\/div>\n<div class=\"text-en section-header\" style=\"display: none;\">Volume: 750mL<\/div>\n<div class=\"section-content\" style=\"margin-left: 20px;\">    <\/div>\n<\/p><\/div>\n<div class=\"section\" style=\"margin-bottom: 30px;\">\n<div class=\"text-ko section-header\">\uc81c\ud488 \uc18c\uac1c<\/div>\n<div class=\"text-en section-header\" style=\"display: none;\">Product Introduction<\/div>\n<div class=\"section-content\" style=\"margin-left: 20px;\">\n<div class=\"text-ko\">\uc8fc\uc694 \ud2b9\uc9d5 \ubc0f \uac1c\uc694: Jean-Marc S\u00e9l\u00e8que\uc758 Solessence extra brut\ub294 \uc12c\uc138\ud55c \ubc84\ube14\uacfc \ud48d\ubd80\ud55c \uacfc\uc77c \ud5a5\uc774 \uc870\ud654\ub97c \uc774\ub8e8\ub294 \uace0\ud488\uaca9 \uc2a4\ud30c\ud074\ub9c1 \uc640\uc778\uc785\ub2c8\ub2e4.<\/div>\n<div class=\"text-en\" style=\"display: none;\">Key Features &#038; Overview: Jean-Marc S\u00e9l\u00e8que&#8217;s Solessence extra brut is a refined sparkling wine with delicate bubbles and rich fruit aromas, perfect for special occasions.<\/div>\n<div class=\"text-ko\">\uc54c\ucf54\uc62c \ub3c4\uc218(ABV): 12%<\/div>\n<div class=\"text-en\" style=\"display: none;\">ABV: 12%<\/div>\n<div class=\"text-ko\">\uc591\uc870\ucca0\ud559: \uc804\ud1b5\uacfc \ud601\uc2e0\uc758 \uc870\ud654\ub85c \uc12c\uc138\ud55c \ub9db\uacfc \ud5a5\uc744 \uad6c\ud604\ud558\ub294 \uc591\uc870 \ucca0\ud559<\/div>\n<div class=\"text-en\" style=\"display: none;\">Winemaking Philosophy: Blending tradition and innovation to create delicate flavors and aromas<\/div>\n<div class=\"text-ko\">\ub300\ud45c \ud14c\ub8e8\uc544: \uc11d\ud68c\uc9c8 \ud1a0\uc591\uacfc \uc628\ud654\ud55c \uae30\ud6c4\uac00 \uc5b4\uc6b0\ub7ec\uc9c4 \uc9c0\uc5ed\uc5d0\uc11c \uc790\ub780 \ud3ec\ub3c4<\/div>\n<div class=\"text-en\" style=\"display: none;\">Signature Terroir: Limestone soils and a mild climate from the Champagne region<\/div>\n<div class=\"text-ko\">\uc801\ud569\ud55c \uc18c\ube44 \uc0c1\ud669: \ucd95\ud558 \uc790\ub9ac, \ud2b9\ubcc4\ud55c \ubaa8\uc784, \uae30\ub150\uc77c<\/div>\n<div class=\"text-en\" style=\"display: none;\">Suitable Occasions: Celebrations, special gatherings, anniversaries<\/div>\n<\/p><\/div>\n<\/p><\/div>\n<div class=\"section\" style=\"margin-bottom: 30px;\">\n<div class=\"text-ko section-header\">\ube0c\ub79c\ub4dc<\/div>\n<div class=\"text-en section-header\" style=\"display: none;\">Brand<\/div>\n<div class=\"section-content\" style=\"margin-left: 20px;\">\n<div class=\"text-ko\">\ube0c\ub79c\ub4dc\uba85: Jean-Marc S\u00e9l\u00e8que<\/div>\n<div class=\"text-en\" style=\"display: none;\">Brand Name: Jean-Marc S\u00e9l\u00e8que<\/div>\n<div class=\"text-ko\">\uc124\ub9bd \uc5f0\ub3c4: 1998<\/div>\n<div class=\"text-en\" style=\"display: none;\">Founded: 1998<\/div>\n<div class=\"text-ko\">\ubaa8\ub178\ud3f4 \uc5ec\ubd80: \uc544\ub2c8\uc624<\/div>\n<div class=\"text-en\" style=\"display: none;\">Monopole: No<\/div>\n<div class=\"text-ko\">\ud575\uc2ec \uac00\uce58\/\uc2ac\ub85c\uac74: \uc804\ud1b5\uacfc \ud601\uc2e0\uc758 \ub9cc\ub0a8, \uc790\uc5f0\uacfc \uc870\ud654<\/div>\n<div class=\"text-en\" style=\"display: none;\">Core Values\/Slogan: Tradition meets innovation, harmony with nature<\/div>\n<div class=\"text-ko\">\uc9c0\uc18d \uac00\ub2a5\uc131: \uce5c\ud658\uacbd \uc7ac\ubc30 \ubc0f \uc9c0\uc18d \uac00\ub2a5\ud55c \uc0dd\uc0b0 \ubc29\uc2dd\uc744 \ucc44\ud0dd<\/div>\n<div class=\"text-en\" style=\"display: none;\">Sustainability: Adopts eco-friendly cultivation and sustainable production methods<\/div>\n<\/p><\/div>\n<\/p><\/div>\n<div class=\"section\" style=\"margin-bottom: 30px;\">\n<div class=\"text-ko section-header\">\uc6d0\uc0b0\uc9c0 \ubc0f \uc9c0\uc5ed<\/div>\n<div class=\"text-en section-header\" style=\"display: none;\">Origin &#038; Region<\/div>\n<div class=\"section-content\" style=\"margin-left: 20px;\">\n<div class=\"text-ko\">\uad6d\uac00: \ud504\ub791\uc2a4<\/div>\n<div class=\"text-en\" style=\"display: none;\">Country: France<\/div>\n<div class=\"text-ko\">\uc9c0\uc5ed: \uc0f9\ud30c\ub274<\/div>\n<div class=\"text-en\" style=\"display: none;\">Region: Champagne<\/div>\n<div class=\"text-ko\">\uc544\ud3a0\ub77c\uc2dc\uc639\/\uc9c0\uc5ed\uad6c: \ucf54\ud2b8 \ub4dc \ube14\ub791<\/div>\n<div class=\"text-en\" style=\"display: none;\">Appellation\/Sub-region: C\u00f4te des Blancs<\/div>\n<\/p><\/div>\n<\/p><\/div>\n<div class=\"section\" style=\"margin-bottom: 30px;\">\n<div class=\"text-ko section-header\">\ud3ec\ub3c4 \ud488\uc885\/\ube14\ub80c\ub4dc: \uc0e4\ub974\ub3c4\ub124:100%<\/div>\n<div class=\"text-en section-header\" style=\"display: none;\">Varietal \/ Blend: Chardonnay:100%<\/div>\n<div class=\"section-content\" style=\"margin-left: 20px;\">    <\/div>\n<\/p><\/div>\n<div class=\"section\" style=\"margin-bottom: 30px;\">\n<div class=\"text-ko section-header\">\ud488\uc885 \uc120\ud0dd \uc774\uc720: \uc21c\uc218\ud55c \uc0e4\ub974\ub3c4\ub124 \ud488\uc885\uc73c\ub85c \uc12c\uc138\ud55c \ud48d\ubbf8\uc640 \ubbf8\ub124\ub784\ub9ac\ud2f0\ub97c \uc0b4\ub9ac\uae30 \uc704\ud574 \uc120\ud0dd<\/div>\n<div class=\"text-en section-header\" style=\"display: none;\">Blend Rationale: Selected for its delicate profile and mineral character, emphasizing pure Chardonnay expression<\/div>\n<div class=\"section-content\" style=\"margin-left: 20px;\">    <\/div>\n<\/p><\/div>\n<div class=\"section\" style=\"margin-bottom: 30px;\">\n<div class=\"text-ko section-header\">\ube48\ud2f0\uc9c0: Non-Vintage<\/div>\n<div class=\"text-en section-header\" style=\"display: none;\">Vintage: Non-Vintage<\/div>\n<div class=\"section-content\" style=\"margin-left: 20px;\">    <\/div>\n<\/p><\/div>\n<div class=\"section\" style=\"margin-bottom: 30px;\">\n<div class=\"text-ko section-header\">\uae30\ud6c4 \uc694\uc57d: \uc628\ud654\ud558\uace0 \uc2b5\uc724\ud55c \uae30\ud6c4\uac00 \ud3ec\ub3c4 \uc131\uc7a5\uc5d0 \uc801\ud569<\/div>\n<div class=\"text-en section-header\" style=\"display: none;\">Climate Summary: Mild and humid climate ideal for grape growing<\/div>\n<div class=\"section-content\" style=\"margin-left: 20px;\">    <\/div>\n<\/p><\/div>\n<div class=\"section\" style=\"margin-bottom: 30px;\">\n<div class=\"text-ko section-header\">\ud5a5 \ubc0f \ub9db \ud504\ub85c\ud30c\uc77c<\/div>\n<div class=\"text-en section-header\" style=\"display: none;\">Aroma &#038; Taste Profile<\/div>\n<div class=\"section-content\" style=\"margin-left: 20px;\">\n<div class=\"text-ko\">\uc544\ub85c\ub9c8: \uc0ac\uacfc, \ubc30, \ubbf8\ub124\ub784, \ud5c8\ube0c<\/div>\n<div class=\"text-en\" style=\"display: none;\">Aromas: Apple, pear, mineral, herbs<\/div>\n<div class=\"text-ko\">\ub9db \uad6c\uc131 \uc694\uc18c: \uc0b0\ubbf8: \ub192\uc74c, \ud0c0\ub2cc: \ub0ae\uc74c, \ubc14\ub514: \uac00\ubcbc\uc6c0, \uc5ec\uc6b4: \uae38\uac8c \uc9c0\uc18d<\/div>\n<div class=\"text-en\" style=\"display: none;\">Taste Components: Acidity: high, Tannins: low, Body: light, Finish: long<\/div>\n<div class=\"text-ko\">\ubc38\ub7f0\uc2a4 \uc694\uc57d: \uc2e0\uc120\ud568\uacfc \ud48d\ubd80\ud55c \uacfc\uc77c \ud5a5\uc758 \uc870\ud654<\/div>\n<div class=\"text-en\" style=\"display: none;\">Balance Summary: Freshness harmonized with rich fruit flavors<\/div>\n<\/p><\/div>\n<\/p><\/div>\n<div class=\"section\" style=\"margin-bottom: 30px;\">\n<div class=\"text-ko section-header\">\uc74c\uc6a9 \uc2dc\uae30 \ubc0f \ucd5c\uc801 \uc628\ub3c4<\/div>\n<div class=\"text-en section-header\" style=\"display: none;\">Drinking Window &#038; Ideal Temperature<\/div>\n<div class=\"section-content\" style=\"margin-left: 20px;\">\n<div class=\"text-ko\">\ucd94\ucc9c \ub514\uce94\ud305 \uc2dc\uac04: 0\ubd84<\/div>\n<div class=\"text-en\" style=\"display: none;\">Decanting Time: 0 minutes<\/div>\n<div class=\"text-ko\">\uad8c\uc7a5 \uc11c\ube59 \uc628\ub3c4: 8\u2103<\/div>\n<div class=\"text-en\" style=\"display: none;\">Serving Temperature: 8\u00b0C<\/div>\n<div class=\"text-ko\">\ubcf4\uad00 \ud301: \uc11c\ub298\ud558\uace0 \uc5b4\ub450\uc6b4 \uacf3\uc5d0 \uc218\ud3c9\uc73c\ub85c \ubcf4\uad00<\/div>\n<div class=\"text-en\" style=\"display: none;\">Storage Tips: Store in a cool, dark place horizontally<\/div>\n<\/p><\/div>\n<\/p><\/div>\n<div class=\"section\" style=\"margin-bottom: 30px;\">\n<div class=\"text-ko section-header\">\uc74c\uc2dd \ud398\uc5b4\ub9c1 \uc81c\uc548<\/div>\n<div class=\"text-en section-header\" style=\"display: none;\">Food Pairing Suggestions<\/div>\n<div class=\"section-content\" style=\"margin-left: 20px;\">\n<div class=\"text-ko\">\uba54\uc778 \uc694\ub9ac: \ud574\uc0b0\ubb3c, \uac00\ubcbc\uc6b4 \uc0d0\ub7ec\ub4dc, \uce58\uc988<\/div>\n<div class=\"text-en\" style=\"display: none;\">Main Dishes: Seafood, light salads, cheeses<\/div>\n<div class=\"text-ko\">\ub514\uc800\ud2b8\/\uce58\uc988: \ud504\ub808\uc26c \uce58\uc988, \uc0ac\uacfc \ud0c0\ub974\ud2b8<\/div>\n<div class=\"text-en\" style=\"display: none;\">Desserts or Cheeses: Fresh cheeses, apple tart<\/div>\n<div class=\"text-ko\">\ud2b9\ubcc4 \ud301: \uc11c\ube59 \uc804\uc5d0 \uc0b4\uc9dd \ucc28\uac11\uac8c \ub0c9\uc7a5 \ubcf4\uad00 \ucd94\ucc9c<\/div>\n<div class=\"text-en\" style=\"display: none;\">Special Tips: Chill slightly before serving<\/div>\n<\/p><\/div>\n<\/p><\/div>\n<div class=\"section\" style=\"margin-bottom: 30px;\">\n<div class=\"text-ko section-header\">\uc81c\uc870 \uacf5\uc815 \uc694\uc57d<\/div>\n<div class=\"text-en section-header\" style=\"display: none;\">Winemaking Process Summary<\/div>\n<div class=\"section-content\" style=\"margin-left: 20px;\">\n<div class=\"text-ko\">\uc218\ud655 \ubc29\ubc95 \ubc0f \uc120\ubcc4: \uc190\uc218 \uc218\ud655, \uc5c4\uaca9\ud55c \uc120\ubcc4<\/div>\n<div class=\"text-en\" style=\"display: none;\">Harvest Method &#038; Sorting: Hand harvest, strict sorting<\/div>\n<div class=\"text-ko\">\uc628\ub3c4: 16\u2103<\/div>\n<div class=\"text-en\" style=\"display: none;\">Temperature: 16\u00b0C<\/div>\n<div class=\"text-ko\">\uae30\uac04: 2\uc8fc<\/div>\n<div class=\"text-en\" style=\"display: none;\">Duration: 2 weeks<\/div>\n<div class=\"text-ko\">\ubc1c\ud6a8: \uc790\uc5f0 \ubc1c\ud6a8, \uc628\ub3c4 18\u2103<\/div>\n<div class=\"text-en\" style=\"display: none;\">Fermentation: Natural fermentation at 18\u00b0C<\/div>\n<div class=\"text-ko\">\ub9d0\ub85c\ub77d\ud2f1 \ubc1c\ud6a8: \uc544\ub2c8\uc624<\/div>\n<div class=\"text-en\" style=\"display: none;\">Malolactic Fermentation: No<\/div>\n<div class=\"text-ko\">\uc219\uc131: \uc2a4\ud14c\uc778\ub9ac\uc2a4 \uc2a4\ud2f8 \ud0f1\ud06c\uc5d0\uc11c 6\uac1c\uc6d4 \uc219\uc131<\/div>\n<div class=\"text-en\" style=\"display: none;\">Aging: Aged 6 months in stainless steel tanks<\/div>\n<\/p><\/div>\n<\/p><\/div>\n<div class=\"section\" style=\"margin-bottom: 30px;\">\n<div class=\"text-ko section-header\">\ucd94\uac00 \uc815\ubcf4<\/div>\n<div class=\"text-en section-header\" style=\"display: none;\">Additional Information<\/div>\n<div class=\"section-content\" style=\"margin-left: 20px;\">\n<div class=\"text-ko\">\uc218\uc0c1 \uacbd\ub825: \uc0f9\ud30c\ub274 \uc640\uc778 \ub300\uc0c1 2022 \uc218\uc0c1<\/div>\n<div class=\"text-en\" style=\"display: none;\">Awards: Champagne Awards 2022 Winner<\/div>\n<div class=\"text-ko\">\ud3c9\ub860\uac00 \ud3c9\uc810: Wine Spectator: 90\uc810, Decanter: 91\uc810<\/div>\n<div class=\"text-en\" style=\"display: none;\">Critic Scores: Wine Spectator: 90, Decanter: 91<\/div>\n<div class=\"text-ko\">\uace0\uac1d \ub9ac\ubdf0 \ud558\uc774\ub77c\uc774\ud2b8: \uc12c\uc138\ud55c \ud48d\ubbf8, \uae54\ub054\ud55c \ub9c8\ubb34\ub9ac, \ud2b9\ubcc4\ud55c \ub0a0\uc5d0 \uc801\ud569<\/div>\n<div class=\"text-en\" style=\"display: none;\">Customer Reviews: Delicate flavor, crisp finish, ideal for celebrations<\/div>\n<div class=\"text-ko\">\ucd94\ucc9c \uc18c\ube44\uc790 \uc720\ud615: \uc640\uc778 \uc560\ud638\uac00, \ucd95\ud558\uc6a9 \uc640\uc778 \uc218\uc9d1\uac00<\/div>\n<div class=\"text-en\" style=\"display: none;\">Ideal Consumer Profile: Wine enthusiasts, collectors for special occasions<\/div>\n<div class=\"text-ko\">\ucd94\ucc9c \uc18c\ube44 \uc0c1\ud669: \uae30\ub150\uc77c, \ucd95\ud558 \ud589\uc0ac, \uc120\ubb3c\uc6a9<\/div>\n<div class=\"text-en\" style=\"display: none;\">Ideal Occasions: Anniversaries, celebrations, gifts<\/div>\n<div class=\"text-ko\">\uc2dc\uc7a5 \ud3ec\uc9c0\uc154\ub2dd: \uace0\uae09 \uc2a4\ud30c\ud074\ub9c1 \uc640\uc778<\/div>\n<div class=\"text-en\" style=\"display: none;\">Market Positioning: Premium sparkling wine<\/div>\n<\/p><\/div>\n<\/p><\/div>\n<\/div>","protected":false},"excerpt":{"rendered":"<p>\uc81c\ud488\uba85: Jean-Marc S\u00e9l\u00e8que, Solessence extra brut Product Name: Jean-Marc S\u00e9l\u00e8que, Solessence extra brut \uc6a9\ub7c9: 750mL Volume: 750mL \uc81c\ud488 \uc18c\uac1c Product Introduction \uc8fc\uc694 \ud2b9\uc9d5 \ubc0f \uac1c\uc694: Jean-Marc S\u00e9l\u00e8que\uc758 Solessence extra brut\ub294 \uc12c\uc138\ud55c \ubc84\ube14\uacfc \ud48d\ubd80\ud55c \uacfc\uc77c \ud5a5\uc774 \uc870\ud654\ub97c \uc774\ub8e8\ub294 \uace0\ud488\uaca9 \uc2a4\ud30c\ud074\ub9c1 \uc640\uc778\uc785\ub2c8\ub2e4. Key Features &#038; Overview: Jean-Marc S\u00e9l\u00e8que&#8217;s Solessence extra brut is a refined sparkling wine with [&hellip;]<\/p>","protected":false},"featured_media":40655,"comment_status":"open","ping_status":"closed","template":"","meta":[],"product_cat":[10383,10404],"product_tag":[7856,7859,8142,7873,8185,9855,6105,7880,9862,9086,7901,8657],"class_list":{"0":"post-40654","1":"product","2":"type-product","3":"status-publish","4":"has-post-thumbnail","6":"product_brand-jean-marc-seleque","7":"product_cat-10383","8":"product_cat-10404","9":"product_tag-wine","10":"product_tag-7859","11":"product_tag-8142","12":"product_tag-7873","13":"product_tag-8185","14":"product_tag-9855","15":"product_tag-6105","16":"product_tag-7880","17":"product_tag-9862","18":"product_tag-9086","19":"product_tag-7901","20":"product_tag-8657","22":"first","23":"instock","24":"sold-individually","25":"shipping-taxable","26":"purchasable","27":"product-type-simple"},"_links":{"self":[{"href":"https:\/\/eurogoodshop.com\/en\/wp-json\/wp\/v2\/product\/40654","targetHints":{"allow":["GET"]}}],"collection":[{"href":"https:\/\/eurogoodshop.com\/en\/wp-json\/wp\/v2\/product"}],"about":[{"href":"https:\/\/eurogoodshop.com\/en\/wp-json\/wp\/v2\/types\/product"}],"replies":[{"embeddable":true,"href":"https:\/\/eurogoodshop.com\/en\/wp-json\/wp\/v2\/comments?post=40654"}],"wp:featuredmedia":[{"embeddable":true,"href":"https:\/\/eurogoodshop.com\/en\/wp-json\/wp\/v2\/media\/40655"}],"wp:attachment":[{"href":"https:\/\/eurogoodshop.com\/en\/wp-json\/wp\/v2\/media?parent=40654"}],"wp:term":[{"taxonomy":"product_cat","embeddable":true,"href":"https:\/\/eurogoodshop.com\/en\/wp-json\/wp\/v2\/product_cat?post=40654"},{"taxonomy":"product_tag","embeddable":true,"href":"https:\/\/eurogoodshop.com\/en\/wp-json\/wp\/v2\/product_tag?post=40654"}],"curies":[{"name":"wp","href":"https:\/\/api.w.org\/{rel}","templated":true}]}}