{"id":40778,"date":"2025-07-09T04:15:17","date_gmt":"2025-07-08T19:15:17","guid":{"rendered":"https:\/\/eurogoodshop.com\/product\/louis-roederer-cristal-rose-2012-1-5l-darkove-baleni-wine10000001715\/"},"modified":"2025-12-04T04:34:36","modified_gmt":"2025-12-03T19:34:36","slug":"louis-roederer-cristal-rose-2012-1-5l-darkove-baleni-wine10000001715","status":"publish","type":"product","link":"https:\/\/eurogoodshop.com\/en\/product\/louis-roederer-cristal-rose-2012-1-5l-darkove-baleni-wine10000001715\/","title":{"rendered":"Louis Roederer, Cristal Ros\u00e9 2012 &#8211; 1.5l d\u00e1rkov\u00e9 balen\u00ed"},"content":{"rendered":"<div style=\"text-align: left;\">\n<div style=\"text-align: center; margin: 20px 0;\">    <img decoding=\"async\" style=\"display: inline-block; max-width: 80%; height: auto;\" src=\"https:\/\/eurogoodshop.com\/wp-content\/uploads\/product-detail-image\/dtl-WINE10000001715-01.jpg\" alt=\"Louis Roederer, Cristal Ros\u00e9 2012 - 1.5l d\u00e1rkov\u00e9 balen\u00ed\"\/>  <\/div>\n<div class=\"section\" style=\"margin-bottom: 30px;\">\n<div class=\"text-ko section-header\">\uc81c\ud488\uba85: Louis Roederer, Cristal Ros\u00e9 2012 &#8211; 1.5l d\u00e1rkov\u00e9 balen\u00ed<\/div>\n<div class=\"text-en section-header\" style=\"display: none;\">Product Name: Louis Roederer, Cristal Ros\u00e9 2012 &#8211; 1.5l gift box<\/div>\n<div class=\"section-content\" style=\"margin-left: 20px;\">    <\/div>\n<\/p><\/div>\n<div class=\"section\" style=\"margin-bottom: 30px;\">\n<div class=\"text-ko section-header\">\uc6a9\ub7c9: 1.5L<\/div>\n<div class=\"text-en section-header\" style=\"display: none;\">Volume: 1.5L<\/div>\n<div class=\"section-content\" style=\"margin-left: 20px;\">    <\/div>\n<\/p><\/div>\n<div class=\"section\" style=\"margin-bottom: 30px;\">\n<div class=\"text-ko section-header\">\uc81c\ud488 \uc18c\uac1c<\/div>\n<div class=\"text-en section-header\" style=\"display: none;\">Product Introduction<\/div>\n<div class=\"section-content\" style=\"margin-left: 20px;\">\n<div class=\"text-ko\">\uc8fc\uc694 \ud2b9\uc9d5 \ubc0f \uac1c\uc694: Louis Roederer\uc758 \ud06c\ub9ac\uc2a4\ud0c8 \ub85c\uc81c 2012\ub294 \ud48d\ubd80\ud55c \uacfc\uc77c \ud5a5\uacfc \uc138\ub828\ub41c \ubc84\ube14\uc774 \uc870\ud654\ub97c \uc774\ub8e8\ub294 \ud504\ub9ac\ubbf8\uc5c4 \uc2a4\ud30c\ud074\ub9c1 \uc640\uc778\uc785\ub2c8\ub2e4.<\/div>\n<div class=\"text-en\" style=\"display: none;\">Key Features &#038; Overview: Louis Roederer&#8217;s Cristal Ros\u00e9 2012 is a premium sparkling wine with rich fruit aromas and elegant bubbles, perfect for celebrations.<\/div>\n<div class=\"text-ko\">\uc54c\ucf54\uc62c \ub3c4\uc218(ABV): 12.5%<\/div>\n<div class=\"text-en\" style=\"display: none;\">ABV: 12.5%<\/div>\n<div class=\"text-ko\">\uc591\uc870\ucca0\ud559: \uc804\ud1b5\uacfc \ud601\uc2e0\uc758 \uc870\ud654\ub85c \ucd5c\uace0\uc758 \ud488\uc9c8\uc744 \ucd94\uad6c\ud558\ub294 \uc591\uc870 \ucca0\ud559<\/div>\n<div class=\"text-en\" style=\"display: none;\">Winemaking Philosophy: A blend of tradition and innovation to achieve the highest quality<\/div>\n<div class=\"text-ko\">\ub300\ud45c \ud14c\ub8e8\uc544: \ud48d\ubd80\ud55c \uc11d\ud68c\uc9c8 \ud1a0\uc591\uacfc \uc628\ud654\ud55c \uae30\ud6c4\uac00 \uc5b4\uc6b0\ub7ec\uc9c4 \uc9c0\uc5ed<\/div>\n<div class=\"text-en\" style=\"display: none;\">Signature Terroir: Limestone-rich soils and a mild climate in \u00c9pernay, Champagne<\/div>\n<div class=\"text-ko\">\uc801\ud569\ud55c \uc18c\ube44 \uc0c1\ud669: \ucd95\ud558 \ud589\uc0ac, \ud2b9\ubcc4\ud55c \uc120\ubb3c, \uace0\uae09 \ub9cc\ucc2c<\/div>\n<div class=\"text-en\" style=\"display: none;\">Suitable Occasions: Celebrations, special gifts, fine dining<\/div>\n<\/p><\/div>\n<\/p><\/div>\n<div class=\"section\" style=\"margin-bottom: 30px;\">\n<div class=\"text-ko section-header\">\ube0c\ub79c\ub4dc<\/div>\n<div class=\"text-en section-header\" style=\"display: none;\">Brand<\/div>\n<div class=\"section-content\" style=\"margin-left: 20px;\">\n<div class=\"text-ko\">\ube0c\ub79c\ub4dc\uba85: Louis Roederer<\/div>\n<div class=\"text-en\" style=\"display: none;\">Brand Name: Louis Roederer<\/div>\n<div class=\"text-ko\">\uc124\ub9bd \uc5f0\ub3c4: 1776<\/div>\n<div class=\"text-en\" style=\"display: none;\">Founded: 1776<\/div>\n<div class=\"text-ko\">\ubaa8\ub178\ud3f4 \uc5ec\ubd80: \uc544\ub2c8\uc624<\/div>\n<div class=\"text-en\" style=\"display: none;\">Monopole: No<\/div>\n<div class=\"text-ko\">\ud575\uc2ec \uac00\uce58\/\uc2ac\ub85c\uac74: \ud488\uc9c8\uacfc \uc804\ud1b5\uc758 \uc0c1\uc9d5<\/div>\n<div class=\"text-en\" style=\"display: none;\">Core Values\/Slogan: Symbol of Quality and Tradition<\/div>\n<div class=\"text-ko\">\uc9c0\uc18d \uac00\ub2a5\uc131: \uc9c0\uc18d \uac00\ub2a5\ud55c \ud3ec\ub3c4 \uc7ac\ubc30\uc640 \ud658\uacbd \ubcf4\ud638\uc5d0 \ud798\uc4f0\ub294 \ube0c\ub79c\ub4dc<\/div>\n<div class=\"text-en\" style=\"display: none;\">Sustainability: Committed to sustainable viticulture and environmental protection<\/div>\n<\/p><\/div>\n<\/p><\/div>\n<div class=\"section\" style=\"margin-bottom: 30px;\">\n<div class=\"text-ko section-header\">\uc6d0\uc0b0\uc9c0 \ubc0f \uc9c0\uc5ed<\/div>\n<div class=\"text-en section-header\" style=\"display: none;\">Origin &#038; Region<\/div>\n<div class=\"section-content\" style=\"margin-left: 20px;\">\n<div class=\"text-ko\">\uad6d\uac00: \ud504\ub791\uc2a4<\/div>\n<div class=\"text-en\" style=\"display: none;\">Country: France<\/div>\n<div class=\"text-ko\">\uc9c0\uc5ed: \uc0f9\ud30c\ub274<\/div>\n<div class=\"text-en\" style=\"display: none;\">Region: Champagne<\/div>\n<div class=\"text-ko\">\uc544\ud3a0\ub77c\uc2dc\uc639\/\uc9c0\uc5ed\uad6c: \uc5d0\ud398\ub974\ub124<\/div>\n<div class=\"text-en\" style=\"display: none;\">Appellation\/Sub-region: \u00c9pernay<\/div>\n<\/p><\/div>\n<\/p><\/div>\n<div class=\"section\" style=\"margin-bottom: 30px;\">\n<div class=\"text-ko section-header\">\ud3ec\ub3c4 \ud488\uc885\/\ube14\ub80c\ub4dc: \ud53c\ub178 \ub204\uc544:60%, \uc0e4\ub974\ub3c4\ub124:40%<\/div>\n<div class=\"text-en section-header\" style=\"display: none;\">Varietal \/ Blend: Pinot Noir:60%, Chardonnay:40%<\/div>\n<div class=\"section-content\" style=\"margin-left: 20px;\">    <\/div>\n<\/p><\/div>\n<div class=\"section\" style=\"margin-bottom: 30px;\">\n<div class=\"text-ko section-header\">\ud488\uc885 \uc120\ud0dd \uc774\uc720: \ud48d\ubd80\ud55c \uacfc\uc77c \ud5a5\uacfc \uade0\ud615 \uc7a1\ud78c \uc0b0\ubbf8\ub97c \uc704\ud574 \ud53c\ub178 \ub204\uc544\uc640 \uc0e4\ub974\ub3c4\ub124\ub97c \ube14\ub80c\ub4dc<\/div>\n<div class=\"text-en section-header\" style=\"display: none;\">Blend Rationale: Blended for rich fruit flavors and balanced acidity<\/div>\n<div class=\"section-content\" style=\"margin-left: 20px;\">    <\/div>\n<\/p><\/div>\n<div class=\"section\" style=\"margin-bottom: 30px;\">\n<div class=\"text-ko section-header\">\ube48\ud2f0\uc9c0: 2012<\/div>\n<div class=\"text-en section-header\" style=\"display: none;\">Vintage: 2012<\/div>\n<div class=\"section-content\" style=\"margin-left: 20px;\">    <\/div>\n<\/p><\/div>\n<div class=\"section\" style=\"margin-bottom: 30px;\">\n<div class=\"text-ko section-header\">\uae30\ud6c4 \uc694\uc57d: \uc628\ud654\ud558\uace0 \uc548\uc815\ub41c \uae30\ud6c4, \uc801\uc808\ud55c \uac15\uc218\ub7c9\uacfc \uc77c\uc870\ub7c9<\/div>\n<div class=\"text-en section-header\" style=\"display: none;\">Climate Summary: Mild and stable climate with adequate rainfall and sunshine<\/div>\n<div class=\"section-content\" style=\"margin-left: 20px;\">    <\/div>\n<\/p><\/div>\n<div class=\"section\" style=\"margin-bottom: 30px;\">\n<div class=\"text-ko section-header\">\ud5a5 \ubc0f \ub9db \ud504\ub85c\ud30c\uc77c<\/div>\n<div class=\"text-en section-header\" style=\"display: none;\">Aroma &#038; Taste Profile<\/div>\n<div class=\"section-content\" style=\"margin-left: 20px;\">\n<div class=\"text-ko\">\uc544\ub85c\ub9c8: \ub538\uae30, \ub77c\uc988\ubca0\ub9ac, \ubcf5\uc22d\uc544, \ubbf8\ubb18\ud55c \ud1a0\uc2a4\ud2b8 \ud5a5<\/div>\n<div class=\"text-en\" style=\"display: none;\">Aromas: Strawberry, raspberry, peach, subtle toast notes<\/div>\n<div class=\"text-ko\">\ub9db \uad6c\uc131 \uc694\uc18c: \uc0b0\ubbf8: \ub192\uc74c, \ud0c0\ub2cc: \ub0ae\uc74c, \ubc14\ub514: \uc911\uac04, \uc5ec\uc6b4: \uae38\uac8c<\/div>\n<div class=\"text-en\" style=\"display: none;\">Taste Components: Acidity: high, Tannins: low, Body: medium, Finish: long<\/div>\n<div class=\"text-ko\">\ubc38\ub7f0\uc2a4 \uc694\uc57d: \uacfc\uc77c\uacfc \uc0b0\ubbf8\uc758 \uc644\ubcbd\ud55c \uc870\ud654<\/div>\n<div class=\"text-en\" style=\"display: none;\">Balance Summary: Perfect harmony of fruit and acidity<\/div>\n<\/p><\/div>\n<\/p><\/div>\n<div class=\"section\" style=\"margin-bottom: 30px;\">\n<div class=\"text-ko section-header\">\uc74c\uc6a9 \uc2dc\uae30 \ubc0f \ucd5c\uc801 \uc628\ub3c4<\/div>\n<div class=\"text-en section-header\" style=\"display: none;\">Drinking Window &#038; Ideal Temperature<\/div>\n<div class=\"section-content\" style=\"margin-left: 20px;\">\n<div class=\"text-ko\">\ucd94\ucc9c \ub514\uce94\ud305 \uc2dc\uac04: 15\ubd84<\/div>\n<div class=\"text-en\" style=\"display: none;\">Decanting Time: 15 minutes<\/div>\n<div class=\"text-ko\">\uad8c\uc7a5 \uc11c\ube59 \uc628\ub3c4: 8\u2103<\/div>\n<div class=\"text-en\" style=\"display: none;\">Serving Temperature: 8\u00b0C<\/div>\n<div class=\"text-ko\">\ubcf4\uad00 \ud301: \uc11c\ub298\ud558\uace0 \uc5b4\ub450\uc6b4 \uacf3\uc5d0 \uc218\ud3c9\uc73c\ub85c \ubcf4\uad00, \uc628\ub3c4 \uc77c\uc815\ud558\uac8c \uc720\uc9c0<\/div>\n<div class=\"text-en\" style=\"display: none;\">Storage Tips: Store in a cool, dark place horizontally, maintain consistent temperature<\/div>\n<\/p><\/div>\n<\/p><\/div>\n<div class=\"section\" style=\"margin-bottom: 30px;\">\n<div class=\"text-ko section-header\">\uc74c\uc2dd \ud398\uc5b4\ub9c1 \uc81c\uc548<\/div>\n<div class=\"text-en section-header\" style=\"display: none;\">Food Pairing Suggestions<\/div>\n<div class=\"section-content\" style=\"margin-left: 20px;\">\n<div class=\"text-ko\">\uba54\uc778 \uc694\ub9ac: \uc5f0\uc5b4 \uc2a4\ud14c\uc774\ud06c, \uc624\ub9ac \uac00\uc2b4\uc0b4, \ud574\uc0b0\ubb3c \uc694\ub9ac<\/div>\n<div class=\"text-en\" style=\"display: none;\">Main Dishes: Salmon steak, duck breast, seafood dishes<\/div>\n<div class=\"text-ko\">\ub514\uc800\ud2b8\/\uce58\uc988: \ubd80\ub4dc\ub7ec\uc6b4 \uce58\uc988, \ub538\uae30 \ub514\uc800\ud2b8<\/div>\n<div class=\"text-en\" style=\"display: none;\">Desserts or Cheeses: Soft cheeses, strawberry desserts<\/div>\n<div class=\"text-ko\">\ud2b9\ubcc4 \ud301: \uc11c\ube59 \uc804 \uc0b4\uc9dd \ucc28\uac11\uac8c \ub0c9\uc7a5 \ubcf4\uad00 \ud6c4 \uc81c\uacf5<\/div>\n<div class=\"text-en\" style=\"display: none;\">Special Tips: Chill slightly before serving<\/div>\n<\/p><\/div>\n<\/p><\/div>\n<div class=\"section\" style=\"margin-bottom: 30px;\">\n<div class=\"text-ko section-header\">\uc81c\uc870 \uacf5\uc815 \uc694\uc57d<\/div>\n<div class=\"text-en section-header\" style=\"display: none;\">Winemaking Process Summary<\/div>\n<div class=\"section-content\" style=\"margin-left: 20px;\">\n<div class=\"text-ko\">\uc218\ud655 \ubc29\ubc95 \ubc0f \uc120\ubcc4: \uc190\uc218, \uc5c4\uaca9\ud55c \uc120\ubcc4 \uacfc\uc815<\/div>\n<div class=\"text-en\" style=\"display: none;\">Harvest Method &#038; Sorting: Hand-harvested, strict sorting<\/div>\n<div class=\"text-ko\">\uc628\ub3c4: 16\u2103<\/div>\n<div class=\"text-en\" style=\"display: none;\">Temperature: 16\u2103<\/div>\n<div class=\"text-ko\">\uae30\uac04: 3\uc8fc<\/div>\n<div class=\"text-en\" style=\"display: none;\">Duration: 3 weeks<\/div>\n<div class=\"text-ko\">\ubc1c\ud6a8: \uc0c1\uc5c5 \ud6a8\ubaa8, 18-20\u2103<\/div>\n<div class=\"text-en\" style=\"display: none;\">Fermentation: Commercial yeast, 18-20\u2103<\/div>\n<div class=\"text-ko\">\ub9d0\ub85c\ub77d\ud2f1 \ubc1c\ud6a8: \uc608, 20\u2103\uc5d0\uc11c \uc9c4\ud589<\/div>\n<div class=\"text-en\" style=\"display: none;\">Malolactic Fermentation: Yes, at 20\u2103<\/div>\n<div class=\"text-ko\">\uc219\uc131: \uc2a4\ud14c\uc778\ub9ac\uc2a4 \uc2a4\ud2f8 \ud0f1\ud06c, 6\uac1c\uc6d4<\/div>\n<div class=\"text-en\" style=\"display: none;\">Aging: Stainless steel tanks, 6 months<\/div>\n<\/p><\/div>\n<\/p><\/div>\n<div class=\"section\" style=\"margin-bottom: 30px;\">\n<div class=\"text-ko section-header\">\ucd94\uac00 \uc815\ubcf4<\/div>\n<div class=\"text-en section-header\" style=\"display: none;\">Additional Information<\/div>\n<div class=\"section-content\" style=\"margin-left: 20px;\">\n<div class=\"text-ko\">\uc218\uc0c1 \uacbd\ub825: \ub514\ucea1 2014 \uae08\uc0c1, \uc778\ud130\ub0b4\uc154\ub110 \uc640\uc778 \uc5b4\uc6cc\ub4dc 2015 \uc740\uc0c1<\/div>\n<div class=\"text-en\" style=\"display: none;\">Awards: Decanter Gold 2014, International Wine Award Silver 2015<\/div>\n<div class=\"text-ko\">\ud3c9\ub860\uac00 \ud3c9\uc810: Wine Spectator: 93\uc810, Robert Parker: 94\uc810<\/div>\n<div class=\"text-en\" style=\"display: none;\">Critic Scores: Wine Spectator: 93, Robert Parker: 94<\/div>\n<div class=\"text-ko\">\uace0\uac1d \ub9ac\ubdf0 \ud558\uc774\ub77c\uc774\ud2b8: \ud48d\ubd80\ud55c \uacfc\uc77c \ud5a5, \uc138\ub828\ub41c \ubc84\ube14, \uace0\uae09\uc2a4\ub7ec\uc6c0<\/div>\n<div class=\"text-en\" style=\"display: none;\">Customer Reviews: Rich fruit aroma, refined bubbles, luxurious feel<\/div>\n<div class=\"text-ko\">\ucd94\ucc9c \uc18c\ube44\uc790 \uc720\ud615: \uc640\uc778 \uc560\ud638\uac00, \ucd95\ud558 \ud589\uc0ac \uc8fc\ucd5c\uc790<\/div>\n<div class=\"text-en\" style=\"display: none;\">Ideal Consumer Profile: Wine enthusiasts, celebration hosts<\/div>\n<div class=\"text-ko\">\ucd94\ucc9c \uc18c\ube44 \uc0c1\ud669: \uae30\ub150\uc77c, \uc120\ubb3c, \uace0\uae09 \ub9cc\ucc2c<\/div>\n<div class=\"text-en\" style=\"display: none;\">Ideal Occasions: Anniversaries, gifts, fine dinners<\/div>\n<div class=\"text-ko\">\uc2dc\uc7a5 \ud3ec\uc9c0\uc154\ub2dd: \ub7ed\uc154\ub9ac, \ud504\ub9ac\ubbf8\uc5c4<\/div>\n<div class=\"text-en\" style=\"display: none;\">Market Positioning: Luxury, premium<\/div>\n<\/p><\/div>\n<\/p><\/div>\n<\/div>","protected":false},"excerpt":{"rendered":"<p>\uc81c\ud488\uba85: Louis Roederer, Cristal Ros\u00e9 2012 &#8211; 1.5l d\u00e1rkov\u00e9 balen\u00ed Product Name: Louis Roederer, Cristal Ros\u00e9 2012 &#8211; 1.5l gift box \uc6a9\ub7c9: 1.5L Volume: 1.5L \uc81c\ud488 \uc18c\uac1c Product Introduction \uc8fc\uc694 \ud2b9\uc9d5 \ubc0f \uac1c\uc694: Louis Roederer\uc758 \ud06c\ub9ac\uc2a4\ud0c8 \ub85c\uc81c 2012\ub294 \ud48d\ubd80\ud55c \uacfc\uc77c \ud5a5\uacfc \uc138\ub828\ub41c \ubc84\ube14\uc774 \uc870\ud654\ub97c \uc774\ub8e8\ub294 \ud504\ub9ac\ubbf8\uc5c4 \uc2a4\ud30c\ud074\ub9c1 \uc640\uc778\uc785\ub2c8\ub2e4. Key Features &#038; Overview: Louis Roederer&#8217;s Cristal [&hellip;]<\/p>","protected":false},"featured_media":40779,"comment_status":"open","ping_status":"closed","template":"","meta":[],"product_cat":[10394],"product_tag":[9091,8339,7856,7859,9543,8057,7918,6105,9859,8803,7901,8657],"class_list":{"0":"post-40778","1":"product","2":"type-product","3":"status-publish","4":"has-post-thumbnail","6":"product_brand-louis-roederer","7":"product_cat-10394","8":"product_tag-1-5","9":"product_tag-8339","10":"product_tag-wine","11":"product_tag-7859","12":"product_tag-9543","13":"product_tag-8057","14":"product_tag-7918","15":"product_tag-6105","16":"product_tag-9859","17":"product_tag-8803","18":"product_tag-7901","19":"product_tag-8657","21":"first","22":"instock","23":"sold-individually","24":"shipping-taxable","25":"purchasable","26":"product-type-simple"},"_links":{"self":[{"href":"https:\/\/eurogoodshop.com\/en\/wp-json\/wp\/v2\/product\/40778","targetHints":{"allow":["GET"]}}],"collection":[{"href":"https:\/\/eurogoodshop.com\/en\/wp-json\/wp\/v2\/product"}],"about":[{"href":"https:\/\/eurogoodshop.com\/en\/wp-json\/wp\/v2\/types\/product"}],"replies":[{"embeddable":true,"href":"https:\/\/eurogoodshop.com\/en\/wp-json\/wp\/v2\/comments?post=40778"}],"wp:featuredmedia":[{"embeddable":true,"href":"https:\/\/eurogoodshop.com\/en\/wp-json\/wp\/v2\/media\/40779"}],"wp:attachment":[{"href":"https:\/\/eurogoodshop.com\/en\/wp-json\/wp\/v2\/media?parent=40778"}],"wp:term":[{"taxonomy":"product_cat","embeddable":true,"href":"https:\/\/eurogoodshop.com\/en\/wp-json\/wp\/v2\/product_cat?post=40778"},{"taxonomy":"product_tag","embeddable":true,"href":"https:\/\/eurogoodshop.com\/en\/wp-json\/wp\/v2\/product_tag?post=40778"}],"curies":[{"name":"wp","href":"https:\/\/api.w.org\/{rel}","templated":true}]}}