{"id":9070,"date":"2025-03-14T04:19:25","date_gmt":"2025-03-13T19:19:25","guid":{"rendered":"https:\/\/eurogoodshop.com\/product\/%ec%8a%a4%ec%9b%a8%eb%8d%b4-wasa-%ec%99%80%ec%82%ac-%eb%8d%b8%eb%a6%ac%ec%bc%80%ec%9d%b4%ed%8a%b8-%ed%81%ac%eb%a6%ac%ec%8a%a4%ed%94%bc-%ea%b5%ac%ec%9a%b4-%eb%a7%88%eb%8a%98%ea%b3%bc-%eb%b0%94%eb%8b%a4\/"},"modified":"2026-01-02T16:58:38","modified_gmt":"2026-01-02T07:58:38","slug":"%ec%8a%a4%ec%9b%a8%eb%8d%b4-wasa-%ec%99%80%ec%82%ac-%eb%8d%b8%eb%a6%ac%ec%bc%80%ec%9d%b4%ed%8a%b8-%ed%81%ac%eb%a6%ac%ec%8a%a4%ed%94%bc-%ea%b5%ac%ec%9a%b4-%eb%a7%88%eb%8a%98%ea%b3%bc-%eb%b0%94%eb%8b%a4","status":"publish","type":"product","link":"https:\/\/eurogoodshop.com\/en\/product\/%ec%8a%a4%ec%9b%a8%eb%8d%b4-wasa-%ec%99%80%ec%82%ac-%eb%8d%b8%eb%a6%ac%ec%bc%80%ec%9d%b4%ed%8a%b8-%ed%81%ac%eb%a6%ac%ec%8a%a4%ed%94%bc-%ea%b5%ac%ec%9a%b4-%eb%a7%88%eb%8a%98%ea%b3%bc-%eb%b0%94%eb%8b%a4\/","title":{"rendered":"\uc2a4\uc6e8\ub374 WASA \uc640\uc0ac \ub378\ub9ac\ucf00\uc774\ud2b8 \ud06c\ub9ac\uc2a4\ud53c \uad6c\uc6b4 \ub9c8\ub298\uacfc \ubc14\ub2e4 \uc18c\uae08 190g"},"content":{"rendered":"<div style=\"text-align: center;\">\n<p>    <img decoding=\"async\" src=\"https:\/\/eurogoodshop.com\/wp-content\/uploads\/product-detail-image\/dtl-9912772065-01.jpg\" alt=\"WASA \uc774\ubbf8\uc9c0\" style=\"display: block; margin: 20px auto;\"><\/p>\n<div style=\"margin-bottom: 15px;\">\n<div class=\"text-ko\" style=\"text-align: center; font-weight: bold; font-size: 1.2em;\">\uc2a4\uc6e8\ub374 WASA \uc640\uc0ac \ub378\ub9ac\ucf00\uc774\ud2b8 \ud06c\ub9ac\uc2a4\ud53c \uad6c\uc6b4 \ub9c8\ub298\uacfc \ubc14\ub2e4 \uc18c\uae08 190g<\/div>\n<div class=\"text-en\" style=\"text-align: center; font-weight: bold; font-size: 1.2em; display: none;\">Swedish WASA Delicate Crispy Roasted Garlic and Sea Salt 190g<\/div>\n<\/p><\/div>\n<div style=\"margin-bottom: 10px;\">\n<div class=\"text-ko\" style=\"text-align: center;\">\ud1b5\uace1\ubb3c\uacfc \ubc00\uac00\ub8e8\ub85c \ub9cc\ub4e0<\/div>\n<div class=\"text-en\" style=\"text-align: center; display: none;\">Made with whole grains and wheat flour<\/div>\n<\/p><\/div>\n<div style=\"margin-bottom: 10px;\">\n<div class=\"text-ko\" style=\"text-align: center;\">\ub9db: \uad6c\uc6b4 \ub9c8\ub298\uacfc \ubc14\ub2e4 \uc18c\uae08<\/div>\n<div class=\"text-en\" style=\"text-align: center; display: none;\">Flavor: Roasted Garlic and Sea Salt<\/div>\n<\/p><\/div>\n<div style=\"margin-bottom: 10px;\">\n<div class=\"text-ko\" style=\"text-align: center;\">\ud3ec\ub9c8\ub178\uc640 \uc798 \uc5b4\uc6b8\ub9b0\ub2e4<\/div>\n<div class=\"text-en\" style=\"text-align: center; display: none;\">Goes well with Pomano<\/div>\n<\/p><\/div>\n<div style=\"margin-bottom: 10px;\">\n<div class=\"text-ko\" style=\"text-align: center;\">\uac04\uc2dd\uc73c\ub85c \ub531<\/div>\n<div class=\"text-en\" style=\"text-align: center; display: none;\">Perfect as a snack<\/div>\n<\/p><\/div>\n<div style=\"margin-bottom: 15px;\">\n<div class=\"text-ko\" style=\"text-align: center;\">wasa Kn\u00e4ckebroty \uad6c\uc6b4 \ub9c8\ub298\uacfc \ubc14\ub2e4 \uc18c\uae08\uc740 \ud1b5\uace1\ubb3c\uacfc \ubc00\uac00\ub8e8\ub85c \ub9cc\ub4e0 \uc587\uace0 \ubc14\uc0ad\ud55c \ud06c\ub125\ucf00\ube0c\ub85c\ud2f0 \uc2ac\ub77c\uc774\uc2a4\uc785\ub2c8\ub2e4. wasa \ube0c\ub79c\ub4dc\uc758 Kn\u00e4ckebroty\ub294 \uc2a4\ud504\ub808\ub4dc, \ud06c\ub9bc \uce58\uc988\ubfd0\ub9cc \uc544\ub2c8\ub77c \ud584 \uc870\uac01\uacfc\ub3c4 \uc798 \uc5b4\uc6b8\ub9bd\ub2c8\ub2e4. \uad6c\uccb4\uc801\uc778 \uc870\ud569\uc740 \uadc0\ud558\uc5d0\uac8c \ub2ec\ub824<\/div>\n<div class=\"text-en\" style=\"text-align: center; display: none;\">wasa Kn\u00e4ckebroty Roasted Garlic and Sea Salt are thin, crispy slices of Kn\u00e4ckebroty made from whole grains and wheat flour. Kn\u00e4ckebroty from the wasa brand goes well with spreads, cream cheeses as well as slices of ham. The specific combination is up to you<\/div>\n<\/p><\/div>\n<p>    <img decoding=\"async\" src=\"https:\/\/eurogoodshop.com\/wp-content\/uploads\/product-detail-image\/dtl-9912772065-02.png\" alt=\"\uc131\ubd84 \uc774\ubbf8\uc9c0\" style=\"display: block; margin: 20px auto;\"><\/p>\n<div style=\"margin-bottom: 15px;\">\n<div class=\"text-ko\" style=\"text-align: center;\">\ud1b5\ubc00 \ubc00\uac00\ub8e8(52g*), \ubc00\uac00\ub8e8(46g*), \ud574\ubc14\ub77c\uae30\uc720 \uad6c\uc6b4 \ub9c8\ub298 \ud63c\ud569\ubb3c(\uad6c\uc6b4 \ub9c8\ub298 1.5g*(\ub9c8\ub298 1.4g*, \ud574\ubc14\ub77c\uae30\uc720) \ucc9c\uc5f0 \ud5a5\ub8cc, \ud30c\uc2ac\ub9ac), \uc2dd\uc6a9 \ucc9c\uc77c\uc5fc(1.3g *), \uc2dd\uc6a9\uc18c\uae08, \ubcf4\ub9ac\ub9e5\uc544\ucd94\ucd9c\ubb3c, \ud6a8\ubaa8, \ud56d\uc0b0\ud654\uc81c: \ub85c\uc988\ub9c8\ub9ac\ucd94\ucd9c\ubb3c. * \uc644\uc81c\ud488 100g\ub2f9 g \ub2e8\uc704\uc785\ub2c8\ub2e4. \uc54c\ub808\ub974\uae30 \uc720\ubc1c\ubb3c\uc9c8\uc5d0 \uad00\ud55c \uc815\ubcf4\ub97c \uc8fc\uc758 \uae4a\uac8c \uc0b4\ud3b4\ubcf4\uc2dc\uae30 \ubc14\ub78d\ub2c8\ub2e4. \uc628\ub77c\uc778\uc0f5\uc5d0 \uae30\uc7ac\ub41c \uad6c\uc131\uc740 \ud3ec\uc7a5\uc5d0 \uae30\uc7ac\ub41c \uad6c\uc131\uacfc \ub2e4\ub97c \uc218 \uc788\uc2b5\ub2c8\ub2e4.<\/div>\n<div class=\"text-en\" style=\"text-align: center; display: none;\">Whole wheat flour (52g*), wheat flour (46g*), sunflower oil roasted garlic mixture (roasted garlic 1.5g* (garlic 1.4g*, sunflower oil) natural flavor, parsley), edible sea salt (1.3g *), edible salt, barley malt extract, yeast, antioxidant: rosemary extract. * Unit of g per 100g of finished product. Please review allergen information carefully. The composition listed in the online shop may differ from the composition listed on the packaging.<\/div>\n<\/p><\/div>\n<div style=\"margin-bottom: 10px;\">\n<div class=\"text-ko\" style=\"text-align: center; font-weight: bold;\">\ud3c9\uade0 \uc601\uc591\uac00 100g\ub2f9<\/div>\n<div class=\"text-en\" style=\"text-align: center; font-weight: bold; display: none;\">Average nutritional value per 100g<\/div>\n<\/p><\/div>\n<div style=\"margin-bottom: 10px;\">\n<div class=\"text-ko\" style=\"text-align: center;\">\uc5d0\ub108\uc9c0 \uac00\uce58 396kcal \/ 1,667kJ<\/div>\n<div class=\"text-en\" style=\"text-align: center; display: none;\">Energy value 396kcal \/ 1,667kJ<\/div>\n<\/p><\/div>\n<div style=\"margin-bottom: 10px;\">\n<div class=\"text-ko\" style=\"text-align: center;\">\uc9c0\ubc29 7.6g<\/div>\n<div class=\"text-en\" style=\"text-align: center; display: none;\">Fat 7.6g<\/div>\n<\/p><\/div>\n<div style=\"margin-bottom: 10px;\">\n<div class=\"text-ko\" style=\"text-align: center;\">\ud3ec\ud654\uc9c0\ubc29\uc0b0\uc744 \ud3ec\ud568\ud55c \uc9c0\ubc29 1g<\/div>\n<div class=\"text-en\" style=\"text-align: center; display: none;\">1g of fat including saturated fatty acids<\/div>\n<\/p><\/div>\n<div style=\"margin-bottom: 10px;\">\n<div class=\"text-ko\" style=\"text-align: center;\">\ud0c4\uc218\ud654\ubb3c 65g<\/div>\n<div class=\"text-en\" style=\"text-align: center; display: none;\">Carbs 65g<\/div>\n<\/p><\/div>\n<div style=\"margin-bottom: 10px;\">\n<div class=\"text-ko\" style=\"text-align: center;\">\ud0c4\uc218\ud654\ubb3c(\ub2f9\ub958) 4.2g<\/div>\n<div class=\"text-en\" style=\"text-align: center; display: none;\">Carbohydrates (saccharides) 4.2g<\/div>\n<\/p><\/div>\n<div style=\"margin-bottom: 10px;\">\n<div class=\"text-ko\" style=\"text-align: center;\">\uc12c\uc720 9.8g<\/div>\n<div class=\"text-en\" style=\"text-align: center; display: none;\">Fiber 9.8g<\/div>\n<\/p><\/div>\n<div style=\"margin-bottom: 10px;\">\n<div class=\"text-ko\" style=\"text-align: center;\">\ub2e8\ubc31\uc9c8 12g<\/div>\n<div class=\"text-en\" style=\"text-align: center; display: none;\">12g protein<\/div>\n<\/p><\/div>\n<div style=\"margin-bottom: 10px;\">\n<div class=\"text-ko\" style=\"text-align: center;\">\uc18c\uae08 2.3g<\/div>\n<div class=\"text-en\" style=\"text-align: center; display: none;\">Salt 2.3g<\/div>\n<\/p><\/div>\n<p>    <img decoding=\"async\" src=\"https:\/\/eurogoodshop.com\/wp-content\/uploads\/product-detail-image\/dtl-9912772065-03.png\" alt=\"\uad00\ub828 \uc0c1\ud488 \uc774\ubbf8\uc9c0\" style=\"display: block; margin: 20px auto;\"><\/p>\n<div style=\"margin-bottom: 15px;\">\n<div class=\"text-ko\" style=\"text-align: center;\">+ \uc2a4\uc6e8\ub374 WASA\uc758 \ub2e4\ub978 \uc0cc\ub4dc\uc704\uce58\ub294 \uc774 \uacf3\uc5d0\uc11c \ub458\ub7ec\ubcf4\uc138\uc694.<\/div>\n<div class=\"text-en\" style=\"text-align: center; display: none;\">+ Check out other sandwiches from WASA in Sweden here.<\/div>\n<\/p><\/div>\n<\/div>","protected":false},"excerpt":{"rendered":"<p>\uc2a4\uc6e8\ub374 WASA \uc640\uc0ac \ub378\ub9ac\ucf00\uc774\ud2b8 \ud06c\ub9ac\uc2a4\ud53c \uad6c\uc6b4 \ub9c8\ub298\uacfc \ubc14\ub2e4 \uc18c\uae08 190g Swedish WASA Delicate Crispy Roasted Garlic and Sea Salt 190g \ud1b5\uace1\ubb3c\uacfc \ubc00\uac00\ub8e8\ub85c \ub9cc\ub4e0 Made with whole grains and wheat flour \ub9db: \uad6c\uc6b4 \ub9c8\ub298\uacfc \ubc14\ub2e4 \uc18c\uae08 Flavor: Roasted Garlic and Sea Salt \ud3ec\ub9c8\ub178\uc640 \uc798 \uc5b4\uc6b8\ub9b0\ub2e4 Goes well with Pomano \uac04\uc2dd\uc73c\ub85c \ub531 Perfect as a snack wasa [&hellip;]<\/p>","protected":false},"featured_media":9071,"comment_status":"open","ping_status":"closed","template":"","meta":[],"product_cat":[10020,10264],"product_tag":[],"class_list":{"0":"post-9070","1":"product","2":"type-product","3":"status-publish","4":"has-post-thumbnail","6":"product_brand-wasa","7":"product_cat-10020","8":"product_cat-10264","10":"first","11":"instock","12":"shipping-taxable","13":"purchasable","14":"product-type-simple"},"_links":{"self":[{"href":"https:\/\/eurogoodshop.com\/en\/wp-json\/wp\/v2\/product\/9070","targetHints":{"allow":["GET"]}}],"collection":[{"href":"https:\/\/eurogoodshop.com\/en\/wp-json\/wp\/v2\/product"}],"about":[{"href":"https:\/\/eurogoodshop.com\/en\/wp-json\/wp\/v2\/types\/product"}],"replies":[{"embeddable":true,"href":"https:\/\/eurogoodshop.com\/en\/wp-json\/wp\/v2\/comments?post=9070"}],"wp:featuredmedia":[{"embeddable":true,"href":"https:\/\/eurogoodshop.com\/en\/wp-json\/wp\/v2\/media\/9071"}],"wp:attachment":[{"href":"https:\/\/eurogoodshop.com\/en\/wp-json\/wp\/v2\/media?parent=9070"}],"wp:term":[{"taxonomy":"product_cat","embeddable":true,"href":"https:\/\/eurogoodshop.com\/en\/wp-json\/wp\/v2\/product_cat?post=9070"},{"taxonomy":"product_tag","embeddable":true,"href":"https:\/\/eurogoodshop.com\/en\/wp-json\/wp\/v2\/product_tag?post=9070"}],"curies":[{"name":"wp","href":"https:\/\/api.w.org\/{rel}","templated":true}]}}