{"id":9630,"date":"2025-03-14T04:33:44","date_gmt":"2025-03-13T19:33:44","guid":{"rendered":"https:\/\/eurogoodshop.com\/product\/m-s-%eb%84%a4%ec%8a%a4%ed%94%84%eb%a0%88%ec%86%8c-%ec%ba%a1%ec%8a%90-%ec%a0%90%ed%94%84-%ec%8a%a4%ed%83%80%ed%8a%b8-%ec%97%90%ec%8a%a4%ed%94%84%eb%a0%88%ec%86%8c-10%ea%b0%9c%ec%9e%85-%ea%b3%b5\/"},"modified":"2026-01-02T17:46:03","modified_gmt":"2026-01-02T08:46:03","slug":"m-s-%eb%84%a4%ec%8a%a4%ed%94%84%eb%a0%88%ec%86%8c-%ec%ba%a1%ec%8a%90-%ec%a0%90%ed%94%84-%ec%8a%a4%ed%83%80%ed%8a%b8-%ec%97%90%ec%8a%a4%ed%94%84%eb%a0%88%ec%86%8c-10%ea%b0%9c%ec%9e%85-%ea%b3%b5","status":"publish","type":"product","link":"https:\/\/eurogoodshop.com\/en\/product\/m-s-%eb%84%a4%ec%8a%a4%ed%94%84%eb%a0%88%ec%86%8c-%ec%ba%a1%ec%8a%90-%ec%a0%90%ed%94%84-%ec%8a%a4%ed%83%80%ed%8a%b8-%ec%97%90%ec%8a%a4%ed%94%84%eb%a0%88%ec%86%8c-10%ea%b0%9c%ec%9e%85-%ea%b3%b5\/","title":{"rendered":"M&#038;S \ub124\uc2a4\ud504\ub808\uc18c \ucea1\uc290 \uc810\ud504 \uc2a4\ud0c0\ud2b8 \uc5d0\uc2a4\ud504\ub808\uc18c 10\uac1c\uc785 \uacf5\uc815\ubb34\uc5ed \ucee4\ud53c"},"content":{"rendered":"<div style=\"text-align: center;\">\n    <img decoding=\"async\" src=\"https:\/\/eurogoodshop.com\/wp-content\/uploads\/product-detail-image\/dtl-9844775625-01.jpg\" alt=\"M&#038;S \ub124\uc2a4\ud504\ub808\uc18c \ucea1\uc290 \uc810\ud504 \uc2a4\ud0c0\ud2b8 \uc5d0\uc2a4\ud504\ub808\uc18c 10\uac1c\uc785 \uacf5\uc815\ubb34\uc5ed \ucee4\ud53c\" style=\"display: block; margin: 20px auto;\"><\/p>\n<div style=\"margin-bottom: 15px;\">\n<div class=\"text-ko\" style=\"text-align: center;\">M&#038;S \ub124\uc2a4\ud504\ub808\uc18c \ucea1\uc290 \uc810\ud504 \uc2a4\ud0c0\ud2b8 \uc5d0\uc2a4\ud504\ub808\uc18c 10\uac1c\uc785 \uacf5\uc815\ubb34\uc5ed \ucee4\ud53c<\/div>\n<div class=\"text-en\" style=\"text-align: center; display: none;\">M&#038;S Nespresso Capsule Jump Start Espresso 10-pack Fair Trade Coffee<\/div>\n<\/p><\/div>\n<div style=\"margin-bottom: 15px;\">\n<div class=\"text-ko\" style=\"text-align: center;\">\uac00\uc815\uc6a9 \ucee4\ud53c\uba38\uc2e0\uc5d0\uc11c Nespresso \ubc0f Dualit \ucea1\uc290\uc744 \uc900\ube44\ud558\ub294 \ub370 \uc801\ud569\ud569\ub2c8\ub2e4.<\/div>\n<div class=\"text-en\" style=\"text-align: center; display: none;\">Suitable for preparing Nespresso and Dualit capsules in your home coffee machine.<\/div>\n<\/p><\/div>\n<div style=\"margin-bottom: 15px;\">\n<div class=\"text-ko\" style=\"text-align: center;\">\uc900\ube44:\ucee4\ud53c \uba38\uc2e0 \uc81c\uc870\uc5c5\uccb4\uc758 \uc900\ube44 \uc9c0\uce68\uc5d0 \ub530\ub77c \ucee4\ud53c\ub97c \uc900\ube44\ud558\uc2ed\uc2dc\uc624. \ucee4\ud53c\ub294 \uacf5\uc815\ubb34\uc5ed \uc778\uc99d\uc744 \ubc1b\uc740 \uc0dd\uc0b0\uc790\ub85c\ubd80\ud130 \uc0dd\uc0b0\ub429\ub2c8\ub2e4. \uacf5\uc815\ubb34\uc5ed \uc131\ubd84 \ube44\uc728 100%.<\/div>\n<div class=\"text-en\" style=\"text-align: center; display: none;\">Preparation: Prepare coffee according to the coffee machine manufacturer&#8217;s preparation instructions. Coffee is produced from fair trade certified producers. 100% fair trade ingredients.<\/div>\n<\/p><\/div>\n<div style=\"margin-bottom: 15px;\">\n<div class=\"text-ko\" style=\"text-align: center;\">\ub05d\uae4c\uc9c0\uc758 \ucd5c\uc18c \uc720\ud1b5\uae30\ud55c:\ud328\ud0a4\uc9c0 \uce21\uba74\uc744 \ucc38\uc870\ud558\uc138\uc694. \uac74\uc870\ud55c \uacf3\uc5d0 \ubcf4\uad00\ud558\uace0 \uc5f4\ub85c\ubd80\ud130 \ubcf4\ud638\ud558\uc2ed\uc2dc\uc624. \ucee4\ud53c\ub294 \ubcf4\ud638 \ubd84\uc704\uae30\uc5d0\uc11c \ud3ec\uc7a5\ub429\ub2c8\ub2e4.<\/div>\n<div class=\"text-en\" style=\"text-align: center; display: none;\">Minimum shelf life until the end: see package side. Store in a dry place and protect from heat. Coffee is packaged in a protective atmosphere.<\/div>\n<\/p><\/div>\n<div style=\"margin-bottom: 15px;\">\n<div class=\"text-ko\" style=\"text-align: center;\">\ubb34\uac8c:\ud3ec\uc7a5\uc744 \ucc38\uc870\ud558\uc138\uc694. \uc2a4\ud398\uc778\uc5d0\uc11c \ud3ec\uc7a5\ub418\uc5c8\uc2b5\ub2c8\ub2e4. \ucee4\ud53c\ub294 \ub0a8\uc544\uba54\ub9ac\uce74\uc5d0\uc11c \uc7ac\ubc30\ub418\uc5c8\uc2b5\ub2c8\ub2e4.<\/div>\n<div class=\"text-en\" style=\"text-align: center; display: none;\">Weight: Please refer to packaging. Packed in Spain. Coffee was grown in South America.<\/div>\n<\/p><\/div>\n<div style=\"margin-bottom: 15px;\">\n<div class=\"text-ko\" style=\"text-align: center;\">Notes: Cacao Nibs &#038; Spices<\/div>\n<div class=\"text-en\" style=\"text-align: center; display: none;\">Notes: Cacao Nibs &#038; Spices<\/div>\n<\/p><\/div>\n<div style=\"margin-bottom: 15px;\">\n<div class=\"text-ko\" style=\"text-align: center;\">Body: Robust<\/div>\n<div class=\"text-en\" style=\"text-align: center; display: none;\">Body: Robust<\/div>\n<\/p><\/div>\n<div style=\"margin-bottom: 15px;\">\n<div class=\"text-ko\" style=\"text-align: center;\">Strength &#8211; Extra Dark Roast &#8211; 12<\/div>\n<div class=\"text-en\" style=\"text-align: center; display: none;\">Strength &#8211; Extra Dark Roast &#8211; 12<\/div>\n<\/p><\/div>\n<div style=\"margin-bottom: 15px; font-weight: bold;\">\n<div class=\"text-ko\" style=\"text-align: center;\">\uc800\uc7a5<\/div>\n<div class=\"text-en\" style=\"text-align: center; display: none;\">Save<\/div>\n<\/p><\/div>\n<div style=\"margin-bottom: 15px;\">\n<div class=\"text-ko\" style=\"text-align: center;\">BBE(Best Before End)\uc5d0 \ub300\ud574\uc11c\ub294 \uc0c1\uc790 \uce21\uba74\uc744 \ucc38\uc870\ud558\uc2ed\uc2dc\uc624. \uc11c\ub298\ud558\uace0 \uac74\uc870\ud55c \uc7a5\uc18c\uc5d0 \uc800\uc7a5. \uc678\ubd80 \ud3ec\uc7a5\uc744 \uc81c\uac70\ud574\ub3c4 \uc720\ud1b5\uae30\ud55c\uc740 \uc601\ud5a5\uc744 \ubc1b\uc9c0 \uc54a\uc2b5\ub2c8\ub2e4.<\/div>\n<div class=\"text-en\" style=\"text-align: center; display: none;\">See side of box for Best Before End. Store in a cool, dry place. Removing the outer packaging does not affect the shelf life.<\/div>\n<\/p><\/div>\n<div style=\"margin-bottom: 15px;\">\n<div class=\"text-ko\" style=\"text-align: center;\">\ub514\uce74\ud398\uc778 \ub85c\uc2a4\ud305 \ubc0f \ubd84\uc1c4 \uc544\ub77c\ube44\uce74 \ucee4\ud53c \ud3ec\ub4dc 10\uac1c<\/div>\n<div class=\"text-en\" style=\"text-align: center; display: none;\">10 decaffeinated roasted and ground Arabica coffee pods<\/div>\n<\/p><\/div>\n<div style=\"margin-bottom: 15px; font-weight: bold;\">\n<div class=\"text-ko\" style=\"text-align: center;\">\ubcf4\uad00:<\/div>\n<div class=\"text-en\" style=\"text-align: center; display: none;\">Archive:<\/div>\n<\/p><\/div>\n<div style=\"margin-bottom: 15px;\">\n<div class=\"text-ko\" style=\"text-align: center;\">BBE(Best Before End)\ub294 \uc0c1\uc790 \uce21\uba74\uc744 \ucc38\uc870\ud558\uc138\uc694. \uc11c\ub298\ud558\uace0 \uac74\uc870\ud55c \uc7a5\uc18c\uc5d0 \uc800\uc7a5. \uc678\ubd80 \ud3ec\uc7a5\uc744 \uc81c\uac70\ud574\ub3c4 \uc720\ud1b5\uae30\ud55c\uc740 \uc601\ud5a5\uc744 \ubc1b\uc9c0 \uc54a\uc2b5\ub2c8\ub2e4.<\/div>\n<div class=\"text-en\" style=\"text-align: center; display: none;\">See side of box for BBE (Best Before End). Store in a cool, dry place. Removing the outer packaging does not affect the shelf life.<\/div>\n<\/p><\/div>\n<div style=\"margin-bottom: 15px; font-weight: bold;\">\n<div class=\"text-ko\" style=\"text-align: center;\">\ucd94\uac00 \uc815\ubcf4:<\/div>\n<div class=\"text-en\" style=\"text-align: center; display: none;\">Additional information:<\/div>\n<\/p><\/div>\n<div style=\"margin-bottom: 15px;\">\n<div class=\"text-ko\" style=\"text-align: center;\">\ucee4\ud53c\ub294 \uc2e0\uc120\ub3c4\ub97c \ubcf4\ud638\ud558\ub294 \ud658\uacbd\uc5d0\uc11c \ud3ec\uc7a5\ub429\ub2c8\ub2e4.<\/div>\n<div class=\"text-en\" style=\"text-align: center; display: none;\">Coffee is packaged in an environment that protects freshness.<\/div>\n<\/p><\/div>\n<div style=\"margin-bottom: 15px;\">\n<div class=\"text-ko\" style=\"text-align: center;\">FSC &#8211; FSC\u00ae \ubbf9\uc2a4, \ud398\uc774\ud37c, FSC\u00aeC022651, \uc774 \ubbf9\uc2a4 \ud398\uc774\ud37c \ud3ec\uc7a5\uc740 FSC\u00ae \uc778\uc99d\uc744 \ubc1b\uc544 \uc232\uc774 \uc601\uc6d0\ud788 \uc790\ub77c\ub3c4\ub85d \ub3d5\uc2b5\ub2c8\ub2e4.<\/div>\n<div class=\"text-en\" style=\"text-align: center; display: none;\">FSC &#8211; FSC\u00ae Mix, Paper, FSC\u00aeC022651, This mixed paper packaging is FSC\u00ae certified to help forests grow forever.<\/div>\n<\/p><\/div>\n<div style=\"margin-bottom: 15px;\">\n<div class=\"text-ko\" style=\"text-align: center;\">\uad6d\ub0b4 Nespresso\u00ae \uba38\uc2e0\uacfc \ud638\ud658\ub429\ub2c8\ub2e4.*<\/div>\n<div class=\"text-en\" style=\"text-align: center; display: none;\">Compatible with domestic Nespresso\u00ae machines.*<\/div>\n<\/p><\/div>\n<div style=\"margin-bottom: 15px;\">\n<div class=\"text-ko\" style=\"text-align: center;\">\uc790\uc138\ud55c \ub0b4\uc6a9\uc740 \uba38\uc2e0 \uc124\uba85\uc11c\ub97c \ucc38\uc870\ud558\uc138\uc694.<\/div>\n<div class=\"text-en\" style=\"text-align: center; display: none;\">Please refer to your machine manual for more information.<\/div>\n<\/p><\/div>\n<div style=\"margin-bottom: 15px;\">\n<div class=\"text-ko\" style=\"text-align: center;\">\ucd5c\uc0c1\uc758 \uacb0\uacfc\ub97c \uc5bb\uc73c\ub824\uba74 \uc9c0\uce68\uc5d0 \ub530\ub77c \ub9e4\ub2ec \uba38\uc2e0\uc758 \uc11d\ud68c\uc9c8\uc744 \uc81c\uac70\ud558\uc2ed\uc2dc\uc624.<\/div>\n<div class=\"text-en\" style=\"text-align: center; display: none;\">For best results, descale your machine monthly as instructed.<\/div>\n<\/p><\/div>\n<div style=\"margin-bottom: 15px;\">\n<div class=\"text-ko\" style=\"text-align: center;\">*\uc804\ubb38\uac00\uc6a9 \uae30\uacc4 \ubc0f \ub0b4\uc7a5\ud615 \ubaa8\ub378\uc740 \uc81c\uc678\ub429\ub2c8\ub2e4. Nespresso\u00ae \uc0c1\ud45c\ub294 Soci\u00e9t\u00e9 des Produits Nestl\u00e9 SA\uc758 \uc18c\uc720\uc785\ub2c8\ub2e4.<\/div>\n<div class=\"text-en\" style=\"text-align: center; display: none;\">*Excludes professional machines and built-in models. The Nespresso\u00ae trademark is owned by Soci\u00e9t\u00e9 des Produits Nestl\u00e9 SA.<\/div>\n<\/p><\/div>\n<div style=\"margin-bottom: 15px;\">\n<div class=\"text-ko\" style=\"text-align: center;\">*\uc0c1\ud45c\ub294 \uc81c3\uc790\uc758 \uc18c\uc720\uc774\uba70 Marks &#038; Spencer\uc640 \uc5b4\ub5a0\ud55c \uad00\ub828\ub3c4 \uc5c6\uc2b5\ub2c8\ub2e4.<\/div>\n<div class=\"text-en\" style=\"text-align: center; display: none;\">*Trademarks are owned by third parties and have no connection with Marks &#038; Spencer.<\/div>\n<\/p><\/div>\n<div style=\"margin-bottom: 15px;\">\n<div class=\"text-ko\" style=\"text-align: center;\">\u00a9 \ub9c9\uc2a4 \uc564 \uc2a4\ud39c\uc11c plc<\/div>\n<div class=\"text-en\" style=\"text-align: center; display: none;\">\u00a9 Marks &#038; Spencer plc<\/div>\n<\/p><\/div>\n<div style=\"margin-bottom: 15px; font-weight: bold;\">\n<div class=\"text-ko\" style=\"text-align: center;\">\uc7ac\ub8cc<\/div>\n<div class=\"text-en\" style=\"text-align: center; display: none;\">Material<\/div>\n<\/p><\/div>\n<div style=\"margin-bottom: 15px;\">\n<div class=\"text-ko\" style=\"text-align: center;\">\ucee4\ud53c\ub294 \uacf5\uc815\ubb34\uc5ed \uc778\uc99d, \uac70\ub798, \uac10\uc0ac\ub97c \uac70\uccd0 \uacf5\uc815\ubb34\uc5ed \uc0dd\uc0b0\uc790\ub85c\ubd80\ud130 \uacf5\uae09\ub429\ub2c8\ub2e4. \ucd1d 100%<\/div>\n<div class=\"text-en\" style=\"text-align: center; display: none;\">Coffee is supplied from fair trade producers after undergoing fair trade certification, transaction, and audit. Total 100%<\/div>\n<\/p><\/div>\n<div style=\"margin-bottom: 15px;\">\n<div class=\"text-ko\" style=\"text-align: center;\">+ \uc601\uad6d \ub9c9\uc2a4\uc564\uc2a4\ud39c\uc11c\uc758 \ub124\uc2a4\ud504\ub808\uc18c \ucea1\uc290\uc740 \uc774 \uacf3\uc5d0\uc11c \ub9cc\ub098\ubcf4\uc138\uc694.<\/div>\n<div class=\"text-en\" style=\"text-align: center; display: none;\">+ Find Nespresso capsules from Marks &#038; Spencer in the UK here.<\/div>\n<\/p><\/div>\n<\/div>","protected":false},"excerpt":{"rendered":"<p>M&#038;S \ub124\uc2a4\ud504\ub808\uc18c \ucea1\uc290 \uc810\ud504 \uc2a4\ud0c0\ud2b8 \uc5d0\uc2a4\ud504\ub808\uc18c 10\uac1c\uc785 \uacf5\uc815\ubb34\uc5ed \ucee4\ud53c M&#038;S Nespresso Capsule Jump Start Espresso 10-pack Fair Trade Coffee \uac00\uc815\uc6a9 \ucee4\ud53c\uba38\uc2e0\uc5d0\uc11c Nespresso \ubc0f Dualit \ucea1\uc290\uc744 \uc900\ube44\ud558\ub294 \ub370 \uc801\ud569\ud569\ub2c8\ub2e4. Suitable for preparing Nespresso and Dualit capsules in your home coffee machine. \uc900\ube44:\ucee4\ud53c \uba38\uc2e0 \uc81c\uc870\uc5c5\uccb4\uc758 \uc900\ube44 \uc9c0\uce68\uc5d0 \ub530\ub77c \ucee4\ud53c\ub97c \uc900\ube44\ud558\uc2ed\uc2dc\uc624. \ucee4\ud53c\ub294 \uacf5\uc815\ubb34\uc5ed \uc778\uc99d\uc744 \ubc1b\uc740 \uc0dd\uc0b0\uc790\ub85c\ubd80\ud130 \uc0dd\uc0b0\ub429\ub2c8\ub2e4. \uacf5\uc815\ubb34\uc5ed [&hellip;]<\/p>","protected":false},"featured_media":9631,"comment_status":"open","ping_status":"closed","template":"","meta":[],"product_cat":[9992,10019],"product_tag":[],"class_list":{"0":"post-9630","1":"product","2":"type-product","3":"status-publish","4":"has-post-thumbnail","6":"product_brand-ms","7":"product_cat-9992","8":"product_cat-10019","10":"first","11":"instock","12":"shipping-taxable","13":"purchasable","14":"product-type-simple"},"_links":{"self":[{"href":"https:\/\/eurogoodshop.com\/en\/wp-json\/wp\/v2\/product\/9630","targetHints":{"allow":["GET"]}}],"collection":[{"href":"https:\/\/eurogoodshop.com\/en\/wp-json\/wp\/v2\/product"}],"about":[{"href":"https:\/\/eurogoodshop.com\/en\/wp-json\/wp\/v2\/types\/product"}],"replies":[{"embeddable":true,"href":"https:\/\/eurogoodshop.com\/en\/wp-json\/wp\/v2\/comments?post=9630"}],"wp:featuredmedia":[{"embeddable":true,"href":"https:\/\/eurogoodshop.com\/en\/wp-json\/wp\/v2\/media\/9631"}],"wp:attachment":[{"href":"https:\/\/eurogoodshop.com\/en\/wp-json\/wp\/v2\/media?parent=9630"}],"wp:term":[{"taxonomy":"product_cat","embeddable":true,"href":"https:\/\/eurogoodshop.com\/en\/wp-json\/wp\/v2\/product_cat?post=9630"},{"taxonomy":"product_tag","embeddable":true,"href":"https:\/\/eurogoodshop.com\/en\/wp-json\/wp\/v2\/product_tag?post=9630"}],"curies":[{"name":"wp","href":"https:\/\/api.w.org\/{rel}","templated":true}]}}